{"id":29593,"date":"2026-04-24T08:35:09","date_gmt":"2026-04-24T08:35:09","guid":{"rendered":"https:\/\/lasventastour.com\/producto\/bilhetes-premium-box\/"},"modified":"2026-04-27T08:21:14","modified_gmt":"2026-04-27T08:21:14","slug":"bilhetes-premium-box","status":"publish","type":"product","link":"https:\/\/lasventastour.com\/pt-pt\/producto\/bilhetes-premium-box\/","title":{"rendered":"Bilhetes Premium Box"},"content":{"rendered":"<section class=\"l-section wpb_row height_medium\"><div class=\"l-section-h i-cf\"><div class=\"g-cols vc_row via_grid cols_1 laptops-cols_inherit tablets-cols_inherit mobiles-cols_1 valign_top type_default stacking_default\"><div class=\"wpb_column vc_column_container\"><div class=\"vc_column-inner\"><div class=\"wpb_text_column\"><div class=\"wpb_wrapper\"><h2 style=\"text-align: left;\">O que inclui a caixa premium?<\/h2>\n<p>O servi\u00e7o \u00e9 prestado a partir de uma hora antes do evento at\u00e9 ao final do mesmo.<\/p>\n<ul>\n<li><strong>Acesso ao camarote<\/strong>: 18:00h &#8211; 19:00h | Bar aberto de snacks e bebidas no camarote<\/li>\n<li><strong>Celebra\u00e7\u00e3o:<\/strong> 19:00h &#8211; 21:00h : servi\u00e7o de catering doce e salgado na caixa.<\/li>\n<\/ul>\n<\/div><\/div><div class=\"w-separator size_medium\"><\/div><div class=\"g-cols wpb_row via_grid cols_3 laptops-cols_inherit tablets-cols_inherit mobiles-cols_1 valign_top type_default stacking_default\" style=\"--columns-gap:3rem;\"><div class=\"wpb_column vc_column_container\"><div class=\"vc_column-inner\"><div class=\"w-iconbox iconpos_left style_default color_primary align_left\"><div class=\"w-iconbox-icon\" style=\"font-size:2rem;\"><i class=\"fas fa-ticket-alt\"><\/i><\/div><div class=\"w-iconbox-meta\"><h3 class=\"w-iconbox-title\" style=\"font-size:20px;\">Entradas com sombra<\/h3><div class=\"w-iconbox-text\"><p>At\u00e9 20 locais com vistas espectaculares em localiza\u00e7\u00f5es privilegiadas<\/p>\n<\/div><\/div><\/div><\/div><\/div><div class=\"wpb_column vc_column_container\"><div class=\"vc_column-inner\"><div class=\"w-iconbox iconpos_left style_default color_primary align_left\"><div class=\"w-iconbox-icon\" style=\"font-size:2rem;\"><i class=\"fas fa-utensils-alt\"><\/i><\/div><div class=\"w-iconbox-meta\"><h3 class=\"w-iconbox-title\" style=\"font-size:20px;\">Servi\u00e7o de catering de qualidade<\/h3><div class=\"w-iconbox-text\"><p>Camarote exclusivo com comida e bebidas premium ilimitadas<\/p>\n<\/div><\/div><\/div><\/div><\/div><div class=\"wpb_column vc_column_container\"><div class=\"vc_column-inner\"><div class=\"w-iconbox iconpos_left style_default color_primary align_left\"><div class=\"w-iconbox-icon\" style=\"font-size:2rem;\"><i class=\"fas fa-door-open\"><\/i><\/div><div class=\"w-iconbox-meta\"><h3 class=\"w-iconbox-title\" style=\"font-size:20px;\">Acesso VIP<\/h3><div class=\"w-iconbox-text\"><p>Acesso preferencial e sem filas pela porta D\/11<\/p>\n<\/div><\/div><\/div><\/div><\/div><\/div><\/div><\/div><\/div><\/div><\/section>\n","protected":false},"excerpt":{"rendered":"<div class=\"woocommerce-product-details__short-description\">\n<ul class=\"[li_&amp;]:mb-0 [li_&amp;]:mt-1 [li_&amp;]:gap-1 [&amp;:not(:last-child)_ul]:pb-1 [&amp;:not(:last-child)_ol]:pb-1 list-disc flex flex-col gap-1 pl-8 mb-3\">\n<li class=\"whitespace-normal break-words pl-2\"><strong>Reserva n\u00e3o numerada:<\/strong><span> <\/span>ao comprares um bilhete, est\u00e1s a fazer uma reserva de bilhete. Ap\u00f3s a emiss\u00e3o dos bilhetes oficiais, ser-te-\u00e3o atribu\u00eddos os melhores lugares dispon\u00edveis na zona que escolheste. <\/li>\n<li class=\"whitespace-normal break-words pl-2\"><strong>Lugares consecutivos:<\/strong><span> <\/span>Se comprares v\u00e1rios bilhetes, os lugares atribu\u00eddos ser\u00e3o sempre ao lado uns dos outros.<\/li>\n<li class=\"whitespace-normal break-words pl-2\"><strong>Entrega:<\/strong><span> <\/span>receber\u00e1s os teus bilhetes em formato PDF por e-mail alguns dias antes do evento.<\/li>\n<li class=\"whitespace-normal break-words pl-2\"><strong>Taxas de gest\u00e3o:<\/strong><span> <\/span>s\u00e3o adicionados no processo de pagamento. Verifica as taxas actuais. <\/li>\n<li class=\"whitespace-normal break-words pl-2\"><strong>N\u00e3o reembols\u00e1vel:<\/strong> os bilhetes para<span> <\/span>n\u00e3o podem ser trocados nem reembolsados, exceto se o evento for oficialmente cancelado.<\/li>\n<\/ul>\n<p><a href=\"https:\/\/lasventastour.com\/fecha-entrega-comisiones-entradas\/\">Verifica a data de entrega dos bilhetes e das comiss\u00f5es<\/a><\/p>\n<\/div>\n","protected":false},"featured_media":29549,"comment_status":"closed","ping_status":"closed","template":"","meta":[],"product_brand":[],"product_cat":[516],"product_tag":[],"class_list":{"0":"post-29593","1":"product","2":"type-product","3":"status-publish","4":"has-post-thumbnail","6":"product_cat-bilhetes-vip","8":"first","9":"instock","10":"taxable","11":"shipping-taxable","12":"purchasable","13":"product-type-variable"},"yoast_head":"<!-- This site is optimized with the Yoast SEO plugin v27.4 - https:\/\/yoast.com\/product\/yoast-seo-wordpress\/ -->\n<title>Bilhetes VIP Premium para a Pra\u00e7a de Touros Las Ventas Madrid<\/title>\n<meta name=\"description\" content=\"Bilhetes para o camarote premium na pra\u00e7a de touros de Las Ventas, em Madrid. Comida e bebidas premium ilimitadas, entrada sem filas.\" \/>\n<meta name=\"robots\" content=\"index, follow, max-snippet:-1, max-image-preview:large, max-video-preview:-1\" \/>\n<link rel=\"canonical\" href=\"https:\/\/lasventastour.com\/pt-pt\/producto\/bilhetes-premium-box\/\" \/>\n<meta property=\"og:locale\" content=\"pt_PT\" \/>\n<meta property=\"og:type\" content=\"article\" \/>\n<meta property=\"og:title\" content=\"Bilhetes VIP Premium para a Pra\u00e7a de Touros Las Ventas Madrid\" \/>\n<meta property=\"og:description\" content=\"Bilhetes para o camarote premium na pra\u00e7a de touros de Las Ventas, em Madrid. Comida e bebidas premium ilimitadas, entrada sem filas.\" \/>\n<meta property=\"og:url\" content=\"https:\/\/lasventastour.com\/pt-pt\/producto\/bilhetes-premium-box\/\" \/>\n<meta property=\"og:site_name\" content=\"Las Ventas Tour\" \/>\n<meta property=\"article:modified_time\" content=\"2026-04-27T08:21:14+00:00\" \/>\n<meta property=\"og:image\" content=\"https:\/\/lasventastour.com\/wp-content\/uploads\/2026\/04\/Entrada-VIP-las-ventas.webp\" \/>\n\t<meta property=\"og:image:width\" content=\"500\" \/>\n\t<meta property=\"og:image:height\" content=\"500\" \/>\n\t<meta property=\"og:image:type\" content=\"image\/webp\" \/>\n<meta name=\"twitter:card\" content=\"summary_large_image\" \/>\n<meta name=\"twitter:label1\" content=\"Tempo estimado de leitura\" \/>\n\t<meta name=\"twitter:data1\" content=\"1 minuto\" \/>\n<script type=\"application\/ld+json\" class=\"yoast-schema-graph\">{\"@context\":\"https:\\\/\\\/schema.org\",\"@graph\":[{\"@type\":\"WebPage\",\"@id\":\"https:\\\/\\\/lasventastour.com\\\/pt-pt\\\/producto\\\/bilhetes-premium-box\\\/\",\"url\":\"https:\\\/\\\/lasventastour.com\\\/pt-pt\\\/producto\\\/bilhetes-premium-box\\\/\",\"name\":\"Bilhetes VIP Premium para a Pra\u00e7a de Touros Las Ventas Madrid\",\"isPartOf\":{\"@id\":\"https:\\\/\\\/lasventastour.com\\\/pt-pt\\\/#website\"},\"primaryImageOfPage\":{\"@id\":\"https:\\\/\\\/lasventastour.com\\\/pt-pt\\\/producto\\\/bilhetes-premium-box\\\/#primaryimage\"},\"image\":{\"@id\":\"https:\\\/\\\/lasventastour.com\\\/pt-pt\\\/producto\\\/bilhetes-premium-box\\\/#primaryimage\"},\"thumbnailUrl\":\"https:\\\/\\\/lasventastour.com\\\/wp-content\\\/uploads\\\/2026\\\/04\\\/Entrada-VIP-las-ventas.webp\",\"datePublished\":\"2026-04-24T08:35:09+00:00\",\"dateModified\":\"2026-04-27T08:21:14+00:00\",\"description\":\"Bilhetes para o camarote premium na pra\u00e7a de touros de Las Ventas, em Madrid. Comida e bebidas premium ilimitadas, entrada sem filas.\",\"breadcrumb\":{\"@id\":\"https:\\\/\\\/lasventastour.com\\\/pt-pt\\\/producto\\\/bilhetes-premium-box\\\/#breadcrumb\"},\"inLanguage\":\"pt-PT\",\"potentialAction\":[{\"@type\":\"ReadAction\",\"target\":[\"https:\\\/\\\/lasventastour.com\\\/pt-pt\\\/producto\\\/bilhetes-premium-box\\\/\"]}]},{\"@type\":\"ImageObject\",\"inLanguage\":\"pt-PT\",\"@id\":\"https:\\\/\\\/lasventastour.com\\\/pt-pt\\\/producto\\\/bilhetes-premium-box\\\/#primaryimage\",\"url\":\"https:\\\/\\\/lasventastour.com\\\/wp-content\\\/uploads\\\/2026\\\/04\\\/Entrada-VIP-las-ventas.webp\",\"contentUrl\":\"https:\\\/\\\/lasventastour.com\\\/wp-content\\\/uploads\\\/2026\\\/04\\\/Entrada-VIP-las-ventas.webp\",\"width\":500,\"height\":500,\"caption\":\"Entrada VIP plaza de toros madrid\"},{\"@type\":\"BreadcrumbList\",\"@id\":\"https:\\\/\\\/lasventastour.com\\\/pt-pt\\\/producto\\\/bilhetes-premium-box\\\/#breadcrumb\",\"itemListElement\":[{\"@type\":\"ListItem\",\"position\":1,\"name\":\"Portada\",\"item\":\"https:\\\/\\\/lasventastour.com\\\/pt-pt\\\/\"},{\"@type\":\"ListItem\",\"position\":2,\"name\":\"Loja\",\"item\":\"https:\\\/\\\/lasventastour.com\\\/pt-pt\\\/loja\\\/\"},{\"@type\":\"ListItem\",\"position\":3,\"name\":\"Bilhetes Premium Box\"}]},{\"@type\":\"WebSite\",\"@id\":\"https:\\\/\\\/lasventastour.com\\\/pt-pt\\\/#website\",\"url\":\"https:\\\/\\\/lasventastour.com\\\/pt-pt\\\/\",\"name\":\"Las Ventas Tour\",\"description\":\"Tour Las Ventas | Plaza de Toros de Madrid | Web Oficial\",\"publisher\":{\"@id\":\"https:\\\/\\\/lasventastour.com\\\/pt-pt\\\/#organization\"},\"alternateName\":\"Las Ventas Tour\",\"potentialAction\":[{\"@type\":\"SearchAction\",\"target\":{\"@type\":\"EntryPoint\",\"urlTemplate\":\"https:\\\/\\\/lasventastour.com\\\/pt-pt\\\/?s={search_term_string}\"},\"query-input\":{\"@type\":\"PropertyValueSpecification\",\"valueRequired\":true,\"valueName\":\"search_term_string\"}}],\"inLanguage\":\"pt-PT\"},{\"@type\":\"Organization\",\"@id\":\"https:\\\/\\\/lasventastour.com\\\/pt-pt\\\/#organization\",\"name\":\"Las Ventas Tour\",\"alternateName\":\"Las Ventas Tour\",\"url\":\"https:\\\/\\\/lasventastour.com\\\/pt-pt\\\/\",\"logo\":{\"@type\":\"ImageObject\",\"inLanguage\":\"pt-PT\",\"@id\":\"https:\\\/\\\/lasventastour.com\\\/pt-pt\\\/#\\\/schema\\\/logo\\\/image\\\/\",\"url\":\"https:\\\/\\\/lasventastour.com\\\/wp-content\\\/uploads\\\/2024\\\/09\\\/cropped-Logo-Las-Ventas-1.webp\",\"contentUrl\":\"https:\\\/\\\/lasventastour.com\\\/wp-content\\\/uploads\\\/2024\\\/09\\\/cropped-Logo-Las-Ventas-1.webp\",\"width\":512,\"height\":512,\"caption\":\"Las Ventas Tour\"},\"image\":{\"@id\":\"https:\\\/\\\/lasventastour.com\\\/pt-pt\\\/#\\\/schema\\\/logo\\\/image\\\/\"},\"sameAs\":[\"https:\\\/\\\/www.instagram.com\\\/lasventastour\\\/\"]}]}<\/script>\n<!-- \/ Yoast SEO plugin. -->","yoast_head_json":{"title":"Bilhetes VIP Premium para a Pra\u00e7a de Touros Las Ventas Madrid","description":"Bilhetes para o camarote premium na pra\u00e7a de touros de Las Ventas, em Madrid. Comida e bebidas premium ilimitadas, entrada sem filas.","robots":{"index":"index","follow":"follow","max-snippet":"max-snippet:-1","max-image-preview":"max-image-preview:large","max-video-preview":"max-video-preview:-1"},"canonical":"https:\/\/lasventastour.com\/pt-pt\/producto\/bilhetes-premium-box\/","og_locale":"pt_PT","og_type":"article","og_title":"Bilhetes VIP Premium para a Pra\u00e7a de Touros Las Ventas Madrid","og_description":"Bilhetes para o camarote premium na pra\u00e7a de touros de Las Ventas, em Madrid. Comida e bebidas premium ilimitadas, entrada sem filas.","og_url":"https:\/\/lasventastour.com\/pt-pt\/producto\/bilhetes-premium-box\/","og_site_name":"Las Ventas Tour","article_modified_time":"2026-04-27T08:21:14+00:00","og_image":[{"width":500,"height":500,"url":"https:\/\/lasventastour.com\/wp-content\/uploads\/2026\/04\/Entrada-VIP-las-ventas.webp","type":"image\/webp"}],"twitter_card":"summary_large_image","twitter_misc":{"Tempo estimado de leitura":"1 minuto"},"schema":{"@context":"https:\/\/schema.org","@graph":[{"@type":"WebPage","@id":"https:\/\/lasventastour.com\/pt-pt\/producto\/bilhetes-premium-box\/","url":"https:\/\/lasventastour.com\/pt-pt\/producto\/bilhetes-premium-box\/","name":"Bilhetes VIP Premium para a Pra\u00e7a de Touros Las Ventas Madrid","isPartOf":{"@id":"https:\/\/lasventastour.com\/pt-pt\/#website"},"primaryImageOfPage":{"@id":"https:\/\/lasventastour.com\/pt-pt\/producto\/bilhetes-premium-box\/#primaryimage"},"image":{"@id":"https:\/\/lasventastour.com\/pt-pt\/producto\/bilhetes-premium-box\/#primaryimage"},"thumbnailUrl":"https:\/\/lasventastour.com\/wp-content\/uploads\/2026\/04\/Entrada-VIP-las-ventas.webp","datePublished":"2026-04-24T08:35:09+00:00","dateModified":"2026-04-27T08:21:14+00:00","description":"Bilhetes para o camarote premium na pra\u00e7a de touros de Las Ventas, em Madrid. Comida e bebidas premium ilimitadas, entrada sem filas.","breadcrumb":{"@id":"https:\/\/lasventastour.com\/pt-pt\/producto\/bilhetes-premium-box\/#breadcrumb"},"inLanguage":"pt-PT","potentialAction":[{"@type":"ReadAction","target":["https:\/\/lasventastour.com\/pt-pt\/producto\/bilhetes-premium-box\/"]}]},{"@type":"ImageObject","inLanguage":"pt-PT","@id":"https:\/\/lasventastour.com\/pt-pt\/producto\/bilhetes-premium-box\/#primaryimage","url":"https:\/\/lasventastour.com\/wp-content\/uploads\/2026\/04\/Entrada-VIP-las-ventas.webp","contentUrl":"https:\/\/lasventastour.com\/wp-content\/uploads\/2026\/04\/Entrada-VIP-las-ventas.webp","width":500,"height":500,"caption":"Entrada VIP plaza de toros madrid"},{"@type":"BreadcrumbList","@id":"https:\/\/lasventastour.com\/pt-pt\/producto\/bilhetes-premium-box\/#breadcrumb","itemListElement":[{"@type":"ListItem","position":1,"name":"Portada","item":"https:\/\/lasventastour.com\/pt-pt\/"},{"@type":"ListItem","position":2,"name":"Loja","item":"https:\/\/lasventastour.com\/pt-pt\/loja\/"},{"@type":"ListItem","position":3,"name":"Bilhetes Premium Box"}]},{"@type":"WebSite","@id":"https:\/\/lasventastour.com\/pt-pt\/#website","url":"https:\/\/lasventastour.com\/pt-pt\/","name":"Las Ventas Tour","description":"Tour Las Ventas | Plaza de Toros de Madrid | Web Oficial","publisher":{"@id":"https:\/\/lasventastour.com\/pt-pt\/#organization"},"alternateName":"Las Ventas Tour","potentialAction":[{"@type":"SearchAction","target":{"@type":"EntryPoint","urlTemplate":"https:\/\/lasventastour.com\/pt-pt\/?s={search_term_string}"},"query-input":{"@type":"PropertyValueSpecification","valueRequired":true,"valueName":"search_term_string"}}],"inLanguage":"pt-PT"},{"@type":"Organization","@id":"https:\/\/lasventastour.com\/pt-pt\/#organization","name":"Las Ventas Tour","alternateName":"Las Ventas Tour","url":"https:\/\/lasventastour.com\/pt-pt\/","logo":{"@type":"ImageObject","inLanguage":"pt-PT","@id":"https:\/\/lasventastour.com\/pt-pt\/#\/schema\/logo\/image\/","url":"https:\/\/lasventastour.com\/wp-content\/uploads\/2024\/09\/cropped-Logo-Las-Ventas-1.webp","contentUrl":"https:\/\/lasventastour.com\/wp-content\/uploads\/2024\/09\/cropped-Logo-Las-Ventas-1.webp","width":512,"height":512,"caption":"Las Ventas Tour"},"image":{"@id":"https:\/\/lasventastour.com\/pt-pt\/#\/schema\/logo\/image\/"},"sameAs":["https:\/\/www.instagram.com\/lasventastour\/"]}]}},"_links":{"self":[{"href":"https:\/\/lasventastour.com\/pt-pt\/wp-json\/wp\/v2\/product\/29593","targetHints":{"allow":["GET"]}}],"collection":[{"href":"https:\/\/lasventastour.com\/pt-pt\/wp-json\/wp\/v2\/product"}],"about":[{"href":"https:\/\/lasventastour.com\/pt-pt\/wp-json\/wp\/v2\/types\/product"}],"replies":[{"embeddable":true,"href":"https:\/\/lasventastour.com\/pt-pt\/wp-json\/wp\/v2\/comments?post=29593"}],"wp:featuredmedia":[{"embeddable":true,"href":"https:\/\/lasventastour.com\/pt-pt\/wp-json\/wp\/v2\/media\/29549"}],"wp:attachment":[{"href":"https:\/\/lasventastour.com\/pt-pt\/wp-json\/wp\/v2\/media?parent=29593"}],"wp:term":[{"taxonomy":"product_brand","embeddable":true,"href":"https:\/\/lasventastour.com\/pt-pt\/wp-json\/wp\/v2\/product_brand?post=29593"},{"taxonomy":"product_cat","embeddable":true,"href":"https:\/\/lasventastour.com\/pt-pt\/wp-json\/wp\/v2\/product_cat?post=29593"},{"taxonomy":"product_tag","embeddable":true,"href":"https:\/\/lasventastour.com\/pt-pt\/wp-json\/wp\/v2\/product_tag?post=29593"}],"curies":[{"name":"wp","href":"https:\/\/api.w.org\/{rel}","templated":true}]}}