{"id":9398,"date":"2026-03-05T21:55:39","date_gmt":"2026-03-05T21:55:39","guid":{"rendered":"https:\/\/lasventastour.com\/data-de-entrega-e-comissoes-de-bilhetes\/"},"modified":"2026-03-11T11:21:26","modified_gmt":"2026-03-11T11:21:26","slug":"data-de-entrega-e-comissoes-de-bilhetes","status":"publish","type":"page","link":"https:\/\/lasventastour.com\/pt-pt\/data-de-entrega-e-comissoes-de-bilhetes\/","title":{"rendered":"Data de entrega e comiss\u00f5es de bilhetes"},"content":{"rendered":"<section class=\"l-section wpb_row height_medium\"><div class=\"l-section-h i-cf\"><div class=\"g-cols vc_row via_grid cols_1 laptops-cols_inherit tablets-cols_inherit mobiles-cols_1 valign_top type_default stacking_default\"><div class=\"wpb_column vc_column_container\"><div class=\"vc_column-inner\"><div class=\"wpb_text_column\"><div class=\"wpb_wrapper\"><div class=\"wpb_text_column\">\n<div class=\"wpb_wrapper\">\n<h1>Data de entrega e comiss\u00f5es de bilhetes<\/h1>\n<h3>Data de entrega:<\/h3>\n<p>Os bilhetes ser\u00e3o enviados em formato PDF para o teu endere\u00e7o de correio eletr\u00f3nico uma semana antes do evento. Recomendamos que verifiques a pasta de spam do teu e-mail. <\/p>\n<h3>Comiss\u00f5es de vendas<\/h3>\n<p>Os bilhetes est\u00e3o sujeitos a uma comiss\u00e3o de venda de 10%, que \u00e9 adicionada na p\u00e1gina de pagamento.<\/p>\n<h3>Retorna<\/h3>\n<div>\n<div>A admiss\u00e3o no local e, se for caso disso, o reembolso do montante pago, em conformidade com a legisla\u00e7\u00e3o em vigor (art. 70\u00ba do RTA), est\u00e1 sujeita \u00e0 posse do bilhete oficial, completo, n\u00e3o aberto e n\u00e3o manipulado. <\/div>\n<\/div>\n<div><\/div>\n<div>\n<div>O prazo para o reembolso come\u00e7a a contar a partir do momento em que \u00e9 anunciada a suspens\u00e3o, o adiamento ou a modifica\u00e7\u00e3o e termina 4 dias ap\u00f3s a data prevista para o espet\u00e1culo ou 1 hora antes do in\u00edcio do espet\u00e1culo em caso de modifica\u00e7\u00e3o (art. 70.\u00ba do RTA).<\/div>\n<div><\/div>\n<div>Se o espet\u00e1culo for suspenso por raz\u00f5es n\u00e3o imput\u00e1veis \u00e0 empresa ou devido ao mau tempo, ap\u00f3s a entrada do primeiro touro na arena, o espetador n\u00e3o ter\u00e1 direito a qualquer reembolso (art. 70.\u00ba do RTA).<\/div>\n<\/div>\n<\/div>\n<\/div>\n<div class=\"g-cols wpb_row via_grid cols_1 laptops-cols_inherit tablets-cols_inherit mobiles-cols_1 valign_top type_default stacking_default\">\n<div class=\"wpb_column vc_column_container\">\n<div class=\"vc_column-inner\"><\/div>\n<\/div>\n<\/div>\n<\/div><\/div><div class=\"w-separator size_medium\"><\/div><div class=\"w-hwrapper valign_top align_none\" style=\"--hwrapper-gap:1.2rem\"><div class=\"w-btn-wrapper align_none\"><a class=\"w-btn us-btn-style_1\" href=\"https:\/\/lasventastour.com\/pt-pt\/bilhetes-para-a-tourada-las-ventas-madrid\/\"><span class=\"w-btn-label\">Compra bilhetes<\/span><\/a><\/div><\/div><\/div><\/div><\/div><\/div><\/section>\n","protected":false},"excerpt":{"rendered":"Data de entrega e comiss\u00f5es de bilhetes Data de entrega: Os bilhetes ser\u00e3o enviados em formato PDF para o teu endere\u00e7o de correio eletr\u00f3nico uma semana antes do evento. Recomendamos que verifiques a pasta de spam do teu e-mail. Comiss\u00f5es de vendas Os bilhetes est\u00e3o sujeitos a uma comiss\u00e3o de venda de 10%, que \u00e9...","protected":false},"author":14,"featured_media":0,"parent":0,"menu_order":0,"comment_status":"closed","ping_status":"closed","template":"","meta":{"footnotes":""},"class_list":["post-9398","page","type-page","status-publish","hentry"],"yoast_head":"<!-- This site is optimized with the Yoast SEO plugin v27.5 - https:\/\/yoast.com\/product\/yoast-seo-wordpress\/ -->\n<title>Data de entrega e comiss\u00f5es de bilhetes - Las Ventas Tour<\/title>\n<meta name=\"robots\" content=\"index, nofollow, max-snippet:-1, max-image-preview:large, max-video-preview:-1\" \/>\n<link rel=\"canonical\" href=\"https:\/\/lasventastour.com\/pt-pt\/data-de-entrega-e-comissoes-de-bilhetes\/\" \/>\n<meta property=\"og:locale\" content=\"pt_PT\" \/>\n<meta property=\"og:type\" content=\"article\" \/>\n<meta property=\"og:title\" content=\"Data de entrega e comiss\u00f5es de bilhetes - Las Ventas Tour\" \/>\n<meta property=\"og:url\" content=\"https:\/\/lasventastour.com\/pt-pt\/data-de-entrega-e-comissoes-de-bilhetes\/\" \/>\n<meta property=\"og:site_name\" content=\"Las Ventas Tour\" \/>\n<meta property=\"article:modified_time\" content=\"2026-03-11T11:21:26+00:00\" \/>\n<meta property=\"og:image\" content=\"https:\/\/lasventastour.com\/wp-content\/uploads\/2023\/12\/paseillo-en-las-ventas.webp\" \/>\n\t<meta property=\"og:image:width\" content=\"511\" \/>\n\t<meta property=\"og:image:height\" content=\"280\" \/>\n\t<meta property=\"og:image:type\" content=\"image\/webp\" \/>\n<meta name=\"twitter:card\" content=\"summary_large_image\" \/>\n<meta name=\"twitter:label1\" content=\"Tempo estimado de leitura\" \/>\n\t<meta name=\"twitter:data1\" content=\"1 minuto\" \/>\n<script type=\"application\/ld+json\" class=\"yoast-schema-graph\">{\"@context\":\"https:\\\/\\\/schema.org\",\"@graph\":[{\"@type\":\"WebPage\",\"@id\":\"https:\\\/\\\/lasventastour.com\\\/pt-pt\\\/data-de-entrega-e-comissoes-de-bilhetes\\\/\",\"url\":\"https:\\\/\\\/lasventastour.com\\\/pt-pt\\\/data-de-entrega-e-comissoes-de-bilhetes\\\/\",\"name\":\"Data de entrega e comiss\u00f5es de bilhetes - Las Ventas Tour\",\"isPartOf\":{\"@id\":\"https:\\\/\\\/lasventastour.com\\\/pt-pt\\\/#website\"},\"datePublished\":\"2026-03-05T21:55:39+00:00\",\"dateModified\":\"2026-03-11T11:21:26+00:00\",\"breadcrumb\":{\"@id\":\"https:\\\/\\\/lasventastour.com\\\/pt-pt\\\/data-de-entrega-e-comissoes-de-bilhetes\\\/#breadcrumb\"},\"inLanguage\":\"pt-PT\",\"potentialAction\":[{\"@type\":\"ReadAction\",\"target\":[\"https:\\\/\\\/lasventastour.com\\\/pt-pt\\\/data-de-entrega-e-comissoes-de-bilhetes\\\/\"]}]},{\"@type\":\"BreadcrumbList\",\"@id\":\"https:\\\/\\\/lasventastour.com\\\/pt-pt\\\/data-de-entrega-e-comissoes-de-bilhetes\\\/#breadcrumb\",\"itemListElement\":[{\"@type\":\"ListItem\",\"position\":1,\"name\":\"Portada\",\"item\":\"https:\\\/\\\/lasventastour.com\\\/pt-pt\\\/\"},{\"@type\":\"ListItem\",\"position\":2,\"name\":\"Data de entrega e comiss\u00f5es de bilhetes\"}]},{\"@type\":\"WebSite\",\"@id\":\"https:\\\/\\\/lasventastour.com\\\/pt-pt\\\/#website\",\"url\":\"https:\\\/\\\/lasventastour.com\\\/pt-pt\\\/\",\"name\":\"Las Ventas Tour\",\"description\":\"Tour Las Ventas | Plaza de Toros de Madrid | Web Oficial\",\"publisher\":{\"@id\":\"https:\\\/\\\/lasventastour.com\\\/pt-pt\\\/#organization\"},\"alternateName\":\"Las Ventas Tour\",\"potentialAction\":[{\"@type\":\"SearchAction\",\"target\":{\"@type\":\"EntryPoint\",\"urlTemplate\":\"https:\\\/\\\/lasventastour.com\\\/pt-pt\\\/?s={search_term_string}\"},\"query-input\":{\"@type\":\"PropertyValueSpecification\",\"valueRequired\":true,\"valueName\":\"search_term_string\"}}],\"inLanguage\":\"pt-PT\"},{\"@type\":\"Organization\",\"@id\":\"https:\\\/\\\/lasventastour.com\\\/pt-pt\\\/#organization\",\"name\":\"Las Ventas Tour\",\"alternateName\":\"Las Ventas Tour\",\"url\":\"https:\\\/\\\/lasventastour.com\\\/pt-pt\\\/\",\"logo\":{\"@type\":\"ImageObject\",\"inLanguage\":\"pt-PT\",\"@id\":\"https:\\\/\\\/lasventastour.com\\\/pt-pt\\\/#\\\/schema\\\/logo\\\/image\\\/\",\"url\":\"https:\\\/\\\/lasventastour.com\\\/wp-content\\\/uploads\\\/2024\\\/09\\\/cropped-Logo-Las-Ventas-1.webp\",\"contentUrl\":\"https:\\\/\\\/lasventastour.com\\\/wp-content\\\/uploads\\\/2024\\\/09\\\/cropped-Logo-Las-Ventas-1.webp\",\"width\":512,\"height\":512,\"caption\":\"Las Ventas Tour\"},\"image\":{\"@id\":\"https:\\\/\\\/lasventastour.com\\\/pt-pt\\\/#\\\/schema\\\/logo\\\/image\\\/\"},\"sameAs\":[\"https:\\\/\\\/www.instagram.com\\\/lasventastour\\\/\"]}]}<\/script>\n<!-- \/ Yoast SEO plugin. -->","yoast_head_json":{"title":"Data de entrega e comiss\u00f5es de bilhetes - Las Ventas Tour","robots":{"index":"index","follow":"nofollow","max-snippet":"max-snippet:-1","max-image-preview":"max-image-preview:large","max-video-preview":"max-video-preview:-1"},"canonical":"https:\/\/lasventastour.com\/pt-pt\/data-de-entrega-e-comissoes-de-bilhetes\/","og_locale":"pt_PT","og_type":"article","og_title":"Data de entrega e comiss\u00f5es de bilhetes - Las Ventas Tour","og_url":"https:\/\/lasventastour.com\/pt-pt\/data-de-entrega-e-comissoes-de-bilhetes\/","og_site_name":"Las Ventas Tour","article_modified_time":"2026-03-11T11:21:26+00:00","og_image":[{"width":511,"height":280,"url":"https:\/\/lasventastour.com\/wp-content\/uploads\/2023\/12\/paseillo-en-las-ventas.webp","type":"image\/webp"}],"twitter_card":"summary_large_image","twitter_misc":{"Tempo estimado de leitura":"1 minuto"},"schema":{"@context":"https:\/\/schema.org","@graph":[{"@type":"WebPage","@id":"https:\/\/lasventastour.com\/pt-pt\/data-de-entrega-e-comissoes-de-bilhetes\/","url":"https:\/\/lasventastour.com\/pt-pt\/data-de-entrega-e-comissoes-de-bilhetes\/","name":"Data de entrega e comiss\u00f5es de bilhetes - Las Ventas Tour","isPartOf":{"@id":"https:\/\/lasventastour.com\/pt-pt\/#website"},"datePublished":"2026-03-05T21:55:39+00:00","dateModified":"2026-03-11T11:21:26+00:00","breadcrumb":{"@id":"https:\/\/lasventastour.com\/pt-pt\/data-de-entrega-e-comissoes-de-bilhetes\/#breadcrumb"},"inLanguage":"pt-PT","potentialAction":[{"@type":"ReadAction","target":["https:\/\/lasventastour.com\/pt-pt\/data-de-entrega-e-comissoes-de-bilhetes\/"]}]},{"@type":"BreadcrumbList","@id":"https:\/\/lasventastour.com\/pt-pt\/data-de-entrega-e-comissoes-de-bilhetes\/#breadcrumb","itemListElement":[{"@type":"ListItem","position":1,"name":"Portada","item":"https:\/\/lasventastour.com\/pt-pt\/"},{"@type":"ListItem","position":2,"name":"Data de entrega e comiss\u00f5es de bilhetes"}]},{"@type":"WebSite","@id":"https:\/\/lasventastour.com\/pt-pt\/#website","url":"https:\/\/lasventastour.com\/pt-pt\/","name":"Las Ventas Tour","description":"Tour Las Ventas | Plaza de Toros de Madrid | Web Oficial","publisher":{"@id":"https:\/\/lasventastour.com\/pt-pt\/#organization"},"alternateName":"Las Ventas Tour","potentialAction":[{"@type":"SearchAction","target":{"@type":"EntryPoint","urlTemplate":"https:\/\/lasventastour.com\/pt-pt\/?s={search_term_string}"},"query-input":{"@type":"PropertyValueSpecification","valueRequired":true,"valueName":"search_term_string"}}],"inLanguage":"pt-PT"},{"@type":"Organization","@id":"https:\/\/lasventastour.com\/pt-pt\/#organization","name":"Las Ventas Tour","alternateName":"Las Ventas Tour","url":"https:\/\/lasventastour.com\/pt-pt\/","logo":{"@type":"ImageObject","inLanguage":"pt-PT","@id":"https:\/\/lasventastour.com\/pt-pt\/#\/schema\/logo\/image\/","url":"https:\/\/lasventastour.com\/wp-content\/uploads\/2024\/09\/cropped-Logo-Las-Ventas-1.webp","contentUrl":"https:\/\/lasventastour.com\/wp-content\/uploads\/2024\/09\/cropped-Logo-Las-Ventas-1.webp","width":512,"height":512,"caption":"Las Ventas Tour"},"image":{"@id":"https:\/\/lasventastour.com\/pt-pt\/#\/schema\/logo\/image\/"},"sameAs":["https:\/\/www.instagram.com\/lasventastour\/"]}]}},"_links":{"self":[{"href":"https:\/\/lasventastour.com\/pt-pt\/wp-json\/wp\/v2\/pages\/9398","targetHints":{"allow":["GET"]}}],"collection":[{"href":"https:\/\/lasventastour.com\/pt-pt\/wp-json\/wp\/v2\/pages"}],"about":[{"href":"https:\/\/lasventastour.com\/pt-pt\/wp-json\/wp\/v2\/types\/page"}],"author":[{"embeddable":true,"href":"https:\/\/lasventastour.com\/pt-pt\/wp-json\/wp\/v2\/users\/14"}],"replies":[{"embeddable":true,"href":"https:\/\/lasventastour.com\/pt-pt\/wp-json\/wp\/v2\/comments?post=9398"}],"version-history":[{"count":8,"href":"https:\/\/lasventastour.com\/pt-pt\/wp-json\/wp\/v2\/pages\/9398\/revisions"}],"predecessor-version":[{"id":9489,"href":"https:\/\/lasventastour.com\/pt-pt\/wp-json\/wp\/v2\/pages\/9398\/revisions\/9489"}],"wp:attachment":[{"href":"https:\/\/lasventastour.com\/pt-pt\/wp-json\/wp\/v2\/media?parent=9398"}],"curies":[{"name":"wp","href":"https:\/\/api.w.org\/{rel}","templated":true}]}}