{"id":3509,"date":"2023-09-21T14:37:42","date_gmt":"2023-09-21T14:37:42","guid":{"rendered":"https:\/\/lasventastour.com\/?page_id=3509"},"modified":"2024-10-08T07:29:13","modified_gmt":"2024-10-08T07:29:13","slug":"politica-de-privacidade","status":"publish","type":"page","link":"https:\/\/lasventastour.com\/pt-pt\/politica-de-privacidade\/","title":{"rendered":"Pol\u00edtica de privacidade"},"content":{"rendered":"<section class=\"l-section wpb_row height_medium\"><div class=\"l-section-h i-cf\"><div class=\"g-cols vc_row via_grid cols_1 laptops-cols_inherit tablets-cols_inherit mobiles-cols_1 valign_top type_default stacking_default\"><div class=\"wpb_column vc_column_container\"><div class=\"vc_column-inner\"><div class=\"wpb_text_column\"><div class=\"wpb_wrapper\"><header class=\"entry-header \">\n<h1 class=\"entry-title\">Pol\u00edtica de privacidade<\/h1>\n<\/header>\n<div class=\"entry-content clear\">\n<p><strong>Pol\u00edtica de privacidade<\/strong><\/p>\n<p>Informa\u00e7\u00f5es sobre prote\u00e7\u00e3o de dados<\/p>\n<p>1. Respons\u00e1vel pelo tratamento dos seus dados<br \/>\nRespons\u00e1vel: Centro de Assuntos Taurinos da Comunidade de Madrid, Minist\u00e9rio da Presid\u00eancia, Justi\u00e7a e Interior.<br \/>\nSede: Centro de Assuntos Taurinos \u2013 Calle Alcal\u00e1, n\u00ba 237 (Plaza de Toros de Las Ventas), 28028 Madrid.<br \/>\nContate o Delegado de Prote\u00e7\u00e3o de Dados: protecciondatospresidencia@madrid.org.<br \/>\n2. Em que atividade de tratamento est\u00e3o inclu\u00eddos os meus dados pessoais e para que finalidades ser\u00e3o tratados?<br \/>\nSeus dados pessoais ser\u00e3o inclu\u00eddos na atividade de tratamento ATIVIDADE TUR\u00cdSTICA NA PLAZA DE TOROS DE LAS VENTAS.<br \/>\nDe acordo com o disposto no Regulamento (UE) 2016\/679, sobre a Prote\u00e7\u00e3o de Dados Pessoais (RGPD), os seus dados ser\u00e3o tratados para as seguintes finalidades:<br \/>\nGest\u00e3o de visitas tur\u00edsticas na Plaza de Toros de Las Ventas e divulga\u00e7\u00e3o de suas atividades tur\u00edsticas entre os visitantes.<br \/>\n3. Qual \u00e9 a legitimidade em que se baseia a legalidade do tratamento?<br \/>\nRGPD 6.1 b) o tratamento for necess\u00e1rio para a execu\u00e7\u00e3o de um contrato em que o interessado seja parte ou para a aplica\u00e7\u00e3o a pedido deste de medidas pr\u00e9-contratuais.<br \/>\nRGPD 6.1 e) o tratamento for necess\u00e1rio para o cumprimento de miss\u00e3o de interesse p\u00fablico ou no exerc\u00edcio de poderes p\u00fablicos conferidos ao controlador.<br \/>\nArtigos 26.1.19 e 26.1.20 da Lei Org\u00e2nica 3\/1983, de 25 de fevereiro, sobre o Estatuto de Autonomia da Comunidade de Madrid.<br \/>\n4. Como exercer seus direitos? Quais s\u00e3o os seus direitos quando nos fornece os seus dados?<br \/>\nPode exercer, se assim o desejar, os direitos de acesso, retifica\u00e7\u00e3o e elimina\u00e7\u00e3o de dados, bem como solicitar a limita\u00e7\u00e3o do tratamento dos seus dados pessoais, opor-se a isso, solicitar a portabilidade dos seus dados, bem como n\u00e3o estar sujeito a uma decis\u00e3o individual baseada exclusivamente no processamento automatizado, incluindo a cria\u00e7\u00e3o de perfis.<br \/>\nDe acordo com a Lei 39\/2015, o RGPD e a Lei Org\u00e2nica 3\/2018, pode exercer os seus direitos por Registo Eletr\u00f3nico ou Presencial ou nos locais e formas previstos no artigo 16.4 da Lei 39\/2015, preferencialmente atrav\u00e9s do formul\u00e1rio de pedido \u201cExerc\u00edcio de direitos relativos \u00e0 prote\u00e7\u00e3o de dados pessoais\u201d.<br \/>\n5. Tratamentos que incluam decis\u00f5es automatizadas, incluindo perfis, com efeitos legais ou relevantes.<br \/>\nVoc\u00ea tem o direito de n\u00e3o ser objeto de uma decis\u00e3o baseada exclusivamente no processamento automatizado, incluindo a cria\u00e7\u00e3o de perfis, que produza efeitos legais sobre voc\u00ea ou o afete significativamente de maneira semelhante.<br \/>\n6. Por quanto tempo manteremos seus dados pessoais?<br \/>\nOs dados pessoais fornecidos ser\u00e3o mantidos pelo seguinte per\u00edodo:<br \/>\nPer\u00edodo indeterminado. Os dados ser\u00e3o conservados pelo tempo necess\u00e1rio para cumprir a finalidade para a qual foram recolhidos e para determinar as poss\u00edveis responsabilidades que possam advir dessa finalidade e do tratamento dos dados.<br \/>\n7. A que destinat\u00e1rios ser\u00e3o comunicados os seus dados?<br \/>\nOs seus dados ser\u00e3o tratados pela empresa adjudicat\u00e1ria do contrato administrativo especial para a atividade tur\u00edstica na Pra\u00e7a de Touros Las Ventas:<br \/>\nNome da empresa: SIM\u00d3N CASAS PRODUCTION SAS, NAUTALIA VIAJES SL, TOROSHOPPING, S.L. U.T.E.<br \/>\nCIF: U87837753<br \/>\nSede: Calle Alcal\u00e1, 237, CEP: 28028, MADRID (MADRID)<br \/>\nContato: info@lasventastour.com.<br \/>\n8. Direito de retirar o consentimento dado para o tratamento a qualquer momento.<br \/>\nQuando o tratamento for baseado em consentimento expl\u00edcito, voc\u00ea tem o direito de retirar o consentimento a qualquer momento, sem afetar a legalidade do tratamento baseado no consentimento anterior \u00e0 sua retirada.<br \/>\n9. Direito de reclamar junto da Autoridade de Controlo.<br \/>\nTem o direito de apresentar uma reclama\u00e7\u00e3o junto da Ag\u00eancia Espanhola de Prote\u00e7\u00e3o de Dados https:\/\/www.aepd.es se n\u00e3o estiver satisfeito com o tratamento dos seus dados pessoais.<br \/>\n10. Categoria de dados objeto de tratamento.<br \/>\nDados de identifica\u00e7\u00e3o.<br \/>\n11. Fonte de origem dos dados.<br \/>\nDo interessado, atrav\u00e9s do formul\u00e1rio.<br \/>\n12. Informa\u00e7\u00f5es adicionais.<br \/>\nVoc\u00ea pode consultar informa\u00e7\u00f5es adicionais e detalhadas sobre as informa\u00e7\u00f5es e regulamentos aplic\u00e1veis \u200b\u200bsobre prote\u00e7\u00e3o de dados no site da Ag\u00eancia Espanhola de Prote\u00e7\u00e3o de Dados https:\/\/www.aepd.es, bem como informa\u00e7\u00f5es sobre o Registro de Atividades de Processamento do Respons\u00e1vel indicado acima no seguinte link: www.comunidad.madrid\/protecciondedatos.<\/p>\n<\/div>\n<\/div><\/div><div class=\"w-separator size_medium with_line width_default thick_1 style_solid color_border align_center\"><div class=\"w-separator-h\"><\/div><\/div><div class=\"wpb_text_column\"><div class=\"wpb_wrapper\"><h2>Prote\u00e7\u00e3o de dados pessoais de acordo com o RGPD<\/h2>\n<p>Toroshopping, S.L., em aplica\u00e7\u00e3o da normativa em vigor em mat\u00e9ria de prote\u00e7\u00e3o de dados pessoais,<br \/>\ninforma que os dados pessoais recolhidos atrav\u00e9s dos formul\u00e1rios do Site: https:\/\/lasventastour.com, s\u00e3o<br \/>\ninclu\u00eddos nos ficheiros automatizados espec\u00edficos dos utilizadores dos servi\u00e7os da Toroshopping, S.L.<br \/>\nO objectivo da recolha e tratamento automatizado de dados pessoais \u00e9 manter a<br \/>\nrelacionamento comercial e a realiza\u00e7\u00e3o de atividades de informa\u00e7\u00e3o, forma\u00e7\u00e3o, assessoria e outras atividades inerentes \u00e0<br \/>\nToroshopping, S.L.<br \/>\nEstes dados s\u00f3 ser\u00e3o transferidos para as entidades que sejam necess\u00e1rias com o \u00fanico objectivo de fornecer<br \/>\ncumprimento do prop\u00f3sito anteriormente enunciado.<br \/>\nToroshopping, S.L. adota as medidas necess\u00e1rias para garantir a seguran\u00e7a, integridade e confidencialidade dos<br \/>\ndados de acordo com o disposto no Regulamento (UE) 2016\/679 do Parlamento Europeu e do Conselho, de 27 de abril<br \/>\nde 2016, relativo \u00e0 prote\u00e7\u00e3o das pessoas singulares no que respeita ao tratamento de dados pessoais e \u00e0<br \/>\nlivre circula\u00e7\u00e3o do mesmo.<br \/>\nO utilizador poder\u00e1 a qualquer momento exercer os direitos de acesso, oposi\u00e7\u00e3o, rectifica\u00e7\u00e3o, cancelamento, limita\u00e7\u00e3o<br \/>\ne portabilidade reconhecida no referido Regulamento (UE). O exerc\u00edcio destes direitos pode ser realizado pela pr\u00f3pria pessoa.<br \/>\nutilizador por e-mail para: info@toroshopping.com ou no endere\u00e7o: Centro Melior Vasari. Urbaniza\u00e7\u00e3o La Alzambra,<br \/>\n3, Local 1, C.P. 29660 \u2013 Marbelha (M\u00e1laga).<br \/>\nO utilizador declara que todos os dados por si fornecidos s\u00e3o verdadeiros e corretos, e compromete-se a mant\u00ea-los.<br \/>\natualizado, comunicando as altera\u00e7\u00f5es \u00e0 Toroshopping, S.L.<\/p>\n<h2>Finalidade do tratamento de dados pessoais:<\/h2>\n<h3>Com que finalidade iremos tratar os seus dados pessoais?<\/h3>\n<p>Na Toroshopping, S.L. iremos tratar os seus dados pessoais recolhidos atrav\u00e9s do Site: https:\/\/lasventastour.com,<br \/>\ncom os seguintes fins:<br \/>\n1.\u00ba Cumprir as obriga\u00e7\u00f5es comerciais, laborais, societ\u00e1rias e contabil\u00edsticas da empresa.<br \/>\n2.\u00ba Prestar os seus servi\u00e7os de acordo com as necessidades particulares dos clientes, de forma a cumprir<br \/>\nos contratos por ela celebrados.<br \/>\n3.\u00ba Envio de informa\u00e7\u00e3o comercial e newsletters sobre novos servi\u00e7os oferecidos na web e no setor.<br \/>\n4. O processo de arquivo, atualiza\u00e7\u00e3o de sistemas, prote\u00e7\u00e3o e cust\u00f3dia de informa\u00e7\u00e3o e<br \/>\nbases de dados da empresa.<br \/>\n5.\u00ba Prestar os servi\u00e7os contratados pelo utilizador.<br \/>\n6. Envie informa\u00e7\u00f5es promocionais por via eletr\u00f3nica<\/p>\n<p>7.\u00ba Forne\u00e7a as informa\u00e7\u00f5es solicitadas pelo utilizador atrav\u00e9s do formul\u00e1rio de contacto.<\/p>\n<p>Lembramos que pode opor-se ao envio de comunica\u00e7\u00f5es comerciais por qualquer meio e a qualquer momento.<br \/>\nmomento, enviando um e-mail para o endere\u00e7o acima indicado.<br \/>\nOs campos destes registos s\u00e3o de preenchimento obrigat\u00f3rio, impossibilitando a concretiza\u00e7\u00e3o dos fins<br \/>\nexpresso se esses dados n\u00e3o forem fornecidos.<\/p>\n<h2>Durante quanto tempo s\u00e3o conservados os dados pessoais recolhidos?<\/h2>\n<p>Os dados pessoais fornecidos ser\u00e3o conservados enquanto a rela\u00e7\u00e3o comercial for mantida ou n\u00e3o solicitar a sua<br \/>\nelimina\u00e7\u00e3o e durante o per\u00edodo durante o qual possam surgir responsabilidades legais pelos servi\u00e7os prestados.<\/p>\n<h2>Legitima\u00e7\u00e3o:<\/h2>\n<p>O tratamento dos seus dados \u00e9 efetuado com as seguintes bases legais que o legitimam:<br \/>\n1. O pedido de informa\u00e7\u00e3o e\/ou a contrata\u00e7\u00e3o dos servi\u00e7os da Toroshopping, S.L., cujos termos e condi\u00e7\u00f5es<br \/>\nas condi\u00e7\u00f5es ser-lhe-\u00e3o disponibilizadas em qualquer caso, antes de um poss\u00edvel contrato.<br \/>\n2.\u00ba Consentimento livre, espec\u00edfico, informado e inequ\u00edvoco, tal como informamos colocando \u00e0 sua disposi\u00e7\u00e3o<br \/>\ndisposi\u00e7\u00e3o da presente pol\u00edtica de privacidade, que ap\u00f3s a sua leitura, se<br \/>\nconcordar, pode aceitar fazendo uma declara\u00e7\u00e3o ou a\u00e7\u00e3o afirmativa clara, como marcar<br \/>\nde uma caixa preparada para o efeito.<\/p>\n<p>Se n\u00e3o nos fornecer os seus dados ou o fizer de forma incorreta ou incompleta, n\u00e3o poderemos responder ao seu pedido.<br \/>\nimpossibilitando totalmente o fornecimento das informa\u00e7\u00f5es solicitadas ou a contrata\u00e7\u00e3o dos servi\u00e7os.<\/p>\n<h2>Destinat\u00e1rios:<\/h2>\n<p>Os dados n\u00e3o ser\u00e3o comunicados a terceiros que n\u00e3o a Toroshopping, S.L., salvo obriga\u00e7\u00e3o legal.<\/p>\n<p>Dados recolhidos pelos utilizadores dos servi\u00e7os<br \/>\nNos casos em que o utilizador inclua ficheiros com dados pessoais nos servidores de alojamento<br \/>\npartilhado, Toroshopping, S.L. n\u00e3o se responsabiliza pelo incumprimento por parte do utilizador do RGPD.<\/p>\n<h2>Direitos de propriedade intelectual https:\/\/lasventastour.com<\/h2>\n<p>Toroshopping, S.L. \u00e9 titular de todos os direitos de autor, propriedade intelectual e industrial, know-how e quaisquer<br \/>\nOutros direitos est\u00e3o relacionados com o conte\u00fado do site https:\/\/lasventastour.com e com os servi\u00e7os oferecidos no<br \/>\nbem como os programas necess\u00e1rios \u00e0 sua implementa\u00e7\u00e3o e informa\u00e7\u00f5es relacionadas.<br \/>\nA reprodu\u00e7\u00e3o, publica\u00e7\u00e3o e\/ou utiliza\u00e7\u00e3o n\u00e3o estritamente privada dos conte\u00fados, total ou parcial, do<br \/>\nwebsite https:\/\/lasventastour.com sem consentimento pr\u00e9vio por escrito.<\/p>\n<h2>Propiedad intelectual del software<\/h2>\n<p>El usuario debe respetar los programas de terceros puestos a su disposici\u00f3n por Toroshopping, S.L., a\u00fan siendo<br \/>\ngratuitos y\/o de disposici\u00f3n p\u00fablica.<br \/>\nToroshopping, S.L. dispone de los derechos de explotaci\u00f3n y propiedad intelectual necesarios del software.<br \/>\nEl usuario no adquiere derecho alguno o licencia por el servicio contratado, sobre el software necesario para la<br \/>\nprestaci\u00f3n del servicio, ni tampoco sobre la informaci\u00f3n t\u00e9cnica de seguimiento del servicio, excepci\u00f3n hecha de los<br \/>\nderechos y licencias necesarios para el cumplimiento de los servicios contratados y \u00fanicamente durante la duraci\u00f3n de<br \/>\nlos mismos.<br \/>\nPara toda actuaci\u00f3n que exceda del cumplimiento del contrato, el usuario necesitar\u00e1 autorizaci\u00f3n por escrito por parte<br \/>\nde Toroshopping, S.L., quedando prohibido al usuario acceder, modificar, visualizar la configuraci\u00f3n, estructura y<br \/>\nficheros de los servidores propiedad de Toroshopping, S.L., asumiendo la responsabilidad civil y penal derivada de<br \/>\ncualquier incidencia que se pudiera producir en los servidores y sistemas de seguridad como consecuencia directa de<br \/>\nuna actuaci\u00f3n negligente o maliciosa por su parte.<\/p>\n<h2>Propriedade intelectual do conte\u00fado alojado<\/h2>\n<p>\u00c9 proibida a utiliza\u00e7\u00e3o contr\u00e1ria \u00e0 legisla\u00e7\u00e3o de propriedade intelectual dos servi\u00e7os prestados pelo Toroshopping.<br \/>\nS. L. e, em particular:<br \/>\n\u2022 Utiliza\u00e7\u00e3o contr\u00e1ria \u00e0 legisla\u00e7\u00e3o espanhola ou que viole os direitos de terceiros.<br \/>\n\u2022 A publica\u00e7\u00e3o ou transmiss\u00e3o de qualquer conte\u00fado que, na opini\u00e3o da Toroshopping, S.L., seja<br \/>\nviolento, obsceno, abusivo, ilegal, racial, xen\u00f3fobo ou difamat\u00f3rio.<br \/>\n\u2022 Cracks, n\u00fameros de s\u00e9rie de programas ou qualquer outro conte\u00fado que viole os direitos do<br \/>\npropriedade intelectual de terceiros.<br \/>\n\u2022 A recolha e\/ou utiliza\u00e7\u00e3o de dados pessoais de outros utilizadores sem o seu consentimento expresso ou<br \/>\nem viola\u00e7\u00e3o das disposi\u00e7\u00f5es do Regulamento (UE) 2016\/679 do Parlamento Europeu e do Conselho, de<\/p>\n<p>27 de abril de 2016, sobre a prote\u00e7\u00e3o das pessoas singulares no que diz respeito ao processamento de<br \/>\ndados pessoais e a sua livre circula\u00e7\u00e3o.<br \/>\n\u2022 A utiliza\u00e7\u00e3o do servidor de e-mail e dos endere\u00e7os de e-mail do dom\u00ednio para o envio<br \/>\nde spam em massa.<\/p>\n<p>O utilizador tem total responsabilidade pelo conte\u00fado do seu site, pela informa\u00e7\u00e3o transmitida e armazenada, pela<br \/>\nliga\u00e7\u00f5es de hipertexto, reclama\u00e7\u00f5es de terceiros e a\u00e7\u00f5es legais em refer\u00eancia \u00e0 propriedade intelectual,<br \/>\ndireitos de terceiros e protec\u00e7\u00e3o dos menores.<\/p>\n<p>O utilizador \u00e9 respons\u00e1vel pelas leis e regulamentos em vigor e pelas regras que tenham a ver com o<br \/>\nfuncionamento do servi\u00e7o online, com\u00e9rcio eletr\u00f3nico, direitos de autor, manuten\u00e7\u00e3o da ordem p\u00fablica, bem como<br \/>\nprinc\u00edpios universais de utiliza\u00e7\u00e3o da Internet.<\/p>\n<p>O utilizador compensar\u00e1 a Toroshopping, S.L. pelas despesas geradas pela imputa\u00e7\u00e3o da Toroshopping, S.L. em<br \/>\nqualquer causa cuja responsabilidade seja imput\u00e1vel ao utilizador, incluindo honor\u00e1rios e despesas de defesa jur\u00eddica, incluindo<br \/>\nno caso de uma decis\u00e3o judicial n\u00e3o definitiva.<\/p>\n<h2>Prote\u00e7\u00e3o de informa\u00e7\u00f5es alojadas<\/h2>\n<p>Toroshopping, S.L. faz c\u00f3pias de seguran\u00e7a do conte\u00fado alojado nos seus servidores, no entanto n\u00e3o \u00e9<br \/>\nrespons\u00e1vel pela perda ou elimina\u00e7\u00e3o acidental de dados pelos utilizadores. Da mesma forma, n\u00e3o<br \/>\ngarante a substitui\u00e7\u00e3o total dos dados apagados pelos utilizadores, uma vez que os referidos dados poderiam ter sido<br \/>\neliminado e\/ou modificado durante o per\u00edodo desde o \u00faltimo backup.<br \/>\nOs servi\u00e7os oferecidos, exceto os servi\u00e7os espec\u00edficos de c\u00f3pia de seguran\u00e7a, n\u00e3o incluem a substitui\u00e7\u00e3o de conte\u00fados<br \/>\nconservados nas c\u00f3pias de seguran\u00e7a efetuadas pela Toroshopping, S.L., quando esta perda for imput\u00e1vel ao<br \/>\nutilizador; Neste caso, ser\u00e1 determinada uma taxa em fun\u00e7\u00e3o da complexidade e do volume da recupera\u00e7\u00e3o, sempre antes da<br \/>\naceita\u00e7\u00e3o do utilizador.<br \/>\nA substitui\u00e7\u00e3o dos dados apagados s\u00f3 est\u00e1 inclu\u00edda no pre\u00e7o do servi\u00e7o quando a perda de conte\u00fado se deva a<br \/>\na causas imput\u00e1veis \u200b\u200b\u00e0 Toroshopping, S.L.<\/p>\n<h2>Comunica\u00e7\u00f5es comerciais<\/h2>\n<p>Em aplica\u00e7\u00e3o do LSSI. Toroshopping, S.L. n\u00e3o enviaremos comunica\u00e7\u00f5es publicit\u00e1rias ou promocionais por correio<br \/>\neletr\u00f3nico ou outro meio equivalente de comunica\u00e7\u00e3o eletr\u00f3nica que n\u00e3o tenha sido previamente solicitado ou<br \/>\nexpressamente autorizado pelos seus destinat\u00e1rios.<br \/>\nNo caso dos utilizadores com os quais exista uma rela\u00e7\u00e3o contratual pr\u00e9via, Toroshopping, S.L. sim, est\u00e1 autorizado a enviar<\/p>\n<p>de comunica\u00e7\u00f5es comerciais referentes a produtos ou servi\u00e7os da Toroshopping, S.L. que s\u00e3o semelhantes aos<br \/>\nForam inicialmente contratados com o cliente.<br \/>\nEm qualquer caso, o utilizador, ap\u00f3s comprovar a sua identidade, poder\u00e1 solicitar que n\u00e3o lhe seja enviada mais nenhuma informa\u00e7\u00e3o comercial.<br \/>\natrav\u00e9s dos canais de Atendimento ao Cliente.<\/p>\n<\/div><\/div><\/div><\/div><\/div><\/div><\/section>\n","protected":false},"excerpt":{"rendered":"Pol\u00edtica de privacidade Pol\u00edtica de privacidade Informa\u00e7\u00f5es sobre prote\u00e7\u00e3o de dados 1. Respons\u00e1vel pelo tratamento dos seus dados Respons\u00e1vel: Centro de Assuntos Taurinos da Comunidade de Madrid, Minist\u00e9rio da Presid\u00eancia, Justi\u00e7a e Interior. Sede: Centro de Assuntos Taurinos \u2013 Calle Alcal\u00e1, n\u00ba 237 (Plaza de Toros de Las Ventas), 28028 Madrid. Contate o Delegado de...","protected":false},"author":1,"featured_media":0,"parent":0,"menu_order":0,"comment_status":"closed","ping_status":"open","template":"","meta":{"footnotes":""},"class_list":["post-3509","page","type-page","status-publish","hentry"],"yoast_head":"<!-- This site is optimized with the Yoast SEO plugin v27.4 - https:\/\/yoast.com\/product\/yoast-seo-wordpress\/ -->\n<title>Pol\u00edtica de privacidade - Las Ventas Tour<\/title>\n<meta name=\"robots\" content=\"index, follow, max-snippet:-1, max-image-preview:large, max-video-preview:-1\" \/>\n<link rel=\"canonical\" href=\"https:\/\/lasventastour.com\/pt-pt\/politica-de-privacidade\/\" \/>\n<meta property=\"og:locale\" content=\"pt_PT\" \/>\n<meta property=\"og:type\" content=\"article\" \/>\n<meta property=\"og:title\" content=\"Pol\u00edtica de privacidade - Las Ventas Tour\" \/>\n<meta property=\"og:url\" content=\"https:\/\/lasventastour.com\/pt-pt\/politica-de-privacidade\/\" \/>\n<meta property=\"og:site_name\" content=\"Las Ventas Tour\" \/>\n<meta property=\"article:modified_time\" content=\"2024-10-08T07:29:13+00:00\" \/>\n<meta property=\"og:image\" content=\"https:\/\/lasventastour.com\/wp-content\/uploads\/2023\/12\/paseillo-en-las-ventas.webp\" \/>\n\t<meta property=\"og:image:width\" content=\"511\" \/>\n\t<meta property=\"og:image:height\" content=\"280\" \/>\n\t<meta property=\"og:image:type\" content=\"image\/webp\" \/>\n<meta name=\"twitter:card\" content=\"summary_large_image\" \/>\n<meta name=\"twitter:label1\" content=\"Tempo estimado de leitura\" \/>\n\t<meta name=\"twitter:data1\" content=\"10 minutos\" \/>\n<script type=\"application\/ld+json\" class=\"yoast-schema-graph\">{\"@context\":\"https:\\\/\\\/schema.org\",\"@graph\":[{\"@type\":\"WebPage\",\"@id\":\"https:\\\/\\\/lasventastour.com\\\/pt-pt\\\/politica-de-privacidade\\\/\",\"url\":\"https:\\\/\\\/lasventastour.com\\\/pt-pt\\\/politica-de-privacidade\\\/\",\"name\":\"Pol\u00edtica de privacidade - Las Ventas Tour\",\"isPartOf\":{\"@id\":\"https:\\\/\\\/lasventastour.com\\\/pt-pt\\\/#website\"},\"datePublished\":\"2023-09-21T14:37:42+00:00\",\"dateModified\":\"2024-10-08T07:29:13+00:00\",\"breadcrumb\":{\"@id\":\"https:\\\/\\\/lasventastour.com\\\/pt-pt\\\/politica-de-privacidade\\\/#breadcrumb\"},\"inLanguage\":\"pt-PT\",\"potentialAction\":[{\"@type\":\"ReadAction\",\"target\":[\"https:\\\/\\\/lasventastour.com\\\/pt-pt\\\/politica-de-privacidade\\\/\"]}]},{\"@type\":\"BreadcrumbList\",\"@id\":\"https:\\\/\\\/lasventastour.com\\\/pt-pt\\\/politica-de-privacidade\\\/#breadcrumb\",\"itemListElement\":[{\"@type\":\"ListItem\",\"position\":1,\"name\":\"Portada\",\"item\":\"https:\\\/\\\/lasventastour.com\\\/pt-pt\\\/\"},{\"@type\":\"ListItem\",\"position\":2,\"name\":\"Pol\u00edtica de privacidade\"}]},{\"@type\":\"WebSite\",\"@id\":\"https:\\\/\\\/lasventastour.com\\\/pt-pt\\\/#website\",\"url\":\"https:\\\/\\\/lasventastour.com\\\/pt-pt\\\/\",\"name\":\"Las Ventas Tour\",\"description\":\"Tour Las Ventas | Plaza de Toros de Madrid | Web Oficial\",\"publisher\":{\"@id\":\"https:\\\/\\\/lasventastour.com\\\/pt-pt\\\/#organization\"},\"alternateName\":\"Las Ventas Tour\",\"potentialAction\":[{\"@type\":\"SearchAction\",\"target\":{\"@type\":\"EntryPoint\",\"urlTemplate\":\"https:\\\/\\\/lasventastour.com\\\/pt-pt\\\/?s={search_term_string}\"},\"query-input\":{\"@type\":\"PropertyValueSpecification\",\"valueRequired\":true,\"valueName\":\"search_term_string\"}}],\"inLanguage\":\"pt-PT\"},{\"@type\":\"Organization\",\"@id\":\"https:\\\/\\\/lasventastour.com\\\/pt-pt\\\/#organization\",\"name\":\"Las Ventas Tour\",\"alternateName\":\"Las Ventas Tour\",\"url\":\"https:\\\/\\\/lasventastour.com\\\/pt-pt\\\/\",\"logo\":{\"@type\":\"ImageObject\",\"inLanguage\":\"pt-PT\",\"@id\":\"https:\\\/\\\/lasventastour.com\\\/pt-pt\\\/#\\\/schema\\\/logo\\\/image\\\/\",\"url\":\"https:\\\/\\\/lasventastour.com\\\/wp-content\\\/uploads\\\/2024\\\/09\\\/cropped-Logo-Las-Ventas-1.webp\",\"contentUrl\":\"https:\\\/\\\/lasventastour.com\\\/wp-content\\\/uploads\\\/2024\\\/09\\\/cropped-Logo-Las-Ventas-1.webp\",\"width\":512,\"height\":512,\"caption\":\"Las Ventas Tour\"},\"image\":{\"@id\":\"https:\\\/\\\/lasventastour.com\\\/pt-pt\\\/#\\\/schema\\\/logo\\\/image\\\/\"},\"sameAs\":[\"https:\\\/\\\/www.instagram.com\\\/lasventastour\\\/\"]}]}<\/script>\n<!-- \/ Yoast SEO plugin. -->","yoast_head_json":{"title":"Pol\u00edtica de privacidade - Las Ventas Tour","robots":{"index":"index","follow":"follow","max-snippet":"max-snippet:-1","max-image-preview":"max-image-preview:large","max-video-preview":"max-video-preview:-1"},"canonical":"https:\/\/lasventastour.com\/pt-pt\/politica-de-privacidade\/","og_locale":"pt_PT","og_type":"article","og_title":"Pol\u00edtica de privacidade - Las Ventas Tour","og_url":"https:\/\/lasventastour.com\/pt-pt\/politica-de-privacidade\/","og_site_name":"Las Ventas Tour","article_modified_time":"2024-10-08T07:29:13+00:00","og_image":[{"width":511,"height":280,"url":"https:\/\/lasventastour.com\/wp-content\/uploads\/2023\/12\/paseillo-en-las-ventas.webp","type":"image\/webp"}],"twitter_card":"summary_large_image","twitter_misc":{"Tempo estimado de leitura":"10 minutos"},"schema":{"@context":"https:\/\/schema.org","@graph":[{"@type":"WebPage","@id":"https:\/\/lasventastour.com\/pt-pt\/politica-de-privacidade\/","url":"https:\/\/lasventastour.com\/pt-pt\/politica-de-privacidade\/","name":"Pol\u00edtica de privacidade - Las Ventas Tour","isPartOf":{"@id":"https:\/\/lasventastour.com\/pt-pt\/#website"},"datePublished":"2023-09-21T14:37:42+00:00","dateModified":"2024-10-08T07:29:13+00:00","breadcrumb":{"@id":"https:\/\/lasventastour.com\/pt-pt\/politica-de-privacidade\/#breadcrumb"},"inLanguage":"pt-PT","potentialAction":[{"@type":"ReadAction","target":["https:\/\/lasventastour.com\/pt-pt\/politica-de-privacidade\/"]}]},{"@type":"BreadcrumbList","@id":"https:\/\/lasventastour.com\/pt-pt\/politica-de-privacidade\/#breadcrumb","itemListElement":[{"@type":"ListItem","position":1,"name":"Portada","item":"https:\/\/lasventastour.com\/pt-pt\/"},{"@type":"ListItem","position":2,"name":"Pol\u00edtica de privacidade"}]},{"@type":"WebSite","@id":"https:\/\/lasventastour.com\/pt-pt\/#website","url":"https:\/\/lasventastour.com\/pt-pt\/","name":"Las Ventas Tour","description":"Tour Las Ventas | Plaza de Toros de Madrid | Web Oficial","publisher":{"@id":"https:\/\/lasventastour.com\/pt-pt\/#organization"},"alternateName":"Las Ventas Tour","potentialAction":[{"@type":"SearchAction","target":{"@type":"EntryPoint","urlTemplate":"https:\/\/lasventastour.com\/pt-pt\/?s={search_term_string}"},"query-input":{"@type":"PropertyValueSpecification","valueRequired":true,"valueName":"search_term_string"}}],"inLanguage":"pt-PT"},{"@type":"Organization","@id":"https:\/\/lasventastour.com\/pt-pt\/#organization","name":"Las Ventas Tour","alternateName":"Las Ventas Tour","url":"https:\/\/lasventastour.com\/pt-pt\/","logo":{"@type":"ImageObject","inLanguage":"pt-PT","@id":"https:\/\/lasventastour.com\/pt-pt\/#\/schema\/logo\/image\/","url":"https:\/\/lasventastour.com\/wp-content\/uploads\/2024\/09\/cropped-Logo-Las-Ventas-1.webp","contentUrl":"https:\/\/lasventastour.com\/wp-content\/uploads\/2024\/09\/cropped-Logo-Las-Ventas-1.webp","width":512,"height":512,"caption":"Las Ventas Tour"},"image":{"@id":"https:\/\/lasventastour.com\/pt-pt\/#\/schema\/logo\/image\/"},"sameAs":["https:\/\/www.instagram.com\/lasventastour\/"]}]}},"_links":{"self":[{"href":"https:\/\/lasventastour.com\/pt-pt\/wp-json\/wp\/v2\/pages\/3509","targetHints":{"allow":["GET"]}}],"collection":[{"href":"https:\/\/lasventastour.com\/pt-pt\/wp-json\/wp\/v2\/pages"}],"about":[{"href":"https:\/\/lasventastour.com\/pt-pt\/wp-json\/wp\/v2\/types\/page"}],"author":[{"embeddable":true,"href":"https:\/\/lasventastour.com\/pt-pt\/wp-json\/wp\/v2\/users\/1"}],"replies":[{"embeddable":true,"href":"https:\/\/lasventastour.com\/pt-pt\/wp-json\/wp\/v2\/comments?post=3509"}],"version-history":[{"count":4,"href":"https:\/\/lasventastour.com\/pt-pt\/wp-json\/wp\/v2\/pages\/3509\/revisions"}],"predecessor-version":[{"id":4096,"href":"https:\/\/lasventastour.com\/pt-pt\/wp-json\/wp\/v2\/pages\/3509\/revisions\/4096"}],"wp:attachment":[{"href":"https:\/\/lasventastour.com\/pt-pt\/wp-json\/wp\/v2\/media?parent=3509"}],"curies":[{"name":"wp","href":"https:\/\/api.w.org\/{rel}","templated":true}]}}