{"id":3383,"date":"2023-12-14T14:25:42","date_gmt":"2023-12-14T14:25:42","guid":{"rendered":"https:\/\/lasventastour.com\/?page_id=3383"},"modified":"2024-09-11T12:30:33","modified_gmt":"2024-09-11T12:30:33","slug":"politica-de-cookies","status":"publish","type":"page","link":"https:\/\/lasventastour.com\/pt-pt\/politica-de-cookies\/","title":{"rendered":"POL\u00cdTICA DE COOKIES"},"content":{"rendered":"<section class=\"l-section wpb_row height_medium\"><div class=\"l-section-h i-cf\"><div class=\"g-cols vc_row via_grid cols_1 laptops-cols_inherit tablets-cols_inherit mobiles-cols_1 valign_top type_default stacking_default\"><div class=\"wpb_column vc_column_container\"><div class=\"vc_column-inner\"><div class=\"wpb_text_column\"><div class=\"wpb_wrapper\"><header class=\"entry-header \">\n<h1 class=\"entry-title\">POL\u00cdTICA DE COOKIES<\/h1>\n<\/header>\n<div class=\"entry-content clear\">\n<p>POL\u00cdTICA DE COOKIES<br \/>\nEste portal, como a maioria dos portais da Internet, usa cookies para melhorar a experi\u00eancia do usu\u00e1rio. Abaixo, voc\u00ea encontrar\u00e1 informa\u00e7\u00f5es sobre o que s\u00e3o \u201ccookies\u201d, que tipo de cookies este site usa, como desabilitar os cookies em seu navegador, como desabilitar especificamente a instala\u00e7\u00e3o de cookies de terceiros. Se voc\u00ea n\u00e3o consegue encontrar as informa\u00e7\u00f5es espec\u00edficas que voc\u00ea est\u00e1 procurando, por favor, v\u00e1 para info@lasventastour.com<br \/>\nCom a publica\u00e7\u00e3o no BOE do Real Decreto-lei 13\/2012, de 30 de mar\u00e7o, houve uma s\u00e9rie de mudan\u00e7as na Lei de Servi\u00e7os da Sociedade da Informa\u00e7\u00e3o e Com\u00e9rcio Eletr\u00f4nico (LSSICE) que, entre outros, afetam a uso de cookies e envios comerciais por email. Com este Real Decreto, pelo qual v\u00e1rias directivas europeias s\u00e3o transpostas, Espanha e todos os estados membros da Uni\u00e3o Europeia adaptam-se \u00e0 Directiva Europeia 2009\/136 \/ CE \u201cemenda \u00e0 Directiva Europeia relativa ao processamento e conserva\u00e7\u00e3o de dados e protec\u00e7\u00e3o da privacidade nas comunica\u00e7\u00f5es electr\u00f3nicas \u201cArtigo 22.2 da Lei 34\/2002. Os prestadores de servi\u00e7os podem utilizar dispositivos de armazenamento e recupera\u00e7\u00e3o de dados no equipamento terminal dos destinat\u00e1rios, desde que tenham dado o seu consentimento ap\u00f3s terem recebido informa\u00e7\u00f5es claras e completas sobre a sua utiliza\u00e7\u00e3o, em particular, sobre o para fins de processamento de dados, de acordo com o disposto na Lei Org\u00e2nica 15\/1999, de 13 de dezembro, sobre a Prote\u00e7\u00e3o de Dados Pessoais.<br \/>\nO QUE S\u00c3O COOKIES?<br \/>\nCookies s\u00e3o pequenos arquivos que algumas plataformas, como p\u00e1ginas da web, podem instalar em seu computador, smartphone, tablet ou televis\u00e3o conectada \u00e0 Internet. Suas fun\u00e7\u00f5es podem ser muito variadas: armazenar suas prefer\u00eancias de navega\u00e7\u00e3o, coletar informa\u00e7\u00f5es estat\u00edsticas, permitir certas caracter\u00edsticas t\u00e9cnicas \u2026 \u00c0s vezes, os cookies s\u00e3o usados \u200b\u200bpara armazenar informa\u00e7\u00f5es b\u00e1sicas sobre os h\u00e1bitos de navega\u00e7\u00e3o do usu\u00e1rio ou de sua equipe, at\u00e9 o ponto , dependendo dos casos, de poder reconhec\u00ea-lo.<br \/>\nPor que eles s\u00e3o importantes?<br \/>\nOs cookies s\u00e3o \u00fateis por v\u00e1rios motivos. De um ponto de vista t\u00e9cnico, eles permitem que as p\u00e1ginas da Web trabalhem de maneira mais \u00e1gil e adaptada \u00e0s suas prefer\u00eancias, como o armazenamento de seu idioma, cidade ou pa\u00eds. Al\u00e9m disso, eles ajudam os respons\u00e1veis \u200b\u200bpelos sites a melhorar os servi\u00e7os que oferecem, gra\u00e7as \u00e0s informa\u00e7\u00f5es estat\u00edsticas que eles coletam atrav\u00e9s deles.<\/p>\n<p>COMO USAMOS COOKIES?<br \/>\nNavegando pelos sites do Las Ventas Tour, significa que os seguintes tipos de cookies podem ser instalados:<br \/>\n\u2022 Cookies de melhoria de desempenho:<br \/>\nEste tipo de cookies mant\u00e9m as suas prefer\u00eancias por determinadas ferramentas ou servi\u00e7os, pelo que n\u00e3o \u00e9 necess\u00e1rio reconfigur\u00e1-las sempre que visita o nosso portal e, em alguns casos, pode ser fornecido por terceiros. No caso de sites de com\u00e9rcio eletr\u00f4nico, eles permitem que voc\u00ea mantenha informa\u00e7\u00f5es sobre o seu carrinho de compras.<br \/>\nUsamos os chamados \u201ccookies de estado de sess\u00e3o\u201d para melhorar nossos servi\u00e7os, a fim de melhorar a experi\u00eancia de navega\u00e7\u00e3o dos usu\u00e1rios. Se esses cookies forem bloqueados ou exclu\u00eddos, o site continuar\u00e1 funcionando.<br \/>\n\u2022 Cookies estritamente necess\u00e1rios:<br \/>\nEsses cookies s\u00e3o necess\u00e1rios para o uso correto do site, permitindo o acesso a se\u00e7\u00f5es que possuem filtros de seguran\u00e7a. Sem esses cookies, muitos dos servi\u00e7os dispon\u00edveis n\u00e3o estariam operacionais.<br \/>\n\u2022 Cookies de registro:<br \/>\nQuando voc\u00ea se registra em nosso site, s\u00e3o gerados cookies que o identificam como um usu\u00e1rio registrado e indicam quando voc\u00ea se identificou no portal.<br \/>\nEsses cookies s\u00e3o usados \u200b\u200bpara identificar sua conta de usu\u00e1rio. Esses cookies s\u00e3o mantidos contanto que voc\u00ea n\u00e3o saia da conta, feche o navegador ou desligue o dispositivo.<br \/>\n\u2022 Cookies de publicidade:<br \/>\nS\u00e3o aqueles que, bem tratados por n\u00f3s ou por terceiros, nos permitem gerir eficazmente os espa\u00e7os publicit\u00e1rios do nosso site, adaptando o conte\u00fado do an\u00fancio ao conte\u00fado do servi\u00e7o solicitado ou ao uso do nosso site. Gra\u00e7as a ela, podemos conhecer seus h\u00e1bitos de navega\u00e7\u00e3o na internet e mostrar publicidade relacionada ao seu perfil de navega\u00e7\u00e3o.<br \/>\n\u2022 Google Analytics:<br \/>\nO Google Analytics \u00e9 uma ferramenta gratuita de an\u00e1lise da web do Google que permite principalmente aos propriet\u00e1rios de sites saber como os usu\u00e1rios interagem com o site. Al\u00e9m disso, ative os cookies no dom\u00ednio do site onde voc\u00ea est\u00e1 e use um conjunto de cookies chamados \u201c__utma\u201d e \u201c__utmz\u201d para coletar informa\u00e7\u00f5es anonimamente e relatar as tend\u00eancias do site sem identificar usu\u00e1rios individuais. Mais informa\u00e7\u00f5es sobre cookies do Google Analytics e informa\u00e7\u00f5es sobre privacidade. Gra\u00e7as a isso, podemos estudar a navega\u00e7\u00e3o atrav\u00e9s de nossas p\u00e1ginas web e melhorar.<br \/>\n\u2022 Outros cookies de terceiros:<br \/>\nEm algumas de nossas p\u00e1ginas, voc\u00ea pode instalar cookies de terceiros que permitem gerenciar e melhorar os servi\u00e7os que eles oferecem. Um exemplo desse uso s\u00e3o os links para redes sociais que nos permitem compartilhar nosso conte\u00fado.<br \/>\nCOMO POSSO CONFIGURAR MINHAS PREFER\u00caNCIAS?<br \/>\nVoc\u00ea pode permitir, bloquear ou excluir os cookies instalados no seu computador, configurando as op\u00e7\u00f5es do navegador instaladas no seu computador:<br \/>\n\u2022 Microsoft Internet Explorer ou Microsoft Edge: http:\/\/windows.microsoft.com\/es-es\/windows-vista\/Block-or-allow-cookies<br \/>\n\u2022 Mozilla Firefox: http:\/\/support.mozilla.org\/es\/kb\/impedir-que-los-sitios-web-guarden-sus-preferencia<br \/>\n\u2022 Chrome: https:\/\/support.google.com\/accounts\/answer\/61416?hl=pt<br \/>\n\u2022 Safari: http:\/\/safari.helpmax.net\/es\/privacidad-y-seguridad\/como-gestionar-las-cookies\/<br \/>\n\u2022 Opera: http:\/\/help.opera.com\/Linux\/10.60\/es-ES\/cookies.htmlAl\u00e9m disso, voc\u00ea tamb\u00e9m pode gerenciar o armazenamento de cookies no seu navegador por meio de ferramentas como as seguintes:<br \/>\n\u2022 Ghostery: www.ghostery.com\/<br \/>\n\u2022 Suas op\u00e7\u00f5es on-line: www.youronlinechoices.com\/en\/<\/p>\n<\/div>\n<\/div><\/div><\/div><\/div><\/div><\/div><\/section>\n","protected":false},"excerpt":{"rendered":"POL\u00cdTICA DE COOKIES POL\u00cdTICA DE COOKIES Este portal, como a maioria dos portais da Internet, usa cookies para melhorar a experi\u00eancia do usu\u00e1rio. Abaixo, voc\u00ea encontrar\u00e1 informa\u00e7\u00f5es sobre o que s\u00e3o \u201ccookies\u201d, que tipo de cookies este site usa, como desabilitar os cookies em seu navegador, como desabilitar especificamente a instala\u00e7\u00e3o de cookies de terceiros....","protected":false},"author":1,"featured_media":0,"parent":0,"menu_order":0,"comment_status":"closed","ping_status":"closed","template":"","meta":{"footnotes":""},"class_list":["post-3383","page","type-page","status-publish","hentry"],"yoast_head":"<!-- This site is optimized with the Yoast SEO plugin v27.5 - https:\/\/yoast.com\/product\/yoast-seo-wordpress\/ -->\n<title>POL\u00cdTICA DE COOKIES - Las Ventas Tour<\/title>\n<meta name=\"robots\" content=\"index, follow, max-snippet:-1, max-image-preview:large, max-video-preview:-1\" \/>\n<link rel=\"canonical\" href=\"https:\/\/lasventastour.com\/pt-pt\/politica-de-cookies\/\" \/>\n<meta property=\"og:locale\" content=\"pt_PT\" \/>\n<meta property=\"og:type\" content=\"article\" \/>\n<meta property=\"og:title\" content=\"POL\u00cdTICA DE COOKIES - Las Ventas Tour\" \/>\n<meta property=\"og:url\" content=\"https:\/\/lasventastour.com\/pt-pt\/politica-de-cookies\/\" \/>\n<meta property=\"og:site_name\" content=\"Las Ventas Tour\" \/>\n<meta property=\"article:modified_time\" content=\"2024-09-11T12:30:33+00:00\" \/>\n<meta property=\"og:image\" content=\"https:\/\/lasventastour.com\/wp-content\/uploads\/2023\/12\/paseillo-en-las-ventas.webp\" \/>\n\t<meta property=\"og:image:width\" content=\"511\" \/>\n\t<meta property=\"og:image:height\" content=\"280\" \/>\n\t<meta property=\"og:image:type\" content=\"image\/webp\" \/>\n<meta name=\"twitter:card\" content=\"summary_large_image\" \/>\n<meta name=\"twitter:label1\" content=\"Tempo estimado de leitura\" \/>\n\t<meta name=\"twitter:data1\" content=\"4 minutos\" \/>\n<script type=\"application\/ld+json\" class=\"yoast-schema-graph\">{\"@context\":\"https:\\\/\\\/schema.org\",\"@graph\":[{\"@type\":\"WebPage\",\"@id\":\"https:\\\/\\\/lasventastour.com\\\/pt-pt\\\/politica-de-cookies\\\/\",\"url\":\"https:\\\/\\\/lasventastour.com\\\/pt-pt\\\/politica-de-cookies\\\/\",\"name\":\"POL\u00cdTICA DE COOKIES - Las Ventas Tour\",\"isPartOf\":{\"@id\":\"https:\\\/\\\/lasventastour.com\\\/pt-pt\\\/#website\"},\"datePublished\":\"2023-12-14T14:25:42+00:00\",\"dateModified\":\"2024-09-11T12:30:33+00:00\",\"breadcrumb\":{\"@id\":\"https:\\\/\\\/lasventastour.com\\\/pt-pt\\\/politica-de-cookies\\\/#breadcrumb\"},\"inLanguage\":\"pt-PT\",\"potentialAction\":[{\"@type\":\"ReadAction\",\"target\":[\"https:\\\/\\\/lasventastour.com\\\/pt-pt\\\/politica-de-cookies\\\/\"]}]},{\"@type\":\"BreadcrumbList\",\"@id\":\"https:\\\/\\\/lasventastour.com\\\/pt-pt\\\/politica-de-cookies\\\/#breadcrumb\",\"itemListElement\":[{\"@type\":\"ListItem\",\"position\":1,\"name\":\"Portada\",\"item\":\"https:\\\/\\\/lasventastour.com\\\/pt-pt\\\/\"},{\"@type\":\"ListItem\",\"position\":2,\"name\":\"POL\u00cdTICA DE COOKIES\"}]},{\"@type\":\"WebSite\",\"@id\":\"https:\\\/\\\/lasventastour.com\\\/pt-pt\\\/#website\",\"url\":\"https:\\\/\\\/lasventastour.com\\\/pt-pt\\\/\",\"name\":\"Las Ventas Tour\",\"description\":\"Tour Las Ventas | Plaza de Toros de Madrid | Web Oficial\",\"publisher\":{\"@id\":\"https:\\\/\\\/lasventastour.com\\\/pt-pt\\\/#organization\"},\"alternateName\":\"Las Ventas Tour\",\"potentialAction\":[{\"@type\":\"SearchAction\",\"target\":{\"@type\":\"EntryPoint\",\"urlTemplate\":\"https:\\\/\\\/lasventastour.com\\\/pt-pt\\\/?s={search_term_string}\"},\"query-input\":{\"@type\":\"PropertyValueSpecification\",\"valueRequired\":true,\"valueName\":\"search_term_string\"}}],\"inLanguage\":\"pt-PT\"},{\"@type\":\"Organization\",\"@id\":\"https:\\\/\\\/lasventastour.com\\\/pt-pt\\\/#organization\",\"name\":\"Las Ventas Tour\",\"alternateName\":\"Las Ventas Tour\",\"url\":\"https:\\\/\\\/lasventastour.com\\\/pt-pt\\\/\",\"logo\":{\"@type\":\"ImageObject\",\"inLanguage\":\"pt-PT\",\"@id\":\"https:\\\/\\\/lasventastour.com\\\/pt-pt\\\/#\\\/schema\\\/logo\\\/image\\\/\",\"url\":\"https:\\\/\\\/lasventastour.com\\\/wp-content\\\/uploads\\\/2024\\\/09\\\/cropped-Logo-Las-Ventas-1.webp\",\"contentUrl\":\"https:\\\/\\\/lasventastour.com\\\/wp-content\\\/uploads\\\/2024\\\/09\\\/cropped-Logo-Las-Ventas-1.webp\",\"width\":512,\"height\":512,\"caption\":\"Las Ventas Tour\"},\"image\":{\"@id\":\"https:\\\/\\\/lasventastour.com\\\/pt-pt\\\/#\\\/schema\\\/logo\\\/image\\\/\"},\"sameAs\":[\"https:\\\/\\\/www.instagram.com\\\/lasventastour\\\/\"]}]}<\/script>\n<!-- \/ Yoast SEO plugin. -->","yoast_head_json":{"title":"POL\u00cdTICA DE COOKIES - Las Ventas Tour","robots":{"index":"index","follow":"follow","max-snippet":"max-snippet:-1","max-image-preview":"max-image-preview:large","max-video-preview":"max-video-preview:-1"},"canonical":"https:\/\/lasventastour.com\/pt-pt\/politica-de-cookies\/","og_locale":"pt_PT","og_type":"article","og_title":"POL\u00cdTICA DE COOKIES - Las Ventas Tour","og_url":"https:\/\/lasventastour.com\/pt-pt\/politica-de-cookies\/","og_site_name":"Las Ventas Tour","article_modified_time":"2024-09-11T12:30:33+00:00","og_image":[{"width":511,"height":280,"url":"https:\/\/lasventastour.com\/wp-content\/uploads\/2023\/12\/paseillo-en-las-ventas.webp","type":"image\/webp"}],"twitter_card":"summary_large_image","twitter_misc":{"Tempo estimado de leitura":"4 minutos"},"schema":{"@context":"https:\/\/schema.org","@graph":[{"@type":"WebPage","@id":"https:\/\/lasventastour.com\/pt-pt\/politica-de-cookies\/","url":"https:\/\/lasventastour.com\/pt-pt\/politica-de-cookies\/","name":"POL\u00cdTICA DE COOKIES - Las Ventas Tour","isPartOf":{"@id":"https:\/\/lasventastour.com\/pt-pt\/#website"},"datePublished":"2023-12-14T14:25:42+00:00","dateModified":"2024-09-11T12:30:33+00:00","breadcrumb":{"@id":"https:\/\/lasventastour.com\/pt-pt\/politica-de-cookies\/#breadcrumb"},"inLanguage":"pt-PT","potentialAction":[{"@type":"ReadAction","target":["https:\/\/lasventastour.com\/pt-pt\/politica-de-cookies\/"]}]},{"@type":"BreadcrumbList","@id":"https:\/\/lasventastour.com\/pt-pt\/politica-de-cookies\/#breadcrumb","itemListElement":[{"@type":"ListItem","position":1,"name":"Portada","item":"https:\/\/lasventastour.com\/pt-pt\/"},{"@type":"ListItem","position":2,"name":"POL\u00cdTICA DE COOKIES"}]},{"@type":"WebSite","@id":"https:\/\/lasventastour.com\/pt-pt\/#website","url":"https:\/\/lasventastour.com\/pt-pt\/","name":"Las Ventas Tour","description":"Tour Las Ventas | Plaza de Toros de Madrid | Web Oficial","publisher":{"@id":"https:\/\/lasventastour.com\/pt-pt\/#organization"},"alternateName":"Las Ventas Tour","potentialAction":[{"@type":"SearchAction","target":{"@type":"EntryPoint","urlTemplate":"https:\/\/lasventastour.com\/pt-pt\/?s={search_term_string}"},"query-input":{"@type":"PropertyValueSpecification","valueRequired":true,"valueName":"search_term_string"}}],"inLanguage":"pt-PT"},{"@type":"Organization","@id":"https:\/\/lasventastour.com\/pt-pt\/#organization","name":"Las Ventas Tour","alternateName":"Las Ventas Tour","url":"https:\/\/lasventastour.com\/pt-pt\/","logo":{"@type":"ImageObject","inLanguage":"pt-PT","@id":"https:\/\/lasventastour.com\/pt-pt\/#\/schema\/logo\/image\/","url":"https:\/\/lasventastour.com\/wp-content\/uploads\/2024\/09\/cropped-Logo-Las-Ventas-1.webp","contentUrl":"https:\/\/lasventastour.com\/wp-content\/uploads\/2024\/09\/cropped-Logo-Las-Ventas-1.webp","width":512,"height":512,"caption":"Las Ventas Tour"},"image":{"@id":"https:\/\/lasventastour.com\/pt-pt\/#\/schema\/logo\/image\/"},"sameAs":["https:\/\/www.instagram.com\/lasventastour\/"]}]}},"_links":{"self":[{"href":"https:\/\/lasventastour.com\/pt-pt\/wp-json\/wp\/v2\/pages\/3383","targetHints":{"allow":["GET"]}}],"collection":[{"href":"https:\/\/lasventastour.com\/pt-pt\/wp-json\/wp\/v2\/pages"}],"about":[{"href":"https:\/\/lasventastour.com\/pt-pt\/wp-json\/wp\/v2\/types\/page"}],"author":[{"embeddable":true,"href":"https:\/\/lasventastour.com\/pt-pt\/wp-json\/wp\/v2\/users\/1"}],"replies":[{"embeddable":true,"href":"https:\/\/lasventastour.com\/pt-pt\/wp-json\/wp\/v2\/comments?post=3383"}],"version-history":[{"count":1,"href":"https:\/\/lasventastour.com\/pt-pt\/wp-json\/wp\/v2\/pages\/3383\/revisions"}],"predecessor-version":[{"id":3384,"href":"https:\/\/lasventastour.com\/pt-pt\/wp-json\/wp\/v2\/pages\/3383\/revisions\/3384"}],"wp:attachment":[{"href":"https:\/\/lasventastour.com\/pt-pt\/wp-json\/wp\/v2\/media?parent=3383"}],"curies":[{"name":"wp","href":"https:\/\/api.w.org\/{rel}","templated":true}]}}