{"id":3369,"date":"2023-09-26T13:57:10","date_gmt":"2023-09-26T13:57:10","guid":{"rendered":"https:\/\/lasventastour.com\/?page_id=3369"},"modified":"2024-09-11T12:25:08","modified_gmt":"2024-09-11T12:25:08","slug":"aviso-legal","status":"publish","type":"page","link":"https:\/\/lasventastour.com\/pt-pt\/aviso-legal\/","title":{"rendered":"Aviso Legal"},"content":{"rendered":"<section class=\"l-section wpb_row height_medium\"><div class=\"l-section-h i-cf\"><div class=\"g-cols vc_row via_grid cols_1 laptops-cols_inherit tablets-cols_inherit mobiles-cols_1 valign_top type_default stacking_default\"><div class=\"wpb_column vc_column_container\"><div class=\"vc_column-inner\"><div class=\"wpb_text_column\"><div class=\"wpb_wrapper\"><header class=\"entry-header \">\n<h1 class=\"entry-title\">Aviso Legal<\/h1>\n<\/header>\n<div class=\"entry-content clear\">\n<p><strong>Direitos de propriedade intelectual www.lasventastour.com<\/strong><\/p>\n<p>TOROSHOPPING, S.L. \u00e9 o propriet\u00e1rio de todos os direitos autorais, propriedade intelectual, industrial, \u201cknow how\u201d e quantos outros direitos est\u00e3o relacionados com o conte\u00fado do site www.lasventastour.com e os servi\u00e7os oferecidos nele, bem como os programas necess\u00e1rios para sua implementa\u00e7\u00e3o e informa\u00e7\u00f5es relacionadas. A reprodu\u00e7\u00e3o, publica\u00e7\u00e3o e \/ ou uso n\u00e3o estritamente privado do conte\u00fado, total ou parcial, do site www.lasventastour.com sem o consentimento pr\u00e9vio por escrito n\u00e3o \u00e9 permitido.<\/p>\n<p><strong>Propriedade intelectual do software<\/strong><\/p>\n<p>O utilizador deve respeitar os programas de terceiros colocados \u00e0 sua disposi\u00e7\u00e3o pela TOROSHOPPING, S.L., apesar de serem gratuitas e \/ ou publicamente dispon\u00edveis.<\/p>\n<p>TOROSHOPPING, S.L.,\u00a0 voc\u00ea tem a explora\u00e7\u00e3o necess\u00e1ria e os direitos de propriedade intelectual do software.<\/p>\n<p>O usu\u00e1rio n\u00e3o adquire nenhum direito ou licen\u00e7a para o servi\u00e7o contratado, sobre o software necess\u00e1rio para a presta\u00e7\u00e3o do servi\u00e7o, nem sobre as informa\u00e7\u00f5es t\u00e9cnicas para monitorar o servi\u00e7o, exceto os direitos e licen\u00e7as necess\u00e1rios para o cumprimento dos servi\u00e7os contratados e somente durante a dura\u00e7\u00e3o deles. Para qualquer a\u00e7\u00e3o que exceda o cumprimento do contrato, o usu\u00e1rio precisar\u00e1 de autoriza\u00e7\u00e3o por escrito da TOROSHOPPING, S.L., o usu\u00e1rio est\u00e1 proibido de acessar, modificar, visualizar a configura\u00e7\u00e3o, estrutura e arquivos dos servidores de propriedade da TOROSHOPPING, S.L., assumindo responsabilidade civil e criminal decorrente de qualquer incidente que possa ocorrer nos servidores e sistemas de seguran\u00e7a como resultado direto de a\u00e7\u00e3o negligente ou mal-intencionada da parte deles.<\/p>\n<p><strong>Propriedade intelectual do conte\u00fado hospedado<\/strong><\/p>\n<p>A utiliza\u00e7\u00e3o contr\u00e1ria \u00e0 legisla\u00e7\u00e3o sobre propriedade intelectual dos servi\u00e7os prestados por TOROSHOPPING, S.L., em particular, de:<\/p>\n<p>O uso que \u00e9 contr\u00e1rio \u00e0s leis espanholas ou que viola os direitos de terceiros.<\/p>\n<p>A publica\u00e7\u00e3o ou transmiss\u00e3o de qualquer conte\u00fado que, de acordo com a TOROSHOPPING, S.L., \u00e9 violento, obsceno, abusivo, ilegal, racial, xen\u00f3fobo ou difamat\u00f3rio.<\/p>\n<p>As rachaduras, n\u00fameros de s\u00e9rie de programas ou qualquer outro conte\u00fado que viole os direitos de propriedade intelectual de terceiros.<\/p>\n<p>A recolha e \/ ou utiliza\u00e7\u00e3o de dados pessoais de outros utilizadores sem o seu consentimento expresso ou em viola\u00e7\u00e3o das disposi\u00e7\u00f5es do Regulamento (UE) 2016\/679 do Parlamento Europeu e do Conselho, de 27 de abril de 2016, relativo \u00e0 prote\u00e7\u00e3o das pessoas no que diz respeito ao tratamento de dados pessoais e \u00e0 livre circula\u00e7\u00e3o desses dados.<\/p>\n<p>O uso do servidor de email do dom\u00ednio e dos endere\u00e7os de email para o envio de emails em massa indesejados.<\/p>\n<p><strong>Atendimento ao Cliente<\/strong><\/p>\n<p><strong>O TOUR DE VENDAS<\/strong><br \/>\n<strong>Pra\u00e7a de touros de Las Ventas<\/strong><br \/>\n<strong>C \/ Alcala, 237<\/strong><br \/>\n<strong>28028 madrid<\/strong><br \/>\n<strong>Espanha<\/strong><\/p>\n<p>Tel: +34 687 739 032<\/p>\n<p>Email:<a href=\"mailto:info@lasventastour.com\" target=\"_blank\" rel=\"noopener noreferrer\"><span>\u00a0<\/span>info@lasventastour.com<\/a><\/p>\n<\/div>\n<\/div><\/div><\/div><\/div><\/div><\/div><\/section>\n","protected":false},"excerpt":{"rendered":"Aviso Legal Direitos de propriedade intelectual www.lasventastour.com TOROSHOPPING, S.L. \u00e9 o propriet\u00e1rio de todos os direitos autorais, propriedade intelectual, industrial, \u201cknow how\u201d e quantos outros direitos est\u00e3o relacionados com o conte\u00fado do site www.lasventastour.com e os servi\u00e7os oferecidos nele, bem como os programas necess\u00e1rios para sua implementa\u00e7\u00e3o e informa\u00e7\u00f5es relacionadas. A reprodu\u00e7\u00e3o, publica\u00e7\u00e3o e \/...","protected":false},"author":1,"featured_media":0,"parent":0,"menu_order":0,"comment_status":"closed","ping_status":"closed","template":"","meta":{"footnotes":""},"class_list":["post-3369","page","type-page","status-publish","hentry"],"yoast_head":"<!-- This site is optimized with the Yoast SEO plugin v27.5 - https:\/\/yoast.com\/product\/yoast-seo-wordpress\/ -->\n<title>Aviso Legal - Las Ventas Tour<\/title>\n<meta name=\"robots\" content=\"index, follow, max-snippet:-1, max-image-preview:large, max-video-preview:-1\" \/>\n<link rel=\"canonical\" href=\"https:\/\/lasventastour.com\/pt-pt\/aviso-legal\/\" \/>\n<meta property=\"og:locale\" content=\"pt_PT\" \/>\n<meta property=\"og:type\" content=\"article\" \/>\n<meta property=\"og:title\" content=\"Aviso Legal - Las Ventas Tour\" \/>\n<meta property=\"og:url\" content=\"https:\/\/lasventastour.com\/pt-pt\/aviso-legal\/\" \/>\n<meta property=\"og:site_name\" content=\"Las Ventas Tour\" \/>\n<meta property=\"article:modified_time\" content=\"2024-09-11T12:25:08+00:00\" \/>\n<meta property=\"og:image\" content=\"https:\/\/lasventastour.com\/wp-content\/uploads\/2023\/12\/paseillo-en-las-ventas.webp\" \/>\n\t<meta property=\"og:image:width\" content=\"511\" \/>\n\t<meta property=\"og:image:height\" content=\"280\" \/>\n\t<meta property=\"og:image:type\" content=\"image\/webp\" \/>\n<meta name=\"twitter:card\" content=\"summary_large_image\" \/>\n<meta name=\"twitter:label1\" content=\"Tempo estimado de leitura\" \/>\n\t<meta name=\"twitter:data1\" content=\"1 minuto\" \/>\n<script type=\"application\/ld+json\" class=\"yoast-schema-graph\">{\"@context\":\"https:\\\/\\\/schema.org\",\"@graph\":[{\"@type\":\"WebPage\",\"@id\":\"https:\\\/\\\/lasventastour.com\\\/pt-pt\\\/aviso-legal\\\/\",\"url\":\"https:\\\/\\\/lasventastour.com\\\/pt-pt\\\/aviso-legal\\\/\",\"name\":\"Aviso Legal - Las Ventas Tour\",\"isPartOf\":{\"@id\":\"https:\\\/\\\/lasventastour.com\\\/pt-pt\\\/#website\"},\"datePublished\":\"2023-09-26T13:57:10+00:00\",\"dateModified\":\"2024-09-11T12:25:08+00:00\",\"breadcrumb\":{\"@id\":\"https:\\\/\\\/lasventastour.com\\\/pt-pt\\\/aviso-legal\\\/#breadcrumb\"},\"inLanguage\":\"pt-PT\",\"potentialAction\":[{\"@type\":\"ReadAction\",\"target\":[\"https:\\\/\\\/lasventastour.com\\\/pt-pt\\\/aviso-legal\\\/\"]}]},{\"@type\":\"BreadcrumbList\",\"@id\":\"https:\\\/\\\/lasventastour.com\\\/pt-pt\\\/aviso-legal\\\/#breadcrumb\",\"itemListElement\":[{\"@type\":\"ListItem\",\"position\":1,\"name\":\"Portada\",\"item\":\"https:\\\/\\\/lasventastour.com\\\/pt-pt\\\/\"},{\"@type\":\"ListItem\",\"position\":2,\"name\":\"Aviso Legal\"}]},{\"@type\":\"WebSite\",\"@id\":\"https:\\\/\\\/lasventastour.com\\\/pt-pt\\\/#website\",\"url\":\"https:\\\/\\\/lasventastour.com\\\/pt-pt\\\/\",\"name\":\"Las Ventas Tour\",\"description\":\"Tour Las Ventas | Plaza de Toros de Madrid | Web Oficial\",\"publisher\":{\"@id\":\"https:\\\/\\\/lasventastour.com\\\/pt-pt\\\/#organization\"},\"alternateName\":\"Las Ventas Tour\",\"potentialAction\":[{\"@type\":\"SearchAction\",\"target\":{\"@type\":\"EntryPoint\",\"urlTemplate\":\"https:\\\/\\\/lasventastour.com\\\/pt-pt\\\/?s={search_term_string}\"},\"query-input\":{\"@type\":\"PropertyValueSpecification\",\"valueRequired\":true,\"valueName\":\"search_term_string\"}}],\"inLanguage\":\"pt-PT\"},{\"@type\":\"Organization\",\"@id\":\"https:\\\/\\\/lasventastour.com\\\/pt-pt\\\/#organization\",\"name\":\"Las Ventas Tour\",\"alternateName\":\"Las Ventas Tour\",\"url\":\"https:\\\/\\\/lasventastour.com\\\/pt-pt\\\/\",\"logo\":{\"@type\":\"ImageObject\",\"inLanguage\":\"pt-PT\",\"@id\":\"https:\\\/\\\/lasventastour.com\\\/pt-pt\\\/#\\\/schema\\\/logo\\\/image\\\/\",\"url\":\"https:\\\/\\\/lasventastour.com\\\/wp-content\\\/uploads\\\/2024\\\/09\\\/cropped-Logo-Las-Ventas-1.webp\",\"contentUrl\":\"https:\\\/\\\/lasventastour.com\\\/wp-content\\\/uploads\\\/2024\\\/09\\\/cropped-Logo-Las-Ventas-1.webp\",\"width\":512,\"height\":512,\"caption\":\"Las Ventas Tour\"},\"image\":{\"@id\":\"https:\\\/\\\/lasventastour.com\\\/pt-pt\\\/#\\\/schema\\\/logo\\\/image\\\/\"},\"sameAs\":[\"https:\\\/\\\/www.instagram.com\\\/lasventastour\\\/\"]}]}<\/script>\n<!-- \/ Yoast SEO plugin. -->","yoast_head_json":{"title":"Aviso Legal - Las Ventas Tour","robots":{"index":"index","follow":"follow","max-snippet":"max-snippet:-1","max-image-preview":"max-image-preview:large","max-video-preview":"max-video-preview:-1"},"canonical":"https:\/\/lasventastour.com\/pt-pt\/aviso-legal\/","og_locale":"pt_PT","og_type":"article","og_title":"Aviso Legal - Las Ventas Tour","og_url":"https:\/\/lasventastour.com\/pt-pt\/aviso-legal\/","og_site_name":"Las Ventas Tour","article_modified_time":"2024-09-11T12:25:08+00:00","og_image":[{"width":511,"height":280,"url":"https:\/\/lasventastour.com\/wp-content\/uploads\/2023\/12\/paseillo-en-las-ventas.webp","type":"image\/webp"}],"twitter_card":"summary_large_image","twitter_misc":{"Tempo estimado de leitura":"1 minuto"},"schema":{"@context":"https:\/\/schema.org","@graph":[{"@type":"WebPage","@id":"https:\/\/lasventastour.com\/pt-pt\/aviso-legal\/","url":"https:\/\/lasventastour.com\/pt-pt\/aviso-legal\/","name":"Aviso Legal - Las Ventas Tour","isPartOf":{"@id":"https:\/\/lasventastour.com\/pt-pt\/#website"},"datePublished":"2023-09-26T13:57:10+00:00","dateModified":"2024-09-11T12:25:08+00:00","breadcrumb":{"@id":"https:\/\/lasventastour.com\/pt-pt\/aviso-legal\/#breadcrumb"},"inLanguage":"pt-PT","potentialAction":[{"@type":"ReadAction","target":["https:\/\/lasventastour.com\/pt-pt\/aviso-legal\/"]}]},{"@type":"BreadcrumbList","@id":"https:\/\/lasventastour.com\/pt-pt\/aviso-legal\/#breadcrumb","itemListElement":[{"@type":"ListItem","position":1,"name":"Portada","item":"https:\/\/lasventastour.com\/pt-pt\/"},{"@type":"ListItem","position":2,"name":"Aviso Legal"}]},{"@type":"WebSite","@id":"https:\/\/lasventastour.com\/pt-pt\/#website","url":"https:\/\/lasventastour.com\/pt-pt\/","name":"Las Ventas Tour","description":"Tour Las Ventas | Plaza de Toros de Madrid | Web Oficial","publisher":{"@id":"https:\/\/lasventastour.com\/pt-pt\/#organization"},"alternateName":"Las Ventas Tour","potentialAction":[{"@type":"SearchAction","target":{"@type":"EntryPoint","urlTemplate":"https:\/\/lasventastour.com\/pt-pt\/?s={search_term_string}"},"query-input":{"@type":"PropertyValueSpecification","valueRequired":true,"valueName":"search_term_string"}}],"inLanguage":"pt-PT"},{"@type":"Organization","@id":"https:\/\/lasventastour.com\/pt-pt\/#organization","name":"Las Ventas Tour","alternateName":"Las Ventas Tour","url":"https:\/\/lasventastour.com\/pt-pt\/","logo":{"@type":"ImageObject","inLanguage":"pt-PT","@id":"https:\/\/lasventastour.com\/pt-pt\/#\/schema\/logo\/image\/","url":"https:\/\/lasventastour.com\/wp-content\/uploads\/2024\/09\/cropped-Logo-Las-Ventas-1.webp","contentUrl":"https:\/\/lasventastour.com\/wp-content\/uploads\/2024\/09\/cropped-Logo-Las-Ventas-1.webp","width":512,"height":512,"caption":"Las Ventas Tour"},"image":{"@id":"https:\/\/lasventastour.com\/pt-pt\/#\/schema\/logo\/image\/"},"sameAs":["https:\/\/www.instagram.com\/lasventastour\/"]}]}},"_links":{"self":[{"href":"https:\/\/lasventastour.com\/pt-pt\/wp-json\/wp\/v2\/pages\/3369","targetHints":{"allow":["GET"]}}],"collection":[{"href":"https:\/\/lasventastour.com\/pt-pt\/wp-json\/wp\/v2\/pages"}],"about":[{"href":"https:\/\/lasventastour.com\/pt-pt\/wp-json\/wp\/v2\/types\/page"}],"author":[{"embeddable":true,"href":"https:\/\/lasventastour.com\/pt-pt\/wp-json\/wp\/v2\/users\/1"}],"replies":[{"embeddable":true,"href":"https:\/\/lasventastour.com\/pt-pt\/wp-json\/wp\/v2\/comments?post=3369"}],"version-history":[{"count":1,"href":"https:\/\/lasventastour.com\/pt-pt\/wp-json\/wp\/v2\/pages\/3369\/revisions"}],"predecessor-version":[{"id":3370,"href":"https:\/\/lasventastour.com\/pt-pt\/wp-json\/wp\/v2\/pages\/3369\/revisions\/3370"}],"wp:attachment":[{"href":"https:\/\/lasventastour.com\/pt-pt\/wp-json\/wp\/v2\/media?parent=3369"}],"curies":[{"name":"wp","href":"https:\/\/api.w.org\/{rel}","templated":true}]}}