{"id":2180,"date":"2023-09-27T14:04:40","date_gmt":"2023-09-27T14:04:40","guid":{"rendered":"https:\/\/lasventastour.com\/precos-vendas-de-excursoes\/"},"modified":"2026-04-28T11:02:31","modified_gmt":"2026-04-28T11:02:31","slug":"preco-da-visita","status":"publish","type":"page","link":"https:\/\/lasventastour.com\/pt-pt\/preco-da-visita\/","title":{"rendered":"Tarifas"},"content":{"rendered":"<section class=\"l-section wpb_row height_medium\"><div class=\"l-section-h i-cf\"><div class=\"g-cols vc_row via_grid cols_1 laptops-cols_inherit tablets-cols_inherit mobiles-cols_1 valign_top type_default stacking_default\"><div class=\"wpb_column vc_column_container\"><div class=\"vc_column-inner\"><div class=\"wpb_text_column\"><div class=\"wpb_wrapper\"><h1 style=\"text-align: center;\">Pre\u00e7os<br \/>\nTour Plaza de Toros Madrid<\/h1>\n<\/div><\/div><div class=\"w-separator size_medium\"><\/div><div class=\"w-pricing us_custom_1f257949 style_simple items_4\"><div class=\"w-pricing-item type_default\"><div class=\"w-pricing-item-h\"><div class=\"w-pricing-item-header\"><div class=\"w-pricing-item-title\">Visita com \u00e1udio-guia<\/div><div class=\"w-pricing-item-price\">A partir de 7 euros<\/div><\/div><ul class=\"w-pricing-item-features\"><li class=\"w-pricing-item-feature\">- Audioguia (10 l\u00ednguas dispon\u00edveis)<\/li><li class=\"w-pricing-item-feature\">- Tour da Pra\u00e7a de Touros<\/li><li class=\"w-pricing-item-feature\">- Jogos virtuais<\/li><li class=\"w-pricing-item-feature\">- Museu Taurino<\/li><\/ul><div class=\"w-pricing-item-footer\"><a class=\"w-btn us-btn-style_1\" style=\"font-size:15px\" href=\"\/%&quot;%\"><span class=\"w-btn-label\">Compra<\/span><\/a><\/div><\/div><\/div><div class=\"w-pricing-item type_featured\"><div class=\"w-pricing-item-h\"><div class=\"w-pricing-item-header\"><div class=\"w-pricing-item-title\">Visita com guia privado<\/div><div class=\"w-pricing-item-price\">A partir de 25\u20ac<\/div><\/div><ul class=\"w-pricing-item-features\"><li class=\"w-pricing-item-feature\">- Um guia privado para ti<\/li><li class=\"w-pricing-item-feature\">- Visita \u00e0 Pra\u00e7a de Touros<\/li><li class=\"w-pricing-item-feature\">- Explica\u00e7\u00e3o da arte da tauromaquia<\/li><li class=\"w-pricing-item-feature\">- Jogos virtuais<\/li><li class=\"w-pricing-item-feature\">- Museu da Tauromaquia<\/li><\/ul><div class=\"w-pricing-item-footer\"><a class=\"w-btn us-btn-style_1\" style=\"font-size:15px\" href=\"\/%&quot;%\"><span class=\"w-btn-label\">Compra<\/span><\/a><\/div><\/div><\/div><div class=\"w-pricing-item type_default\"><div class=\"w-pricing-item-h\"><div class=\"w-pricing-item-header\"><div class=\"w-pricing-item-title\">Tourada de sal\u00e3o<\/div><div class=\"w-pricing-item-price\">A partir de 50 euros<\/div><\/div><ul class=\"w-pricing-item-features\"><li class=\"w-pricing-item-feature\">- Um guia privado para ti<\/li><li class=\"w-pricing-item-feature\">- Visita \u00e0 Pra\u00e7a de Touros<\/li><li class=\"w-pricing-item-feature\">- Explica\u00e7\u00e3o da arte da tauromaquia<\/li><li class=\"w-pricing-item-feature\">- Demonstra\u00e7\u00e3o da tauromaquia por aspirantes a toureiros<\/li><li class=\"w-pricing-item-feature\">- Jogos virtuais<\/li><li class=\"w-pricing-item-feature\">- Museu da Tauromaquia<\/li><\/ul><div class=\"w-pricing-item-footer\"><a class=\"w-btn us-btn-style_1\" href=\"https:\/\/lasventastour.com\/es\/toreo-de-salon\/\"><span class=\"w-btn-label\">Compra<\/span><\/a><\/div><\/div><\/div><div class=\"w-pricing-item type_default\"><div class=\"w-pricing-item-h\"><div class=\"w-pricing-item-header\"><div class=\"w-pricing-item-title\">Excurs\u00f5es de grupo<\/div><div class=\"w-pricing-item-price\">A partir de 13 euros<\/div><\/div><ul class=\"w-pricing-item-features\"><li class=\"w-pricing-item-feature\">- Um guia privado<\/li><li class=\"w-pricing-item-feature\">- Visita \u00e0 Pra\u00e7a de Touros<\/li><li class=\"w-pricing-item-feature\">- Explica\u00e7\u00e3o da arte da tauromaquia<\/li><li class=\"w-pricing-item-feature\">- Jogos virtuais<\/li><li class=\"w-pricing-item-feature\">- Museu da Tauromaquia<\/li><\/ul><div class=\"w-pricing-item-footer\"><a class=\"w-btn us-btn-style_1\" href=\"\/%&quot;%\"><span class=\"w-btn-label\">Compra<\/span><\/a><\/div><\/div><\/div><\/div><\/div><\/div><\/div><\/div><\/section>\n","protected":false},"excerpt":{"rendered":"Pre\u00e7os Tour Plaza de Toros Madrid Visita com \u00e1udio-guiaA partir de 7 euros- Audioguia (10 l\u00ednguas dispon\u00edveis)- Tour da Pra\u00e7a de Touros- Jogos virtuais- Museu TaurinoCompraVisita com guia privadoA partir de 25\u20ac- Um guia privado para ti- Visita \u00e0 Pra\u00e7a de Touros- Explica\u00e7\u00e3o da arte da tauromaquia- Jogos virtuais- Museu da TauromaquiaCompraTourada de sal\u00e3oA partir...","protected":false},"author":1,"featured_media":0,"parent":0,"menu_order":0,"comment_status":"closed","ping_status":"closed","template":"","meta":{"footnotes":""},"class_list":["post-2180","page","type-page","status-publish","hentry"],"yoast_head":"<!-- This site is optimized with the Yoast SEO plugin v27.5 - https:\/\/yoast.com\/product\/yoast-seo-wordpress\/ -->\n<title>Pre\u00e7os : Tour Plaza de Toros las Ventas : Site Oficial<\/title>\n<meta name=\"description\" content=\"Todos os pre\u00e7os para o Tour da Pra\u00e7a de Touros de Las Ventas e Museu Taurino de Madrid: bilhetes com audioguia ou com Guia, descontos.\" \/>\n<meta name=\"robots\" content=\"index, follow, max-snippet:-1, max-image-preview:large, max-video-preview:-1\" \/>\n<link rel=\"canonical\" href=\"https:\/\/lasventastour.com\/pt-pt\/preco-da-visita\/\" \/>\n<meta property=\"og:locale\" content=\"pt_PT\" \/>\n<meta property=\"og:type\" content=\"article\" \/>\n<meta property=\"og:title\" content=\"Pre\u00e7os : Tour Plaza de Toros las Ventas : Site Oficial\" \/>\n<meta property=\"og:description\" content=\"Todos os pre\u00e7os para o Tour da Pra\u00e7a de Touros de Las Ventas e Museu Taurino de Madrid: bilhetes com audioguia ou com Guia, descontos.\" \/>\n<meta property=\"og:url\" content=\"https:\/\/lasventastour.com\/pt-pt\/preco-da-visita\/\" \/>\n<meta property=\"og:site_name\" content=\"Las Ventas Tour\" \/>\n<meta property=\"article:modified_time\" content=\"2026-04-28T11:02:31+00:00\" \/>\n<meta property=\"og:image\" content=\"https:\/\/lasventastour.com\/wp-content\/uploads\/2023\/12\/paseillo-en-las-ventas.webp\" \/>\n\t<meta property=\"og:image:width\" content=\"511\" \/>\n\t<meta property=\"og:image:height\" content=\"280\" \/>\n\t<meta property=\"og:image:type\" content=\"image\/webp\" \/>\n<meta name=\"twitter:card\" content=\"summary_large_image\" \/>\n<meta name=\"twitter:label1\" content=\"Tempo estimado de leitura\" \/>\n\t<meta name=\"twitter:data1\" content=\"1 minuto\" \/>\n<script type=\"application\/ld+json\" class=\"yoast-schema-graph\">{\"@context\":\"https:\\\/\\\/schema.org\",\"@graph\":[{\"@type\":\"WebPage\",\"@id\":\"https:\\\/\\\/lasventastour.com\\\/pt-pt\\\/preco-da-visita\\\/\",\"url\":\"https:\\\/\\\/lasventastour.com\\\/pt-pt\\\/preco-da-visita\\\/\",\"name\":\"Pre\u00e7os : Tour Plaza de Toros las Ventas : Site Oficial\",\"isPartOf\":{\"@id\":\"https:\\\/\\\/lasventastour.com\\\/pt-pt\\\/#website\"},\"datePublished\":\"2023-09-27T14:04:40+00:00\",\"dateModified\":\"2026-04-28T11:02:31+00:00\",\"description\":\"Todos os pre\u00e7os para o Tour da Pra\u00e7a de Touros de Las Ventas e Museu Taurino de Madrid: bilhetes com audioguia ou com Guia, descontos.\",\"breadcrumb\":{\"@id\":\"https:\\\/\\\/lasventastour.com\\\/pt-pt\\\/preco-da-visita\\\/#breadcrumb\"},\"inLanguage\":\"pt-PT\",\"potentialAction\":[{\"@type\":\"ReadAction\",\"target\":[\"https:\\\/\\\/lasventastour.com\\\/pt-pt\\\/preco-da-visita\\\/\"]}]},{\"@type\":\"BreadcrumbList\",\"@id\":\"https:\\\/\\\/lasventastour.com\\\/pt-pt\\\/preco-da-visita\\\/#breadcrumb\",\"itemListElement\":[{\"@type\":\"ListItem\",\"position\":1,\"name\":\"Portada\",\"item\":\"https:\\\/\\\/lasventastour.com\\\/pt-pt\\\/\"},{\"@type\":\"ListItem\",\"position\":2,\"name\":\"Tarifas\"}]},{\"@type\":\"WebSite\",\"@id\":\"https:\\\/\\\/lasventastour.com\\\/pt-pt\\\/#website\",\"url\":\"https:\\\/\\\/lasventastour.com\\\/pt-pt\\\/\",\"name\":\"Las Ventas Tour\",\"description\":\"Tour Las Ventas | Plaza de Toros de Madrid | Web Oficial\",\"publisher\":{\"@id\":\"https:\\\/\\\/lasventastour.com\\\/pt-pt\\\/#organization\"},\"alternateName\":\"Las Ventas Tour\",\"potentialAction\":[{\"@type\":\"SearchAction\",\"target\":{\"@type\":\"EntryPoint\",\"urlTemplate\":\"https:\\\/\\\/lasventastour.com\\\/pt-pt\\\/?s={search_term_string}\"},\"query-input\":{\"@type\":\"PropertyValueSpecification\",\"valueRequired\":true,\"valueName\":\"search_term_string\"}}],\"inLanguage\":\"pt-PT\"},{\"@type\":\"Organization\",\"@id\":\"https:\\\/\\\/lasventastour.com\\\/pt-pt\\\/#organization\",\"name\":\"Las Ventas Tour\",\"alternateName\":\"Las Ventas Tour\",\"url\":\"https:\\\/\\\/lasventastour.com\\\/pt-pt\\\/\",\"logo\":{\"@type\":\"ImageObject\",\"inLanguage\":\"pt-PT\",\"@id\":\"https:\\\/\\\/lasventastour.com\\\/pt-pt\\\/#\\\/schema\\\/logo\\\/image\\\/\",\"url\":\"https:\\\/\\\/lasventastour.com\\\/wp-content\\\/uploads\\\/2024\\\/09\\\/cropped-Logo-Las-Ventas-1.webp\",\"contentUrl\":\"https:\\\/\\\/lasventastour.com\\\/wp-content\\\/uploads\\\/2024\\\/09\\\/cropped-Logo-Las-Ventas-1.webp\",\"width\":512,\"height\":512,\"caption\":\"Las Ventas Tour\"},\"image\":{\"@id\":\"https:\\\/\\\/lasventastour.com\\\/pt-pt\\\/#\\\/schema\\\/logo\\\/image\\\/\"},\"sameAs\":[\"https:\\\/\\\/www.instagram.com\\\/lasventastour\\\/\"]}]}<\/script>\n<!-- \/ Yoast SEO plugin. -->","yoast_head_json":{"title":"Pre\u00e7os : Tour Plaza de Toros las Ventas : Site Oficial","description":"Todos os pre\u00e7os para o Tour da Pra\u00e7a de Touros de Las Ventas e Museu Taurino de Madrid: bilhetes com audioguia ou com Guia, descontos.","robots":{"index":"index","follow":"follow","max-snippet":"max-snippet:-1","max-image-preview":"max-image-preview:large","max-video-preview":"max-video-preview:-1"},"canonical":"https:\/\/lasventastour.com\/pt-pt\/preco-da-visita\/","og_locale":"pt_PT","og_type":"article","og_title":"Pre\u00e7os : Tour Plaza de Toros las Ventas : Site Oficial","og_description":"Todos os pre\u00e7os para o Tour da Pra\u00e7a de Touros de Las Ventas e Museu Taurino de Madrid: bilhetes com audioguia ou com Guia, descontos.","og_url":"https:\/\/lasventastour.com\/pt-pt\/preco-da-visita\/","og_site_name":"Las Ventas Tour","article_modified_time":"2026-04-28T11:02:31+00:00","og_image":[{"width":511,"height":280,"url":"https:\/\/lasventastour.com\/wp-content\/uploads\/2023\/12\/paseillo-en-las-ventas.webp","type":"image\/webp"}],"twitter_card":"summary_large_image","twitter_misc":{"Tempo estimado de leitura":"1 minuto"},"schema":{"@context":"https:\/\/schema.org","@graph":[{"@type":"WebPage","@id":"https:\/\/lasventastour.com\/pt-pt\/preco-da-visita\/","url":"https:\/\/lasventastour.com\/pt-pt\/preco-da-visita\/","name":"Pre\u00e7os : Tour Plaza de Toros las Ventas : Site Oficial","isPartOf":{"@id":"https:\/\/lasventastour.com\/pt-pt\/#website"},"datePublished":"2023-09-27T14:04:40+00:00","dateModified":"2026-04-28T11:02:31+00:00","description":"Todos os pre\u00e7os para o Tour da Pra\u00e7a de Touros de Las Ventas e Museu Taurino de Madrid: bilhetes com audioguia ou com Guia, descontos.","breadcrumb":{"@id":"https:\/\/lasventastour.com\/pt-pt\/preco-da-visita\/#breadcrumb"},"inLanguage":"pt-PT","potentialAction":[{"@type":"ReadAction","target":["https:\/\/lasventastour.com\/pt-pt\/preco-da-visita\/"]}]},{"@type":"BreadcrumbList","@id":"https:\/\/lasventastour.com\/pt-pt\/preco-da-visita\/#breadcrumb","itemListElement":[{"@type":"ListItem","position":1,"name":"Portada","item":"https:\/\/lasventastour.com\/pt-pt\/"},{"@type":"ListItem","position":2,"name":"Tarifas"}]},{"@type":"WebSite","@id":"https:\/\/lasventastour.com\/pt-pt\/#website","url":"https:\/\/lasventastour.com\/pt-pt\/","name":"Las Ventas Tour","description":"Tour Las Ventas | Plaza de Toros de Madrid | Web Oficial","publisher":{"@id":"https:\/\/lasventastour.com\/pt-pt\/#organization"},"alternateName":"Las Ventas Tour","potentialAction":[{"@type":"SearchAction","target":{"@type":"EntryPoint","urlTemplate":"https:\/\/lasventastour.com\/pt-pt\/?s={search_term_string}"},"query-input":{"@type":"PropertyValueSpecification","valueRequired":true,"valueName":"search_term_string"}}],"inLanguage":"pt-PT"},{"@type":"Organization","@id":"https:\/\/lasventastour.com\/pt-pt\/#organization","name":"Las Ventas Tour","alternateName":"Las Ventas Tour","url":"https:\/\/lasventastour.com\/pt-pt\/","logo":{"@type":"ImageObject","inLanguage":"pt-PT","@id":"https:\/\/lasventastour.com\/pt-pt\/#\/schema\/logo\/image\/","url":"https:\/\/lasventastour.com\/wp-content\/uploads\/2024\/09\/cropped-Logo-Las-Ventas-1.webp","contentUrl":"https:\/\/lasventastour.com\/wp-content\/uploads\/2024\/09\/cropped-Logo-Las-Ventas-1.webp","width":512,"height":512,"caption":"Las Ventas Tour"},"image":{"@id":"https:\/\/lasventastour.com\/pt-pt\/#\/schema\/logo\/image\/"},"sameAs":["https:\/\/www.instagram.com\/lasventastour\/"]}]}},"_links":{"self":[{"href":"https:\/\/lasventastour.com\/pt-pt\/wp-json\/wp\/v2\/pages\/2180","targetHints":{"allow":["GET"]}}],"collection":[{"href":"https:\/\/lasventastour.com\/pt-pt\/wp-json\/wp\/v2\/pages"}],"about":[{"href":"https:\/\/lasventastour.com\/pt-pt\/wp-json\/wp\/v2\/types\/page"}],"author":[{"embeddable":true,"href":"https:\/\/lasventastour.com\/pt-pt\/wp-json\/wp\/v2\/users\/1"}],"replies":[{"embeddable":true,"href":"https:\/\/lasventastour.com\/pt-pt\/wp-json\/wp\/v2\/comments?post=2180"}],"version-history":[{"count":11,"href":"https:\/\/lasventastour.com\/pt-pt\/wp-json\/wp\/v2\/pages\/2180\/revisions"}],"predecessor-version":[{"id":43240,"href":"https:\/\/lasventastour.com\/pt-pt\/wp-json\/wp\/v2\/pages\/2180\/revisions\/43240"}],"wp:attachment":[{"href":"https:\/\/lasventastour.com\/pt-pt\/wp-json\/wp\/v2\/media?parent=2180"}],"curies":[{"name":"wp","href":"https:\/\/api.w.org\/{rel}","templated":true}]}}