{"id":9422,"date":"2026-03-05T21:55:39","date_gmt":"2026-03-05T21:55:39","guid":{"rendered":"https:\/\/lasventastour.com\/data-dostawy-i-prowizje-za-bilety\/"},"modified":"2026-03-11T11:21:26","modified_gmt":"2026-03-11T11:21:26","slug":"data-dostawy-i-prowizje-za-bilety","status":"publish","type":"page","link":"https:\/\/lasventastour.com\/pl\/data-dostawy-i-prowizje-za-bilety\/","title":{"rendered":"Data dostawy i prowizje za bilety"},"content":{"rendered":"<section class=\"l-section wpb_row height_medium\"><div class=\"l-section-h i-cf\"><div class=\"g-cols vc_row via_grid cols_1 laptops-cols_inherit tablets-cols_inherit mobiles-cols_1 valign_top type_default stacking_default\"><div class=\"wpb_column vc_column_container\"><div class=\"vc_column-inner\"><div class=\"wpb_text_column\"><div class=\"wpb_wrapper\"><div class=\"wpb_text_column\">\n<div class=\"wpb_wrapper\">\n<h1>Data dostawy i prowizje za bilety<\/h1>\n<h3>Data dostawy:<\/h3>\n<p>Bilety zostan\u0105 wys\u0142ane w formacie PDF na adres e-mail 1 tydzie\u0144 przed wydarzeniem. Zalecamy sprawdzenie folderu spam w wiadomo\u015bci e-mail. <\/p>\n<h3>Prowizje od sprzeda\u017cy<\/h3>\n<p>Bilety podlegaj\u0105 10% prowizji od sprzeda\u017cy, kt\u00f3ra jest dodawana na stronie p\u0142atno\u015bci.<\/p>\n<h3>Zwroty<\/h3>\n<div>\n<div>Wst\u0119p na miejsce oraz, w stosownych przypadkach, zwrot zap\u0142aconej kwoty zgodnie z obowi\u0105zuj\u0105cymi przepisami (art. 70 RTA) jest uzale\u017cniony od posiadania oficjalnego, kompletnego, nieotwartego i niezmanipulowanego biletu. <\/div>\n<\/div>\n<div><\/div>\n<div>\n<div>Termin zwrotu kwoty rozpoczyna bieg od momentu og\u0142oszenia zawieszenia, prze\u0142o\u017cenia lub zmiany i ko\u0144czy si\u0119 4 dni po dacie wyznaczonej na wyst\u0119p lub 1 godzin\u0119 przed rozpocz\u0119ciem wyst\u0119pu w przypadku zmiany (art. 70 RTA).<\/div>\n<div><\/div>\n<div>Je\u015bli pokaz zostanie zawieszony z przyczyn niezale\u017cnych od sp\u00f3\u0142ki lub z powodu z\u0142ej pogody, po wprowadzeniu pierwszego byka na ring widz nie b\u0119dzie uprawniony do zwrotu pieni\u0119dzy (art. 70 RTA).<\/div>\n<\/div>\n<\/div>\n<\/div>\n<div class=\"g-cols wpb_row via_grid cols_1 laptops-cols_inherit tablets-cols_inherit mobiles-cols_1 valign_top type_default stacking_default\">\n<div class=\"wpb_column vc_column_container\">\n<div class=\"vc_column-inner\"><\/div>\n<\/div>\n<\/div>\n<\/div><\/div><div class=\"w-separator size_medium\"><\/div><div class=\"w-hwrapper valign_top align_none\" style=\"--hwrapper-gap:1.2rem\"><div class=\"w-btn-wrapper align_none\"><a class=\"w-btn us-btn-style_1\" href=\"https:\/\/lasventastour.com\/pl\/bilety-na-walki-bykow\/\"><span class=\"w-btn-label\">Kup bilety<\/span><\/a><\/div><\/div><\/div><\/div><\/div><\/div><\/section>\n","protected":false},"excerpt":{"rendered":"Data dostawy i prowizje za bilety Data dostawy: Bilety zostan\u0105 wys\u0142ane w formacie PDF na adres e-mail 1 tydzie\u0144 przed wydarzeniem. Zalecamy sprawdzenie folderu spam w wiadomo\u015bci e-mail. Prowizje od sprzeda\u017cy Bilety podlegaj\u0105 10% prowizji od sprzeda\u017cy, kt\u00f3ra jest dodawana na stronie p\u0142atno\u015bci. Zwroty Wst\u0119p na miejsce oraz, w stosownych przypadkach, zwrot zap\u0142aconej kwoty zgodnie...","protected":false},"author":14,"featured_media":0,"parent":0,"menu_order":0,"comment_status":"closed","ping_status":"closed","template":"","meta":{"footnotes":""},"class_list":["post-9422","page","type-page","status-publish","hentry"],"yoast_head":"<!-- This site is optimized with the Yoast SEO plugin v27.5 - https:\/\/yoast.com\/product\/yoast-seo-wordpress\/ -->\n<title>Data dostawy i prowizje za bilety - Las Ventas Tour Las Ventas Tour<\/title>\n<meta name=\"robots\" content=\"index, nofollow, max-snippet:-1, max-image-preview:large, max-video-preview:-1\" \/>\n<link rel=\"canonical\" href=\"https:\/\/lasventastour.com\/pl\/data-dostawy-i-prowizje-za-bilety\/\" \/>\n<meta property=\"og:locale\" content=\"pl_PL\" \/>\n<meta property=\"og:type\" content=\"article\" \/>\n<meta property=\"og:title\" content=\"Data dostawy i prowizje za bilety - Las Ventas Tour Las Ventas Tour\" \/>\n<meta property=\"og:url\" content=\"https:\/\/lasventastour.com\/pl\/data-dostawy-i-prowizje-za-bilety\/\" \/>\n<meta property=\"og:site_name\" content=\"Las Ventas Tour\" \/>\n<meta property=\"article:modified_time\" content=\"2026-03-11T11:21:26+00:00\" \/>\n<meta property=\"og:image\" content=\"https:\/\/lasventastour.com\/wp-content\/uploads\/2023\/12\/paseillo-en-las-ventas.webp\" \/>\n\t<meta property=\"og:image:width\" content=\"511\" \/>\n\t<meta property=\"og:image:height\" content=\"280\" \/>\n\t<meta property=\"og:image:type\" content=\"image\/webp\" \/>\n<meta name=\"twitter:card\" content=\"summary_large_image\" \/>\n<meta name=\"twitter:label1\" content=\"Szacowany czas czytania\" \/>\n\t<meta name=\"twitter:data1\" content=\"1 minuta\" \/>\n<script type=\"application\/ld+json\" class=\"yoast-schema-graph\">{\"@context\":\"https:\\\/\\\/schema.org\",\"@graph\":[{\"@type\":\"WebPage\",\"@id\":\"https:\\\/\\\/lasventastour.com\\\/pl\\\/data-dostawy-i-prowizje-za-bilety\\\/\",\"url\":\"https:\\\/\\\/lasventastour.com\\\/pl\\\/data-dostawy-i-prowizje-za-bilety\\\/\",\"name\":\"Data dostawy i prowizje za bilety - Las Ventas Tour Las Ventas Tour\",\"isPartOf\":{\"@id\":\"https:\\\/\\\/lasventastour.com\\\/pl\\\/#website\"},\"datePublished\":\"2026-03-05T21:55:39+00:00\",\"dateModified\":\"2026-03-11T11:21:26+00:00\",\"breadcrumb\":{\"@id\":\"https:\\\/\\\/lasventastour.com\\\/pl\\\/data-dostawy-i-prowizje-za-bilety\\\/#breadcrumb\"},\"inLanguage\":\"pl-PL\",\"potentialAction\":[{\"@type\":\"ReadAction\",\"target\":[\"https:\\\/\\\/lasventastour.com\\\/pl\\\/data-dostawy-i-prowizje-za-bilety\\\/\"]}]},{\"@type\":\"BreadcrumbList\",\"@id\":\"https:\\\/\\\/lasventastour.com\\\/pl\\\/data-dostawy-i-prowizje-za-bilety\\\/#breadcrumb\",\"itemListElement\":[{\"@type\":\"ListItem\",\"position\":1,\"name\":\"Portada\",\"item\":\"https:\\\/\\\/lasventastour.com\\\/pl\\\/\"},{\"@type\":\"ListItem\",\"position\":2,\"name\":\"Data dostawy i prowizje za bilety\"}]},{\"@type\":\"WebSite\",\"@id\":\"https:\\\/\\\/lasventastour.com\\\/pl\\\/#website\",\"url\":\"https:\\\/\\\/lasventastour.com\\\/pl\\\/\",\"name\":\"Las Ventas Tour\",\"description\":\"Tour Las Ventas | Plaza de Toros de Madrid | Web Oficial\",\"publisher\":{\"@id\":\"https:\\\/\\\/lasventastour.com\\\/pl\\\/#organization\"},\"alternateName\":\"Las Ventas Tour\",\"potentialAction\":[{\"@type\":\"SearchAction\",\"target\":{\"@type\":\"EntryPoint\",\"urlTemplate\":\"https:\\\/\\\/lasventastour.com\\\/pl\\\/?s={search_term_string}\"},\"query-input\":{\"@type\":\"PropertyValueSpecification\",\"valueRequired\":true,\"valueName\":\"search_term_string\"}}],\"inLanguage\":\"pl-PL\"},{\"@type\":\"Organization\",\"@id\":\"https:\\\/\\\/lasventastour.com\\\/pl\\\/#organization\",\"name\":\"Las Ventas Tour\",\"alternateName\":\"Las Ventas Tour\",\"url\":\"https:\\\/\\\/lasventastour.com\\\/pl\\\/\",\"logo\":{\"@type\":\"ImageObject\",\"inLanguage\":\"pl-PL\",\"@id\":\"https:\\\/\\\/lasventastour.com\\\/pl\\\/#\\\/schema\\\/logo\\\/image\\\/\",\"url\":\"https:\\\/\\\/lasventastour.com\\\/wp-content\\\/uploads\\\/2024\\\/09\\\/cropped-Logo-Las-Ventas-1.webp\",\"contentUrl\":\"https:\\\/\\\/lasventastour.com\\\/wp-content\\\/uploads\\\/2024\\\/09\\\/cropped-Logo-Las-Ventas-1.webp\",\"width\":512,\"height\":512,\"caption\":\"Las Ventas Tour\"},\"image\":{\"@id\":\"https:\\\/\\\/lasventastour.com\\\/pl\\\/#\\\/schema\\\/logo\\\/image\\\/\"},\"sameAs\":[\"https:\\\/\\\/www.instagram.com\\\/lasventastour\\\/\"]}]}<\/script>\n<!-- \/ Yoast SEO plugin. -->","yoast_head_json":{"title":"Data dostawy i prowizje za bilety - Las Ventas Tour Las Ventas Tour","robots":{"index":"index","follow":"nofollow","max-snippet":"max-snippet:-1","max-image-preview":"max-image-preview:large","max-video-preview":"max-video-preview:-1"},"canonical":"https:\/\/lasventastour.com\/pl\/data-dostawy-i-prowizje-za-bilety\/","og_locale":"pl_PL","og_type":"article","og_title":"Data dostawy i prowizje za bilety - Las Ventas Tour Las Ventas Tour","og_url":"https:\/\/lasventastour.com\/pl\/data-dostawy-i-prowizje-za-bilety\/","og_site_name":"Las Ventas Tour","article_modified_time":"2026-03-11T11:21:26+00:00","og_image":[{"width":511,"height":280,"url":"https:\/\/lasventastour.com\/wp-content\/uploads\/2023\/12\/paseillo-en-las-ventas.webp","type":"image\/webp"}],"twitter_card":"summary_large_image","twitter_misc":{"Szacowany czas czytania":"1 minuta"},"schema":{"@context":"https:\/\/schema.org","@graph":[{"@type":"WebPage","@id":"https:\/\/lasventastour.com\/pl\/data-dostawy-i-prowizje-za-bilety\/","url":"https:\/\/lasventastour.com\/pl\/data-dostawy-i-prowizje-za-bilety\/","name":"Data dostawy i prowizje za bilety - Las Ventas Tour Las Ventas Tour","isPartOf":{"@id":"https:\/\/lasventastour.com\/pl\/#website"},"datePublished":"2026-03-05T21:55:39+00:00","dateModified":"2026-03-11T11:21:26+00:00","breadcrumb":{"@id":"https:\/\/lasventastour.com\/pl\/data-dostawy-i-prowizje-za-bilety\/#breadcrumb"},"inLanguage":"pl-PL","potentialAction":[{"@type":"ReadAction","target":["https:\/\/lasventastour.com\/pl\/data-dostawy-i-prowizje-za-bilety\/"]}]},{"@type":"BreadcrumbList","@id":"https:\/\/lasventastour.com\/pl\/data-dostawy-i-prowizje-za-bilety\/#breadcrumb","itemListElement":[{"@type":"ListItem","position":1,"name":"Portada","item":"https:\/\/lasventastour.com\/pl\/"},{"@type":"ListItem","position":2,"name":"Data dostawy i prowizje za bilety"}]},{"@type":"WebSite","@id":"https:\/\/lasventastour.com\/pl\/#website","url":"https:\/\/lasventastour.com\/pl\/","name":"Las Ventas Tour","description":"Tour Las Ventas | Plaza de Toros de Madrid | Web Oficial","publisher":{"@id":"https:\/\/lasventastour.com\/pl\/#organization"},"alternateName":"Las Ventas Tour","potentialAction":[{"@type":"SearchAction","target":{"@type":"EntryPoint","urlTemplate":"https:\/\/lasventastour.com\/pl\/?s={search_term_string}"},"query-input":{"@type":"PropertyValueSpecification","valueRequired":true,"valueName":"search_term_string"}}],"inLanguage":"pl-PL"},{"@type":"Organization","@id":"https:\/\/lasventastour.com\/pl\/#organization","name":"Las Ventas Tour","alternateName":"Las Ventas Tour","url":"https:\/\/lasventastour.com\/pl\/","logo":{"@type":"ImageObject","inLanguage":"pl-PL","@id":"https:\/\/lasventastour.com\/pl\/#\/schema\/logo\/image\/","url":"https:\/\/lasventastour.com\/wp-content\/uploads\/2024\/09\/cropped-Logo-Las-Ventas-1.webp","contentUrl":"https:\/\/lasventastour.com\/wp-content\/uploads\/2024\/09\/cropped-Logo-Las-Ventas-1.webp","width":512,"height":512,"caption":"Las Ventas Tour"},"image":{"@id":"https:\/\/lasventastour.com\/pl\/#\/schema\/logo\/image\/"},"sameAs":["https:\/\/www.instagram.com\/lasventastour\/"]}]}},"_links":{"self":[{"href":"https:\/\/lasventastour.com\/pl\/wp-json\/wp\/v2\/pages\/9422","targetHints":{"allow":["GET"]}}],"collection":[{"href":"https:\/\/lasventastour.com\/pl\/wp-json\/wp\/v2\/pages"}],"about":[{"href":"https:\/\/lasventastour.com\/pl\/wp-json\/wp\/v2\/types\/page"}],"author":[{"embeddable":true,"href":"https:\/\/lasventastour.com\/pl\/wp-json\/wp\/v2\/users\/14"}],"replies":[{"embeddable":true,"href":"https:\/\/lasventastour.com\/pl\/wp-json\/wp\/v2\/comments?post=9422"}],"version-history":[{"count":6,"href":"https:\/\/lasventastour.com\/pl\/wp-json\/wp\/v2\/pages\/9422\/revisions"}],"predecessor-version":[{"id":9493,"href":"https:\/\/lasventastour.com\/pl\/wp-json\/wp\/v2\/pages\/9422\/revisions\/9493"}],"wp:attachment":[{"href":"https:\/\/lasventastour.com\/pl\/wp-json\/wp\/v2\/media?parent=9422"}],"curies":[{"name":"wp","href":"https:\/\/api.w.org\/{rel}","templated":true}]}}