{"id":6069,"date":"2023-09-27T13:48:55","date_gmt":"2023-09-27T13:48:55","guid":{"rendered":"https:\/\/lasventastour.com\/rozklady-jazdy\/"},"modified":"2026-03-13T14:20:40","modified_gmt":"2026-03-13T14:20:40","slug":"rozklady-jazdy","status":"publish","type":"page","link":"https:\/\/lasventastour.com\/pl\/rozklady-jazdy\/","title":{"rendered":"Rozk\u0142ady jazdy"},"content":{"rendered":"<section class=\"l-section wpb_row us_custom_eef79b84 height_medium with_shape\"><div class=\"l-section-shape type_custom pos_bottom hor_flip\" style=\"height:40%;\"><svg xmlns=\"http:\/\/www.w3.org\/2000\/svg\" viewBox=\"0 0 64 8\" preserveAspectRatio=\"none\" width=\"100%\" height=\"100%\">\r\n\t<path fill=\"currentColor\" d=\"M64 8 L0 8 L0 0 L64 0 Z\"\/>\r\n<\/svg><\/div><div class=\"l-section-h i-cf\"><div class=\"g-cols vc_row via_grid cols_1 laptops-cols_inherit tablets-cols_inherit mobiles-cols_1 valign_top type_default stacking_default\"><div class=\"wpb_column vc_column_container\"><div class=\"vc_column-inner\"><h1 class=\"w-text us_custom_eb849559\"><span class=\"w-text-h\"><span class=\"w-text-value\">Rozk\u0142ady jazdy &#8211; Bullring Tour Madryt<\/span><\/span><\/h1><div class=\"w-separator size_medium\"><\/div><div class=\"g-cols wpb_row us_custom_d3ffd6e9 via_grid cols_2-1 laptops-cols_3-2 tablets-cols_1 mobiles-cols_1 valign_middle type_default stacking_default\" style=\"--columns-gap:0rem;\"><div class=\"wpb_column vc_column_container us_custom_c25dae36\"><div class=\"vc_column-inner\"><h3 class=\"w-text\"><span class=\"w-text-h\"><span class=\"w-text-value\">Dni odwiedzin<\/span><\/span><\/h3><div class=\"wpb_text_column\"><div class=\"wpb_wrapper\"><ul>\n<li><strong>Kwiecie\u0144-pa\u017adziernik<\/strong><\/li>\n<\/ul>\n<p><strong>Czynne od poniedzia\u0142ku do niedzieli od 10:00 do 19:00 (ostatnie wej\u015bcie o 18:00)*.<\/strong><\/p>\n<p>*Z wyj\u0105tkiem dni walk byk\u00f3w (niedziele i targi San Isidro), kiedy wycieczka ko\u0144czy si\u0119 3 godziny przed pokazem.)<\/p>\n<ul>\n<li><strong>Listopad-marzec<\/strong><\/li>\n<\/ul>\n<p><strong>Otwarte od poniedzia\u0142ku do niedzieli od 10:00 do 18:00 (ostatnie wej\u015bcie o 17:00)<br \/>\n<\/strong><\/p>\n<p>*Z wyj\u0105tkiem dni walk byk\u00f3w (niedziele i targi San Isidro), kiedy wycieczka ko\u0144czy si\u0119 3 godziny przed pokazem.)<\/p>\n<p><strong>*Sobota 14 marca 10:00 &#8211; 17:00 (ostatnie wej\u015bcie o 16:00)<\/strong><\/p>\n<\/div><\/div><div class=\"w-separator us_custom_da7ceeb3 size_small has_font_size with_line width_default thick_1 style_solid color_border align_none with_text with_content\"><div class=\"w-separator-h\"><h6 class=\"w-separator-text\"><span>Dni zamkni\u0119cia<\/span><\/h6><\/div><\/div><div class=\"w-hwrapper valign_top wrap align_none\"><div class=\"w-text\"><span class=\"w-text-h\"><span class=\"w-text-value\">12 pa\u017adziernika<\/span><\/span><\/div><div class=\"w-text\"><span class=\"w-text-h\"><span class=\"w-text-value\">25 grudnia<\/span><\/span><\/div><div class=\"w-text\"><span class=\"w-text-h\"><span class=\"w-text-value\">1 stycznia<\/span><\/span><\/div><\/div><\/div><\/div><div class=\"wpb_column vc_column_container us_custom_16085f45 has_bg_color\"><div class=\"vc_column-inner\"><div class=\"w-text us_custom_eb849559\"><span class=\"w-text-h\"><span class=\"w-text-value\">Odwied\u017a plac<\/span><\/span><\/div><div class=\"w-text us_custom_494b480a has_text_color\"><span class=\"w-text-h\"><span class=\"w-text-value\">Od 16<\/span><\/span><\/div><div class=\"w-btn-wrapper align_justify\"><a class=\"w-btn us-btn-style_1\" target=\"_blank\" href=\"https:\/\/tickets.lasventastour.com\/es\"><span class=\"w-btn-label\">Zarezerwuj wizyt\u0119<\/span><\/a><\/div><div class=\"w-separator size_custom\" style=\"height:1rem\"><\/div><\/div><\/div><\/div><\/div><\/div><\/div><\/div><\/section><section class=\"l-section wpb_row height_medium\"><div class=\"l-section-h i-cf\"><div class=\"g-cols vc_row via_grid cols_1 laptops-cols_inherit tablets-cols_inherit mobiles-cols_1 valign_top type_default stacking_default\"><div class=\"wpb_column vc_column_container\"><div class=\"vc_column-inner\"><div class=\"wpb_text_column\"><div class=\"wpb_wrapper\"><h3>Uwagi:<\/h3>\n<ul>\n<li>Ze wzgl\u0119d\u00f3w organizacyjnych trasa i harmonogram wycieczki mog\u0105 ulec zmianie, o czym odwiedzaj\u0105cy zostanie poinformowany przed wej\u015bciem. W przypadku jakichkolwiek pyta\u0144 prosimy o kontakt telefoniczny Tel. info:  <span> <\/span><a href=\"tel:34687739032\" target=\"_blank\" rel=\"noopener\">+34 687 73 90 32<\/a><\/li>\n<li>Trasa Las Ventas jest dost\u0119pna dla os\u00f3b niepe\u0142nosprawnych i poruszaj\u0105cych si\u0119 na w\u00f3zkach inwalidzkich.<\/li>\n<li>Kasa biletowa jest czynna do 1 godziny przed zamkni\u0119ciem.<\/li>\n<\/ul>\n<\/div><\/div><\/div><\/div><\/div><\/div><\/section><section class=\"l-section wpb_row height_medium\"><div class=\"l-section-h i-cf\"><div class=\"g-cols vc_row via_grid cols_1 laptops-cols_inherit tablets-cols_inherit mobiles-cols_1 valign_top type_default stacking_default\"><div class=\"wpb_column vc_column_container\"><div class=\"vc_column-inner\"><div class=\"wpb_text_column\"><div class=\"wpb_wrapper\"><h2>Rodzaj wizyt, kt\u00f3re mo\u017cna sk\u0142ada\u0107:<\/h2>\n<\/div><\/div><div class=\"w-separator size_medium\"><\/div><div class=\"g-cols wpb_row via_grid cols_3 laptops-cols_inherit tablets-cols_inherit mobiles-cols_1 valign_top type_default stacking_default\" style=\"--columns-gap:3rem;\"><div class=\"wpb_column vc_column_container\"><div class=\"vc_column-inner\"><div class=\"w-ibanner us_custom_2d937f4f has_text_color animation_phorcys ratio_3x2 easing_ease\"><a title=\"odwied\u017a sprzeda\u017c z audiguia\" href=\"https:\/\/lasventastour.com\/pl\/wycieczka-z-audioprzewodnikiem\/\" aria-label=\"Wycieczka z audioprzewodnikiem i wci\u0105gaj\u0105ce do\u015bwiadczenia\"><\/a><div class=\"w-ibanner-h\"><div class=\"w-ibanner-image\" style=\"background-image: url(https:\/\/lasventastour.com\/wp-content\/uploads\/2023\/09\/tour-Visita-individual.jpg)\"><\/div><div class=\"w-ibanner-content\"><div class=\"w-ibanner-content-h\"><h3 class=\"w-ibanner-title\">Wycieczka z audioprzewodnikiem i wci\u0105gaj\u0105ce do\u015bwiadczenia<\/h3><div class=\"w-ibanner-desc\"><\/div><\/div><\/div><\/div><\/div><\/div><\/div><div class=\"wpb_column vc_column_container\"><div class=\"vc_column-inner\"><div class=\"w-ibanner us_custom_a10ddd82 has_text_color animation_phorcys ratio_3x2 easing_ease\"><a title=\"zwiedzanie las ventas z prywatnym przewodnikiem\" href=\"https:\/\/lasventastour.com\/pl\/wycieczka-z-przewodnikiem-vip\/\" aria-label=\"Wycieczka VIP z prywatnym przewodnikiem\"><\/a><div class=\"w-ibanner-h\"><div class=\"w-ibanner-image\" style=\"background-image: url(https:\/\/lasventastour.com\/wp-content\/uploads\/2023\/09\/tour-visitas-privadas.jpg)\"><\/div><div class=\"w-ibanner-content\"><div class=\"w-ibanner-content-h\"><h3 class=\"w-ibanner-title\">Wycieczka VIP z prywatnym przewodnikiem<\/h3><div class=\"w-ibanner-desc\"><\/div><\/div><\/div><\/div><\/div><\/div><\/div><div class=\"wpb_column vc_column_container\"><div class=\"vc_column-inner\"><div class=\"w-ibanner us_custom_a10ddd82 has_text_color animation_phorcys ratio_3x2 easing_ease\"><a title=\"grupy sprzeda\u017cy wycieczek\" href=\"https:\/\/lasventastour.com\/es\/visita-guiada-grupos\/\" aria-label=\"Wycieczki grupowe z przewodnikiem\"><\/a><div class=\"w-ibanner-h\"><div class=\"w-ibanner-image\" style=\"background-image: url(https:\/\/lasventastour.com\/wp-content\/uploads\/2023\/09\/tour-visitas-grupales.jpg)\"><\/div><div class=\"w-ibanner-content\"><div class=\"w-ibanner-content-h\"><h3 class=\"w-ibanner-title\">Wycieczki grupowe z przewodnikiem<\/h3><div class=\"w-ibanner-desc\"><\/div><\/div><\/div><\/div><\/div><\/div><\/div><\/div><\/div><\/div><\/div><\/div><\/section>\n","protected":false},"excerpt":{"rendered":"Rozk\u0142ady jazdy &#8211; Bullring Tour MadrytDni odwiedzin Kwiecie\u0144-pa\u017adziernik Czynne od poniedzia\u0142ku do niedzieli od 10:00 do 19:00 (ostatnie wej\u015bcie o 18:00)*. *Z wyj\u0105tkiem dni walk byk\u00f3w (niedziele i targi San Isidro), kiedy wycieczka ko\u0144czy si\u0119 3 godziny przed pokazem.) Listopad-marzec Otwarte od poniedzia\u0142ku do niedzieli od 10:00 do 18:00 (ostatnie wej\u015bcie o 17:00) *Z wyj\u0105tkiem...","protected":false},"author":1,"featured_media":0,"parent":0,"menu_order":0,"comment_status":"closed","ping_status":"closed","template":"","meta":{"footnotes":""},"class_list":["post-6069","page","type-page","status-publish","hentry"],"yoast_head":"<!-- This site is optimized with the Yoast SEO plugin v27.4 - https:\/\/yoast.com\/product\/yoast-seo-wordpress\/ -->\n<title>\u25b7 Rozk\u0142ad jazdy | Tour Plaza de Toros Las Ventas Madrid [Oficjalna strona internetowa] [Oficjalna strona internetowa].<\/title>\n<meta name=\"description\" content=\"Odwied\u017a Plaza de Toros de Las Ventas w Madrycie | Przed przyjazdem sprawd\u017a wszystkie godziny otwarcia i zamkni\u0119cia Las Ventas Tour.\" \/>\n<meta name=\"robots\" content=\"index, follow, max-snippet:-1, max-image-preview:large, max-video-preview:-1\" \/>\n<link rel=\"canonical\" href=\"https:\/\/lasventastour.com\/pl\/rozklady-jazdy\/\" \/>\n<meta property=\"og:locale\" content=\"pl_PL\" \/>\n<meta property=\"og:type\" content=\"article\" \/>\n<meta property=\"og:title\" content=\"\u25b7 Rozk\u0142ad jazdy | Tour Plaza de Toros Las Ventas Madrid [Oficjalna strona internetowa] [Oficjalna strona internetowa].\" \/>\n<meta property=\"og:description\" content=\"Odwied\u017a Plaza de Toros de Las Ventas w Madrycie | Przed przyjazdem sprawd\u017a wszystkie godziny otwarcia i zamkni\u0119cia Las Ventas Tour.\" \/>\n<meta property=\"og:url\" content=\"https:\/\/lasventastour.com\/pl\/rozklady-jazdy\/\" \/>\n<meta property=\"og:site_name\" content=\"Las Ventas Tour\" \/>\n<meta property=\"article:modified_time\" content=\"2026-03-13T14:20:40+00:00\" \/>\n<meta property=\"og:image\" content=\"https:\/\/lasventastour.com\/wp-content\/uploads\/2023\/12\/paseillo-en-las-ventas.webp\" \/>\n\t<meta property=\"og:image:width\" content=\"511\" \/>\n\t<meta property=\"og:image:height\" content=\"280\" \/>\n\t<meta property=\"og:image:type\" content=\"image\/webp\" \/>\n<meta name=\"twitter:card\" content=\"summary_large_image\" \/>\n<meta name=\"twitter:label1\" content=\"Szacowany czas czytania\" \/>\n\t<meta name=\"twitter:data1\" content=\"4 minuty\" \/>\n<script type=\"application\/ld+json\" class=\"yoast-schema-graph\">{\"@context\":\"https:\\\/\\\/schema.org\",\"@graph\":[{\"@type\":\"WebPage\",\"@id\":\"https:\\\/\\\/lasventastour.com\\\/pl\\\/rozklady-jazdy\\\/\",\"url\":\"https:\\\/\\\/lasventastour.com\\\/pl\\\/rozklady-jazdy\\\/\",\"name\":\"\u25b7 Rozk\u0142ad jazdy | Tour Plaza de Toros Las Ventas Madrid [Oficjalna strona internetowa] [Oficjalna strona internetowa].\",\"isPartOf\":{\"@id\":\"https:\\\/\\\/lasventastour.com\\\/pl\\\/#website\"},\"datePublished\":\"2023-09-27T13:48:55+00:00\",\"dateModified\":\"2026-03-13T14:20:40+00:00\",\"description\":\"Odwied\u017a Plaza de Toros de Las Ventas w Madrycie | Przed przyjazdem sprawd\u017a wszystkie godziny otwarcia i zamkni\u0119cia Las Ventas Tour.\",\"breadcrumb\":{\"@id\":\"https:\\\/\\\/lasventastour.com\\\/pl\\\/rozklady-jazdy\\\/#breadcrumb\"},\"inLanguage\":\"pl-PL\",\"potentialAction\":[{\"@type\":\"ReadAction\",\"target\":[\"https:\\\/\\\/lasventastour.com\\\/pl\\\/rozklady-jazdy\\\/\"]}]},{\"@type\":\"BreadcrumbList\",\"@id\":\"https:\\\/\\\/lasventastour.com\\\/pl\\\/rozklady-jazdy\\\/#breadcrumb\",\"itemListElement\":[{\"@type\":\"ListItem\",\"position\":1,\"name\":\"Portada\",\"item\":\"https:\\\/\\\/lasventastour.com\\\/pl\\\/\"},{\"@type\":\"ListItem\",\"position\":2,\"name\":\"Rozk\u0142ady jazdy\"}]},{\"@type\":\"WebSite\",\"@id\":\"https:\\\/\\\/lasventastour.com\\\/pl\\\/#website\",\"url\":\"https:\\\/\\\/lasventastour.com\\\/pl\\\/\",\"name\":\"Las Ventas Tour\",\"description\":\"Tour Las Ventas | Plaza de Toros de Madrid | Web Oficial\",\"publisher\":{\"@id\":\"https:\\\/\\\/lasventastour.com\\\/pl\\\/#organization\"},\"alternateName\":\"Las Ventas Tour\",\"potentialAction\":[{\"@type\":\"SearchAction\",\"target\":{\"@type\":\"EntryPoint\",\"urlTemplate\":\"https:\\\/\\\/lasventastour.com\\\/pl\\\/?s={search_term_string}\"},\"query-input\":{\"@type\":\"PropertyValueSpecification\",\"valueRequired\":true,\"valueName\":\"search_term_string\"}}],\"inLanguage\":\"pl-PL\"},{\"@type\":\"Organization\",\"@id\":\"https:\\\/\\\/lasventastour.com\\\/pl\\\/#organization\",\"name\":\"Las Ventas Tour\",\"alternateName\":\"Las Ventas Tour\",\"url\":\"https:\\\/\\\/lasventastour.com\\\/pl\\\/\",\"logo\":{\"@type\":\"ImageObject\",\"inLanguage\":\"pl-PL\",\"@id\":\"https:\\\/\\\/lasventastour.com\\\/pl\\\/#\\\/schema\\\/logo\\\/image\\\/\",\"url\":\"https:\\\/\\\/lasventastour.com\\\/wp-content\\\/uploads\\\/2024\\\/09\\\/cropped-Logo-Las-Ventas-1.webp\",\"contentUrl\":\"https:\\\/\\\/lasventastour.com\\\/wp-content\\\/uploads\\\/2024\\\/09\\\/cropped-Logo-Las-Ventas-1.webp\",\"width\":512,\"height\":512,\"caption\":\"Las Ventas Tour\"},\"image\":{\"@id\":\"https:\\\/\\\/lasventastour.com\\\/pl\\\/#\\\/schema\\\/logo\\\/image\\\/\"},\"sameAs\":[\"https:\\\/\\\/www.instagram.com\\\/lasventastour\\\/\"]}]}<\/script>\n<!-- \/ Yoast SEO plugin. -->","yoast_head_json":{"title":"\u25b7 Rozk\u0142ad jazdy | Tour Plaza de Toros Las Ventas Madrid [Oficjalna strona internetowa] [Oficjalna strona internetowa].","description":"Odwied\u017a Plaza de Toros de Las Ventas w Madrycie | Przed przyjazdem sprawd\u017a wszystkie godziny otwarcia i zamkni\u0119cia Las Ventas Tour.","robots":{"index":"index","follow":"follow","max-snippet":"max-snippet:-1","max-image-preview":"max-image-preview:large","max-video-preview":"max-video-preview:-1"},"canonical":"https:\/\/lasventastour.com\/pl\/rozklady-jazdy\/","og_locale":"pl_PL","og_type":"article","og_title":"\u25b7 Rozk\u0142ad jazdy | Tour Plaza de Toros Las Ventas Madrid [Oficjalna strona internetowa] [Oficjalna strona internetowa].","og_description":"Odwied\u017a Plaza de Toros de Las Ventas w Madrycie | Przed przyjazdem sprawd\u017a wszystkie godziny otwarcia i zamkni\u0119cia Las Ventas Tour.","og_url":"https:\/\/lasventastour.com\/pl\/rozklady-jazdy\/","og_site_name":"Las Ventas Tour","article_modified_time":"2026-03-13T14:20:40+00:00","og_image":[{"width":511,"height":280,"url":"https:\/\/lasventastour.com\/wp-content\/uploads\/2023\/12\/paseillo-en-las-ventas.webp","type":"image\/webp"}],"twitter_card":"summary_large_image","twitter_misc":{"Szacowany czas czytania":"4 minuty"},"schema":{"@context":"https:\/\/schema.org","@graph":[{"@type":"WebPage","@id":"https:\/\/lasventastour.com\/pl\/rozklady-jazdy\/","url":"https:\/\/lasventastour.com\/pl\/rozklady-jazdy\/","name":"\u25b7 Rozk\u0142ad jazdy | Tour Plaza de Toros Las Ventas Madrid [Oficjalna strona internetowa] [Oficjalna strona internetowa].","isPartOf":{"@id":"https:\/\/lasventastour.com\/pl\/#website"},"datePublished":"2023-09-27T13:48:55+00:00","dateModified":"2026-03-13T14:20:40+00:00","description":"Odwied\u017a Plaza de Toros de Las Ventas w Madrycie | Przed przyjazdem sprawd\u017a wszystkie godziny otwarcia i zamkni\u0119cia Las Ventas Tour.","breadcrumb":{"@id":"https:\/\/lasventastour.com\/pl\/rozklady-jazdy\/#breadcrumb"},"inLanguage":"pl-PL","potentialAction":[{"@type":"ReadAction","target":["https:\/\/lasventastour.com\/pl\/rozklady-jazdy\/"]}]},{"@type":"BreadcrumbList","@id":"https:\/\/lasventastour.com\/pl\/rozklady-jazdy\/#breadcrumb","itemListElement":[{"@type":"ListItem","position":1,"name":"Portada","item":"https:\/\/lasventastour.com\/pl\/"},{"@type":"ListItem","position":2,"name":"Rozk\u0142ady jazdy"}]},{"@type":"WebSite","@id":"https:\/\/lasventastour.com\/pl\/#website","url":"https:\/\/lasventastour.com\/pl\/","name":"Las Ventas Tour","description":"Tour Las Ventas | Plaza de Toros de Madrid | Web Oficial","publisher":{"@id":"https:\/\/lasventastour.com\/pl\/#organization"},"alternateName":"Las Ventas Tour","potentialAction":[{"@type":"SearchAction","target":{"@type":"EntryPoint","urlTemplate":"https:\/\/lasventastour.com\/pl\/?s={search_term_string}"},"query-input":{"@type":"PropertyValueSpecification","valueRequired":true,"valueName":"search_term_string"}}],"inLanguage":"pl-PL"},{"@type":"Organization","@id":"https:\/\/lasventastour.com\/pl\/#organization","name":"Las Ventas Tour","alternateName":"Las Ventas Tour","url":"https:\/\/lasventastour.com\/pl\/","logo":{"@type":"ImageObject","inLanguage":"pl-PL","@id":"https:\/\/lasventastour.com\/pl\/#\/schema\/logo\/image\/","url":"https:\/\/lasventastour.com\/wp-content\/uploads\/2024\/09\/cropped-Logo-Las-Ventas-1.webp","contentUrl":"https:\/\/lasventastour.com\/wp-content\/uploads\/2024\/09\/cropped-Logo-Las-Ventas-1.webp","width":512,"height":512,"caption":"Las Ventas Tour"},"image":{"@id":"https:\/\/lasventastour.com\/pl\/#\/schema\/logo\/image\/"},"sameAs":["https:\/\/www.instagram.com\/lasventastour\/"]}]}},"_links":{"self":[{"href":"https:\/\/lasventastour.com\/pl\/wp-json\/wp\/v2\/pages\/6069","targetHints":{"allow":["GET"]}}],"collection":[{"href":"https:\/\/lasventastour.com\/pl\/wp-json\/wp\/v2\/pages"}],"about":[{"href":"https:\/\/lasventastour.com\/pl\/wp-json\/wp\/v2\/types\/page"}],"author":[{"embeddable":true,"href":"https:\/\/lasventastour.com\/pl\/wp-json\/wp\/v2\/users\/1"}],"replies":[{"embeddable":true,"href":"https:\/\/lasventastour.com\/pl\/wp-json\/wp\/v2\/comments?post=6069"}],"version-history":[{"count":10,"href":"https:\/\/lasventastour.com\/pl\/wp-json\/wp\/v2\/pages\/6069\/revisions"}],"predecessor-version":[{"id":9760,"href":"https:\/\/lasventastour.com\/pl\/wp-json\/wp\/v2\/pages\/6069\/revisions\/9760"}],"wp:attachment":[{"href":"https:\/\/lasventastour.com\/pl\/wp-json\/wp\/v2\/media?parent=6069"}],"curies":[{"name":"wp","href":"https:\/\/api.w.org\/{rel}","templated":true}]}}