{"id":6061,"date":"2023-09-27T14:59:45","date_gmt":"2023-09-27T14:59:45","guid":{"rendered":"https:\/\/lasventastour.com\/dostep\/"},"modified":"2026-02-12T14:31:14","modified_gmt":"2026-02-12T14:31:14","slug":"dostep","status":"publish","type":"page","link":"https:\/\/lasventastour.com\/pl\/dostep\/","title":{"rendered":"Dost\u0119p"},"content":{"rendered":"<section class=\"l-section wpb_row height_medium\"><div class=\"l-section-h i-cf\"><div class=\"g-cols vc_row via_grid cols_1 laptops-cols_inherit tablets-cols_inherit mobiles-cols_1 valign_top type_default stacking_default\"><div class=\"wpb_column vc_column_container\"><div class=\"vc_column-inner\"><div class=\"wpb_text_column\"><div class=\"wpb_wrapper\"><h1 style=\"text-align: center;\">Dost\u0119p<\/h1>\n<\/div><\/div><div class=\"w-separator size_medium\"><\/div><div class=\"g-cols wpb_row via_grid cols_2 laptops-cols_inherit tablets-cols_inherit mobiles-cols_1 valign_top type_default stacking_default\" style=\"--columns-gap:3rem;\"><div class=\"wpb_column vc_column_container\"><div class=\"vc_column-inner\"><div class=\"wpb_text_column\"><div class=\"wpb_wrapper\"><p><strong>Arena walk byk\u00f3w Las Ventas<\/strong><\/p>\n<p>Wej\u015bcie na wycieczk\u0119 przez Puerta Grande (g\u0142\u00f3wne drzwi), naprzeciwko stacji metra.<br \/>\nC\/ Alcal\u00e1, 237 &#8211; 28028 Madrid<br \/>\nTel. i Whatsapp: +34 687 73 90 32<br \/>\nEmail:<a href=\"mailto:info@lasventastour.com\"> info@lasventastour.com<\/a><\/p>\n<\/div><\/div><\/div><\/div><div class=\"wpb_column vc_column_container\"><div class=\"vc_column-inner\"><div class=\"wpb_text_column\"><div class=\"wpb_wrapper\"><p><strong>Transport publiczny:<\/strong><\/p>\n<ul>\n<li style=\"list-style-type: none;\">\n<ul>\n<li>Metro: stacja Ventas (linia 2)<\/li>\n<li>Autobusy: 12, 21, 38, 53, 106, 110, 146<\/li>\n<\/ul>\n<\/li>\n<\/ul>\n<\/div><\/div><\/div><\/div><\/div><\/div><\/div><\/div><\/div><\/section><section class=\"l-section wpb_row height_medium\"><div class=\"l-section-h i-cf\"><div class=\"g-cols vc_row via_grid cols_1-4-1 laptops-cols_inherit tablets-cols_inherit mobiles-cols_1 valign_top type_default stacking_default\"><div class=\"wpb_column vc_column_container\"><div class=\"vc_column-inner\"><\/div><\/div><div class=\"wpb_column vc_column_container\"><div class=\"vc_column-inner\"><div class=\"w-html\"><iframe src=\"https:\/\/www.google.com\/maps\/embed?pb=!1m18!1m12!1m3!1d3036.972695597169!2d-3.6629044!3d40.4316035!2m3!1f0!2f0!3f0!3m2!1i1024!2i768!4f13.1!3m3!1m2!1s0xd42297ecc990d87:0x4aa81520b8c7b08e!2sLas Ventas Tour - Plaza de Toros Madrid!5e0!3m2!1ses!2ses!4v1756984089561!5m2!1ses!2ses\" width=\"600\" height=\"450\" style=\"border:0;\" allowfullscreen=\"\" loading=\"lazy\" referrerpolicy=\"no-referrer-when-downgrade\"><\/iframe><\/div><\/div><\/div><div class=\"wpb_column vc_column_container\"><div class=\"vc_column-inner\"><\/div><\/div><\/div><\/div><\/section>\n","protected":false},"excerpt":{"rendered":"Dost\u0119p Arena walk byk\u00f3w Las Ventas Wej\u015bcie na wycieczk\u0119 przez Puerta Grande (g\u0142\u00f3wne drzwi), naprzeciwko stacji metra. C\/ Alcal\u00e1, 237 &#8211; 28028 Madrid Tel. i Whatsapp: +34 687 73 90 32 Email: info@lasventastour.com Transport publiczny: Metro: stacja Ventas (linia 2) Autobusy: 12, 21, 38, 53, 106, 110, 146","protected":false},"author":1,"featured_media":0,"parent":0,"menu_order":0,"comment_status":"closed","ping_status":"closed","template":"","meta":{"footnotes":""},"class_list":["post-6061","page","type-page","status-publish","hentry"],"yoast_head":"<!-- This site is optimized with the Yoast SEO plugin v27.4 - https:\/\/yoast.com\/product\/yoast-seo-wordpress\/ -->\n<title>\u25b7 Dost\u0119p : Tour Plaza de Toros Las Ventas : Oficjalna strona internetowa<\/title>\n<meta name=\"description\" content=\"Dojazd do Plaza de Toros de Las Ventas, a tak\u017ce najlepsze formy transportu publicznego i prywatnego, z kt\u00f3rych mo\u017cna skorzysta\u0107.\" \/>\n<meta name=\"robots\" content=\"index, follow, max-snippet:-1, max-image-preview:large, max-video-preview:-1\" \/>\n<link rel=\"canonical\" href=\"https:\/\/lasventastour.com\/pl\/dostep\/\" \/>\n<meta property=\"og:locale\" content=\"pl_PL\" \/>\n<meta property=\"og:type\" content=\"article\" \/>\n<meta property=\"og:title\" content=\"\u25b7 Dost\u0119p : Tour Plaza de Toros Las Ventas : Oficjalna strona internetowa\" \/>\n<meta property=\"og:description\" content=\"Dojazd do Plaza de Toros de Las Ventas, a tak\u017ce najlepsze formy transportu publicznego i prywatnego, z kt\u00f3rych mo\u017cna skorzysta\u0107.\" \/>\n<meta property=\"og:url\" content=\"https:\/\/lasventastour.com\/pl\/dostep\/\" \/>\n<meta property=\"og:site_name\" content=\"Las Ventas Tour\" \/>\n<meta property=\"article:modified_time\" content=\"2026-02-12T14:31:14+00:00\" \/>\n<meta property=\"og:image\" content=\"https:\/\/lasventastour.com\/wp-content\/uploads\/2023\/12\/paseillo-en-las-ventas.webp\" \/>\n\t<meta property=\"og:image:width\" content=\"511\" \/>\n\t<meta property=\"og:image:height\" content=\"280\" \/>\n\t<meta property=\"og:image:type\" content=\"image\/webp\" \/>\n<meta name=\"twitter:card\" content=\"summary_large_image\" \/>\n<meta name=\"twitter:label1\" content=\"Szacowany czas czytania\" \/>\n\t<meta name=\"twitter:data1\" content=\"1 minuta\" \/>\n<script type=\"application\/ld+json\" class=\"yoast-schema-graph\">{\"@context\":\"https:\\\/\\\/schema.org\",\"@graph\":[{\"@type\":\"WebPage\",\"@id\":\"https:\\\/\\\/lasventastour.com\\\/pl\\\/dostep\\\/\",\"url\":\"https:\\\/\\\/lasventastour.com\\\/pl\\\/dostep\\\/\",\"name\":\"\u25b7 Dost\u0119p : Tour Plaza de Toros Las Ventas : Oficjalna strona internetowa\",\"isPartOf\":{\"@id\":\"https:\\\/\\\/lasventastour.com\\\/pl\\\/#website\"},\"datePublished\":\"2023-09-27T14:59:45+00:00\",\"dateModified\":\"2026-02-12T14:31:14+00:00\",\"description\":\"Dojazd do Plaza de Toros de Las Ventas, a tak\u017ce najlepsze formy transportu publicznego i prywatnego, z kt\u00f3rych mo\u017cna skorzysta\u0107.\",\"breadcrumb\":{\"@id\":\"https:\\\/\\\/lasventastour.com\\\/pl\\\/dostep\\\/#breadcrumb\"},\"inLanguage\":\"pl-PL\",\"potentialAction\":[{\"@type\":\"ReadAction\",\"target\":[\"https:\\\/\\\/lasventastour.com\\\/pl\\\/dostep\\\/\"]}]},{\"@type\":\"BreadcrumbList\",\"@id\":\"https:\\\/\\\/lasventastour.com\\\/pl\\\/dostep\\\/#breadcrumb\",\"itemListElement\":[{\"@type\":\"ListItem\",\"position\":1,\"name\":\"Portada\",\"item\":\"https:\\\/\\\/lasventastour.com\\\/pl\\\/\"},{\"@type\":\"ListItem\",\"position\":2,\"name\":\"Dost\u0119p\"}]},{\"@type\":\"WebSite\",\"@id\":\"https:\\\/\\\/lasventastour.com\\\/pl\\\/#website\",\"url\":\"https:\\\/\\\/lasventastour.com\\\/pl\\\/\",\"name\":\"Las Ventas Tour\",\"description\":\"Tour Las Ventas | Plaza de Toros de Madrid | Web Oficial\",\"publisher\":{\"@id\":\"https:\\\/\\\/lasventastour.com\\\/pl\\\/#organization\"},\"alternateName\":\"Las Ventas Tour\",\"potentialAction\":[{\"@type\":\"SearchAction\",\"target\":{\"@type\":\"EntryPoint\",\"urlTemplate\":\"https:\\\/\\\/lasventastour.com\\\/pl\\\/?s={search_term_string}\"},\"query-input\":{\"@type\":\"PropertyValueSpecification\",\"valueRequired\":true,\"valueName\":\"search_term_string\"}}],\"inLanguage\":\"pl-PL\"},{\"@type\":\"Organization\",\"@id\":\"https:\\\/\\\/lasventastour.com\\\/pl\\\/#organization\",\"name\":\"Las Ventas Tour\",\"alternateName\":\"Las Ventas Tour\",\"url\":\"https:\\\/\\\/lasventastour.com\\\/pl\\\/\",\"logo\":{\"@type\":\"ImageObject\",\"inLanguage\":\"pl-PL\",\"@id\":\"https:\\\/\\\/lasventastour.com\\\/pl\\\/#\\\/schema\\\/logo\\\/image\\\/\",\"url\":\"https:\\\/\\\/lasventastour.com\\\/wp-content\\\/uploads\\\/2024\\\/09\\\/cropped-Logo-Las-Ventas-1.webp\",\"contentUrl\":\"https:\\\/\\\/lasventastour.com\\\/wp-content\\\/uploads\\\/2024\\\/09\\\/cropped-Logo-Las-Ventas-1.webp\",\"width\":512,\"height\":512,\"caption\":\"Las Ventas Tour\"},\"image\":{\"@id\":\"https:\\\/\\\/lasventastour.com\\\/pl\\\/#\\\/schema\\\/logo\\\/image\\\/\"},\"sameAs\":[\"https:\\\/\\\/www.instagram.com\\\/lasventastour\\\/\"]}]}<\/script>\n<!-- \/ Yoast SEO plugin. -->","yoast_head_json":{"title":"\u25b7 Dost\u0119p : Tour Plaza de Toros Las Ventas : Oficjalna strona internetowa","description":"Dojazd do Plaza de Toros de Las Ventas, a tak\u017ce najlepsze formy transportu publicznego i prywatnego, z kt\u00f3rych mo\u017cna skorzysta\u0107.","robots":{"index":"index","follow":"follow","max-snippet":"max-snippet:-1","max-image-preview":"max-image-preview:large","max-video-preview":"max-video-preview:-1"},"canonical":"https:\/\/lasventastour.com\/pl\/dostep\/","og_locale":"pl_PL","og_type":"article","og_title":"\u25b7 Dost\u0119p : Tour Plaza de Toros Las Ventas : Oficjalna strona internetowa","og_description":"Dojazd do Plaza de Toros de Las Ventas, a tak\u017ce najlepsze formy transportu publicznego i prywatnego, z kt\u00f3rych mo\u017cna skorzysta\u0107.","og_url":"https:\/\/lasventastour.com\/pl\/dostep\/","og_site_name":"Las Ventas Tour","article_modified_time":"2026-02-12T14:31:14+00:00","og_image":[{"width":511,"height":280,"url":"https:\/\/lasventastour.com\/wp-content\/uploads\/2023\/12\/paseillo-en-las-ventas.webp","type":"image\/webp"}],"twitter_card":"summary_large_image","twitter_misc":{"Szacowany czas czytania":"1 minuta"},"schema":{"@context":"https:\/\/schema.org","@graph":[{"@type":"WebPage","@id":"https:\/\/lasventastour.com\/pl\/dostep\/","url":"https:\/\/lasventastour.com\/pl\/dostep\/","name":"\u25b7 Dost\u0119p : Tour Plaza de Toros Las Ventas : Oficjalna strona internetowa","isPartOf":{"@id":"https:\/\/lasventastour.com\/pl\/#website"},"datePublished":"2023-09-27T14:59:45+00:00","dateModified":"2026-02-12T14:31:14+00:00","description":"Dojazd do Plaza de Toros de Las Ventas, a tak\u017ce najlepsze formy transportu publicznego i prywatnego, z kt\u00f3rych mo\u017cna skorzysta\u0107.","breadcrumb":{"@id":"https:\/\/lasventastour.com\/pl\/dostep\/#breadcrumb"},"inLanguage":"pl-PL","potentialAction":[{"@type":"ReadAction","target":["https:\/\/lasventastour.com\/pl\/dostep\/"]}]},{"@type":"BreadcrumbList","@id":"https:\/\/lasventastour.com\/pl\/dostep\/#breadcrumb","itemListElement":[{"@type":"ListItem","position":1,"name":"Portada","item":"https:\/\/lasventastour.com\/pl\/"},{"@type":"ListItem","position":2,"name":"Dost\u0119p"}]},{"@type":"WebSite","@id":"https:\/\/lasventastour.com\/pl\/#website","url":"https:\/\/lasventastour.com\/pl\/","name":"Las Ventas Tour","description":"Tour Las Ventas | Plaza de Toros de Madrid | Web Oficial","publisher":{"@id":"https:\/\/lasventastour.com\/pl\/#organization"},"alternateName":"Las Ventas Tour","potentialAction":[{"@type":"SearchAction","target":{"@type":"EntryPoint","urlTemplate":"https:\/\/lasventastour.com\/pl\/?s={search_term_string}"},"query-input":{"@type":"PropertyValueSpecification","valueRequired":true,"valueName":"search_term_string"}}],"inLanguage":"pl-PL"},{"@type":"Organization","@id":"https:\/\/lasventastour.com\/pl\/#organization","name":"Las Ventas Tour","alternateName":"Las Ventas Tour","url":"https:\/\/lasventastour.com\/pl\/","logo":{"@type":"ImageObject","inLanguage":"pl-PL","@id":"https:\/\/lasventastour.com\/pl\/#\/schema\/logo\/image\/","url":"https:\/\/lasventastour.com\/wp-content\/uploads\/2024\/09\/cropped-Logo-Las-Ventas-1.webp","contentUrl":"https:\/\/lasventastour.com\/wp-content\/uploads\/2024\/09\/cropped-Logo-Las-Ventas-1.webp","width":512,"height":512,"caption":"Las Ventas Tour"},"image":{"@id":"https:\/\/lasventastour.com\/pl\/#\/schema\/logo\/image\/"},"sameAs":["https:\/\/www.instagram.com\/lasventastour\/"]}]}},"_links":{"self":[{"href":"https:\/\/lasventastour.com\/pl\/wp-json\/wp\/v2\/pages\/6061","targetHints":{"allow":["GET"]}}],"collection":[{"href":"https:\/\/lasventastour.com\/pl\/wp-json\/wp\/v2\/pages"}],"about":[{"href":"https:\/\/lasventastour.com\/pl\/wp-json\/wp\/v2\/types\/page"}],"author":[{"embeddable":true,"href":"https:\/\/lasventastour.com\/pl\/wp-json\/wp\/v2\/users\/1"}],"replies":[{"embeddable":true,"href":"https:\/\/lasventastour.com\/pl\/wp-json\/wp\/v2\/comments?post=6061"}],"version-history":[{"count":2,"href":"https:\/\/lasventastour.com\/pl\/wp-json\/wp\/v2\/pages\/6061\/revisions"}],"predecessor-version":[{"id":6065,"href":"https:\/\/lasventastour.com\/pl\/wp-json\/wp\/v2\/pages\/6061\/revisions\/6065"}],"wp:attachment":[{"href":"https:\/\/lasventastour.com\/pl\/wp-json\/wp\/v2\/media?parent=6061"}],"curies":[{"name":"wp","href":"https:\/\/api.w.org\/{rel}","templated":true}]}}