{"id":5861,"date":"2023-12-05T11:46:12","date_gmt":"2023-12-05T11:46:12","guid":{"rendered":"https:\/\/lasventastour.com\/wirtualna-wycieczka\/"},"modified":"2026-02-09T11:28:54","modified_gmt":"2026-02-09T11:28:54","slug":"wirtualna-wycieczka","status":"publish","type":"page","link":"https:\/\/lasventastour.com\/pl\/wirtualna-wycieczka\/","title":{"rendered":"Wirtualna wycieczka"},"content":{"rendered":"<section class=\"l-section wpb_row height_medium\"><div class=\"l-section-h i-cf\"><div class=\"g-cols vc_row via_grid cols_1 laptops-cols_inherit tablets-cols_inherit mobiles-cols_1 valign_top type_default stacking_default\"><div class=\"wpb_column vc_column_container\"><div class=\"vc_column-inner\"><div class=\"wpb_text_column\"><div class=\"wpb_wrapper\"><h1 style=\"text-align: center;\">Wirtualna wycieczka po Las Ventas<\/h1>\n<\/div><\/div><div class=\"w-separator size_medium\"><\/div><div class=\"w-image align_center\"><a target=\"_blank\" rel=\"nofollow\" href=\"https:\/\/my.matterport.com\/show\/?m=AMctPNYNYRr\" aria-label=\"tour virtual\" class=\"w-image-h\"><img decoding=\"async\" width=\"1024\" height=\"562\" src=\"https:\/\/lasventastour.com\/wp-content\/uploads\/2023\/12\/tour-virtual.webp\" class=\"attachment-large size-large\" alt=\"visita virtual de las ventas\" loading=\"lazy\" srcset=\"https:\/\/lasventastour.com\/wp-content\/uploads\/2023\/12\/tour-virtual.webp 1024w, https:\/\/lasventastour.com\/wp-content\/uploads\/2023\/12\/tour-virtual-600x329.webp 600w, https:\/\/lasventastour.com\/wp-content\/uploads\/2023\/12\/tour-virtual-300x165.webp 300w\" sizes=\"auto, (max-width: 1024px) 100vw, 1024px\" \/><\/a><\/div><\/div><\/div><\/div><\/div><\/section><section class=\"l-section wpb_row us_custom_f78888c0 height_medium\"><div class=\"l-section-h i-cf\"><div class=\"g-cols vc_row via_grid cols_1 laptops-cols_inherit tablets-cols_inherit mobiles-cols_1 valign_top type_default stacking_default\"><div class=\"wpb_column vc_column_container\"><div class=\"vc_column-inner\"><div class=\"wpb_text_column\"><div class=\"wpb_wrapper\"><h2 style=\"text-align: center;\">Odwied\u017a aren\u0119 walk byk\u00f3w<\/h2>\n<p style=\"text-align: center;\">Je\u015bli podoba\u0142a Ci si\u0119 wirtualna wycieczka i chcesz odwiedzi\u0107 najwa\u017cniejsz\u0105 aren\u0119 walk byk\u00f3w na \u015bwiecie, oto rodzaje bilet\u00f3w, kt\u00f3re mo\u017cesz kupi\u0107:<\/p>\n<\/div><\/div><div class=\"w-separator size_medium\"><\/div><div class=\"g-cols wpb_row via_grid cols_2 laptops-cols_inherit tablets-cols_inherit mobiles-cols_1 valign_top type_default stacking_default\" style=\"--columns-gap:3rem;\"><div class=\"wpb_column vc_column_container\"><div class=\"vc_column-inner\"><div class=\"w-ibanner us_custom_a10ddd82 has_text_color animation_phorcys ratio_3x2 easing_ease\"><a title=\"zwiedzanie las ventas z prywatnym przewodnikiem\" href=\"https:\/\/lasventastour.com\/visita-guiada-privada-vip\/\" aria-label=\"Wizyta VIP\"><\/a><div class=\"w-ibanner-h\"><div class=\"w-ibanner-image\" style=\"background-image: url(https:\/\/lasventastour.com\/wp-content\/uploads\/2023\/09\/tour-visitas-privadas.jpg)\"><\/div><div class=\"w-ibanner-content\"><div class=\"w-ibanner-content-h\"><h3 class=\"w-ibanner-title\">Wizyta VIP<\/h3><div class=\"w-ibanner-desc\"><\/div><\/div><\/div><\/div><\/div><\/div><\/div><div class=\"wpb_column vc_column_container\"><div class=\"vc_column-inner\"><div class=\"w-ibanner us_custom_2d937f4f has_text_color animation_phorcys ratio_3x2 easing_ease\"><a title=\"odwied\u017a sprzeda\u017c z audiguia\" href=\"https:\/\/lasventastour.com\/visita-individual\/\" aria-label=\"Wizyta indywidualna\"><\/a><div class=\"w-ibanner-h\"><div class=\"w-ibanner-image\" style=\"background-image: url(https:\/\/lasventastour.com\/wp-content\/uploads\/2023\/09\/tour-Visita-individual.jpg)\"><\/div><div class=\"w-ibanner-content\"><div class=\"w-ibanner-content-h\"><h3 class=\"w-ibanner-title\">Wizyta indywidualna<\/h3><div class=\"w-ibanner-desc\"><\/div><\/div><\/div><\/div><\/div><\/div><\/div><\/div><div class=\"w-separator size_medium\"><\/div><div class=\"g-cols wpb_row via_grid cols_2 laptops-cols_inherit tablets-cols_inherit mobiles-cols_1 valign_top type_default stacking_default\" style=\"--columns-gap:3rem;\"><div class=\"wpb_column vc_column_container\"><div class=\"vc_column-inner\"><div class=\"w-ibanner us_custom_a10ddd82 has_text_color animation_phorcys ratio_3x2 easing_ease\"><a title=\"grupy sprzeda\u017cy wycieczek\" href=\"https:\/\/lasventastour.com\/es\/visita-guiada-grupos\/\" aria-label=\"Wizyty grupowe\"><\/a><div class=\"w-ibanner-h\"><div class=\"w-ibanner-image\" style=\"background-image: url(https:\/\/lasventastour.com\/wp-content\/uploads\/2023\/09\/tour-visitas-grupales.jpg)\"><\/div><div class=\"w-ibanner-content\"><div class=\"w-ibanner-content-h\"><h3 class=\"w-ibanner-title\">Wizyty grupowe<\/h3><div class=\"w-ibanner-desc\"><\/div><\/div><\/div><\/div><\/div><\/div><\/div><div class=\"wpb_column vc_column_container\"><div class=\"vc_column-inner\"><div class=\"w-ibanner us_custom_2d937f4f has_text_color animation_phorcys ratio_3x2 easing_ease\"><a title=\"sprzeda\u017c premii za wycieczki\" href=\"https:\/\/lasventastour.com\/pl\/walka-bykow-w-sali-balowej\/\" aria-label=\"Walka byk\u00f3w w sali balowej\"><\/a><div class=\"w-ibanner-h\"><div class=\"w-ibanner-image\" style=\"background-image: url(https:\/\/lasventastour.com\/wp-content\/uploads\/2023\/09\/tour-visitas-teatralizadas.jpg)\"><\/div><div class=\"w-ibanner-content\"><div class=\"w-ibanner-content-h\"><h3 class=\"w-ibanner-title\">Walka byk\u00f3w w sali balowej<\/h3><div class=\"w-ibanner-desc\"><\/div><\/div><\/div><\/div><\/div><\/div><\/div><\/div><\/div><\/div><\/div><\/div><\/section>\n","protected":false},"excerpt":{"rendered":"Wirtualna wycieczka po Las Ventas Odwied\u017a aren\u0119 walk byk\u00f3w Je\u015bli podoba\u0142a Ci si\u0119 wirtualna wycieczka i chcesz odwiedzi\u0107 najwa\u017cniejsz\u0105 aren\u0119 walk byk\u00f3w na \u015bwiecie, oto rodzaje bilet\u00f3w, kt\u00f3re mo\u017cesz kupi\u0107: Wizyta VIPWizyta indywidualnaWizyty grupoweWalka byk\u00f3w w sali balowej","protected":false},"author":1,"featured_media":0,"parent":0,"menu_order":0,"comment_status":"closed","ping_status":"closed","template":"","meta":{"footnotes":""},"class_list":["post-5861","page","type-page","status-publish","hentry"],"yoast_head":"<!-- This site is optimized with the Yoast SEO plugin v27.4 - https:\/\/yoast.com\/product\/yoast-seo-wordpress\/ -->\n<title>Wirtualna wycieczka Plaza de Toros Las Ventas Madryt<\/title>\n<meta name=\"description\" content=\"Wirtualna wycieczka po Plaza de Toros Las Ventas w Madrycie. Odkryj wszystkie miejsca na arenie walk byk\u00f3w w zaciszu w\u0142asnego domu \u00a1Ol\u00e9!\" \/>\n<meta name=\"robots\" content=\"index, follow, max-snippet:-1, max-image-preview:large, max-video-preview:-1\" \/>\n<link rel=\"canonical\" href=\"https:\/\/lasventastour.com\/pl\/wirtualna-wycieczka\/\" \/>\n<meta property=\"og:locale\" content=\"pl_PL\" \/>\n<meta property=\"og:type\" content=\"article\" \/>\n<meta property=\"og:title\" content=\"Wirtualna wycieczka Plaza de Toros Las Ventas Madryt\" \/>\n<meta property=\"og:description\" content=\"Wirtualna wycieczka po Plaza de Toros Las Ventas w Madrycie. Odkryj wszystkie miejsca na arenie walk byk\u00f3w w zaciszu w\u0142asnego domu \u00a1Ol\u00e9!\" \/>\n<meta property=\"og:url\" content=\"https:\/\/lasventastour.com\/pl\/wirtualna-wycieczka\/\" \/>\n<meta property=\"og:site_name\" content=\"Las Ventas Tour\" \/>\n<meta property=\"article:modified_time\" content=\"2026-02-09T11:28:54+00:00\" \/>\n<meta property=\"og:image\" content=\"https:\/\/lasventastour.com\/wp-content\/uploads\/2023\/12\/paseillo-en-las-ventas.webp\" \/>\n\t<meta property=\"og:image:width\" content=\"511\" \/>\n\t<meta property=\"og:image:height\" content=\"280\" \/>\n\t<meta property=\"og:image:type\" content=\"image\/webp\" \/>\n<meta name=\"twitter:card\" content=\"summary_large_image\" \/>\n<meta name=\"twitter:label1\" content=\"Szacowany czas czytania\" \/>\n\t<meta name=\"twitter:data1\" content=\"2 minuty\" \/>\n<script type=\"application\/ld+json\" class=\"yoast-schema-graph\">{\"@context\":\"https:\\\/\\\/schema.org\",\"@graph\":[{\"@type\":\"WebPage\",\"@id\":\"https:\\\/\\\/lasventastour.com\\\/pl\\\/wirtualna-wycieczka\\\/\",\"url\":\"https:\\\/\\\/lasventastour.com\\\/pl\\\/wirtualna-wycieczka\\\/\",\"name\":\"Wirtualna wycieczka Plaza de Toros Las Ventas Madryt\",\"isPartOf\":{\"@id\":\"https:\\\/\\\/lasventastour.com\\\/pl\\\/#website\"},\"datePublished\":\"2023-12-05T11:46:12+00:00\",\"dateModified\":\"2026-02-09T11:28:54+00:00\",\"description\":\"Wirtualna wycieczka po Plaza de Toros Las Ventas w Madrycie. Odkryj wszystkie miejsca na arenie walk byk\u00f3w w zaciszu w\u0142asnego domu \u00a1Ol\u00e9!\",\"breadcrumb\":{\"@id\":\"https:\\\/\\\/lasventastour.com\\\/pl\\\/wirtualna-wycieczka\\\/#breadcrumb\"},\"inLanguage\":\"pl-PL\",\"potentialAction\":[{\"@type\":\"ReadAction\",\"target\":[\"https:\\\/\\\/lasventastour.com\\\/pl\\\/wirtualna-wycieczka\\\/\"]}]},{\"@type\":\"BreadcrumbList\",\"@id\":\"https:\\\/\\\/lasventastour.com\\\/pl\\\/wirtualna-wycieczka\\\/#breadcrumb\",\"itemListElement\":[{\"@type\":\"ListItem\",\"position\":1,\"name\":\"Portada\",\"item\":\"https:\\\/\\\/lasventastour.com\\\/pl\\\/\"},{\"@type\":\"ListItem\",\"position\":2,\"name\":\"Wirtualna wycieczka\"}]},{\"@type\":\"WebSite\",\"@id\":\"https:\\\/\\\/lasventastour.com\\\/pl\\\/#website\",\"url\":\"https:\\\/\\\/lasventastour.com\\\/pl\\\/\",\"name\":\"Las Ventas Tour\",\"description\":\"Tour Las Ventas | Plaza de Toros de Madrid | Web Oficial\",\"publisher\":{\"@id\":\"https:\\\/\\\/lasventastour.com\\\/pl\\\/#organization\"},\"alternateName\":\"Las Ventas Tour\",\"potentialAction\":[{\"@type\":\"SearchAction\",\"target\":{\"@type\":\"EntryPoint\",\"urlTemplate\":\"https:\\\/\\\/lasventastour.com\\\/pl\\\/?s={search_term_string}\"},\"query-input\":{\"@type\":\"PropertyValueSpecification\",\"valueRequired\":true,\"valueName\":\"search_term_string\"}}],\"inLanguage\":\"pl-PL\"},{\"@type\":\"Organization\",\"@id\":\"https:\\\/\\\/lasventastour.com\\\/pl\\\/#organization\",\"name\":\"Las Ventas Tour\",\"alternateName\":\"Las Ventas Tour\",\"url\":\"https:\\\/\\\/lasventastour.com\\\/pl\\\/\",\"logo\":{\"@type\":\"ImageObject\",\"inLanguage\":\"pl-PL\",\"@id\":\"https:\\\/\\\/lasventastour.com\\\/pl\\\/#\\\/schema\\\/logo\\\/image\\\/\",\"url\":\"https:\\\/\\\/lasventastour.com\\\/wp-content\\\/uploads\\\/2024\\\/09\\\/cropped-Logo-Las-Ventas-1.webp\",\"contentUrl\":\"https:\\\/\\\/lasventastour.com\\\/wp-content\\\/uploads\\\/2024\\\/09\\\/cropped-Logo-Las-Ventas-1.webp\",\"width\":512,\"height\":512,\"caption\":\"Las Ventas Tour\"},\"image\":{\"@id\":\"https:\\\/\\\/lasventastour.com\\\/pl\\\/#\\\/schema\\\/logo\\\/image\\\/\"},\"sameAs\":[\"https:\\\/\\\/www.instagram.com\\\/lasventastour\\\/\"]}]}<\/script>\n<!-- \/ Yoast SEO plugin. -->","yoast_head_json":{"title":"Wirtualna wycieczka Plaza de Toros Las Ventas Madryt","description":"Wirtualna wycieczka po Plaza de Toros Las Ventas w Madrycie. Odkryj wszystkie miejsca na arenie walk byk\u00f3w w zaciszu w\u0142asnego domu \u00a1Ol\u00e9!","robots":{"index":"index","follow":"follow","max-snippet":"max-snippet:-1","max-image-preview":"max-image-preview:large","max-video-preview":"max-video-preview:-1"},"canonical":"https:\/\/lasventastour.com\/pl\/wirtualna-wycieczka\/","og_locale":"pl_PL","og_type":"article","og_title":"Wirtualna wycieczka Plaza de Toros Las Ventas Madryt","og_description":"Wirtualna wycieczka po Plaza de Toros Las Ventas w Madrycie. Odkryj wszystkie miejsca na arenie walk byk\u00f3w w zaciszu w\u0142asnego domu \u00a1Ol\u00e9!","og_url":"https:\/\/lasventastour.com\/pl\/wirtualna-wycieczka\/","og_site_name":"Las Ventas Tour","article_modified_time":"2026-02-09T11:28:54+00:00","og_image":[{"width":511,"height":280,"url":"https:\/\/lasventastour.com\/wp-content\/uploads\/2023\/12\/paseillo-en-las-ventas.webp","type":"image\/webp"}],"twitter_card":"summary_large_image","twitter_misc":{"Szacowany czas czytania":"2 minuty"},"schema":{"@context":"https:\/\/schema.org","@graph":[{"@type":"WebPage","@id":"https:\/\/lasventastour.com\/pl\/wirtualna-wycieczka\/","url":"https:\/\/lasventastour.com\/pl\/wirtualna-wycieczka\/","name":"Wirtualna wycieczka Plaza de Toros Las Ventas Madryt","isPartOf":{"@id":"https:\/\/lasventastour.com\/pl\/#website"},"datePublished":"2023-12-05T11:46:12+00:00","dateModified":"2026-02-09T11:28:54+00:00","description":"Wirtualna wycieczka po Plaza de Toros Las Ventas w Madrycie. Odkryj wszystkie miejsca na arenie walk byk\u00f3w w zaciszu w\u0142asnego domu \u00a1Ol\u00e9!","breadcrumb":{"@id":"https:\/\/lasventastour.com\/pl\/wirtualna-wycieczka\/#breadcrumb"},"inLanguage":"pl-PL","potentialAction":[{"@type":"ReadAction","target":["https:\/\/lasventastour.com\/pl\/wirtualna-wycieczka\/"]}]},{"@type":"BreadcrumbList","@id":"https:\/\/lasventastour.com\/pl\/wirtualna-wycieczka\/#breadcrumb","itemListElement":[{"@type":"ListItem","position":1,"name":"Portada","item":"https:\/\/lasventastour.com\/pl\/"},{"@type":"ListItem","position":2,"name":"Wirtualna wycieczka"}]},{"@type":"WebSite","@id":"https:\/\/lasventastour.com\/pl\/#website","url":"https:\/\/lasventastour.com\/pl\/","name":"Las Ventas Tour","description":"Tour Las Ventas | Plaza de Toros de Madrid | Web Oficial","publisher":{"@id":"https:\/\/lasventastour.com\/pl\/#organization"},"alternateName":"Las Ventas Tour","potentialAction":[{"@type":"SearchAction","target":{"@type":"EntryPoint","urlTemplate":"https:\/\/lasventastour.com\/pl\/?s={search_term_string}"},"query-input":{"@type":"PropertyValueSpecification","valueRequired":true,"valueName":"search_term_string"}}],"inLanguage":"pl-PL"},{"@type":"Organization","@id":"https:\/\/lasventastour.com\/pl\/#organization","name":"Las Ventas Tour","alternateName":"Las Ventas Tour","url":"https:\/\/lasventastour.com\/pl\/","logo":{"@type":"ImageObject","inLanguage":"pl-PL","@id":"https:\/\/lasventastour.com\/pl\/#\/schema\/logo\/image\/","url":"https:\/\/lasventastour.com\/wp-content\/uploads\/2024\/09\/cropped-Logo-Las-Ventas-1.webp","contentUrl":"https:\/\/lasventastour.com\/wp-content\/uploads\/2024\/09\/cropped-Logo-Las-Ventas-1.webp","width":512,"height":512,"caption":"Las Ventas Tour"},"image":{"@id":"https:\/\/lasventastour.com\/pl\/#\/schema\/logo\/image\/"},"sameAs":["https:\/\/www.instagram.com\/lasventastour\/"]}]}},"_links":{"self":[{"href":"https:\/\/lasventastour.com\/pl\/wp-json\/wp\/v2\/pages\/5861","targetHints":{"allow":["GET"]}}],"collection":[{"href":"https:\/\/lasventastour.com\/pl\/wp-json\/wp\/v2\/pages"}],"about":[{"href":"https:\/\/lasventastour.com\/pl\/wp-json\/wp\/v2\/types\/page"}],"author":[{"embeddable":true,"href":"https:\/\/lasventastour.com\/pl\/wp-json\/wp\/v2\/users\/1"}],"replies":[{"embeddable":true,"href":"https:\/\/lasventastour.com\/pl\/wp-json\/wp\/v2\/comments?post=5861"}],"version-history":[{"count":3,"href":"https:\/\/lasventastour.com\/pl\/wp-json\/wp\/v2\/pages\/5861\/revisions"}],"predecessor-version":[{"id":5891,"href":"https:\/\/lasventastour.com\/pl\/wp-json\/wp\/v2\/pages\/5861\/revisions\/5891"}],"wp:attachment":[{"href":"https:\/\/lasventastour.com\/pl\/wp-json\/wp\/v2\/media?parent=5861"}],"curies":[{"name":"wp","href":"https:\/\/api.w.org\/{rel}","templated":true}]}}