{"id":5793,"date":"2024-01-19T09:05:32","date_gmt":"2024-01-19T09:05:32","guid":{"rendered":"https:\/\/lasventastour.com\/profesjonalisci-i-agencje\/"},"modified":"2026-02-09T11:28:50","modified_gmt":"2026-02-09T11:28:50","slug":"profesjonalisci-i-agencje","status":"publish","type":"page","link":"https:\/\/lasventastour.com\/pl\/profesjonalisci-i-agencje\/","title":{"rendered":"Profesjonali\u015bci i agencje"},"content":{"rendered":"<section class=\"l-section wpb_row us_custom_5372a688 height_medium\"><div class=\"l-section-h i-cf\"><div class=\"g-cols vc_row via_grid cols_2 laptops-cols_inherit tablets-cols_1 mobiles-cols_1 valign_middle type_default stacking_default\" style=\"--columns-gap:4vw;\"><div class=\"wpb_column vc_column_container us_custom_bdbb4a49\"><div class=\"vc_column-inner\"><div class=\"wpb_text_column us_custom_933613eb\"><div class=\"wpb_wrapper\"><h1>Specjali\u015bci i agencje turystyczne<\/h1>\n<p>Oferuj nasze us\u0142ugi i uzyskaj specjalne warunki<\/p>\n<\/div><\/div><div class=\"w-separator size_small\"><\/div><div class=\"w-btn-wrapper align_none\"><a class=\"w-btn us-btn-style_1\" target=\"_blank\" href=\"https:\/\/seller.clorian.com\/register\"><span class=\"w-btn-label\">Rejestr<\/span><\/a><\/div><\/div><\/div><div class=\"wpb_column vc_column_container\"><div class=\"vc_column-inner\"><div class=\"w-image us_custom_f7999c5b has_ratio align_center\"><div class=\"w-image-h\"><div style=\"padding-bottom:100%\"><\/div><img decoding=\"async\" width=\"750\" height=\"500\" src=\"https:\/\/lasventastour.com\/wp-content\/uploads\/2023\/11\/Foto-grande-LVT-750x500-15.png\" class=\"attachment-large size-large\" alt=\"Visitar plaza de toros Madrid\" loading=\"lazy\" \/><\/div><\/div><\/div><\/div><\/div><\/div><\/section><section class=\"l-section wpb_row height_medium\"><div class=\"l-section-h i-cf\"><div class=\"g-cols vc_row via_grid cols_1 laptops-cols_inherit tablets-cols_inherit mobiles-cols_1 valign_top type_default stacking_default\"><div class=\"wpb_column vc_column_container\"><div class=\"vc_column-inner\"><div class=\"wpb_text_column us_custom_99dce4f6\"><div class=\"wpb_wrapper\"><h2 style=\"text-align: center;\">Korzy\u015bci ze wsp\u00f3\u0142pracy z Las Ventas Tour<\/h2>\n<\/div><\/div><div class=\"w-separator size_large\"><\/div><div class=\"g-cols wpb_row via_grid cols_3 laptops-cols_inherit tablets-cols_inherit mobiles-cols_1 valign_top type_default stacking_default\" style=\"--columns-gap:1.5rem;\"><div class=\"wpb_column vc_column_container us_custom_d8743621 has_text_color has_bg_color\"><div class=\"vc_column-inner\"><div class=\"w-iconbox iconpos_top style_default color_primary align_left no_text no_title\"><div class=\"w-iconbox-icon\" style=\"font-size:80px;\"><i class=\"fas fa-usd-circle\"><\/i><\/div><div class=\"w-iconbox-meta\"><\/div><\/div><div class=\"w-separator size_small\"><\/div><div class=\"wpb_text_column us_custom_81a92080\"><div class=\"wpb_wrapper\"><h3>Prowizje od sprzeda\u017cy<\/h3>\n<p>Uzyskaj specjalne warunki za ka\u017cd\u0105 sprzeda\u017c wygenerowan\u0105 przez Twoj\u0105 firm\u0119. Im wi\u0119cej os\u00f3b przyprowadzisz, tym wi\u0119ksza prowizja!<\/p>\n<\/div><\/div><\/div><\/div><div class=\"wpb_column vc_column_container us_custom_d8743621 has_text_color has_bg_color\"><div class=\"vc_column-inner\"><div class=\"w-iconbox iconpos_top style_default color_primary align_left no_text no_title\"><div class=\"w-iconbox-icon\" style=\"font-size:80px;\"><i class=\"fas fa-check-circle\"><\/i><\/div><div class=\"w-iconbox-meta\"><\/div><\/div><div class=\"w-separator size_small\"><\/div><div class=\"wpb_text_column us_custom_81a92080\"><div class=\"wpb_wrapper\"><h3>\u0141atwa rezerwacja<\/h3>\n<p>Wszystkie rezerwacje s\u0105 dokonywane z aplikacji Clorian. Szybko i \u0142atwo zarz\u0105dzaj datami, us\u0142ugami i harmonogramami.<\/p>\n<\/div><\/div><\/div><\/div><div class=\"wpb_column vc_column_container us_custom_d8743621 has_text_color has_bg_color\"><div class=\"vc_column-inner\"><div class=\"w-iconbox iconpos_top style_default color_primary align_left no_text no_title\"><div class=\"w-iconbox-icon\" style=\"font-size:80px;\"><i class=\"fas fa-smile-wink\"><\/i><\/div><div class=\"w-iconbox-meta\"><\/div><\/div><div class=\"w-separator size_small\"><\/div><div class=\"wpb_text_column us_custom_81a92080\"><div class=\"wpb_wrapper\"><h3>100% satysfakcji<\/h3>\n<p>Zaoferuj swoim klientom inn\u0105 i wysokiej jako\u015bci wizyt\u0119, kt\u00f3ra gwarantuje satysfakcj\u0119 i rekomendacj\u0119 przez klient\u00f3w.<\/p>\n<\/div><\/div><\/div><\/div><\/div><\/div><\/div><\/div><\/div><\/section><section class=\"l-section wpb_row us_custom_c70c97eb height_medium\"><div class=\"l-section-h i-cf\"><div class=\"g-cols vc_row via_grid cols_1-3 laptops-cols_inherit tablets-cols_1 mobiles-cols_1 valign_top type_default stacking_default\"><div class=\"wpb_column vc_column_container\"><div class=\"vc_column-inner\"><h2 class=\"w-text\"><span class=\"w-text-h\"><span class=\"w-text-value\">Jak zarejestrowa\u0107 si\u0119 jako dostawca?<\/span><\/span><\/h2><div class=\"w-separator size_medium\"><\/div><div class=\"w-btn-wrapper align_none\"><a class=\"w-btn us-btn-style_1\" target=\"_blank\" href=\"https:\/\/seller.clorian.com\/register\"><span class=\"w-btn-label\">Rejestr<\/span><\/a><\/div><\/div><\/div><div class=\"wpb_column vc_column_container\"><div class=\"vc_column-inner\"><div class=\"g-cols wpb_row via_grid cols_2 laptops-cols_1 tablets-cols_inherit mobiles-cols_1 valign_top type_default stacking_default\" style=\"--columns-gap:3rem;\"><div class=\"wpb_column vc_column_container\"><div class=\"vc_column-inner\"><div class=\"w-text us_custom_b82c4d9f has_text_color\"><span class=\"w-text-h\"><span class=\"w-text-value\">01<\/span><\/span><\/div><div class=\"wpb_text_column\"><div class=\"wpb_wrapper\"><h4>Rejestr<\/h4>\n<p><span class=\"OYPEnA text-decoration-none text-strikethrough-none\">Zarejestruj swoj\u0105 firm\u0119 na stronie <a href=\"http:\/\/seller.clorian.com\/register\">seller.clorian.com\/register<\/a><\/span><\/p>\n<\/div><\/div><\/div><\/div><div class=\"wpb_column vc_column_container\"><div class=\"vc_column-inner\"><div class=\"w-text us_custom_b82c4d9f has_text_color\"><span class=\"w-text-h\"><span class=\"w-text-value\">02<\/span><\/span><\/div><div class=\"wpb_text_column\"><div class=\"wpb_wrapper\"><h4>Dost\u0119p do panelu<\/h4>\n<p>Zaloguj si\u0119 na swoje konto, znajd\u017a nas w\u015br\u00f3d wszystkich dostawc\u00f3w.<\/p>\n<\/div><\/div><\/div><\/div><div class=\"wpb_column vc_column_container\"><div class=\"vc_column-inner\"><div class=\"w-text us_custom_b82c4d9f has_text_color\"><span class=\"w-text-h\"><span class=\"w-text-value\">03<\/span><\/span><\/div><div class=\"wpb_text_column\"><div class=\"wpb_wrapper\"><h4>Popro\u015b o dost\u0119p do wycieczki<\/h4>\n<p>Ubiega si\u0119 o bycie dostawc\u0105 dla areny byk\u00f3w Plaza de Toros de Las Ventas.<\/p>\n<\/div><\/div><\/div><\/div><div class=\"wpb_column vc_column_container\"><div class=\"vc_column-inner\"><div class=\"w-text us_custom_b82c4d9f has_text_color\"><span class=\"w-text-h\"><span class=\"w-text-value\">04<\/span><\/span><\/div><div class=\"wpb_text_column\"><div class=\"wpb_wrapper\"><h4>Akceptujemy Twoje zg\u0142oszenie<\/h4>\n<p>Mo\u017cesz teraz rezerwowa\u0107 bilety i automatycznie zarabia\u0107 prowizj\u0119!<\/p>\n<\/div><\/div><\/div><\/div><\/div><\/div><\/div><\/div><\/div><\/section><section class=\"l-section wpb_row height_large\"><div class=\"l-section-h i-cf\"><div class=\"g-cols vc_row via_grid cols_1 laptops-cols_inherit tablets-cols_inherit mobiles-cols_1 valign_top type_default stacking_default\"><div class=\"wpb_column vc_column_container\"><div class=\"vc_column-inner\"><div class=\"wpb_text_column us_custom_2e9da019\"><div class=\"wpb_wrapper\"><h2 style=\"text-align: center;\">Dodatkowe us\u0142ugi dla agencji<\/h2>\n<\/div><\/div><div class=\"w-separator size_huge\"><\/div><div class=\"g-cols wpb_row via_grid cols_2 laptops-cols_inherit tablets-cols_inherit mobiles-cols_1 valign_middle type_default reversed stacking_default\" style=\"--columns-gap:4vw;\"><div class=\"wpb_column vc_column_container\"><div class=\"vc_column-inner\"><div class=\"w-image has_ratio align_none\"><div class=\"w-image-h\"><div style=\"padding-bottom:75%\"><\/div><img decoding=\"async\" width=\"750\" height=\"500\" src=\"https:\/\/lasventastour.com\/wp-content\/uploads\/2023\/11\/muestra-de-toreo.webp\" class=\"attachment-large size-large\" alt=\"demostraci\u00f3n de toreo en las ventas\" loading=\"lazy\" \/><\/div><\/div><\/div><\/div><div class=\"wpb_column vc_column_container\"><div class=\"vc_column-inner\"><div class=\"wpb_text_column us_custom_d98eb4eb\"><div class=\"wpb_wrapper\"><h3><strong>Pokaz walki byk\u00f3w<\/strong><\/h3>\n<p>Wraz z wizyt\u0105 mo\u017cemy w\u0142\u0105czy\u0107 pokaz walki byk\u00f3w prowadzony przez uczni\u00f3w szko\u0142y walki byk\u00f3w w Madrycie.<\/p>\n<\/div><\/div><\/div><\/div><\/div><div class=\"w-separator size_large\"><\/div><div class=\"g-cols wpb_row via_grid cols_2 laptops-cols_inherit tablets-cols_inherit mobiles-cols_1 valign_middle type_default stacking_default\" style=\"--columns-gap:4vw;\"><div class=\"wpb_column vc_column_container\"><div class=\"vc_column-inner\"><div class=\"wpb_text_column us_custom_b818dcba\"><div class=\"wpb_wrapper\"><h3>Catering<\/h3>\n<p><strong>Szukasz us\u0142ug VIP dla swoich klient\u00f3w?<\/strong><\/p>\n<p>W razie potrzeby mo\u017cemy zaoferowa\u0107 us\u0142ugi cateringowe dla grup wraz ze zwiedzaniem areny z przewodnikiem.<\/p>\n<\/div><\/div><\/div><\/div><div class=\"wpb_column vc_column_container\"><div class=\"vc_column-inner\"><div class=\"w-image has_ratio align_none\"><div class=\"w-image-h\"><div style=\"padding-bottom:75%\"><\/div><img decoding=\"async\" width=\"768\" height=\"1024\" src=\"https:\/\/lasventastour.com\/wp-content\/uploads\/2023\/09\/degustacion-catering-taurino-768x1024.jpeg\" class=\"attachment-large size-large\" alt=\"\" loading=\"lazy\" \/><\/div><\/div><\/div><\/div><\/div><div class=\"w-separator size_large\"><\/div><div class=\"g-cols wpb_row via_grid cols_2 laptops-cols_inherit tablets-cols_inherit mobiles-cols_1 valign_middle type_default reversed stacking_default\" style=\"--columns-gap:4vw;\"><div class=\"wpb_column vc_column_container\"><div class=\"vc_column-inner\"><div class=\"w-image has_ratio align_none\"><div class=\"w-image-h\"><div style=\"padding-bottom:75%\"><\/div><img decoding=\"async\" width=\"1000\" height=\"500\" src=\"https:\/\/lasventastour.com\/wp-content\/uploads\/2023\/12\/Toro-Bravo-Las-Ventas-Tour-2.webp\" class=\"attachment-large size-large\" alt=\"Hiszpa\u0144ski byk bojowy\" loading=\"lazy\" \/><\/div><\/div><\/div><\/div><div class=\"wpb_column vc_column_container\"><div class=\"vc_column-inner\"><div class=\"wpb_text_column us_custom_d98eb4eb\"><div class=\"wpb_wrapper\"><h3><strong>Wizyty w gospodarstwach hodowlanych<\/strong><\/h3>\n<p>Wycieczka 360 stopni<\/p>\n<p>Po wizycie na arenie walk byk\u00f3w udamy si\u0119 na wycieczk\u0119 autobusow\u0105 do jednej z najwa\u017cniejszych farm hodowlanych byk\u00f3w w Hiszpanii, aby nasi klienci mogli szczeg\u00f3\u0142owo pozna\u0107 \u015bwiat walk byk\u00f3w.<\/p>\n<\/div><\/div><\/div><\/div><\/div><\/div><\/div><\/div><\/div><\/section><section class=\"l-section wpb_row height_medium\"><div class=\"l-section-h i-cf\"><div class=\"g-cols vc_row via_grid cols_2 laptops-cols_1 tablets-cols_inherit mobiles-cols_1 valign_top type_default stacking_default\"><div class=\"wpb_column vc_column_container type_sticky\"><div class=\"vc_column-inner\"><h2 class=\"w-text us_custom_d98eb4eb\"><span class=\"w-text-h\"><span class=\"w-text-value\">Gotowy do wsp\u00f3\u0142pracy?<\/span><\/span><\/h2><\/div><\/div><div class=\"wpb_column vc_column_container\"><div class=\"vc_column-inner\"><div class=\"g-cols wpb_row via_grid cols_2 laptops-cols_inherit tablets-cols_inherit mobiles-cols_1 valign_top type_default stacking_default\" style=\"--columns-gap:3rem;\"><div class=\"wpb_column vc_column_container\"><div class=\"vc_column-inner\"><div class=\"w-counter color_heading align_none animation_none\" data-duration=\"2\" style=\"--w-counter-duration: 2s;\"><div class=\"w-counter-value\" aria-label=\"215\"><span class=\"w-counter-value-part final\" aria-hidden=\"true\">215<\/span><span class=\"w-counter-value-part hidden type_text\" aria-hidden=\"true\" data-final><\/span><span class=\"w-counter-value-part hidden type_number\" aria-hidden=\"true\" data-final=\"215\">0<\/span><span class=\"w-counter-value-part hidden type_text\" aria-hidden=\"true\" data-final><\/span><\/div><h6 class=\"w-counter-title\" style=\"margin-top:0.4rem;\">Zarejestrowani dostawcy<\/h6><\/div><\/div><\/div><div class=\"wpb_column vc_column_container\"><div class=\"vc_column-inner\"><div class=\"w-counter color_heading align_none animation_none\" data-duration=\"2\" style=\"--w-counter-duration: 2s;\"><div class=\"w-counter-value\" aria-label=\"12\"><span class=\"w-counter-value-part final\" aria-hidden=\"true\">12<\/span><span class=\"w-counter-value-part hidden type_text\" aria-hidden=\"true\" data-final><\/span><span class=\"w-counter-value-part hidden type_number\" aria-hidden=\"true\" data-final=\"12\">0<\/span><span class=\"w-counter-value-part hidden type_text\" aria-hidden=\"true\" data-final><\/span><\/div><h6 class=\"w-counter-title\" style=\"margin-top:0.4rem;\">Lata w sektorze<\/h6><\/div><\/div><\/div><\/div><\/div><\/div><\/div><\/div><\/section><section class=\"l-section wpb_row height_auto width_full color_secondary\"><div class=\"l-section-h i-cf\"><div class=\"g-cols vc_row via_grid cols_2 laptops-cols_inherit tablets-cols_inherit mobiles-cols_1 valign_middle type_boxes reversed stacking_default\" style=\"--columns-gap:0rem;\"><div class=\"wpb_column vc_column_container us_custom_8f3f7c07 hide_on_mobiles has_bg_color\"><div class=\"vc_column-inner\"><\/div><\/div><div class=\"wpb_column vc_column_container us_custom_dc787efe\"><div class=\"vc_column-inner\"><div class=\"wpb_text_column\"><div class=\"wpb_wrapper\"><h2>Kontakt z nami<\/h2>\n<p>Masz w\u0105tpliwo\u015bci? Pomo\u017cemy Ci zosta\u0107 dostawc\u0105.<\/p>\n<\/div><\/div><div class=\"w-separator size_medium\"><\/div><h3 class=\"w-text\"><a href=\"tel:+34 687 739 032\" class=\"w-text-h\"><span class=\"w-text-value\">+34 687 739 032<\/span><\/a><\/h3><h3 class=\"w-text\"><a href=\"mailto:info@lasventastour.com\" class=\"w-text-h\"><span class=\"w-text-value\">info@lasventastour.com<\/span><\/a><\/h3><\/div><\/div><\/div><\/div><\/section>\n","protected":false},"excerpt":{"rendered":"Specjali\u015bci i agencje turystyczne Oferuj nasze us\u0142ugi i uzyskaj specjalne warunki RejestrKorzy\u015bci ze wsp\u00f3\u0142pracy z Las Ventas Tour Prowizje od sprzeda\u017cy Uzyskaj specjalne warunki za ka\u017cd\u0105 sprzeda\u017c wygenerowan\u0105 przez Twoj\u0105 firm\u0119. Im wi\u0119cej os\u00f3b przyprowadzisz, tym wi\u0119ksza prowizja! \u0141atwa rezerwacja Wszystkie rezerwacje s\u0105 dokonywane z aplikacji Clorian. Szybko i \u0142atwo zarz\u0105dzaj datami, us\u0142ugami i harmonogramami....","protected":false},"author":1,"featured_media":0,"parent":0,"menu_order":0,"comment_status":"closed","ping_status":"closed","template":"","meta":{"footnotes":""},"class_list":["post-5793","page","type-page","status-publish","hentry"],"yoast_head":"<!-- This site is optimized with the Yoast SEO plugin v27.4 - https:\/\/yoast.com\/product\/yoast-seo-wordpress\/ -->\n<title>Zarejestruj si\u0119 jako agencja wsp\u00f3\u0142pracuj\u0105ca | Las Ventas Tour Madrid<\/title>\n<meta name=\"description\" content=\"Profesjonali\u015bci i agencje turystyczne | Zarejestruj si\u0119 i zarz\u0105dzaj rezerwacjami Las Ventas Tour w \u0142atwy i prosty spos\u00f3b.\" \/>\n<meta name=\"robots\" content=\"index, follow, max-snippet:-1, max-image-preview:large, max-video-preview:-1\" \/>\n<link rel=\"canonical\" href=\"https:\/\/lasventastour.com\/pl\/profesjonalisci-i-agencje\/\" \/>\n<meta property=\"og:locale\" content=\"pl_PL\" \/>\n<meta property=\"og:type\" content=\"article\" \/>\n<meta property=\"og:title\" content=\"Zarejestruj si\u0119 jako agencja wsp\u00f3\u0142pracuj\u0105ca | Las Ventas Tour Madrid\" \/>\n<meta property=\"og:description\" content=\"Profesjonali\u015bci i agencje turystyczne | Zarejestruj si\u0119 i zarz\u0105dzaj rezerwacjami Las Ventas Tour w \u0142atwy i prosty spos\u00f3b.\" \/>\n<meta property=\"og:url\" content=\"https:\/\/lasventastour.com\/pl\/profesjonalisci-i-agencje\/\" \/>\n<meta property=\"og:site_name\" content=\"Las Ventas Tour\" \/>\n<meta property=\"article:modified_time\" content=\"2026-02-09T11:28:50+00:00\" \/>\n<meta property=\"og:image\" content=\"https:\/\/lasventastour.com\/wp-content\/uploads\/2023\/12\/paseillo-en-las-ventas.webp\" \/>\n\t<meta property=\"og:image:width\" content=\"511\" \/>\n\t<meta property=\"og:image:height\" content=\"280\" \/>\n\t<meta property=\"og:image:type\" content=\"image\/webp\" \/>\n<meta name=\"twitter:card\" content=\"summary_large_image\" \/>\n<meta name=\"twitter:label1\" content=\"Szacowany czas czytania\" \/>\n\t<meta name=\"twitter:data1\" content=\"7 minut\" \/>\n<script type=\"application\/ld+json\" class=\"yoast-schema-graph\">{\"@context\":\"https:\\\/\\\/schema.org\",\"@graph\":[{\"@type\":\"WebPage\",\"@id\":\"https:\\\/\\\/lasventastour.com\\\/pl\\\/profesjonalisci-i-agencje\\\/\",\"url\":\"https:\\\/\\\/lasventastour.com\\\/pl\\\/profesjonalisci-i-agencje\\\/\",\"name\":\"Zarejestruj si\u0119 jako agencja wsp\u00f3\u0142pracuj\u0105ca | Las Ventas Tour Madrid\",\"isPartOf\":{\"@id\":\"https:\\\/\\\/lasventastour.com\\\/pl\\\/#website\"},\"datePublished\":\"2024-01-19T09:05:32+00:00\",\"dateModified\":\"2026-02-09T11:28:50+00:00\",\"description\":\"Profesjonali\u015bci i agencje turystyczne | Zarejestruj si\u0119 i zarz\u0105dzaj rezerwacjami Las Ventas Tour w \u0142atwy i prosty spos\u00f3b.\",\"breadcrumb\":{\"@id\":\"https:\\\/\\\/lasventastour.com\\\/pl\\\/profesjonalisci-i-agencje\\\/#breadcrumb\"},\"inLanguage\":\"pl-PL\",\"potentialAction\":[{\"@type\":\"ReadAction\",\"target\":[\"https:\\\/\\\/lasventastour.com\\\/pl\\\/profesjonalisci-i-agencje\\\/\"]}]},{\"@type\":\"BreadcrumbList\",\"@id\":\"https:\\\/\\\/lasventastour.com\\\/pl\\\/profesjonalisci-i-agencje\\\/#breadcrumb\",\"itemListElement\":[{\"@type\":\"ListItem\",\"position\":1,\"name\":\"Portada\",\"item\":\"https:\\\/\\\/lasventastour.com\\\/pl\\\/\"},{\"@type\":\"ListItem\",\"position\":2,\"name\":\"Profesjonali\u015bci i agencje\"}]},{\"@type\":\"WebSite\",\"@id\":\"https:\\\/\\\/lasventastour.com\\\/pl\\\/#website\",\"url\":\"https:\\\/\\\/lasventastour.com\\\/pl\\\/\",\"name\":\"Las Ventas Tour\",\"description\":\"Tour Las Ventas | Plaza de Toros de Madrid | Web Oficial\",\"publisher\":{\"@id\":\"https:\\\/\\\/lasventastour.com\\\/pl\\\/#organization\"},\"alternateName\":\"Las Ventas Tour\",\"potentialAction\":[{\"@type\":\"SearchAction\",\"target\":{\"@type\":\"EntryPoint\",\"urlTemplate\":\"https:\\\/\\\/lasventastour.com\\\/pl\\\/?s={search_term_string}\"},\"query-input\":{\"@type\":\"PropertyValueSpecification\",\"valueRequired\":true,\"valueName\":\"search_term_string\"}}],\"inLanguage\":\"pl-PL\"},{\"@type\":\"Organization\",\"@id\":\"https:\\\/\\\/lasventastour.com\\\/pl\\\/#organization\",\"name\":\"Las Ventas Tour\",\"alternateName\":\"Las Ventas Tour\",\"url\":\"https:\\\/\\\/lasventastour.com\\\/pl\\\/\",\"logo\":{\"@type\":\"ImageObject\",\"inLanguage\":\"pl-PL\",\"@id\":\"https:\\\/\\\/lasventastour.com\\\/pl\\\/#\\\/schema\\\/logo\\\/image\\\/\",\"url\":\"https:\\\/\\\/lasventastour.com\\\/wp-content\\\/uploads\\\/2024\\\/09\\\/cropped-Logo-Las-Ventas-1.webp\",\"contentUrl\":\"https:\\\/\\\/lasventastour.com\\\/wp-content\\\/uploads\\\/2024\\\/09\\\/cropped-Logo-Las-Ventas-1.webp\",\"width\":512,\"height\":512,\"caption\":\"Las Ventas Tour\"},\"image\":{\"@id\":\"https:\\\/\\\/lasventastour.com\\\/pl\\\/#\\\/schema\\\/logo\\\/image\\\/\"},\"sameAs\":[\"https:\\\/\\\/www.instagram.com\\\/lasventastour\\\/\"]}]}<\/script>\n<!-- \/ Yoast SEO plugin. -->","yoast_head_json":{"title":"Zarejestruj si\u0119 jako agencja wsp\u00f3\u0142pracuj\u0105ca | Las Ventas Tour Madrid","description":"Profesjonali\u015bci i agencje turystyczne | Zarejestruj si\u0119 i zarz\u0105dzaj rezerwacjami Las Ventas Tour w \u0142atwy i prosty spos\u00f3b.","robots":{"index":"index","follow":"follow","max-snippet":"max-snippet:-1","max-image-preview":"max-image-preview:large","max-video-preview":"max-video-preview:-1"},"canonical":"https:\/\/lasventastour.com\/pl\/profesjonalisci-i-agencje\/","og_locale":"pl_PL","og_type":"article","og_title":"Zarejestruj si\u0119 jako agencja wsp\u00f3\u0142pracuj\u0105ca | Las Ventas Tour Madrid","og_description":"Profesjonali\u015bci i agencje turystyczne | Zarejestruj si\u0119 i zarz\u0105dzaj rezerwacjami Las Ventas Tour w \u0142atwy i prosty spos\u00f3b.","og_url":"https:\/\/lasventastour.com\/pl\/profesjonalisci-i-agencje\/","og_site_name":"Las Ventas Tour","article_modified_time":"2026-02-09T11:28:50+00:00","og_image":[{"width":511,"height":280,"url":"https:\/\/lasventastour.com\/wp-content\/uploads\/2023\/12\/paseillo-en-las-ventas.webp","type":"image\/webp"}],"twitter_card":"summary_large_image","twitter_misc":{"Szacowany czas czytania":"7 minut"},"schema":{"@context":"https:\/\/schema.org","@graph":[{"@type":"WebPage","@id":"https:\/\/lasventastour.com\/pl\/profesjonalisci-i-agencje\/","url":"https:\/\/lasventastour.com\/pl\/profesjonalisci-i-agencje\/","name":"Zarejestruj si\u0119 jako agencja wsp\u00f3\u0142pracuj\u0105ca | Las Ventas Tour Madrid","isPartOf":{"@id":"https:\/\/lasventastour.com\/pl\/#website"},"datePublished":"2024-01-19T09:05:32+00:00","dateModified":"2026-02-09T11:28:50+00:00","description":"Profesjonali\u015bci i agencje turystyczne | Zarejestruj si\u0119 i zarz\u0105dzaj rezerwacjami Las Ventas Tour w \u0142atwy i prosty spos\u00f3b.","breadcrumb":{"@id":"https:\/\/lasventastour.com\/pl\/profesjonalisci-i-agencje\/#breadcrumb"},"inLanguage":"pl-PL","potentialAction":[{"@type":"ReadAction","target":["https:\/\/lasventastour.com\/pl\/profesjonalisci-i-agencje\/"]}]},{"@type":"BreadcrumbList","@id":"https:\/\/lasventastour.com\/pl\/profesjonalisci-i-agencje\/#breadcrumb","itemListElement":[{"@type":"ListItem","position":1,"name":"Portada","item":"https:\/\/lasventastour.com\/pl\/"},{"@type":"ListItem","position":2,"name":"Profesjonali\u015bci i agencje"}]},{"@type":"WebSite","@id":"https:\/\/lasventastour.com\/pl\/#website","url":"https:\/\/lasventastour.com\/pl\/","name":"Las Ventas Tour","description":"Tour Las Ventas | Plaza de Toros de Madrid | Web Oficial","publisher":{"@id":"https:\/\/lasventastour.com\/pl\/#organization"},"alternateName":"Las Ventas Tour","potentialAction":[{"@type":"SearchAction","target":{"@type":"EntryPoint","urlTemplate":"https:\/\/lasventastour.com\/pl\/?s={search_term_string}"},"query-input":{"@type":"PropertyValueSpecification","valueRequired":true,"valueName":"search_term_string"}}],"inLanguage":"pl-PL"},{"@type":"Organization","@id":"https:\/\/lasventastour.com\/pl\/#organization","name":"Las Ventas Tour","alternateName":"Las Ventas Tour","url":"https:\/\/lasventastour.com\/pl\/","logo":{"@type":"ImageObject","inLanguage":"pl-PL","@id":"https:\/\/lasventastour.com\/pl\/#\/schema\/logo\/image\/","url":"https:\/\/lasventastour.com\/wp-content\/uploads\/2024\/09\/cropped-Logo-Las-Ventas-1.webp","contentUrl":"https:\/\/lasventastour.com\/wp-content\/uploads\/2024\/09\/cropped-Logo-Las-Ventas-1.webp","width":512,"height":512,"caption":"Las Ventas Tour"},"image":{"@id":"https:\/\/lasventastour.com\/pl\/#\/schema\/logo\/image\/"},"sameAs":["https:\/\/www.instagram.com\/lasventastour\/"]}]}},"_links":{"self":[{"href":"https:\/\/lasventastour.com\/pl\/wp-json\/wp\/v2\/pages\/5793","targetHints":{"allow":["GET"]}}],"collection":[{"href":"https:\/\/lasventastour.com\/pl\/wp-json\/wp\/v2\/pages"}],"about":[{"href":"https:\/\/lasventastour.com\/pl\/wp-json\/wp\/v2\/types\/page"}],"author":[{"embeddable":true,"href":"https:\/\/lasventastour.com\/pl\/wp-json\/wp\/v2\/users\/1"}],"replies":[{"embeddable":true,"href":"https:\/\/lasventastour.com\/pl\/wp-json\/wp\/v2\/comments?post=5793"}],"version-history":[{"count":2,"href":"https:\/\/lasventastour.com\/pl\/wp-json\/wp\/v2\/pages\/5793\/revisions"}],"predecessor-version":[{"id":5795,"href":"https:\/\/lasventastour.com\/pl\/wp-json\/wp\/v2\/pages\/5793\/revisions\/5795"}],"wp:attachment":[{"href":"https:\/\/lasventastour.com\/pl\/wp-json\/wp\/v2\/media?parent=5793"}],"curies":[{"name":"wp","href":"https:\/\/api.w.org\/{rel}","templated":true}]}}