{"id":5752,"date":"2023-12-05T11:58:40","date_gmt":"2023-12-05T11:58:40","guid":{"rendered":"https:\/\/lasventastour.com\/pracuj-z-nami\/"},"modified":"2026-02-09T11:18:48","modified_gmt":"2026-02-09T11:18:48","slug":"pracuj-z-nami","status":"publish","type":"page","link":"https:\/\/lasventastour.com\/pl\/pracuj-z-nami\/","title":{"rendered":"Pracuj z nami"},"content":{"rendered":"<section class=\"l-section wpb_row height_medium\"><div class=\"l-section-h i-cf\"><div class=\"g-cols vc_row via_grid cols_1 laptops-cols_inherit tablets-cols_inherit mobiles-cols_1 valign_top type_default stacking_default\"><div class=\"wpb_column vc_column_container\"><div class=\"vc_column-inner\"><div class=\"wpb_text_column\"><div class=\"wpb_wrapper\"><h1 style=\"text-align: left;\">Pracuj z nami<\/h1>\n<p>Zostaw nam swoje CV<\/p>\n<p>Je\u015bli chcesz by\u0107 cz\u0119\u015bci\u0105 naszego banku ofert pracy, zostaw nam swoje CV. Skontaktujemy si\u0119 z Tob\u0105, gdy otrzymamy ofert\u0119 pracy pasuj\u0105c\u0105 do Twojego profilu zawodowego.<\/p>\n<\/div><\/div><div class=\"w-separator size_medium\"><\/div>\n<div class=\"wpcf7 no-js\" id=\"wpcf7-f5950-o1\" lang=\"pl-PL\" dir=\"ltr\" data-wpcf7-id=\"5950\">\n<div class=\"screen-reader-response\"><p role=\"status\" aria-live=\"polite\" aria-atomic=\"true\"><\/p> <ul><\/ul><\/div>\n<form action=\"\/pl\/wp-json\/wp\/v2\/pages\/5752#wpcf7-f5950-o1\" method=\"post\" class=\"wpcf7-form init\" aria-label=\"Formularz kontaktowy\" enctype=\"multipart\/form-data\" novalidate=\"novalidate\" data-status=\"init\">\n<fieldset class=\"hidden-fields-container\"><input type=\"hidden\" name=\"_wpcf7\" value=\"5950\" \/><input type=\"hidden\" name=\"_wpcf7_version\" value=\"6.1.5\" \/><input type=\"hidden\" name=\"_wpcf7_locale\" value=\"pl_PL\" \/><input type=\"hidden\" name=\"_wpcf7_unit_tag\" value=\"wpcf7-f5950-o1\" \/><input type=\"hidden\" name=\"_wpcf7_container_post\" value=\"0\" \/><input type=\"hidden\" name=\"_wpcf7_posted_data_hash\" value=\"\" \/>\n<\/fieldset>\n<p><label> Imi\u0119 i nazwisko<br \/>\n<span class=\"wpcf7-form-control-wrap\" data-name=\"your-name\"><input size=\"40\" maxlength=\"400\" class=\"wpcf7-form-control wpcf7-text wpcf7-validates-as-required\" autocomplete=\"name\" aria-required=\"true\" aria-invalid=\"false\" value=\"\" type=\"text\" name=\"your-name\" \/><\/span> <\/label>\n<\/p>\n<p><label> Adres e-mail<br \/>\n<span class=\"wpcf7-form-control-wrap\" data-name=\"your-email\"><input size=\"40\" maxlength=\"400\" class=\"wpcf7-form-control wpcf7-email wpcf7-validates-as-required wpcf7-text wpcf7-validates-as-email\" autocomplete=\"email\" aria-required=\"true\" aria-invalid=\"false\" value=\"\" type=\"email\" name=\"your-email\" \/><\/span> <\/label>\n<\/p>\n<p><label> Telefon<br \/>\n<span class=\"wpcf7-form-control-wrap\" data-name=\"tel-149\"><input size=\"40\" maxlength=\"400\" class=\"wpcf7-form-control wpcf7-tel wpcf7-validates-as-required wpcf7-text wpcf7-validates-as-tel\" aria-required=\"true\" aria-invalid=\"false\" value=\"\" type=\"tel\" name=\"tel-149\" \/><\/span> <\/label>\n<\/p>\n<p><label> Zadanie do wykonania<br \/>\n<span class=\"wpcf7-form-control-wrap\" data-name=\"menu-152\"><select class=\"wpcf7-form-control wpcf7-select wpcf7-validates-as-required\" aria-required=\"true\" aria-invalid=\"false\" name=\"menu-152\"><option value=\"Przewodnik\">Przewodnik<\/option><option value=\"Biura\">Biura<\/option><option value=\"Inne funkcje\">Inne funkcje<\/option><\/select><\/span> <\/label>\n<\/p>\n<p><label> Jakimi j\u0119zykami m\u00f3wisz? <\/label><br \/>\n<span class=\"wpcf7-form-control-wrap\" data-name=\"checkbox-481\"><span class=\"wpcf7-form-control wpcf7-checkbox wpcf7-validates-as-required\"><span class=\"wpcf7-list-item first\"><label><input type=\"checkbox\" name=\"checkbox-481[]\" value=\"Hiszpa\u0144ski\" \/><span class=\"wpcf7-list-item-label\">Hiszpa\u0144ski<\/span><\/label><\/span><span class=\"wpcf7-list-item\"><label><input type=\"checkbox\" name=\"checkbox-481[]\" value=\"Angielski\" \/><span class=\"wpcf7-list-item-label\">Angielski<\/span><\/label><\/span><span class=\"wpcf7-list-item\"><label><input type=\"checkbox\" name=\"checkbox-481[]\" value=\"W\u0142oski\" \/><span class=\"wpcf7-list-item-label\">W\u0142oski<\/span><\/label><\/span><span class=\"wpcf7-list-item\"><label><input type=\"checkbox\" name=\"checkbox-481[]\" value=\"Francuski\" \/><span class=\"wpcf7-list-item-label\">Francuski<\/span><\/label><\/span><span class=\"wpcf7-list-item\"><label><input type=\"checkbox\" name=\"checkbox-481[]\" value=\"Niemiecki\" \/><span class=\"wpcf7-list-item-label\">Niemiecki<\/span><\/label><\/span><span class=\"wpcf7-list-item\"><label><input type=\"checkbox\" name=\"checkbox-481[]\" value=\"Chi\u0144ski\" \/><span class=\"wpcf7-list-item-label\">Chi\u0144ski<\/span><\/label><\/span><span class=\"wpcf7-list-item\"><label><input type=\"checkbox\" name=\"checkbox-481[]\" value=\"Japo\u0144ski\" \/><span class=\"wpcf7-list-item-label\">Japo\u0144ski<\/span><\/label><\/span><span class=\"wpcf7-list-item\"><label><input type=\"checkbox\" name=\"checkbox-481[]\" value=\"Portugalski\" \/><span class=\"wpcf7-list-item-label\">Portugalski<\/span><\/label><\/span><span class=\"wpcf7-list-item last\"><label><input type=\"checkbox\" name=\"checkbox-481[]\" value=\"Inne\" \/><span class=\"wpcf7-list-item-label\">Inne<\/span><\/label><\/span><\/span><\/span>\n<\/p>\n<p><label> Za\u0142\u0105cz swoje CV<br \/>\n<span class=\"wpcf7-form-control-wrap\" data-name=\"file-482\"><input size=\"40\" class=\"wpcf7-form-control wpcf7-file wpcf7-validates-as-required\" accept=\".pdf,.doc,.docx\" aria-required=\"true\" aria-invalid=\"false\" type=\"file\" name=\"file-482\" \/><\/span> <\/label>\n<\/p>\n<p><span class=\"wpcf7-form-control-wrap\" data-name=\"Privacidad\"><span class=\"wpcf7-form-control wpcf7-acceptance\"><span class=\"wpcf7-list-item\"><label><input type=\"checkbox\" name=\"Privacidad\" value=\"1\" aria-invalid=\"false\" \/><span class=\"wpcf7-list-item-label\">Przeczyta\u0142em i akceptuj\u0119 <a href=\"\/politica-de-privacidad\">Polityk\u0119 prywatno\u015bci<\/a><\/span><\/label><\/span><\/span><\/span>\n<\/p>\n<div class=\"cf7-cf-turnstile\" style=\"margin-top: 0px; margin-bottom: -15px;\"> <div id=\"cf-turnstile-cf7-1267005397\" class=\"cf-turnstile\" data-sitekey=\"0x4AAAAAAAwoAEpCQEqCi9aG\" data-theme=\"light\" data-language=\"auto\" data-size=\"normal\" data-retry=\"auto\" data-retry-interval=\"1000\" data-refresh-expired=\"auto\" data-refresh-timeout=\"auto\" data-action=\"contact-form-7\" data-callback=\"turnstileCF7Callback\" data-appearance=\"always\"><\/div> <script>document.addEventListener(\"DOMContentLoaded\", function() { setTimeout(function(){ var e=document.getElementById(\"cf-turnstile-cf7-1267005397\"); if(e&&!e.innerHTML.trim()){turnstile.render(e, {sitekey:\"0x4AAAAAAAwoAEpCQEqCi9aG\"});} }, 200); });<\/script> <br class=\"cf-turnstile-br cf-turnstile-br-cf7-1267005397\"> <style>#cf-turnstile-cf7-1267005397 { margin-left: -15px; }<\/style> <script>document.addEventListener(\"DOMContentLoaded\",function(){document.querySelectorAll('.wpcf7-form').forEach(function(e){e.addEventListener('submit',function(){if(document.getElementById('cf-turnstile-cf7-1267005397')){setTimeout(function(){turnstile.reset('#cf-turnstile-cf7-1267005397');},1000)}})})});<\/script> <\/div><br\/><input class=\"wpcf7-form-control wpcf7-submit has-spinner\" type=\"submit\" value=\"Wy\u015blij\" \/>\n<\/p><div class=\"wpcf7-response-output\" aria-hidden=\"true\"><\/div>\n<\/form>\n<\/div>\n<\/div><\/div><\/div><\/div><\/section>\n","protected":false},"excerpt":{"rendered":"Pracuj z nami Zostaw nam swoje CV Je\u015bli chcesz by\u0107 cz\u0119\u015bci\u0105 naszego banku ofert pracy, zostaw nam swoje CV. Skontaktujemy si\u0119 z Tob\u0105, gdy otrzymamy ofert\u0119 pracy pasuj\u0105c\u0105 do Twojego profilu zawodowego. Imi\u0119 i nazwisko Adres e-mail Telefon Zadanie do wykonania PrzewodnikBiuraInne funkcje Jakimi j\u0119zykami m\u00f3wisz? Hiszpa\u0144skiAngielskiW\u0142oskiFrancuskiNiemieckiChi\u0144skiJapo\u0144skiPortugalskiInne Za\u0142\u0105cz swoje CV Przeczyta\u0142em i akceptuj\u0119 Polityk\u0119 prywatno\u015bci","protected":false},"author":1,"featured_media":0,"parent":0,"menu_order":0,"comment_status":"closed","ping_status":"closed","template":"","meta":{"footnotes":""},"class_list":["post-5752","page","type-page","status-publish","hentry"],"yoast_head":"<!-- This site is optimized with the Yoast SEO plugin v27.4 - https:\/\/yoast.com\/product\/yoast-seo-wordpress\/ -->\n<title>Pracuj z nami : Tour Plaza Toros Madrid<\/title>\n<meta name=\"description\" content=\"Zostaw nam swoje dane kontaktowe i rozpocznij jedn\u0105 z najbardziej ekscytuj\u0105cych wycieczek w spo\u0142eczno\u015bci Madrytu Czysta pasja walki byk\u00f3w!\" \/>\n<meta name=\"robots\" content=\"index, follow, max-snippet:-1, max-image-preview:large, max-video-preview:-1\" \/>\n<link rel=\"canonical\" href=\"https:\/\/lasventastour.com\/pl\/pracuj-z-nami\/\" \/>\n<meta property=\"og:locale\" content=\"pl_PL\" \/>\n<meta property=\"og:type\" content=\"article\" \/>\n<meta property=\"og:title\" content=\"Pracuj z nami : Tour Plaza Toros Madrid\" \/>\n<meta property=\"og:description\" content=\"Zostaw nam swoje dane kontaktowe i rozpocznij jedn\u0105 z najbardziej ekscytuj\u0105cych wycieczek w spo\u0142eczno\u015bci Madrytu Czysta pasja walki byk\u00f3w!\" \/>\n<meta property=\"og:url\" content=\"https:\/\/lasventastour.com\/pl\/pracuj-z-nami\/\" \/>\n<meta property=\"og:site_name\" content=\"Las Ventas Tour\" \/>\n<meta property=\"article:modified_time\" content=\"2026-02-09T11:18:48+00:00\" \/>\n<meta property=\"og:image\" content=\"https:\/\/lasventastour.com\/wp-content\/uploads\/2023\/12\/paseillo-en-las-ventas.webp\" \/>\n\t<meta property=\"og:image:width\" content=\"511\" \/>\n\t<meta property=\"og:image:height\" content=\"280\" \/>\n\t<meta property=\"og:image:type\" content=\"image\/webp\" \/>\n<meta name=\"twitter:card\" content=\"summary_large_image\" \/>\n<script type=\"application\/ld+json\" class=\"yoast-schema-graph\">{\"@context\":\"https:\\\/\\\/schema.org\",\"@graph\":[{\"@type\":\"WebPage\",\"@id\":\"https:\\\/\\\/lasventastour.com\\\/pl\\\/pracuj-z-nami\\\/\",\"url\":\"https:\\\/\\\/lasventastour.com\\\/pl\\\/pracuj-z-nami\\\/\",\"name\":\"Pracuj z nami : Tour Plaza Toros Madrid\",\"isPartOf\":{\"@id\":\"https:\\\/\\\/lasventastour.com\\\/pl\\\/#website\"},\"datePublished\":\"2023-12-05T11:58:40+00:00\",\"dateModified\":\"2026-02-09T11:18:48+00:00\",\"description\":\"Zostaw nam swoje dane kontaktowe i rozpocznij jedn\u0105 z najbardziej ekscytuj\u0105cych wycieczek w spo\u0142eczno\u015bci Madrytu Czysta pasja walki byk\u00f3w!\",\"breadcrumb\":{\"@id\":\"https:\\\/\\\/lasventastour.com\\\/pl\\\/pracuj-z-nami\\\/#breadcrumb\"},\"inLanguage\":\"pl-PL\",\"potentialAction\":[{\"@type\":\"ReadAction\",\"target\":[\"https:\\\/\\\/lasventastour.com\\\/pl\\\/pracuj-z-nami\\\/\"]}]},{\"@type\":\"BreadcrumbList\",\"@id\":\"https:\\\/\\\/lasventastour.com\\\/pl\\\/pracuj-z-nami\\\/#breadcrumb\",\"itemListElement\":[{\"@type\":\"ListItem\",\"position\":1,\"name\":\"Portada\",\"item\":\"https:\\\/\\\/lasventastour.com\\\/pl\\\/\"},{\"@type\":\"ListItem\",\"position\":2,\"name\":\"Pracuj z nami\"}]},{\"@type\":\"WebSite\",\"@id\":\"https:\\\/\\\/lasventastour.com\\\/pl\\\/#website\",\"url\":\"https:\\\/\\\/lasventastour.com\\\/pl\\\/\",\"name\":\"Las Ventas Tour\",\"description\":\"Tour Las Ventas | Plaza de Toros de Madrid | Web Oficial\",\"publisher\":{\"@id\":\"https:\\\/\\\/lasventastour.com\\\/pl\\\/#organization\"},\"alternateName\":\"Las Ventas Tour\",\"potentialAction\":[{\"@type\":\"SearchAction\",\"target\":{\"@type\":\"EntryPoint\",\"urlTemplate\":\"https:\\\/\\\/lasventastour.com\\\/pl\\\/?s={search_term_string}\"},\"query-input\":{\"@type\":\"PropertyValueSpecification\",\"valueRequired\":true,\"valueName\":\"search_term_string\"}}],\"inLanguage\":\"pl-PL\"},{\"@type\":\"Organization\",\"@id\":\"https:\\\/\\\/lasventastour.com\\\/pl\\\/#organization\",\"name\":\"Las Ventas Tour\",\"alternateName\":\"Las Ventas Tour\",\"url\":\"https:\\\/\\\/lasventastour.com\\\/pl\\\/\",\"logo\":{\"@type\":\"ImageObject\",\"inLanguage\":\"pl-PL\",\"@id\":\"https:\\\/\\\/lasventastour.com\\\/pl\\\/#\\\/schema\\\/logo\\\/image\\\/\",\"url\":\"https:\\\/\\\/lasventastour.com\\\/wp-content\\\/uploads\\\/2024\\\/09\\\/cropped-Logo-Las-Ventas-1.webp\",\"contentUrl\":\"https:\\\/\\\/lasventastour.com\\\/wp-content\\\/uploads\\\/2024\\\/09\\\/cropped-Logo-Las-Ventas-1.webp\",\"width\":512,\"height\":512,\"caption\":\"Las Ventas Tour\"},\"image\":{\"@id\":\"https:\\\/\\\/lasventastour.com\\\/pl\\\/#\\\/schema\\\/logo\\\/image\\\/\"},\"sameAs\":[\"https:\\\/\\\/www.instagram.com\\\/lasventastour\\\/\"]}]}<\/script>\n<!-- \/ Yoast SEO plugin. -->","yoast_head_json":{"title":"Pracuj z nami : Tour Plaza Toros Madrid","description":"Zostaw nam swoje dane kontaktowe i rozpocznij jedn\u0105 z najbardziej ekscytuj\u0105cych wycieczek w spo\u0142eczno\u015bci Madrytu Czysta pasja walki byk\u00f3w!","robots":{"index":"index","follow":"follow","max-snippet":"max-snippet:-1","max-image-preview":"max-image-preview:large","max-video-preview":"max-video-preview:-1"},"canonical":"https:\/\/lasventastour.com\/pl\/pracuj-z-nami\/","og_locale":"pl_PL","og_type":"article","og_title":"Pracuj z nami : Tour Plaza Toros Madrid","og_description":"Zostaw nam swoje dane kontaktowe i rozpocznij jedn\u0105 z najbardziej ekscytuj\u0105cych wycieczek w spo\u0142eczno\u015bci Madrytu Czysta pasja walki byk\u00f3w!","og_url":"https:\/\/lasventastour.com\/pl\/pracuj-z-nami\/","og_site_name":"Las Ventas Tour","article_modified_time":"2026-02-09T11:18:48+00:00","og_image":[{"width":511,"height":280,"url":"https:\/\/lasventastour.com\/wp-content\/uploads\/2023\/12\/paseillo-en-las-ventas.webp","type":"image\/webp"}],"twitter_card":"summary_large_image","schema":{"@context":"https:\/\/schema.org","@graph":[{"@type":"WebPage","@id":"https:\/\/lasventastour.com\/pl\/pracuj-z-nami\/","url":"https:\/\/lasventastour.com\/pl\/pracuj-z-nami\/","name":"Pracuj z nami : Tour Plaza Toros Madrid","isPartOf":{"@id":"https:\/\/lasventastour.com\/pl\/#website"},"datePublished":"2023-12-05T11:58:40+00:00","dateModified":"2026-02-09T11:18:48+00:00","description":"Zostaw nam swoje dane kontaktowe i rozpocznij jedn\u0105 z najbardziej ekscytuj\u0105cych wycieczek w spo\u0142eczno\u015bci Madrytu Czysta pasja walki byk\u00f3w!","breadcrumb":{"@id":"https:\/\/lasventastour.com\/pl\/pracuj-z-nami\/#breadcrumb"},"inLanguage":"pl-PL","potentialAction":[{"@type":"ReadAction","target":["https:\/\/lasventastour.com\/pl\/pracuj-z-nami\/"]}]},{"@type":"BreadcrumbList","@id":"https:\/\/lasventastour.com\/pl\/pracuj-z-nami\/#breadcrumb","itemListElement":[{"@type":"ListItem","position":1,"name":"Portada","item":"https:\/\/lasventastour.com\/pl\/"},{"@type":"ListItem","position":2,"name":"Pracuj z nami"}]},{"@type":"WebSite","@id":"https:\/\/lasventastour.com\/pl\/#website","url":"https:\/\/lasventastour.com\/pl\/","name":"Las Ventas Tour","description":"Tour Las Ventas | Plaza de Toros de Madrid | Web Oficial","publisher":{"@id":"https:\/\/lasventastour.com\/pl\/#organization"},"alternateName":"Las Ventas Tour","potentialAction":[{"@type":"SearchAction","target":{"@type":"EntryPoint","urlTemplate":"https:\/\/lasventastour.com\/pl\/?s={search_term_string}"},"query-input":{"@type":"PropertyValueSpecification","valueRequired":true,"valueName":"search_term_string"}}],"inLanguage":"pl-PL"},{"@type":"Organization","@id":"https:\/\/lasventastour.com\/pl\/#organization","name":"Las Ventas Tour","alternateName":"Las Ventas Tour","url":"https:\/\/lasventastour.com\/pl\/","logo":{"@type":"ImageObject","inLanguage":"pl-PL","@id":"https:\/\/lasventastour.com\/pl\/#\/schema\/logo\/image\/","url":"https:\/\/lasventastour.com\/wp-content\/uploads\/2024\/09\/cropped-Logo-Las-Ventas-1.webp","contentUrl":"https:\/\/lasventastour.com\/wp-content\/uploads\/2024\/09\/cropped-Logo-Las-Ventas-1.webp","width":512,"height":512,"caption":"Las Ventas Tour"},"image":{"@id":"https:\/\/lasventastour.com\/pl\/#\/schema\/logo\/image\/"},"sameAs":["https:\/\/www.instagram.com\/lasventastour\/"]}]}},"_links":{"self":[{"href":"https:\/\/lasventastour.com\/pl\/wp-json\/wp\/v2\/pages\/5752","targetHints":{"allow":["GET"]}}],"collection":[{"href":"https:\/\/lasventastour.com\/pl\/wp-json\/wp\/v2\/pages"}],"about":[{"href":"https:\/\/lasventastour.com\/pl\/wp-json\/wp\/v2\/types\/page"}],"author":[{"embeddable":true,"href":"https:\/\/lasventastour.com\/pl\/wp-json\/wp\/v2\/users\/1"}],"replies":[{"embeddable":true,"href":"https:\/\/lasventastour.com\/pl\/wp-json\/wp\/v2\/comments?post=5752"}],"version-history":[{"count":2,"href":"https:\/\/lasventastour.com\/pl\/wp-json\/wp\/v2\/pages\/5752\/revisions"}],"predecessor-version":[{"id":5754,"href":"https:\/\/lasventastour.com\/pl\/wp-json\/wp\/v2\/pages\/5752\/revisions\/5754"}],"wp:attachment":[{"href":"https:\/\/lasventastour.com\/pl\/wp-json\/wp\/v2\/media?parent=5752"}],"curies":[{"name":"wp","href":"https:\/\/api.w.org\/{rel}","templated":true}]}}