{"id":43445,"date":"2026-04-28T09:15:24","date_gmt":"2026-04-28T09:15:24","guid":{"rendered":"https:\/\/lasventastour.com\/loze-vip\/"},"modified":"2026-04-28T11:11:58","modified_gmt":"2026-04-28T11:11:58","slug":"loze-vip","status":"publish","type":"page","link":"https:\/\/lasventastour.com\/pl\/loze-vip\/","title":{"rendered":"Lo\u017ce VIP"},"content":{"rendered":"<section class=\"l-section wpb_row height_medium\"><div class=\"l-section-h i-cf\"><div class=\"g-cols vc_row via_grid cols_2 laptops-cols_inherit tablets-cols_1 mobiles-cols_1 valign_middle type_default stacking_default\" style=\"--columns-gap:4vw;\"><div class=\"wpb_column vc_column_container us_custom_bdbb4a49\"><div class=\"vc_column-inner\"><div class=\"wpb_text_column us_custom_933613eb\"><div class=\"wpb_wrapper\"><h1>Lo\u017ce VIP w madryckiej arenie walk byk\u00f3w<\/h1>\n<\/div><\/div><div class=\"w-separator size_small\"><\/div><div class=\"w-iconbox iconpos_left style_default color_primary align_left no_text\"><div class=\"w-iconbox-icon\" style=\"font-size:1rem;\"><i class=\"fas fa-check\"><\/i><\/div><div class=\"w-iconbox-meta\"><p class=\"w-iconbox-title\" style=\"font-size:20px;\">Bilety Shadow<\/p><\/div><\/div><div class=\"w-separator size_small\"><\/div><div class=\"w-iconbox iconpos_left style_default color_primary align_left no_text\"><div class=\"w-iconbox-icon\" style=\"font-size:1rem;\"><i class=\"fas fa-check\"><\/i><\/div><div class=\"w-iconbox-meta\"><p class=\"w-iconbox-title\" style=\"font-size:20px;\">Catering i napoje bez ogranicze\u0144<\/p><\/div><\/div><div class=\"w-separator size_small\"><\/div><div class=\"w-iconbox iconpos_left style_default color_primary align_left no_text\"><div class=\"w-iconbox-icon\" style=\"font-size:1rem;\"><i class=\"fas fa-check\"><\/i><\/div><div class=\"w-iconbox-meta\"><p class=\"w-iconbox-title\" style=\"font-size:20px;\">Dost\u0119p do drzwi VIP<\/p><\/div><\/div><\/div><\/div><div class=\"wpb_column vc_column_container\"><div class=\"vc_column-inner\"><div class=\"w-image us_custom_f7999c5b has_ratio align_center\"><div class=\"w-image-h\"><div style=\"padding-bottom:100%\"><\/div><img decoding=\"async\" width=\"700\" height=\"700\" src=\"https:\/\/lasventastour.com\/wp-content\/uploads\/2026\/04\/Entradas-Vip-Madrid.webp\" class=\"attachment-large size-large\" alt=\"\" loading=\"lazy\" \/><\/div><\/div><\/div><\/div><\/div><\/div><\/section><section class=\"l-section wpb_row height_medium\"><div class=\"l-section-h i-cf\"><div class=\"g-cols vc_row via_grid cols_1 laptops-cols_inherit tablets-cols_inherit mobiles-cols_1 valign_top type_default stacking_default\"><div class=\"wpb_column vc_column_container\"><div class=\"vc_column-inner\"><div class=\"wpb_text_column\"><div class=\"wpb_wrapper\"><h2 style=\"text-align: center;\">Dost\u0119pne rodzaje bilet\u00f3w VIP<\/h2>\n<\/div><\/div><div class=\"w-separator size_medium\"><\/div><div class=\"w-grid us_grid type_grid layout_43072 no_results cols_4 overflow_hidden preload_style_spinner\" id=\"us_grid_1\" style=\"--columns:4;--gap:1.5rem;\" data-filterable=\"true\"><style>@media (max-width:1380px){#us_grid_1{--columns:3!important}}@media (max-width:1024px){#us_grid_1{--columns:2!important}}@media (max-width:600px){#us_grid_1{--columns:1!important}}.layout_43072 .w-grid-item-h{background:var(--color-content-bg);color:var(--color-content-text);border-radius:var(--site-border-radius);box-shadow:0 0.03rem 0.06rem rgba(0,0,0,0.1),0 0.1rem 0.3rem rgba(0,0,0,0.1);transition-duration:0.3s}.no-touch .layout_43072 .w-grid-item-h:hover{box-shadow:0 0.1rem 0.2rem rgba(0,0,0,0.1),0 0.33rem 1rem rgba(0,0,0,0.15);z-index:4}.layout_43072 .usg_vwrapper_1{transition-duration:0.2s;transform-origin:50% 50%;transform:scale(1) translate(0%,0%)}.layout_43072 .w-grid-item-h:focus-within .usg_vwrapper_1,.layout_43072 .w-grid-item-h:hover .usg_vwrapper_1{transform:scale(1) translate(0%,-2.4rem);opacity:1}.layout_43072 .usg_add_to_cart_1{transition-duration:0.3s;transform-origin:50% 50%;transform:scale(1) translate(0%,0%);opacity:0}.layout_43072 .w-grid-item-h:focus-within .usg_add_to_cart_1,.layout_43072 .w-grid-item-h:hover .usg_add_to_cart_1{transform:scale(1) translate(0%,0%);opacity:1}.layout_43072 .usg_product_field_1{color:#fff!important;font-size:12px!important;font-weight:700!important;text-transform:uppercase!important;position:absolute!important;top:10px!important;left:10px!important;padding-right:0.8rem!important;padding-left:0.8rem!important;border-radius:9em!important;background:var(--color-content-primary)!important}.layout_43072 .usg_vwrapper_1{background:inherit!important;padding:1rem 1.2rem 1rem 1.2rem!important}.layout_43072 .usg_post_title_1{color:inherit!important;font-size:1rem!important;margin-bottom:0.3rem!important}.layout_43072 .usg_product_field_3{font-weight:700!important}.layout_43072 .usg_add_to_cart_1{font-size:0.8rem!important;width:100%!important;border-radius:0!important;position:absolute!important;right:0!important;bottom:0!important;left:0!important}<\/style><div class=\"w-grid-list\"><\/div>\t<div class=\"w-grid-preloader\">\r\n\t\t<div class=\"g-preloader type_1\">\r\n\t\t\t<div><\/div>\r\n\t\t<\/div>\r\n\t<\/div>\r\n\t\t<div class=\"w-grid-json hidden\" onclick='return {&quot;action&quot;:&quot;us_ajax_grid&quot;,&quot;infinite_scroll&quot;:0,&quot;max_num_pages&quot;:0,&quot;pagination&quot;:&quot;none&quot;,&quot;template_vars&quot;:{&quot;columns&quot;:&quot;4&quot;,&quot;exclude_items&quot;:&quot;none&quot;,&quot;img_size&quot;:&quot;default&quot;,&quot;ignore_items_size&quot;:0,&quot;items_layout&quot;:&quot;43072&quot;,&quot;items_offset&quot;:&quot;1&quot;,&quot;load_animation&quot;:&quot;none&quot;,&quot;overriding_link&quot;:&quot;%7B%22url%22%3A%22%22%7D&quot;,&quot;post_id&quot;:0,&quot;query_args&quot;:{&quot;post_type&quot;:[&quot;product&quot;],&quot;tax_query&quot;:[{&quot;taxonomy&quot;:&quot;product_cat&quot;,&quot;field&quot;:&quot;slug&quot;,&quot;terms&quot;:[&quot;vip-bilety&quot;]},{&quot;taxonomy&quot;:&quot;product_visibility&quot;,&quot;field&quot;:&quot;slug&quot;,&quot;terms&quot;:[&quot;exclude-from-catalog&quot;],&quot;operator&quot;:&quot;NOT IN&quot;}],&quot;post_status&quot;:[&quot;publish&quot;],&quot;meta_query&quot;:[],&quot;posts_per_page&quot;:&quot;10&quot;},&quot;orderby_query_args&quot;:{&quot;orderby&quot;:{&quot;date&quot;:&quot;DESC&quot;}},&quot;type&quot;:&quot;grid&quot;,&quot;us_grid_post_type&quot;:&quot;product&quot;,&quot;us_grid_ajax_index&quot;:1,&quot;us_grid_filter_query_string&quot;:null,&quot;us_grid_index&quot;:1,&quot;page_args&quot;:[],&quot;lang&quot;:&quot;pl&quot;}}'><\/div>\r\n\t<\/div><\/div><\/div><\/div><\/div><\/section><section class=\"l-section wpb_row height_medium\"><div class=\"l-section-h i-cf\"><div class=\"g-cols vc_row via_grid cols_1 laptops-cols_inherit tablets-cols_inherit mobiles-cols_1 valign_top type_default stacking_default\"><div class=\"wpb_column vc_column_container\"><div class=\"vc_column-inner\"><div class=\"wpb_text_column\"><div class=\"wpb_wrapper\"><h2 style=\"text-align: center;\">Us\u0142ugi zawarte w lo\u017cy VIP<\/h2>\n<p style=\"text-align: center;\">Wszystko, czego potrzebujesz, aby cieszy\u0107 si\u0119 wyj\u0105tkowym do\u015bwiadczeniem premium.<\/p>\n<\/div><\/div><div class=\"w-separator size_large\"><\/div><div class=\"g-cols wpb_row via_grid cols_2 laptops-cols_inherit tablets-cols_inherit mobiles-cols_1 valign_middle type_default reversed stacking_default\" style=\"--columns-gap:3rem;\"><div class=\"wpb_column vc_column_container us_custom_a640122a us_animate_this\"><div class=\"vc_column-inner\"><div class=\"w-image align_center\"><div class=\"w-image-h\"><img decoding=\"async\" width=\"600\" height=\"600\" src=\"https:\/\/lasventastour.com\/wp-content\/uploads\/2026\/04\/Palco-VIP-con-camarero-600x600.webp\" class=\"attachment-woocommerce_single size-woocommerce_single\" alt=\"Palco VIP plaza toros con camarero\" loading=\"lazy\" srcset=\"https:\/\/lasventastour.com\/wp-content\/uploads\/2026\/04\/Palco-VIP-con-camarero-600x600.webp 600w, https:\/\/lasventastour.com\/wp-content\/uploads\/2026\/04\/Palco-VIP-con-camarero-300x300.webp 300w, https:\/\/lasventastour.com\/wp-content\/uploads\/2026\/04\/Palco-VIP-con-camarero-150x150.webp 150w, https:\/\/lasventastour.com\/wp-content\/uploads\/2026\/04\/Palco-VIP-con-camarero.webp 700w\" sizes=\"auto, (max-width: 600px) 100vw, 600px\" \/><\/div><\/div><\/div><\/div><div class=\"wpb_column vc_column_container us_custom_47474b22 us_animate_this\"><div class=\"vc_column-inner\"><div class=\"wpb_text_column\"><div class=\"wpb_wrapper\"><h3>Us\u0142uga cateringowa z kelnerem\/kelnerk\u0105<\/h3>\n<p>Ciesz si\u0119 do\u015bwiadczeniem VIP, nie martwi\u0105c si\u0119 o nic. W swoim boksie b\u0119dziesz mie\u0107 pe\u0142n\u0105 obs\u0142ug\u0119 gastronomiczn\u0105 i spersonalizowan\u0105 uwag\u0119 przez ca\u0142y czas trwania imprezy. <\/p>\n<ul>\n<li>Catering dla smakoszy z opcjami s\u0142odkimi i s\u0142onymi<\/li>\n<li>Otwarty bar podczas ca\u0142ego wydarzenia<\/li>\n<li>Obs\u0142uga kelnerska lub hostessy w samym pude\u0142ku<\/li>\n<\/ul>\n<p>Us\u0142uga rozpoczyna si\u0119 na godzin\u0119 przed walk\u0105 byk\u00f3w i trwa przez ca\u0142y czas jej trwania, dzi\u0119ki czemu jedyne, na czym musisz si\u0119 skupi\u0107, to podziwianie widowiska.<\/p>\n<\/div><\/div><\/div><\/div><\/div><div class=\"w-separator size_large\"><\/div><div class=\"g-cols wpb_row via_grid cols_2 laptops-cols_inherit tablets-cols_inherit mobiles-cols_1 valign_middle type_default stacking_default\" style=\"--columns-gap:3rem;\"><div class=\"wpb_column vc_column_container us_custom_7e20fa79 us_animate_this\"><div class=\"vc_column-inner\"><div class=\"wpb_text_column\"><div class=\"wpb_wrapper\"><h3>Dost\u0119p do przestrzeni obejmuje<\/h3>\n<p>Rozszerz do\u015bwiadczenie przed i po imprezie.<\/p>\n<ul>\n<li>Dost\u0119p do taras\u00f3w VIP oraz Sala Alcal\u00e1<\/li>\n<li>Ekskluzywna atmosfera z networkingiem<\/li>\n<li>Dodatkowa us\u0142uga cateringowa<\/li>\n<\/ul>\n<\/div><\/div><\/div><\/div><div class=\"wpb_column vc_column_container us_custom_d628d18a us_animate_this\"><div class=\"vc_column-inner\"><div class=\"w-image align_center\"><div class=\"w-image-h\"><img decoding=\"async\" width=\"700\" height=\"700\" src=\"https:\/\/lasventastour.com\/wp-content\/uploads\/2026\/04\/Sala-Alcala.webp\" class=\"attachment-full size-full\" alt=\"Sala Alcal\u00e1 plaza toros las ventas\" loading=\"lazy\" srcset=\"https:\/\/lasventastour.com\/wp-content\/uploads\/2026\/04\/Sala-Alcala.webp 700w, https:\/\/lasventastour.com\/wp-content\/uploads\/2026\/04\/Sala-Alcala-300x300.webp 300w, https:\/\/lasventastour.com\/wp-content\/uploads\/2026\/04\/Sala-Alcala-150x150.webp 150w, https:\/\/lasventastour.com\/wp-content\/uploads\/2026\/04\/Sala-Alcala-600x600.webp 600w\" sizes=\"auto, (max-width: 700px) 100vw, 700px\" \/><\/div><\/div><\/div><\/div><\/div><div class=\"w-separator size_large\"><\/div><div class=\"g-cols wpb_row via_grid cols_2 laptops-cols_inherit tablets-cols_inherit mobiles-cols_1 valign_middle type_default reversed stacking_default\" style=\"--columns-gap:3rem;\"><div class=\"wpb_column vc_column_container us_custom_a640122a us_animate_this\"><div class=\"vc_column-inner\"><div class=\"w-image align_center\"><div class=\"w-image-h\"><img decoding=\"async\" width=\"600\" height=\"600\" src=\"https:\/\/lasventastour.com\/wp-content\/uploads\/2026\/04\/Palcos-vip-sombra-madrid-600x600.webp\" class=\"attachment-woocommerce_single size-woocommerce_single\" alt=\"\" loading=\"lazy\" srcset=\"https:\/\/lasventastour.com\/wp-content\/uploads\/2026\/04\/Palcos-vip-sombra-madrid-600x600.webp 600w, https:\/\/lasventastour.com\/wp-content\/uploads\/2026\/04\/Palcos-vip-sombra-madrid-300x300.webp 300w, https:\/\/lasventastour.com\/wp-content\/uploads\/2026\/04\/Palcos-vip-sombra-madrid-150x150.webp 150w, https:\/\/lasventastour.com\/wp-content\/uploads\/2026\/04\/Palcos-vip-sombra-madrid.webp 700w\" sizes=\"auto, (max-width: 600px) 100vw, 600px\" \/><\/div><\/div><\/div><\/div><div class=\"wpb_column vc_column_container us_custom_47474b22 us_animate_this\"><div class=\"vc_column-inner\"><div class=\"wpb_text_column\"><div class=\"wpb_wrapper\"><h3>Lokalizacja skrzynki uprzywilejowanej<\/h3>\n<ul>\n<li>Boksy ze spektakularnymi widokami<\/li>\n<li>Preferowane obszary ringu byk\u00f3w<\/li>\n<li>Zmniejszona zdolno\u015b\u0107 do zachowania prywatno\u015bci<\/li>\n<\/ul>\n<p>Boksy mog\u0105 pomie\u015bci\u0107 do 20 os\u00f3b.<\/p>\n<\/div><\/div><\/div><\/div><\/div><div class=\"w-separator size_large\"><\/div><\/div><\/div><\/div><\/div><\/section><section class=\"l-section wpb_row height_medium\"><div class=\"l-section-h i-cf\"><div class=\"g-cols vc_row via_grid cols_1 laptops-cols_inherit tablets-cols_inherit mobiles-cols_1 valign_top type_default stacking_default\"><div class=\"wpb_column vc_column_container\"><div class=\"vc_column-inner\"><div class=\"wpb_text_column\"><div class=\"wpb_wrapper\"><h2 style=\"text-align: center;\">Opinie klient\u00f3w<\/h2>\n<\/div><\/div><div class=\"w-separator size_medium\"><\/div><div class=\"g-cols wpb_row via_grid cols_3 laptops-cols_inherit tablets-cols_inherit mobiles-cols_1 valign_top type_default stacking_default\" style=\"--columns-gap:3rem;\"><div class=\"wpb_column vc_column_container\"><div class=\"vc_column-inner\"><div class=\"wpb_text_column\"><div class=\"wpb_wrapper\"><p>Javier Mart\u00ednez<\/p>\n<p>Spektakularne do\u015bwiadczenie. Lo\u017ca VIP jest tego warta: brak kolejek, catering przez ca\u0142y czas trwania walki byk\u00f3w i nienaganna obs\u0142uga. Idealna, by cieszy\u0107 si\u0119 walkami byk\u00f3w w komfortowych warunkach.  <\/p>\n<p>\u2b50\u2b50\u2b50\u2b50\u2b50<\/p>\n<\/div><\/div><\/div><\/div><div class=\"wpb_column vc_column_container\"><div class=\"vc_column-inner\"><div class=\"wpb_text_column\"><div class=\"wpb_wrapper\"><p>James Walker<\/p>\n<p>Niesamowite do\u015bwiadczenie w Las Ventas. Lo\u017ca VIP sprawi\u0142a, \u017ce wszystko by\u0142o bezproblemowe - \u015bwietne jedzenie, napoje i obs\u0142uga na najwy\u017cszym poziomie. Gor\u0105co polecam, je\u015bli chcesz cieszy\u0107 si\u0119 wydarzeniem w dobrym stylu.  <\/p>\n<p>\u2b50\u2b50\u2b50\u2b50\u2b50<\/p>\n<\/div><\/div><\/div><\/div><div class=\"wpb_column vc_column_container\"><div class=\"vc_column-inner\"><div class=\"wpb_text_column\"><div class=\"wpb_wrapper\"><p>Laura G\u00f3mez<\/p>\n<p>Poszed\u0142em tam z kilkoma zagranicznymi klientami i byli pod wra\u017ceniem. Obs\u0142uga kelnerska, jedzenie i ekskluzywno\u015b\u0107 lo\u017cy sprawiaj\u0105, \u017ce do\u015bwiadczenie jest zupe\u0142nie inne ni\u017c przy normalnym wej\u015bciu. <\/p>\n<p>\u2b50\u2b50\u2b50\u2b50\u2b50<\/p>\n<\/div><\/div><\/div><\/div><\/div><\/div><\/div><\/div><\/div><\/section><section class=\"l-section wpb_row height_medium\"><div class=\"l-section-h i-cf\"><div class=\"g-cols vc_row via_grid cols_1 laptops-cols_inherit tablets-cols_inherit mobiles-cols_1 valign_top type_default stacking_default\"><div class=\"wpb_column vc_column_container\"><div class=\"vc_column-inner\"><div class=\"wpb_text_column\"><div class=\"wpb_wrapper\"><h2>Dlaczego warto wynaj\u0105\u0107 prywatn\u0105 lo\u017c\u0119 na walki byk\u00f3w?<\/h2>\n<p>Wynaj\u0119cie prywatnej lo\u017cy to najlepszy spos\u00f3b, aby cieszy\u0107 si\u0119 walkami byk\u00f3w w komforcie, ekskluzywno\u015bci i bez t\u0142um\u00f3w. W przeciwie\u0144stwie do zwyk\u0142ego biletu, b\u0119dziesz mia\u0142 dost\u0119p do do\u015bwiadczenia premium z lepszymi widokami, us\u0142ugami i spersonalizowan\u0105 uwag\u0105. <\/p>\n<h3>Dla os\u00f3b fizycznych<\/h3>\n<p>Jest to idealne rozwi\u0105zanie, je\u015bli chcesz prze\u017cy\u0107 wyj\u0105tkow\u0105 okazj\u0119 z przyjaci\u00f3\u0142mi lub rodzin\u0105. B\u0119dziesz cieszy\u0107 si\u0119 pokazem z uprzywilejowanej lokalizacji, z cateringiem, napojami i obs\u0142ug\u0105 bezpo\u015brednio w lo\u017cy, bez kolejek i przerw. <\/p>\n<h3>Dla firm<\/h3>\n<p>Lo\u017ce VIP s\u0105 doskona\u0142\u0105 opcj\u0105 do zapraszania klient\u00f3w lub wsp\u00f3\u0142pracownik\u00f3w. Oferuj\u0105 one ekskluzywne \u015brodowisko idealne do nawi\u0105zywania kontakt\u00f3w, wzmacniania relacji i przekazywania wizerunku marki premium. <\/p>\n<p>Wi\u0119cej ni\u017c bilet, do\u015bwiadczenie<\/p>\n<p>Prywatna lo\u017ca zapewnia komfort, prywatno\u015b\u0107 i us\u0142ugi, kt\u00f3re ca\u0142kowicie zmieniaj\u0105 spos\u00f3b do\u015bwiadczania walk byk\u00f3w. Jest to idealna opcja dla tych, kt\u00f3rzy chc\u0105 czego\u015b wi\u0119cej ni\u017c tylko uczestniczy\u0107 w wydarzeniu.<\/p>\n<\/div><\/div><\/div><\/div><\/div><\/div><\/section>\n","protected":false},"excerpt":{"rendered":"Lo\u017ce VIP w madryckiej arenie walk byk\u00f3w Bilety ShadowCatering i napoje bez ogranicze\u0144Dost\u0119p do drzwi VIPDost\u0119pne rodzaje bilet\u00f3w VIP Us\u0142ugi zawarte w lo\u017cy VIP Wszystko, czego potrzebujesz, aby cieszy\u0107 si\u0119 wyj\u0105tkowym do\u015bwiadczeniem premium. Us\u0142uga cateringowa z kelnerem\/kelnerk\u0105 Ciesz si\u0119 do\u015bwiadczeniem VIP, nie martwi\u0105c si\u0119 o nic. W swoim boksie b\u0119dziesz mie\u0107 pe\u0142n\u0105 obs\u0142ug\u0119 gastronomiczn\u0105 i...","protected":false},"author":14,"featured_media":0,"parent":0,"menu_order":0,"comment_status":"closed","ping_status":"closed","template":"","meta":{"footnotes":""},"class_list":["post-43445","page","type-page","status-publish","hentry"],"yoast_head":"<!-- This site is optimized with the Yoast SEO plugin v27.5 - https:\/\/yoast.com\/product\/yoast-seo-wordpress\/ -->\n<title>Lo\u017ca VIP walki byk\u00f3w w Madrycie: bilety premium na walk\u0119 byk\u00f3w<\/title>\n<meta name=\"description\" content=\"Kup bilety na lo\u017c\u0119 VIP na arenie walk byk\u00f3w. Korzystaj z cateringu, otwartego baru i preferencyjnego dost\u0119pu. Idealne na imprezy i dla klient\u00f3w.\" \/>\n<meta name=\"robots\" content=\"index, follow, max-snippet:-1, max-image-preview:large, max-video-preview:-1\" \/>\n<link rel=\"canonical\" href=\"https:\/\/lasventastour.com\/pl\/loze-vip\/\" \/>\n<meta property=\"og:locale\" content=\"pl_PL\" \/>\n<meta property=\"og:type\" content=\"article\" \/>\n<meta property=\"og:title\" content=\"Lo\u017ca VIP walki byk\u00f3w w Madrycie: bilety premium na walk\u0119 byk\u00f3w\" \/>\n<meta property=\"og:description\" content=\"Kup bilety na lo\u017c\u0119 VIP na arenie walk byk\u00f3w. Korzystaj z cateringu, otwartego baru i preferencyjnego dost\u0119pu. Idealne na imprezy i dla klient\u00f3w.\" \/>\n<meta property=\"og:url\" content=\"https:\/\/lasventastour.com\/pl\/loze-vip\/\" \/>\n<meta property=\"og:site_name\" content=\"Las Ventas Tour\" \/>\n<meta property=\"article:modified_time\" content=\"2026-04-28T11:11:58+00:00\" \/>\n<meta property=\"og:image\" content=\"https:\/\/lasventastour.com\/wp-content\/uploads\/2023\/12\/paseillo-en-las-ventas.webp\" \/>\n\t<meta property=\"og:image:width\" content=\"511\" \/>\n\t<meta property=\"og:image:height\" content=\"280\" \/>\n\t<meta property=\"og:image:type\" content=\"image\/webp\" \/>\n<meta name=\"twitter:card\" content=\"summary_large_image\" \/>\n<meta name=\"twitter:label1\" content=\"Szacowany czas czytania\" \/>\n\t<meta name=\"twitter:data1\" content=\"5 minuta\" \/>\n<script type=\"application\/ld+json\" class=\"yoast-schema-graph\">{\"@context\":\"https:\\\/\\\/schema.org\",\"@graph\":[{\"@type\":\"WebPage\",\"@id\":\"https:\\\/\\\/lasventastour.com\\\/pl\\\/loze-vip\\\/\",\"url\":\"https:\\\/\\\/lasventastour.com\\\/pl\\\/loze-vip\\\/\",\"name\":\"Lo\u017ca VIP walki byk\u00f3w w Madrycie: bilety premium na walk\u0119 byk\u00f3w\",\"isPartOf\":{\"@id\":\"https:\\\/\\\/lasventastour.com\\\/pl\\\/#website\"},\"datePublished\":\"2026-04-28T09:15:24+00:00\",\"dateModified\":\"2026-04-28T11:11:58+00:00\",\"description\":\"Kup bilety na lo\u017c\u0119 VIP na arenie walk byk\u00f3w. Korzystaj z cateringu, otwartego baru i preferencyjnego dost\u0119pu. Idealne na imprezy i dla klient\u00f3w.\",\"breadcrumb\":{\"@id\":\"https:\\\/\\\/lasventastour.com\\\/pl\\\/loze-vip\\\/#breadcrumb\"},\"inLanguage\":\"pl-PL\",\"potentialAction\":[{\"@type\":\"ReadAction\",\"target\":[\"https:\\\/\\\/lasventastour.com\\\/pl\\\/loze-vip\\\/\"]}]},{\"@type\":\"BreadcrumbList\",\"@id\":\"https:\\\/\\\/lasventastour.com\\\/pl\\\/loze-vip\\\/#breadcrumb\",\"itemListElement\":[{\"@type\":\"ListItem\",\"position\":1,\"name\":\"Portada\",\"item\":\"https:\\\/\\\/lasventastour.com\\\/pl\\\/\"},{\"@type\":\"ListItem\",\"position\":2,\"name\":\"Lo\u017ce VIP\"}]},{\"@type\":\"WebSite\",\"@id\":\"https:\\\/\\\/lasventastour.com\\\/pl\\\/#website\",\"url\":\"https:\\\/\\\/lasventastour.com\\\/pl\\\/\",\"name\":\"Las Ventas Tour\",\"description\":\"Tour Las Ventas | Plaza de Toros de Madrid | Web Oficial\",\"publisher\":{\"@id\":\"https:\\\/\\\/lasventastour.com\\\/pl\\\/#organization\"},\"alternateName\":\"Las Ventas Tour\",\"potentialAction\":[{\"@type\":\"SearchAction\",\"target\":{\"@type\":\"EntryPoint\",\"urlTemplate\":\"https:\\\/\\\/lasventastour.com\\\/pl\\\/?s={search_term_string}\"},\"query-input\":{\"@type\":\"PropertyValueSpecification\",\"valueRequired\":true,\"valueName\":\"search_term_string\"}}],\"inLanguage\":\"pl-PL\"},{\"@type\":\"Organization\",\"@id\":\"https:\\\/\\\/lasventastour.com\\\/pl\\\/#organization\",\"name\":\"Las Ventas Tour\",\"alternateName\":\"Las Ventas Tour\",\"url\":\"https:\\\/\\\/lasventastour.com\\\/pl\\\/\",\"logo\":{\"@type\":\"ImageObject\",\"inLanguage\":\"pl-PL\",\"@id\":\"https:\\\/\\\/lasventastour.com\\\/pl\\\/#\\\/schema\\\/logo\\\/image\\\/\",\"url\":\"https:\\\/\\\/lasventastour.com\\\/wp-content\\\/uploads\\\/2024\\\/09\\\/cropped-Logo-Las-Ventas-1.webp\",\"contentUrl\":\"https:\\\/\\\/lasventastour.com\\\/wp-content\\\/uploads\\\/2024\\\/09\\\/cropped-Logo-Las-Ventas-1.webp\",\"width\":512,\"height\":512,\"caption\":\"Las Ventas Tour\"},\"image\":{\"@id\":\"https:\\\/\\\/lasventastour.com\\\/pl\\\/#\\\/schema\\\/logo\\\/image\\\/\"},\"sameAs\":[\"https:\\\/\\\/www.instagram.com\\\/lasventastour\\\/\"]}]}<\/script>\n<!-- \/ Yoast SEO plugin. -->","yoast_head_json":{"title":"Lo\u017ca VIP walki byk\u00f3w w Madrycie: bilety premium na walk\u0119 byk\u00f3w","description":"Kup bilety na lo\u017c\u0119 VIP na arenie walk byk\u00f3w. Korzystaj z cateringu, otwartego baru i preferencyjnego dost\u0119pu. Idealne na imprezy i dla klient\u00f3w.","robots":{"index":"index","follow":"follow","max-snippet":"max-snippet:-1","max-image-preview":"max-image-preview:large","max-video-preview":"max-video-preview:-1"},"canonical":"https:\/\/lasventastour.com\/pl\/loze-vip\/","og_locale":"pl_PL","og_type":"article","og_title":"Lo\u017ca VIP walki byk\u00f3w w Madrycie: bilety premium na walk\u0119 byk\u00f3w","og_description":"Kup bilety na lo\u017c\u0119 VIP na arenie walk byk\u00f3w. Korzystaj z cateringu, otwartego baru i preferencyjnego dost\u0119pu. Idealne na imprezy i dla klient\u00f3w.","og_url":"https:\/\/lasventastour.com\/pl\/loze-vip\/","og_site_name":"Las Ventas Tour","article_modified_time":"2026-04-28T11:11:58+00:00","og_image":[{"width":511,"height":280,"url":"https:\/\/lasventastour.com\/wp-content\/uploads\/2023\/12\/paseillo-en-las-ventas.webp","type":"image\/webp"}],"twitter_card":"summary_large_image","twitter_misc":{"Szacowany czas czytania":"5 minuta"},"schema":{"@context":"https:\/\/schema.org","@graph":[{"@type":"WebPage","@id":"https:\/\/lasventastour.com\/pl\/loze-vip\/","url":"https:\/\/lasventastour.com\/pl\/loze-vip\/","name":"Lo\u017ca VIP walki byk\u00f3w w Madrycie: bilety premium na walk\u0119 byk\u00f3w","isPartOf":{"@id":"https:\/\/lasventastour.com\/pl\/#website"},"datePublished":"2026-04-28T09:15:24+00:00","dateModified":"2026-04-28T11:11:58+00:00","description":"Kup bilety na lo\u017c\u0119 VIP na arenie walk byk\u00f3w. Korzystaj z cateringu, otwartego baru i preferencyjnego dost\u0119pu. Idealne na imprezy i dla klient\u00f3w.","breadcrumb":{"@id":"https:\/\/lasventastour.com\/pl\/loze-vip\/#breadcrumb"},"inLanguage":"pl-PL","potentialAction":[{"@type":"ReadAction","target":["https:\/\/lasventastour.com\/pl\/loze-vip\/"]}]},{"@type":"BreadcrumbList","@id":"https:\/\/lasventastour.com\/pl\/loze-vip\/#breadcrumb","itemListElement":[{"@type":"ListItem","position":1,"name":"Portada","item":"https:\/\/lasventastour.com\/pl\/"},{"@type":"ListItem","position":2,"name":"Lo\u017ce VIP"}]},{"@type":"WebSite","@id":"https:\/\/lasventastour.com\/pl\/#website","url":"https:\/\/lasventastour.com\/pl\/","name":"Las Ventas Tour","description":"Tour Las Ventas | Plaza de Toros de Madrid | Web Oficial","publisher":{"@id":"https:\/\/lasventastour.com\/pl\/#organization"},"alternateName":"Las Ventas Tour","potentialAction":[{"@type":"SearchAction","target":{"@type":"EntryPoint","urlTemplate":"https:\/\/lasventastour.com\/pl\/?s={search_term_string}"},"query-input":{"@type":"PropertyValueSpecification","valueRequired":true,"valueName":"search_term_string"}}],"inLanguage":"pl-PL"},{"@type":"Organization","@id":"https:\/\/lasventastour.com\/pl\/#organization","name":"Las Ventas Tour","alternateName":"Las Ventas Tour","url":"https:\/\/lasventastour.com\/pl\/","logo":{"@type":"ImageObject","inLanguage":"pl-PL","@id":"https:\/\/lasventastour.com\/pl\/#\/schema\/logo\/image\/","url":"https:\/\/lasventastour.com\/wp-content\/uploads\/2024\/09\/cropped-Logo-Las-Ventas-1.webp","contentUrl":"https:\/\/lasventastour.com\/wp-content\/uploads\/2024\/09\/cropped-Logo-Las-Ventas-1.webp","width":512,"height":512,"caption":"Las Ventas Tour"},"image":{"@id":"https:\/\/lasventastour.com\/pl\/#\/schema\/logo\/image\/"},"sameAs":["https:\/\/www.instagram.com\/lasventastour\/"]}]}},"_links":{"self":[{"href":"https:\/\/lasventastour.com\/pl\/wp-json\/wp\/v2\/pages\/43445","targetHints":{"allow":["GET"]}}],"collection":[{"href":"https:\/\/lasventastour.com\/pl\/wp-json\/wp\/v2\/pages"}],"about":[{"href":"https:\/\/lasventastour.com\/pl\/wp-json\/wp\/v2\/types\/page"}],"author":[{"embeddable":true,"href":"https:\/\/lasventastour.com\/pl\/wp-json\/wp\/v2\/users\/14"}],"replies":[{"embeddable":true,"href":"https:\/\/lasventastour.com\/pl\/wp-json\/wp\/v2\/comments?post=43445"}],"version-history":[{"count":4,"href":"https:\/\/lasventastour.com\/pl\/wp-json\/wp\/v2\/pages\/43445\/revisions"}],"predecessor-version":[{"id":43477,"href":"https:\/\/lasventastour.com\/pl\/wp-json\/wp\/v2\/pages\/43445\/revisions\/43477"}],"wp:attachment":[{"href":"https:\/\/lasventastour.com\/pl\/wp-json\/wp\/v2\/media?parent=43445"}],"curies":[{"name":"wp","href":"https:\/\/api.w.org\/{rel}","templated":true}]}}