{"id":25333,"date":"2026-04-07T14:14:03","date_gmt":"2026-04-07T14:14:03","guid":{"rendered":"https:\/\/lasventastour.com\/?post_type=product&#038;p=25333"},"modified":"2026-04-13T10:58:31","modified_gmt":"2026-04-13T10:58:31","slug":"corrida-19-aprile-copia","status":"publish","type":"product","link":"https:\/\/lasventastour.com\/it\/producto\/corrida-19-aprile-copia\/","title":{"rendered":"Novillada 1 maggio"},"content":{"rendered":"<p> <strong><img decoding=\"async\" class=\"emoji\" role=\"img\" draggable=\"false\" src=\"https:\/\/s.w.org\/images\/core\/emoji\/17.0.2\/svg\/1f4c5.svg\" alt=\"\ud83d\udcc5\"><span> <\/span>Data:<\/strong><span> 1 maggio 2026<\/span><br \/>\n <strong><img decoding=\"async\" class=\"emoji\" role=\"img\" draggable=\"false\" src=\"https:\/\/s.w.org\/images\/core\/emoji\/17.0.2\/svg\/1f555.svg\" alt=\"\ud83d\udd55\"><span> <\/span>Orario:<\/strong><span> 18:30<\/span><br \/>\n <strong><img decoding=\"async\" class=\"emoji\" role=\"img\" draggable=\"false\" src=\"https:\/\/s.w.org\/images\/core\/emoji\/17.0.2\/svg\/1f4cd.svg\" alt=\"\ud83d\udccd\"><span> <\/span>Sede:<\/strong><span> Plaza de Toros las Ventas Madrid<\/span><br \/>\n <strong><img decoding=\"async\" class=\"emoji\" role=\"img\" draggable=\"false\" src=\"https:\/\/s.w.org\/images\/core\/emoji\/17.0.2\/svg\/23f1.svg\" alt=\"\u23f1\"><span> <\/span>Durata approssimativa:<\/strong><span> Da 2 a 2,5 ore<\/span><\/p>\n<p>David L\u00f3pez &#8211; \u00c1lvaro Serrano (presentazione) &#8211; Joel Ram\u00edrez (presentazione)<\/p>\n","protected":false},"excerpt":{"rendered":"<ul class=\"[li_&amp;]:mb-0 [li_&amp;]:mt-1 [li_&amp;]:gap-1 [&amp;:not(:last-child)_ul]:pb-1 [&amp;:not(:last-child)_ol]:pb-1 list-disc flex flex-col gap-1 pl-8 mb-3\">\n<li class=\"whitespace-normal break-words pl-2\"><strong>Prenotazione non numerata:<\/strong><span> <\/span>acquistando un biglietto stai effettuando una prenotazione. Una volta emessi i biglietti ufficiali, ti verranno assegnati i migliori posti disponibili nell&#8217;area da te scelta. <\/li>\n<li class=\"whitespace-normal break-words pl-2\"><strong>Posti consecutivi:<\/strong><span> <\/span>se acquisti pi\u00f9 biglietti, i posti assegnati saranno sempre uno accanto all&#8217;altro.<\/li>\n<li class=\"whitespace-normal break-words pl-2\"><strong>Consegna:<\/strong><span> <\/span>riceverai i tuoi biglietti in formato PDF via e-mail qualche giorno prima dell&#8217;evento.<\/li>\n<li class=\"whitespace-normal break-words pl-2\"><strong>Spese di gestione:<\/strong><span> <\/span>vengono aggiunti durante il processo di pagamento. Controlla le tariffe attuali. <\/li>\n<li class=\"whitespace-normal break-words pl-2\"><strong>Non rimborsabili:<\/strong> i biglietti di<span> <\/span>non sono sostituibili e non sono rimborsabili a meno che l&#8217;evento non venga ufficialmente cancellato.<\/li>\n<li>Include un tour turistico dell&#8217;arena.<\/li>\n<\/ul>\n<p><a href=\"https:\/\/lasventastour.com\/fecha-entrega-comisiones-entradas\/\">Controlla la data di consegna dei biglietti e delle commissioni<\/a><\/p>\n","protected":false},"featured_media":25533,"comment_status":"open","ping_status":"closed","template":"","meta":[],"product_brand":[],"product_cat":[245],"product_tag":[],"class_list":{"0":"post-25333","1":"product","2":"type-product","3":"status-publish","4":"has-post-thumbnail","6":"product_cat-senza-categoria","8":"first","9":"instock","10":"taxable","11":"shipping-taxable","12":"purchasable","13":"product-type-variable"},"yoast_head":"<!-- This site is optimized with the Yoast SEO plugin v27.4 - https:\/\/yoast.com\/product\/yoast-seo-wordpress\/ -->\n<title>\u25b7 Novillada 1 de Mayo | Plaza Toros las Ventas Madrid<\/title>\n<meta name=\"description\" content=\"Vendita dei biglietti per la Novillada del 1\u00b0 maggio 2026 nella Plaza Toros las Ventas | David L\u00f3pez, \u00c1lvaro Serrano, Joel Ram\u00edrez\" \/>\n<meta name=\"robots\" content=\"index, follow, max-snippet:-1, max-image-preview:large, max-video-preview:-1\" \/>\n<link rel=\"canonical\" href=\"https:\/\/lasventastour.com\/it\/producto\/corrida-19-aprile-copia\/\" \/>\n<meta property=\"og:locale\" content=\"it_IT\" \/>\n<meta property=\"og:type\" content=\"article\" \/>\n<meta property=\"og:title\" content=\"\u25b7 Novillada 1 de Mayo | Plaza Toros las Ventas Madrid\" \/>\n<meta property=\"og:description\" content=\"Vendita dei biglietti per la Novillada del 1\u00b0 maggio 2026 nella Plaza Toros las Ventas | David L\u00f3pez, \u00c1lvaro Serrano, Joel Ram\u00edrez\" \/>\n<meta property=\"og:url\" content=\"https:\/\/lasventastour.com\/it\/producto\/corrida-19-aprile-copia\/\" \/>\n<meta property=\"og:site_name\" content=\"Las Ventas Tour\" \/>\n<meta property=\"article:modified_time\" content=\"2026-04-13T10:58:31+00:00\" \/>\n<meta property=\"og:image\" content=\"https:\/\/lasventastour.com\/wp-content\/uploads\/2026\/04\/Novillada-1-mayo.webp\" \/>\n\t<meta property=\"og:image:width\" content=\"500\" \/>\n\t<meta property=\"og:image:height\" content=\"500\" \/>\n\t<meta property=\"og:image:type\" content=\"image\/webp\" \/>\n<meta name=\"twitter:card\" content=\"summary_large_image\" \/>\n<script type=\"application\/ld+json\" class=\"yoast-schema-graph\">{\"@context\":\"https:\\\/\\\/schema.org\",\"@graph\":[{\"@type\":\"WebPage\",\"@id\":\"https:\\\/\\\/lasventastour.com\\\/it\\\/producto\\\/corrida-19-aprile-copia\\\/\",\"url\":\"https:\\\/\\\/lasventastour.com\\\/it\\\/producto\\\/corrida-19-aprile-copia\\\/\",\"name\":\"\u25b7 Novillada 1 de Mayo | Plaza Toros las Ventas Madrid\",\"isPartOf\":{\"@id\":\"https:\\\/\\\/lasventastour.com\\\/it\\\/#website\"},\"primaryImageOfPage\":{\"@id\":\"https:\\\/\\\/lasventastour.com\\\/it\\\/producto\\\/corrida-19-aprile-copia\\\/#primaryimage\"},\"image\":{\"@id\":\"https:\\\/\\\/lasventastour.com\\\/it\\\/producto\\\/corrida-19-aprile-copia\\\/#primaryimage\"},\"thumbnailUrl\":\"https:\\\/\\\/lasventastour.com\\\/wp-content\\\/uploads\\\/2026\\\/04\\\/Novillada-1-mayo.webp\",\"datePublished\":\"2026-04-07T14:14:03+00:00\",\"dateModified\":\"2026-04-13T10:58:31+00:00\",\"description\":\"Vendita dei biglietti per la Novillada del 1\u00b0 maggio 2026 nella Plaza Toros las Ventas | David L\u00f3pez, \u00c1lvaro Serrano, Joel Ram\u00edrez\",\"breadcrumb\":{\"@id\":\"https:\\\/\\\/lasventastour.com\\\/it\\\/producto\\\/corrida-19-aprile-copia\\\/#breadcrumb\"},\"inLanguage\":\"it-IT\",\"potentialAction\":[{\"@type\":\"ReadAction\",\"target\":[\"https:\\\/\\\/lasventastour.com\\\/it\\\/producto\\\/corrida-19-aprile-copia\\\/\"]}]},{\"@type\":\"ImageObject\",\"inLanguage\":\"it-IT\",\"@id\":\"https:\\\/\\\/lasventastour.com\\\/it\\\/producto\\\/corrida-19-aprile-copia\\\/#primaryimage\",\"url\":\"https:\\\/\\\/lasventastour.com\\\/wp-content\\\/uploads\\\/2026\\\/04\\\/Novillada-1-mayo.webp\",\"contentUrl\":\"https:\\\/\\\/lasventastour.com\\\/wp-content\\\/uploads\\\/2026\\\/04\\\/Novillada-1-mayo.webp\",\"width\":500,\"height\":500,\"caption\":\"Novillada 1 maggio madrid\"},{\"@type\":\"BreadcrumbList\",\"@id\":\"https:\\\/\\\/lasventastour.com\\\/it\\\/producto\\\/corrida-19-aprile-copia\\\/#breadcrumb\",\"itemListElement\":[{\"@type\":\"ListItem\",\"position\":1,\"name\":\"Portada\",\"item\":\"https:\\\/\\\/lasventastour.com\\\/it\\\/\"},{\"@type\":\"ListItem\",\"position\":2,\"name\":\"Shop\",\"item\":\"https:\\\/\\\/lasventastour.com\\\/it\\\/shop\\\/\"},{\"@type\":\"ListItem\",\"position\":3,\"name\":\"Novillada 1 maggio\"}]},{\"@type\":\"WebSite\",\"@id\":\"https:\\\/\\\/lasventastour.com\\\/it\\\/#website\",\"url\":\"https:\\\/\\\/lasventastour.com\\\/it\\\/\",\"name\":\"Las Ventas Tour\",\"description\":\"Tour Las Ventas | Plaza de Toros de Madrid | Web Oficial\",\"publisher\":{\"@id\":\"https:\\\/\\\/lasventastour.com\\\/it\\\/#organization\"},\"alternateName\":\"Las Ventas Tour\",\"potentialAction\":[{\"@type\":\"SearchAction\",\"target\":{\"@type\":\"EntryPoint\",\"urlTemplate\":\"https:\\\/\\\/lasventastour.com\\\/it\\\/?s={search_term_string}\"},\"query-input\":{\"@type\":\"PropertyValueSpecification\",\"valueRequired\":true,\"valueName\":\"search_term_string\"}}],\"inLanguage\":\"it-IT\"},{\"@type\":\"Organization\",\"@id\":\"https:\\\/\\\/lasventastour.com\\\/it\\\/#organization\",\"name\":\"Las Ventas Tour\",\"alternateName\":\"Las Ventas Tour\",\"url\":\"https:\\\/\\\/lasventastour.com\\\/it\\\/\",\"logo\":{\"@type\":\"ImageObject\",\"inLanguage\":\"it-IT\",\"@id\":\"https:\\\/\\\/lasventastour.com\\\/it\\\/#\\\/schema\\\/logo\\\/image\\\/\",\"url\":\"https:\\\/\\\/lasventastour.com\\\/wp-content\\\/uploads\\\/2024\\\/09\\\/cropped-Logo-Las-Ventas-1.webp\",\"contentUrl\":\"https:\\\/\\\/lasventastour.com\\\/wp-content\\\/uploads\\\/2024\\\/09\\\/cropped-Logo-Las-Ventas-1.webp\",\"width\":512,\"height\":512,\"caption\":\"Las Ventas Tour\"},\"image\":{\"@id\":\"https:\\\/\\\/lasventastour.com\\\/it\\\/#\\\/schema\\\/logo\\\/image\\\/\"},\"sameAs\":[\"https:\\\/\\\/www.instagram.com\\\/lasventastour\\\/\"]}]}<\/script>\n<!-- \/ Yoast SEO plugin. -->","yoast_head_json":{"title":"\u25b7 Novillada 1 de Mayo | Plaza Toros las Ventas Madrid","description":"Vendita dei biglietti per la Novillada del 1\u00b0 maggio 2026 nella Plaza Toros las Ventas | David L\u00f3pez, \u00c1lvaro Serrano, Joel Ram\u00edrez","robots":{"index":"index","follow":"follow","max-snippet":"max-snippet:-1","max-image-preview":"max-image-preview:large","max-video-preview":"max-video-preview:-1"},"canonical":"https:\/\/lasventastour.com\/it\/producto\/corrida-19-aprile-copia\/","og_locale":"it_IT","og_type":"article","og_title":"\u25b7 Novillada 1 de Mayo | Plaza Toros las Ventas Madrid","og_description":"Vendita dei biglietti per la Novillada del 1\u00b0 maggio 2026 nella Plaza Toros las Ventas | David L\u00f3pez, \u00c1lvaro Serrano, Joel Ram\u00edrez","og_url":"https:\/\/lasventastour.com\/it\/producto\/corrida-19-aprile-copia\/","og_site_name":"Las Ventas Tour","article_modified_time":"2026-04-13T10:58:31+00:00","og_image":[{"width":500,"height":500,"url":"https:\/\/lasventastour.com\/wp-content\/uploads\/2026\/04\/Novillada-1-mayo.webp","type":"image\/webp"}],"twitter_card":"summary_large_image","schema":{"@context":"https:\/\/schema.org","@graph":[{"@type":"WebPage","@id":"https:\/\/lasventastour.com\/it\/producto\/corrida-19-aprile-copia\/","url":"https:\/\/lasventastour.com\/it\/producto\/corrida-19-aprile-copia\/","name":"\u25b7 Novillada 1 de Mayo | Plaza Toros las Ventas Madrid","isPartOf":{"@id":"https:\/\/lasventastour.com\/it\/#website"},"primaryImageOfPage":{"@id":"https:\/\/lasventastour.com\/it\/producto\/corrida-19-aprile-copia\/#primaryimage"},"image":{"@id":"https:\/\/lasventastour.com\/it\/producto\/corrida-19-aprile-copia\/#primaryimage"},"thumbnailUrl":"https:\/\/lasventastour.com\/wp-content\/uploads\/2026\/04\/Novillada-1-mayo.webp","datePublished":"2026-04-07T14:14:03+00:00","dateModified":"2026-04-13T10:58:31+00:00","description":"Vendita dei biglietti per la Novillada del 1\u00b0 maggio 2026 nella Plaza Toros las Ventas | David L\u00f3pez, \u00c1lvaro Serrano, Joel Ram\u00edrez","breadcrumb":{"@id":"https:\/\/lasventastour.com\/it\/producto\/corrida-19-aprile-copia\/#breadcrumb"},"inLanguage":"it-IT","potentialAction":[{"@type":"ReadAction","target":["https:\/\/lasventastour.com\/it\/producto\/corrida-19-aprile-copia\/"]}]},{"@type":"ImageObject","inLanguage":"it-IT","@id":"https:\/\/lasventastour.com\/it\/producto\/corrida-19-aprile-copia\/#primaryimage","url":"https:\/\/lasventastour.com\/wp-content\/uploads\/2026\/04\/Novillada-1-mayo.webp","contentUrl":"https:\/\/lasventastour.com\/wp-content\/uploads\/2026\/04\/Novillada-1-mayo.webp","width":500,"height":500,"caption":"Novillada 1 maggio madrid"},{"@type":"BreadcrumbList","@id":"https:\/\/lasventastour.com\/it\/producto\/corrida-19-aprile-copia\/#breadcrumb","itemListElement":[{"@type":"ListItem","position":1,"name":"Portada","item":"https:\/\/lasventastour.com\/it\/"},{"@type":"ListItem","position":2,"name":"Shop","item":"https:\/\/lasventastour.com\/it\/shop\/"},{"@type":"ListItem","position":3,"name":"Novillada 1 maggio"}]},{"@type":"WebSite","@id":"https:\/\/lasventastour.com\/it\/#website","url":"https:\/\/lasventastour.com\/it\/","name":"Las Ventas Tour","description":"Tour Las Ventas | Plaza de Toros de Madrid | Web Oficial","publisher":{"@id":"https:\/\/lasventastour.com\/it\/#organization"},"alternateName":"Las Ventas Tour","potentialAction":[{"@type":"SearchAction","target":{"@type":"EntryPoint","urlTemplate":"https:\/\/lasventastour.com\/it\/?s={search_term_string}"},"query-input":{"@type":"PropertyValueSpecification","valueRequired":true,"valueName":"search_term_string"}}],"inLanguage":"it-IT"},{"@type":"Organization","@id":"https:\/\/lasventastour.com\/it\/#organization","name":"Las Ventas Tour","alternateName":"Las Ventas Tour","url":"https:\/\/lasventastour.com\/it\/","logo":{"@type":"ImageObject","inLanguage":"it-IT","@id":"https:\/\/lasventastour.com\/it\/#\/schema\/logo\/image\/","url":"https:\/\/lasventastour.com\/wp-content\/uploads\/2024\/09\/cropped-Logo-Las-Ventas-1.webp","contentUrl":"https:\/\/lasventastour.com\/wp-content\/uploads\/2024\/09\/cropped-Logo-Las-Ventas-1.webp","width":512,"height":512,"caption":"Las Ventas Tour"},"image":{"@id":"https:\/\/lasventastour.com\/it\/#\/schema\/logo\/image\/"},"sameAs":["https:\/\/www.instagram.com\/lasventastour\/"]}]}},"_links":{"self":[{"href":"https:\/\/lasventastour.com\/it\/wp-json\/wp\/v2\/product\/25333","targetHints":{"allow":["GET"]}}],"collection":[{"href":"https:\/\/lasventastour.com\/it\/wp-json\/wp\/v2\/product"}],"about":[{"href":"https:\/\/lasventastour.com\/it\/wp-json\/wp\/v2\/types\/product"}],"replies":[{"embeddable":true,"href":"https:\/\/lasventastour.com\/it\/wp-json\/wp\/v2\/comments?post=25333"}],"wp:featuredmedia":[{"embeddable":true,"href":"https:\/\/lasventastour.com\/it\/wp-json\/wp\/v2\/media\/25533"}],"wp:attachment":[{"href":"https:\/\/lasventastour.com\/it\/wp-json\/wp\/v2\/media?parent=25333"}],"wp:term":[{"taxonomy":"product_brand","embeddable":true,"href":"https:\/\/lasventastour.com\/it\/wp-json\/wp\/v2\/product_brand?post=25333"},{"taxonomy":"product_cat","embeddable":true,"href":"https:\/\/lasventastour.com\/it\/wp-json\/wp\/v2\/product_cat?post=25333"},{"taxonomy":"product_tag","embeddable":true,"href":"https:\/\/lasventastour.com\/it\/wp-json\/wp\/v2\/product_tag?post=25333"}],"curies":[{"name":"wp","href":"https:\/\/api.w.org\/{rel}","templated":true}]}}