{"id":3507,"date":"2023-09-21T14:37:42","date_gmt":"2023-09-21T14:37:42","guid":{"rendered":"https:\/\/lasventastour.com\/?page_id=3507"},"modified":"2024-10-08T07:28:48","modified_gmt":"2024-10-08T07:28:48","slug":"politica-sulla-privacy","status":"publish","type":"page","link":"https:\/\/lasventastour.com\/it\/politica-sulla-privacy\/","title":{"rendered":"Politica sulla privacy"},"content":{"rendered":"<section class=\"l-section wpb_row height_medium\"><div class=\"l-section-h i-cf\"><div class=\"g-cols vc_row via_grid cols_1 laptops-cols_inherit tablets-cols_inherit mobiles-cols_1 valign_top type_default stacking_default\"><div class=\"wpb_column vc_column_container\"><div class=\"vc_column-inner\"><div class=\"wpb_text_column\"><div class=\"wpb_wrapper\"><header class=\"entry-header \">\n<h1 class=\"entry-title\">Politica sulla privacy<\/h1>\n<\/header>\n<div class=\"entry-content clear\">\n<p><strong>Politica sulla riservatezza<\/strong><\/p>\n<p><strong>Informazioni sulla protezione dei dati<\/strong><\/p>\n<p>1. Responsabile del trattamento dei tuoi dati<br \/>\nResponsabile: Centro per gli Affari della Corrida della Comunit\u00e0 di Madrid, Ministero della Presidenza, della Giustizia e dell\u2019Interno.<br \/>\nSede legale: Centro Affari Corrida \u2013 Calle Alcal\u00e1, n\u00ba 237 (Plaza de Toros de Las Ventas), 28028 Madrid.<br \/>\nContattare il delegato alla protezione dei dati: protecciondatospresidencia@madrid.org.<\/p>\n<p>2. In quale attivit\u00e0 di trattamento sono inclusi i miei dati personali e per quali finalit\u00e0 saranno trattati?<br \/>\nI tuoi dati personali saranno inseriti nell\u2019attivit\u00e0 di trattamento ATTIVITA\u2019 TURISTICA NELLA PLAZA DE TOROS DE LAS VENTAS.<br \/>\nIn ottemperanza a quanto previsto dal Regolamento (UE) 2016\/679, in materia di Protezione dei Dati Personali (RGPD), i Suoi dati saranno trattati per le seguenti finalit\u00e0:<br \/>\nGestione delle visite turistiche nella Plaza de Toros de Las Ventas e diffusione delle sue attivit\u00e0 turistiche tra i visitatori.<\/p>\n<p>3. Qual \u00e8 la liceit\u00e0 su cui si basa la liceit\u00e0 del trattamento?<br \/>\nRGPD 6.1 b) il trattamento \u00e8 necessario all\u2019esecuzione di un contratto di cui l\u2019interessato \u00e8 parte o per l\u2019applicazione su richiesta di quest\u2019ultimo di misure precontrattuali.<br \/>\nRGPD 6.1 e) il trattamento \u00e8 necessario per l\u2019adempimento di un compito di interesse pubblico o nell\u2019esercizio di pubblici poteri conferiti al titolare.<br \/>\nArticoli 26.1.19 e 26.1.20 della Legge Organica 3\/1983, del 25 febbraio, sullo Statuto di Autonomia della Comunit\u00e0 di Madrid.<\/p>\n<p>4. Come esercitare i tuoi diritti? Quali sono i tuoi diritti quando ci fornisci i tuoi dati?<br \/>\nPuoi esercitare, se lo desideri, i diritti di accesso, rettifica e cancellazione dei dati, nonch\u00e9 richiedere la limitazione del trattamento dei tuoi dati personali, opporti, richiedere la portabilit\u00e0 dei tuoi dati, nonch\u00e9 non essere soggetto a una decisione individuale basata unicamente sul trattamento automatizzato, compresa la profilazione.<br \/>\nAi sensi della Legge 39\/2015, del RGPD e della Legge Organica 3\/2018, puoi esercitare i tuoi diritti mediante Registrazione Elettronica o Registrazione Face to Face o nei luoghi e nelle forme previste dall\u2019articolo 16.4 della Legge 39\/2015, preferibilmente attraverso il modulo di richiesta \u201cEsercizio dei diritti in materia di protezione dei dati personali\u201d.<\/p>\n<p>5. Trattamenti che includono decisioni automatizzate, compresa la profilazione, con effetti legali o rilevanti.<br \/>\nHai il diritto di non essere oggetto di una decisione basata esclusivamente sul trattamento automatizzato, compresa la profilazione, che produca effetti legali su di te o che incida in modo analogo in modo significativo su di te. Articolo sponsorizzato Trova qualcosa per tutti nella nostra collezione di calzini colorati, luminosi ed eleganti. Acquista singolarmente o in pacchetti per aggiungere colore al tuo cassetto!<\/p>\n<p>6. Per quanto tempo conserveremo i tuoi dati personali?<br \/>\nI dati personali forniti saranno conservati per il seguente periodo:<br \/>\nPeriodo indeterminato. I dati saranno conservati per il tempo necessario a conseguire la finalit\u00e0 per la quale sono stati raccolti e per determinare le eventuali responsabilit\u00e0 che possono derivare da tale finalit\u00e0 e dal trattamento dei dati stessi.<\/p>\n<p>7. A quali destinatari saranno comunicati i tuoi dati?<br \/>\nI suoi dati saranno trattati dalla societ\u00e0 aggiudicataria dell\u2019appalto amministrativo speciale per l\u2019attivit\u00e0 turistica nell\u2019arena Las Ventas:<br \/>\nNome dell\u2019azienda: SIM\u00d3N CASAS PRODUCTION SAS, NAUTALIA VIAJES SL, TOROSHOPPING, S.L. U.T.E.<br \/>\nCIF: U87837753<br \/>\nSede legale: Calle Alcal\u00e1, 237, CAP: 28028, MADRID (MADRID)<br \/>\nContatto: info@lasventastour.com.<\/p>\n<p>8. Diritto di revocare in qualsiasi momento il consenso prestato al trattamento.<br \/>\nQuando il trattamento \u00e8 basato sul consenso esplicito, hai il diritto di revocare il consenso in qualsiasi momento, senza pregiudicare la liceit\u00e0 del trattamento basata sul consenso prima della revoca.<\/p>\n<p>9. Diritto di proporre reclamo all\u2019Autorit\u00e0 di controllo.<br \/>\nHai il diritto di presentare un reclamo all\u2019Agenzia spagnola per la protezione dei dati https:\/\/www.aepd.es se non sei soddisfatto del trattamento dei tuoi dati personali.<\/p>\n<p>10. Categoria di dati oggetto di trattamento.<br \/>\nDati identificativi.<\/p>\n<p>11. Fonte da cui provengono i dati.<br \/>\nDall\u2019interessato, attraverso il form.<\/p>\n<p>12. Ulteriori informazioni.<br \/>\n\u00c8 possibile consultare informazioni aggiuntive e dettagliate sulle informazioni e sui regolamenti applicabili sulla protezione dei dati sul sito Web dell\u2019Agenzia spagnola per la protezione dei dati https:\/\/www.aepd.es, nonch\u00e9 informazioni sul Registro delle attivit\u00e0 di trattamento del responsabile sopra indicato al seguente link: www.comunidad.madrid\/protecciondedatos.<\/p>\n<p>Puoi controllare qui il certificato della Societ\u00e0 Concessionaria SIMON CASAS PRODUCTION SAS, NAUTALIA VIAJES SL, TOROSHOPPING SL UTE<\/p>\n<\/div>\n<\/div><\/div><div class=\"w-separator size_medium with_line width_default thick_1 style_solid color_border align_center\"><div class=\"w-separator-h\"><\/div><\/div><div class=\"wpb_text_column\"><div class=\"wpb_wrapper\"><h2>Tutela dei dati personali secondo il GDPR<\/h2>\n<p>Toroshopping, S.L., in applicazione della normativa vigente in materia di protezione dei dati personali,<br \/>\ninforma che i dati personali raccolti attraverso i form presenti sul Sito: https:\/\/lasventastour.com, sono<br \/>\ninclusi nei file automatizzati specifici degli utenti dei servizi di Toroshopping, S.L.<br \/>\nLo scopo della raccolta e del trattamento automatizzati dei dati personali \u00e8 quello di mantenere la<br \/>\nrapporto commerciale e lo svolgimento di attivit\u00e0 di informazione, formazione, consulenza ed altre attivit\u00e0 inerenti allo stesso<br \/>\nToroshopping, S.L.<br \/>\nQuesti dati saranno trasferiti solo alle entit\u00e0 necessarie al solo scopo di fornire<br \/>\nadempimento dello scopo precedentemente dichiarato.<br \/>\nToroshopping, S.L. adotta le misure necessarie per garantire la sicurezza, l&#8217;integrit\u00e0 e la riservatezza dei dati<br \/>\ndati secondo quanto previsto dal Regolamento (UE) 2016\/679 del Parlamento Europeo e del Consiglio, del 27 aprile<br \/>\ndel 2016, relativo alla tutela delle persone fisiche con riguardo al trattamento dei dati personali e il<br \/>\nlibera circolazione degli stessi.<br \/>\nL&#8217;utente potr\u00e0 in ogni momento esercitare i diritti di accesso, opposizione, rettifica, cancellazione, limitazione<br \/>\ne portabilit\u00e0 riconosciute nel citato Regolamento (UE). L&#8217;esercizio di tali diritti pu\u00f2 essere effettuato dall&#8217;interessato stesso.<br \/>\nutente via email a: info@toroshopping.com oppure all&#8217;indirizzo: Centro Melior Vasari. Urbanizzazione La Alzambra,<br \/>\n3, Locale 1, C.P. 29660 \u2013 Marbella (M\u00e1laga).<br \/>\nL&#8217;utente dichiara che tutti i dati da lui forniti sono veritieri e corretti e si impegna a mantenerli.<br \/>\naggiornato, comunicando le modifiche a Toroshopping, S.L.<\/p>\n<p>&nbsp;<\/p>\n<h2>Finalit\u00e0 del trattamento dei dati personali:<\/h2>\n<h3>Per quale scopo tratteremo i tuoi dati personali?<\/h3>\n<p>Presso Toroshopping, S.L., tratteremo i tuoi dati personali raccolti attraverso il sito web: https:\/\/lasventastour.com,<br \/>\ncon le seguenti finalit\u00e0:<br \/>\n1. Rispettare gli obblighi commerciali, lavorativi, societari e contabili della societ\u00e0.<br \/>\n2. Fornire i propri servizi in conformit\u00e0 con le particolari esigenze dei clienti, al fine di conformarsi<br \/>\ni contratti da essa sottoscritti.<br \/>\n3. Invio di informazioni commerciali e newsletter sui nuovi servizi offerti sul web e nel settore.<br \/>\n4. Il processo di archiviazione, aggiornamento dei sistemi, protezione e custodia delle informazioni e<br \/>\ndatabase aziendali.<br \/>\n5. Fornire i servizi contrattati dall&#8217;utente.<br \/>\n6. Inviare informazioni promozionali in formato elettronico<\/p>\n<p>7. Fornire le informazioni richieste dall&#8217;utente attraverso il modulo di contatto.<\/p>\n<p>Ti ricordiamo che puoi opporti all&#8217;invio di comunicazioni commerciali con qualsiasi mezzo e in qualsiasi momento.<br \/>\nmomento, inviando una email all&#8217;indirizzo sopra indicato.<br \/>\nLa compilazione dei campi di tali registri \u00e8 obbligatoria, rendendo impossibile il raggiungimento delle finalit\u00e0<br \/>\nespressa qualora tali dati non vengano forniti.<\/p>\n<h2>Per quanto tempo vengono conservati i dati personali raccolti?<\/h2>\n<p>I dati personali forniti saranno conservati finch\u00e9 verr\u00e0 mantenuto il rapporto commerciale o non ne farai richiesta<br \/>\ncancellazione e durante il periodo per il quale possono sorgere responsabilit\u00e0 legali per i servizi forniti.<\/p>\n<h2>Legittimazione:<\/h2>\n<p>Il trattamento dei Suoi dati viene effettuato con le seguenti basi giuridiche che lo legittimano:<br \/>\n1. La richiesta di informazioni e\/o la contrattazione dei servizi di Toroshopping, S.L., i cui termini e condizioni<br \/>\nle condizioni saranno messe a vostra disposizione in ogni caso, prima di un eventuale contratto.<br \/>\n2. Consenso libero, specifico, informato e inequivocabile, come ti informiamo mettendoti a disposizione<br \/>\ndisposizione della presente informativa sulla privacy, che dopo averla letta, se<br \/>\nd&#8217;accordo, puoi accettare facendo una dichiarazione o una chiara azione affermativa, come la marcatura<br \/>\ndi una scatola predisposta a questo scopo.<\/p>\n<p>Se non ci fornisci i tuoi dati o lo fai in modo errato o incompleto non potremo rispondere alla tua richiesta.<br \/>\nrendendo completamente impossibile fornirti le informazioni richieste o eseguire la contrattazione dei servizi.<\/p>\n<h2>Destinatari:<\/h2>\n<p>I dati non saranno comunicati a terzi diversi da Toroshopping, S.L., salvo obbligo legale.<\/p>\n<p>Dati raccolti dagli utenti dei servizi<br \/>\nNei casi in cui l&#8217;utente include file con dati personali sui server di hosting<br \/>\ncondiviso, Toroshopping, S.L. non \u00e8 responsabile per il mancato rispetto da parte dell&#8217;utente del RGPD.<\/p>\n<h2>Diritti di propriet\u00e0 intellettuale https:\/\/lasventastour.com<\/h2>\n<p>Toroshopping, S.L. \u00e8 titolare di tutti i diritti d&#8217;autore, propriet\u00e0 intellettuale e industriale, know-how e quant&#8217;altro<br \/>\nAltri diritti sono relativi ai contenuti del sito https:\/\/lasventastour.com e ai servizi ivi offerti<br \/>\nit, nonch\u00e9 i programmi necessari alla sua attuazione e le relative informazioni.<br \/>\n\u00c8 vietata la riproduzione, pubblicazione e\/o utilizzo non strettamente privato dei contenuti, totale o parziale, del<br \/>\nsito web https:\/\/lasventastour.com senza previo consenso scritto.<\/p>\n<h2>Propriet\u00e0 intellettuale del software<\/h2>\n<p>L&#8217;utente \u00e8 tenuto a rispettare i programmi di terze parti messi a disposizione da Toroshopping, S.L., anche se lo sono<br \/>\ngratuiti e\/o disponibili al pubblico.<br \/>\nToroshopping, S.L. possiede i diritti di sfruttamento e di propriet\u00e0 intellettuale necessari per il software.<br \/>\nL&#8217;utente non acquisisce alcun diritto o licenza per il servizio contrattato, sul software necessario per lo<br \/>\nfornitura del servizio, n\u00e9 circa le informazioni tecniche per il monitoraggio del servizio, ad eccezione dell&#8217;<br \/>\ndiritti e licenze necessari per l&#8217;adempimento dei servizi contrattuali e solo per la durata di<br \/>\ngli stessi.<br \/>\nPer qualsiasi azione eccedente l&#8217;adempimento del contratto sar\u00e0 necessaria l&#8217;autorizzazione scritta dell&#8217;utente<br \/>\ndi Toroshopping, S.L., essendo vietato all&#8217;utente accedere, modificare, visualizzare la configurazione, la struttura e<br \/>\nfile dai server di propriet\u00e0 di Toroshopping, S.L., assumendosi la responsabilit\u00e0 civile e penale che ne deriva<br \/>\nqualsiasi incidente che potrebbe verificarsi nei server e nei sistemi di sicurezza come diretta conseguenza di<br \/>\nazione negligente o dolosa da parte tua.<\/p>\n<h2>Propriet\u00e0 intellettuale del contenuto ospitato<\/h2>\n<p>\u00c8 vietato l&#8217;utilizzo contrario alla normativa sulla propriet\u00e0 intellettuale dei servizi forniti da Toroshopping.<br \/>\nS.L. e, in particolare:<br \/>\n\u2022 Utilizzo contrario alle leggi spagnole o che violi i diritti di terzi.<br \/>\n\u2022 La pubblicazione o trasmissione di qualsiasi contenuto che, secondo Toroshopping, S.L., sia<br \/>\nviolento, osceno, offensivo, illegale, razziale, xenofobo o diffamatorio.<br \/>\n\u2022 Crepe, numeri di serie dei programmi o qualsiasi altro contenuto che violi i diritti di<br \/>\npropriet\u00e0 intellettuale di terzi.<br \/>\n\u2022 La raccolta e\/o l&#8217;utilizzo di dati personali di altri utenti senza il loro esplicito consenso o<br \/>\ncontravvenendo alle disposizioni del Regolamento (UE) 2016\/679 del Parlamento Europeo e del Consiglio, di<\/p>\n<p>27 aprile 2016, relativo alla tutela delle persone fisiche rispetto al trattamento dei dati personali<br \/>\ndati personali e la loro libera circolazione.<br \/>\n\u2022 L&#8217;utilizzo del server di posta e degli indirizzi email del dominio per l&#8217;invio<br \/>\ndi e-mail di spam di massa.<\/p>\n<p>L&#8217;utente ha la piena responsabilit\u00e0 per il contenuto del proprio sito web, le informazioni trasmesse e archiviate, i<br \/>\ncollegamenti ipertestuali, rivendicazioni di terzi e azioni legali in riferimento alla propriet\u00e0 intellettuale,<br \/>\ndiritti dei terzi e tutela dei minori.<\/p>\n<p>L&#8217;utente \u00e8 responsabile delle leggi e dei regolamenti in vigore e delle norme che hanno a che fare con il<br \/>\nfunzionamento del servizio online, commercio elettronico, diritto d&#8217;autore, mantenimento dell&#8217;ordine pubblico, nonch\u00e9<br \/>\nprincipi universali dell\u2019uso di Internet.<\/p>\n<p>L&#8217;utente compenser\u00e0 Toroshopping, S.L. per le spese generate dall&#8217;imputazione di Toroshopping, S.L. In<br \/>\nqualsiasi causa per la quale la responsabilit\u00e0 sia imputabile all&#8217;utente, ivi compresi gli oneri e le spese di difesa legale, ivi comprese<br \/>\nin caso di decisione giudiziaria non definitiva.<\/p>\n<h2>Protezione delle informazioni ospitate<\/h2>\n<p>Toroshopping, S.L. effettua copie di backup dei contenuti ospitati sui propri server, tuttavia non lo \u00e8<br \/>\nresponsabile della perdita o cancellazione accidentale dei dati da parte degli utenti. Allo stesso modo, no<br \/>\ngarantisce la totale sostituzione dei dati cancellati dagli utenti, poich\u00e9 i predetti dati avrebbero potuto essere cancellati<br \/>\ncancellati e\/o modificati durante il periodo di tempo trascorso dall&#8217;ultimo backup.<br \/>\nI servizi offerti, salvo specifici servizi di backup, non prevedono la sostituzione dei contenuti<br \/>\nconservato nelle copie di backup realizzate da Toroshopping, S.L., quando tale perdita \u00e8 attribuibile a<br \/>\nutente; In questo caso, la tariffa sar\u00e0 determinata in base alla complessit\u00e0 e al volume del recupero, sempre prima<br \/>\naccettazione da parte dell&#8217;utente.<br \/>\nLa sostituzione dei dati cancellati \u00e8 inclusa nel prezzo del servizio solo se \u00e8 dovuta alla perdita del contenuto<br \/>\nper cause imputabili a Toroshopping, S.L.<\/p>\n<h2>Comunicazioni commerciali<\/h2>\n<p>In applicazione della LSSI. Toroshopping, S.L. non invier\u00e0 comunicazioni pubblicitarie o promozionali tramite posta<br \/>\nmezzi elettronici o altri mezzi di comunicazione elettronica equivalenti che non erano stati precedentemente richiesti o<br \/>\nespressamente autorizzato dai destinatari dello stesso.<br \/>\nNel caso di utenti con i quali esiste un precedente rapporto contrattuale, Toroshopping, S.L. s\u00ec, sei autorizzato a spedire<\/p>\n<p>di comunicazioni commerciali riferite a prodotti o servizi di Toroshopping, S.L. che sono simili a quelli<br \/>\nInizialmente erano stati contrattualmente stipulati con il cliente.<br \/>\nIn ogni caso, l&#8217;utente, dopo aver dimostrato la propria identit\u00e0, potr\u00e0 richiedere che non gli vengano pi\u00f9 inviate informazioni commerciali.<br \/>\nattraverso i canali del Servizio Clienti.<\/p>\n<\/div><\/div><\/div><\/div><\/div><\/div><\/section>\n","protected":false},"excerpt":{"rendered":"Politica sulla privacy Politica sulla riservatezza Informazioni sulla protezione dei dati 1. Responsabile del trattamento dei tuoi dati Responsabile: Centro per gli Affari della Corrida della Comunit\u00e0 di Madrid, Ministero della Presidenza, della Giustizia e dell\u2019Interno. Sede legale: Centro Affari Corrida \u2013 Calle Alcal\u00e1, n\u00ba 237 (Plaza de Toros de Las Ventas), 28028 Madrid. Contattare...","protected":false},"author":1,"featured_media":0,"parent":0,"menu_order":0,"comment_status":"closed","ping_status":"open","template":"","meta":{"footnotes":""},"class_list":["post-3507","page","type-page","status-publish","hentry"],"yoast_head":"<!-- This site is optimized with the Yoast SEO plugin v27.4 - https:\/\/yoast.com\/product\/yoast-seo-wordpress\/ -->\n<title>Politica sulla privacy - Las Ventas Tour<\/title>\n<meta name=\"robots\" content=\"index, follow, max-snippet:-1, max-image-preview:large, max-video-preview:-1\" \/>\n<link rel=\"canonical\" href=\"https:\/\/lasventastour.com\/it\/politica-sulla-privacy\/\" \/>\n<meta property=\"og:locale\" content=\"it_IT\" \/>\n<meta property=\"og:type\" content=\"article\" \/>\n<meta property=\"og:title\" content=\"Politica sulla privacy - Las Ventas Tour\" \/>\n<meta property=\"og:url\" content=\"https:\/\/lasventastour.com\/it\/politica-sulla-privacy\/\" \/>\n<meta property=\"og:site_name\" content=\"Las Ventas Tour\" \/>\n<meta property=\"article:modified_time\" content=\"2024-10-08T07:28:48+00:00\" \/>\n<meta property=\"og:image\" content=\"https:\/\/lasventastour.com\/wp-content\/uploads\/2023\/12\/paseillo-en-las-ventas.webp\" \/>\n\t<meta property=\"og:image:width\" content=\"511\" \/>\n\t<meta property=\"og:image:height\" content=\"280\" \/>\n\t<meta property=\"og:image:type\" content=\"image\/webp\" \/>\n<meta name=\"twitter:card\" content=\"summary_large_image\" \/>\n<meta name=\"twitter:label1\" content=\"Tempo di lettura stimato\" \/>\n\t<meta name=\"twitter:data1\" content=\"10 minuti\" \/>\n<script type=\"application\/ld+json\" class=\"yoast-schema-graph\">{\"@context\":\"https:\\\/\\\/schema.org\",\"@graph\":[{\"@type\":\"WebPage\",\"@id\":\"https:\\\/\\\/lasventastour.com\\\/it\\\/politica-sulla-privacy\\\/\",\"url\":\"https:\\\/\\\/lasventastour.com\\\/it\\\/politica-sulla-privacy\\\/\",\"name\":\"Politica sulla privacy - Las Ventas Tour\",\"isPartOf\":{\"@id\":\"https:\\\/\\\/lasventastour.com\\\/it\\\/#website\"},\"datePublished\":\"2023-09-21T14:37:42+00:00\",\"dateModified\":\"2024-10-08T07:28:48+00:00\",\"breadcrumb\":{\"@id\":\"https:\\\/\\\/lasventastour.com\\\/it\\\/politica-sulla-privacy\\\/#breadcrumb\"},\"inLanguage\":\"it-IT\",\"potentialAction\":[{\"@type\":\"ReadAction\",\"target\":[\"https:\\\/\\\/lasventastour.com\\\/it\\\/politica-sulla-privacy\\\/\"]}]},{\"@type\":\"BreadcrumbList\",\"@id\":\"https:\\\/\\\/lasventastour.com\\\/it\\\/politica-sulla-privacy\\\/#breadcrumb\",\"itemListElement\":[{\"@type\":\"ListItem\",\"position\":1,\"name\":\"Portada\",\"item\":\"https:\\\/\\\/lasventastour.com\\\/it\\\/\"},{\"@type\":\"ListItem\",\"position\":2,\"name\":\"Politica sulla privacy\"}]},{\"@type\":\"WebSite\",\"@id\":\"https:\\\/\\\/lasventastour.com\\\/it\\\/#website\",\"url\":\"https:\\\/\\\/lasventastour.com\\\/it\\\/\",\"name\":\"Las Ventas Tour\",\"description\":\"Tour Las Ventas | Plaza de Toros de Madrid | Web Oficial\",\"publisher\":{\"@id\":\"https:\\\/\\\/lasventastour.com\\\/it\\\/#organization\"},\"alternateName\":\"Las Ventas Tour\",\"potentialAction\":[{\"@type\":\"SearchAction\",\"target\":{\"@type\":\"EntryPoint\",\"urlTemplate\":\"https:\\\/\\\/lasventastour.com\\\/it\\\/?s={search_term_string}\"},\"query-input\":{\"@type\":\"PropertyValueSpecification\",\"valueRequired\":true,\"valueName\":\"search_term_string\"}}],\"inLanguage\":\"it-IT\"},{\"@type\":\"Organization\",\"@id\":\"https:\\\/\\\/lasventastour.com\\\/it\\\/#organization\",\"name\":\"Las Ventas Tour\",\"alternateName\":\"Las Ventas Tour\",\"url\":\"https:\\\/\\\/lasventastour.com\\\/it\\\/\",\"logo\":{\"@type\":\"ImageObject\",\"inLanguage\":\"it-IT\",\"@id\":\"https:\\\/\\\/lasventastour.com\\\/it\\\/#\\\/schema\\\/logo\\\/image\\\/\",\"url\":\"https:\\\/\\\/lasventastour.com\\\/wp-content\\\/uploads\\\/2024\\\/09\\\/cropped-Logo-Las-Ventas-1.webp\",\"contentUrl\":\"https:\\\/\\\/lasventastour.com\\\/wp-content\\\/uploads\\\/2024\\\/09\\\/cropped-Logo-Las-Ventas-1.webp\",\"width\":512,\"height\":512,\"caption\":\"Las Ventas Tour\"},\"image\":{\"@id\":\"https:\\\/\\\/lasventastour.com\\\/it\\\/#\\\/schema\\\/logo\\\/image\\\/\"},\"sameAs\":[\"https:\\\/\\\/www.instagram.com\\\/lasventastour\\\/\"]}]}<\/script>\n<!-- \/ Yoast SEO plugin. -->","yoast_head_json":{"title":"Politica sulla privacy - Las Ventas Tour","robots":{"index":"index","follow":"follow","max-snippet":"max-snippet:-1","max-image-preview":"max-image-preview:large","max-video-preview":"max-video-preview:-1"},"canonical":"https:\/\/lasventastour.com\/it\/politica-sulla-privacy\/","og_locale":"it_IT","og_type":"article","og_title":"Politica sulla privacy - Las Ventas Tour","og_url":"https:\/\/lasventastour.com\/it\/politica-sulla-privacy\/","og_site_name":"Las Ventas Tour","article_modified_time":"2024-10-08T07:28:48+00:00","og_image":[{"width":511,"height":280,"url":"https:\/\/lasventastour.com\/wp-content\/uploads\/2023\/12\/paseillo-en-las-ventas.webp","type":"image\/webp"}],"twitter_card":"summary_large_image","twitter_misc":{"Tempo di lettura stimato":"10 minuti"},"schema":{"@context":"https:\/\/schema.org","@graph":[{"@type":"WebPage","@id":"https:\/\/lasventastour.com\/it\/politica-sulla-privacy\/","url":"https:\/\/lasventastour.com\/it\/politica-sulla-privacy\/","name":"Politica sulla privacy - Las Ventas Tour","isPartOf":{"@id":"https:\/\/lasventastour.com\/it\/#website"},"datePublished":"2023-09-21T14:37:42+00:00","dateModified":"2024-10-08T07:28:48+00:00","breadcrumb":{"@id":"https:\/\/lasventastour.com\/it\/politica-sulla-privacy\/#breadcrumb"},"inLanguage":"it-IT","potentialAction":[{"@type":"ReadAction","target":["https:\/\/lasventastour.com\/it\/politica-sulla-privacy\/"]}]},{"@type":"BreadcrumbList","@id":"https:\/\/lasventastour.com\/it\/politica-sulla-privacy\/#breadcrumb","itemListElement":[{"@type":"ListItem","position":1,"name":"Portada","item":"https:\/\/lasventastour.com\/it\/"},{"@type":"ListItem","position":2,"name":"Politica sulla privacy"}]},{"@type":"WebSite","@id":"https:\/\/lasventastour.com\/it\/#website","url":"https:\/\/lasventastour.com\/it\/","name":"Las Ventas Tour","description":"Tour Las Ventas | Plaza de Toros de Madrid | Web Oficial","publisher":{"@id":"https:\/\/lasventastour.com\/it\/#organization"},"alternateName":"Las Ventas Tour","potentialAction":[{"@type":"SearchAction","target":{"@type":"EntryPoint","urlTemplate":"https:\/\/lasventastour.com\/it\/?s={search_term_string}"},"query-input":{"@type":"PropertyValueSpecification","valueRequired":true,"valueName":"search_term_string"}}],"inLanguage":"it-IT"},{"@type":"Organization","@id":"https:\/\/lasventastour.com\/it\/#organization","name":"Las Ventas Tour","alternateName":"Las Ventas Tour","url":"https:\/\/lasventastour.com\/it\/","logo":{"@type":"ImageObject","inLanguage":"it-IT","@id":"https:\/\/lasventastour.com\/it\/#\/schema\/logo\/image\/","url":"https:\/\/lasventastour.com\/wp-content\/uploads\/2024\/09\/cropped-Logo-Las-Ventas-1.webp","contentUrl":"https:\/\/lasventastour.com\/wp-content\/uploads\/2024\/09\/cropped-Logo-Las-Ventas-1.webp","width":512,"height":512,"caption":"Las Ventas Tour"},"image":{"@id":"https:\/\/lasventastour.com\/it\/#\/schema\/logo\/image\/"},"sameAs":["https:\/\/www.instagram.com\/lasventastour\/"]}]}},"_links":{"self":[{"href":"https:\/\/lasventastour.com\/it\/wp-json\/wp\/v2\/pages\/3507","targetHints":{"allow":["GET"]}}],"collection":[{"href":"https:\/\/lasventastour.com\/it\/wp-json\/wp\/v2\/pages"}],"about":[{"href":"https:\/\/lasventastour.com\/it\/wp-json\/wp\/v2\/types\/page"}],"author":[{"embeddable":true,"href":"https:\/\/lasventastour.com\/it\/wp-json\/wp\/v2\/users\/1"}],"replies":[{"embeddable":true,"href":"https:\/\/lasventastour.com\/it\/wp-json\/wp\/v2\/comments?post=3507"}],"version-history":[{"count":4,"href":"https:\/\/lasventastour.com\/it\/wp-json\/wp\/v2\/pages\/3507\/revisions"}],"predecessor-version":[{"id":4095,"href":"https:\/\/lasventastour.com\/it\/wp-json\/wp\/v2\/pages\/3507\/revisions\/4095"}],"wp:attachment":[{"href":"https:\/\/lasventastour.com\/it\/wp-json\/wp\/v2\/media?parent=3507"}],"curies":[{"name":"wp","href":"https:\/\/api.w.org\/{rel}","templated":true}]}}