{"id":2391,"date":"2023-09-29T09:56:01","date_gmt":"2023-09-29T09:56:01","guid":{"rendered":"https:\/\/lasventastour.com\/visita-alla-fattoria-del-bestiame-di-flor-jara\/"},"modified":"2026-02-16T15:02:25","modified_gmt":"2026-02-16T15:02:25","slug":"visite-del-bestiame","status":"publish","type":"page","link":"https:\/\/lasventastour.com\/it\/visite-del-bestiame\/","title":{"rendered":"Visita al bestiame"},"content":{"rendered":"<section class=\"l-section wpb_row us_custom_f9d0b101 height_auto color_primary with_img parallax_ver parallaxdir_reversed\"><div class=\"l-section-img\" role=\"img\" aria-label=\"Bestiame flor de Jara\" data-img-width=\"1000\" data-img-height=\"350\" style=\"background-image: url(https:\/\/lasventastour.com\/wp-content\/uploads\/2023\/09\/flor-de-jara.jpg);\"><\/div><div class=\"l-section-overlay\" style=\"background:linear-gradient(90deg,#1b122f,rgba(54,54,54,0.00))\"><\/div><div class=\"l-section-h i-cf\"><div class=\"g-cols vc_row via_grid cols_1 laptops-cols_inherit tablets-cols_inherit mobiles-cols_1 valign_middle type_default stacking_default\" style=\"--columns-gap:0rem;\"><div class=\"wpb_column vc_column_container\"><div class=\"vc_column-inner\"><div class=\"w-separator size_medium\"><\/div><h1 class=\"w-text us_custom_51aa7753 us_animate_this\"><span class=\"w-text-h\"><span class=\"w-text-value\">Visite agli allevamenti di bestiame<\/span><\/span><\/h1><div class=\"w-separator size_small\"><\/div><div class=\"w-text us_custom_444d1fbc us_animate_this\"><span class=\"w-text-h\"><span class=\"w-text-value\">Visita la Fattoria del bestiame Flor de Jara con una guida privata<\/span><\/span><\/div><div class=\"w-separator size_small\"><\/div><div class=\"w-btn-wrapper align_none\"><a class=\"w-btn us-btn-style_1\" target=\"_blank\" href=\"https:\/\/tickets.lasventastour.com\/en\/426-web-individual\/2149-visit-to-flor-de-jara-bull-farm\"><span class=\"w-btn-label\">Prenota i biglietti<\/span><\/a><\/div><div class=\"w-separator size_small\"><\/div><\/div><\/div><\/div><\/div><\/section><section class=\"l-section wpb_row height_medium\"><div class=\"l-section-h i-cf\"><div class=\"g-cols vc_row via_grid cols_1 laptops-cols_inherit tablets-cols_inherit mobiles-cols_1 valign_top type_default stacking_default\"><div class=\"wpb_column vc_column_container\"><div class=\"vc_column-inner\"><div class=\"wpb_text_column\"><div class=\"wpb_wrapper\"><h2 style=\"text-align: center;\">Riassunto della visita<\/h2>\n<\/div><\/div><div class=\"w-separator size_medium\"><\/div><div class=\"g-cols wpb_row via_grid cols_2 laptops-cols_inherit tablets-cols_inherit mobiles-cols_1 valign_top type_default stacking_default\" style=\"--columns-gap:3rem;\"><div class=\"wpb_column vc_column_container\"><div class=\"vc_column-inner\"><div class=\"w-iconbox us_custom_1f257949 iconpos_left style_default color_primary align_left\"><div class=\"w-iconbox-icon\" style=\"font-size:2rem;\"><i class=\"fas fa-watch\"><\/i><\/div><div class=\"w-iconbox-meta\"><h4 class=\"w-iconbox-title\">Durata<\/h4><div class=\"w-iconbox-text\"><p>La durata \u00e8 di circa 2 ore.<\/p>\n<\/div><\/div><\/div><div class=\"w-separator size_medium\"><\/div><div class=\"w-iconbox us_custom_1f257949 iconpos_left style_default color_primary align_center\"><div class=\"w-iconbox-icon\" style=\"font-size:2rem;\"><i class=\"fas fa-briefcase\"><\/i><\/div><div class=\"w-iconbox-meta\"><h4 class=\"w-iconbox-title\">Servizi<\/h4><div class=\"w-iconbox-text\"><p>Tour privato con guida privata con possibilit\u00e0 di trasporto all&#8217;azienda zootecnica.<\/p>\n<\/div><\/div><\/div><\/div><\/div><div class=\"wpb_column vc_column_container\"><div class=\"vc_column-inner\"><div class=\"w-iconbox us_custom_1f257949 iconpos_left style_default color_primary align_center\"><div class=\"w-iconbox-icon\" style=\"font-size:2rem;\"><i class=\"material-icons\">people<\/i><\/div><div class=\"w-iconbox-meta\"><h4 class=\"w-iconbox-title\">Assistenti<\/h4><div class=\"w-iconbox-text\"><p>\u00c8 richiesto un minimo di 2 persone.<br \/>\nPer gruppi di oltre 10 persone, contattaci.<\/p>\n<\/div><\/div><\/div><div class=\"w-separator size_medium\"><\/div><div class=\"w-iconbox us_custom_1f257949 iconpos_left style_default color_primary align_center\"><div class=\"w-iconbox-icon\" style=\"font-size:2rem;\"><i class=\"fas fa-location\"><\/i><\/div><div class=\"w-iconbox-meta\"><h4 class=\"w-iconbox-title\">Posizione<\/h4><div class=\"w-iconbox-text\"><p>Manzanares La Real, Madrid, nella Sierra de las Pedrizas, un luogo magico nel Parco Naturale dell&#8217;Alto Manzanares.<\/p>\n<\/div><\/div><\/div><\/div><\/div><\/div><\/div><\/div><\/div><\/div><\/section><section class=\"l-section wpb_row height_medium\"><div class=\"l-section-h i-cf\"><div class=\"g-cols vc_row via_grid cols_1 laptops-cols_inherit tablets-cols_inherit mobiles-cols_1 valign_top type_default stacking_default\"><div class=\"wpb_column vc_column_container\"><div class=\"vc_column-inner\"><div class=\"wpb_text_column\"><div class=\"wpb_wrapper\"><h2 style=\"text-align: center;\">Informazioni generali<\/h2>\n<p><span lang=\"ES\">L&#8217;allevamento Flor de Jara si trova a Manzanares La Real, Madrid, nella Sierra de las Pedrizas, un luogo magico nel Parco Naturale dell&#8217;Alto Manzanares. <\/span> L&#8217;obiettivo di questa visita \u00e8 conoscere il toro da combattimento, l&#8217;ambiente in cui viene allevato e tutto ci\u00f2 che circonda questo meraviglioso animale.<br \/>\nDurante la visita girerai per la fattoria in una roulotte per avere una visione panoramica a 360\u00ba dell&#8217;ambiente naturale.<br \/>\nPotrai vedere il toro (stallone) insieme al resto delle mucche e dei vitelli della fattoria.<br \/>\nPotrai anche <span>vedere le strutture per il bestiame, i recinti, gli scivoli per la vaccinazione, il pontile, il box, l&#8217;arena per la corrida e lo showroom del bestiame.<\/span> La visita include un aperitivo in fattoria.<\/p>\n<\/div><\/div><\/div><\/div><\/div><\/div><\/section><section class=\"l-section wpb_row us_custom_f78888c0 height_medium\"><div class=\"l-section-h i-cf\"><div class=\"g-cols vc_row via_grid cols_3 laptops-cols_inherit tablets-cols_inherit mobiles-cols_1 valign_top type_default stacking_default\"><div class=\"wpb_column vc_column_container\"><div class=\"vc_column-inner\"><div class=\"w-image us_custom_ad27cd45 align_center\"><div class=\"w-image-h\"><img decoding=\"async\" width=\"300\" height=\"225\" src=\"https:\/\/lasventastour.com\/wp-content\/uploads\/2023\/09\/ganaderia-flor-de-jara.jpeg\" class=\"attachment-large size-large\" alt=\"Visita il bestiame di Madrid\" loading=\"lazy\" \/><\/div><\/div><\/div><\/div><div class=\"wpb_column vc_column_container\"><div class=\"vc_column-inner\"><div class=\"w-image us_custom_ad27cd45 align_center\"><div class=\"w-image-h\"><img decoding=\"async\" width=\"300\" height=\"225\" src=\"https:\/\/lasventastour.com\/wp-content\/uploads\/2023\/09\/visita-ganaderia-toros.jpeg\" class=\"attachment-large size-large\" alt=\"Tori bestiame flor de jara\" loading=\"lazy\" \/><\/div><\/div><\/div><\/div><div class=\"wpb_column vc_column_container\"><div class=\"vc_column-inner\"><div class=\"w-image us_custom_ad27cd45 align_center\"><div class=\"w-image-h\"><img decoding=\"async\" width=\"300\" height=\"225\" src=\"https:\/\/lasventastour.com\/wp-content\/uploads\/2023\/09\/visita-flor-de-jara-ganaderia.jpeg\" class=\"attachment-large size-large\" alt=\"Visite turistiche agli allevamenti di Madrid\" loading=\"lazy\" \/><\/div><\/div><\/div><\/div><\/div><\/div><\/section><section class=\"l-section wpb_row height_medium\"><div class=\"l-section-h i-cf\"><div class=\"g-cols vc_row via_grid cols_2 laptops-cols_inherit tablets-cols_inherit mobiles-cols_1 valign_top type_default stacking_default\"><div class=\"wpb_column vc_column_container\"><div class=\"vc_column-inner\"><div class=\"w-image us_custom_ad27cd45 align_none\"><div class=\"w-image-h\"><img decoding=\"async\" width=\"1000\" height=\"350\" src=\"https:\/\/lasventastour.com\/wp-content\/uploads\/2023\/09\/flor-de-jara.jpg\" class=\"attachment-large size-large\" alt=\"Bestiame flor de Jara\" loading=\"lazy\" srcset=\"https:\/\/lasventastour.com\/wp-content\/uploads\/2023\/09\/flor-de-jara.jpg 1000w, https:\/\/lasventastour.com\/wp-content\/uploads\/2023\/09\/flor-de-jara-600x210.jpg 600w, https:\/\/lasventastour.com\/wp-content\/uploads\/2023\/09\/flor-de-jara-300x105.jpg 300w\" sizes=\"auto, (max-width: 1000px) 100vw, 1000px\" \/><\/div><\/div><div class=\"w-separator size_medium\"><\/div><div class=\"w-btn-wrapper align_center\"><a class=\"w-btn us-btn-style_1\" target=\"_blank\" href=\"https:\/\/tickets.lasventastour.com\/en\/426-web-individual\/2149-visit-to-flor-de-jara-bull-farm\"><span class=\"w-btn-label\">Acquista i biglietti<\/span><\/a><\/div><\/div><\/div><div class=\"wpb_column vc_column_container\"><div class=\"vc_column-inner\"><div class=\"wpb_text_column\"><div class=\"wpb_wrapper\"><ul>\n<li><span lang=\"ES\">Visite mattutine o pomeridiane<\/span><\/li>\n<li><span lang=\"ES\">Per maggiori informazioni e prenotazioni, contatta <a href=\"mailto:info@lasventastour.com\">info@lasventastour.com.<\/a><\/span><\/li>\n<li>Partecipano esperti e agricoltori o allevatori.<\/li>\n<li>Il trasporto non \u00e8 incluso.<\/li>\n<li>Durata della visita: circa 2 ore<\/li>\n<li>Lingua: spagnolo o inglese.<\/li>\n<\/ul>\n<\/div><\/div><\/div><\/div><\/div><\/div><\/section><section class=\"l-section wpb_row height_medium\"><div class=\"l-section-h i-cf\"><div class=\"g-cols vc_row via_grid cols_1 laptops-cols_inherit tablets-cols_inherit mobiles-cols_1 valign_top type_default stacking_default\"><div class=\"wpb_column vc_column_container\"><div class=\"vc_column-inner\"><div class=\"wpb_text_column\"><div class=\"wpb_wrapper\"><h2 style=\"text-align: center;\">Altre attivit\u00e0 interessanti:<\/h2>\n<\/div><\/div><div class=\"w-separator size_medium\"><\/div><div class=\"g-cols wpb_row via_grid cols_2 laptops-cols_inherit tablets-cols_inherit mobiles-cols_1 valign_top type_default stacking_default\" style=\"--columns-gap:3rem;\"><div class=\"wpb_column vc_column_container\"><div class=\"vc_column-inner\"><div class=\"w-ibanner us_custom_a10ddd82 has_text_color animation_phorcys ratio_3x2 easing_ease\"><a title=\"tour las ventas con guida privata\" href=\"https:\/\/lasventastour.com\/it\/visite-guidate-private\/\" aria-label=\"Visita VIP\"><\/a><div class=\"w-ibanner-h\"><div class=\"w-ibanner-image\" style=\"background-image: url(https:\/\/lasventastour.com\/wp-content\/uploads\/2023\/09\/tour-visitas-privadas.jpg)\"><\/div><div class=\"w-ibanner-content\"><div class=\"w-ibanner-content-h\"><h3 class=\"w-ibanner-title\">Visita VIP<\/h3><div class=\"w-ibanner-desc\"><\/div><\/div><\/div><\/div><\/div><\/div><\/div><div class=\"wpb_column vc_column_container\"><div class=\"vc_column-inner\"><div class=\"w-ibanner us_custom_2d937f4f has_text_color animation_phorcys ratio_3x2 easing_ease\"><a href=\"https:\/\/lasventastour.com\/it\/visita-individuale\/\" aria-label=\"Visita individuale\"><\/a><div class=\"w-ibanner-h\"><div class=\"w-ibanner-image\" style=\"background-image: url(https:\/\/lasventastour.com\/wp-content\/uploads\/2023\/09\/tour-Visita-individual.jpg)\"><\/div><div class=\"w-ibanner-content\"><div class=\"w-ibanner-content-h\"><h3 class=\"w-ibanner-title\">Visita individuale<\/h3><div class=\"w-ibanner-desc\"><\/div><\/div><\/div><\/div><\/div><\/div><\/div><\/div><div class=\"w-separator size_medium\"><\/div><div class=\"g-cols wpb_row via_grid cols_2 laptops-cols_inherit tablets-cols_inherit mobiles-cols_1 valign_top type_default stacking_default\" style=\"--columns-gap:3rem;\"><div class=\"wpb_column vc_column_container\"><div class=\"vc_column-inner\"><div class=\"w-ibanner us_custom_a10ddd82 has_text_color animation_phorcys ratio_3x2 easing_ease\"><a href=\"https:\/\/lasventastour.com\/it\/gruppi-di-visite-guidate\/\" aria-label=\"Visite di gruppo\"><\/a><div class=\"w-ibanner-h\"><div class=\"w-ibanner-image\" style=\"background-image: url(https:\/\/lasventastour.com\/wp-content\/uploads\/2023\/09\/tour-visitas-grupales.jpg)\"><\/div><div class=\"w-ibanner-content\"><div class=\"w-ibanner-content-h\"><h3 class=\"w-ibanner-title\">Visite di gruppo<\/h3><div class=\"w-ibanner-desc\"><\/div><\/div><\/div><\/div><\/div><\/div><\/div><div class=\"wpb_column vc_column_container\"><div class=\"vc_column-inner\"><div class=\"w-ibanner us_custom_2d937f4f has_text_color animation_phorcys ratio_3x2 easing_ease\"><a title=\"vendite premium del tour\" href=\"https:\/\/lasventastour.com\/it\/dimostrazione-di-corrida-di-sala\/\" aria-label=\"Dimostrazione di corrida\"><\/a><div class=\"w-ibanner-h\"><div class=\"w-ibanner-image\" style=\"background-image: url(https:\/\/lasventastour.com\/wp-content\/uploads\/2023\/09\/tour-visitas-teatralizadas.jpg)\"><\/div><div class=\"w-ibanner-content\"><div class=\"w-ibanner-content-h\"><h3 class=\"w-ibanner-title\">Dimostrazione di corrida<\/h3><div class=\"w-ibanner-desc\"><\/div><\/div><\/div><\/div><\/div><\/div><\/div><\/div><\/div><\/div><\/div><\/div><\/section>\n","protected":false},"excerpt":{"rendered":"Visite agli allevamenti di bestiameVisita la Fattoria del bestiame Flor de Jara con una guida privataPrenota i bigliettiRiassunto della visita DurataLa durata \u00e8 di circa 2 ore. ServiziTour privato con guida privata con possibilit\u00e0 di trasporto all'azienda zootecnica. peopleAssistenti\u00c8 richiesto un minimo di 2 persone. Per gruppi di oltre 10 persone, contattaci. PosizioneManzanares La Real,...","protected":false},"author":1,"featured_media":0,"parent":0,"menu_order":0,"comment_status":"closed","ping_status":"closed","template":"","meta":{"footnotes":""},"class_list":["post-2391","page","type-page","status-publish","hentry"],"yoast_head":"<!-- This site is optimized with the Yoast SEO plugin v27.4 - https:\/\/yoast.com\/product\/yoast-seo-wordpress\/ -->\n<title>Visita all&#039;allevamento di Flor de Jara : Tour di Las Ventas<\/title>\n<meta name=\"description\" content=\"Visita uno dei pi\u00f9 prestigiosi allevamenti per corride, Flor de Jara. Guida privata inclusa nel biglietto + pranzo\" \/>\n<meta name=\"robots\" content=\"index, follow, max-snippet:-1, max-image-preview:large, max-video-preview:-1\" \/>\n<link rel=\"canonical\" href=\"https:\/\/lasventastour.com\/it\/visite-del-bestiame\/\" \/>\n<meta property=\"og:locale\" content=\"it_IT\" \/>\n<meta property=\"og:type\" content=\"article\" \/>\n<meta property=\"og:title\" content=\"Visita all&#039;allevamento di Flor de Jara : Tour di Las Ventas\" \/>\n<meta property=\"og:description\" content=\"Visita uno dei pi\u00f9 prestigiosi allevamenti per corride, Flor de Jara. Guida privata inclusa nel biglietto + pranzo\" \/>\n<meta property=\"og:url\" content=\"https:\/\/lasventastour.com\/it\/visite-del-bestiame\/\" \/>\n<meta property=\"og:site_name\" content=\"Las Ventas Tour\" \/>\n<meta property=\"article:modified_time\" content=\"2026-02-16T15:02:25+00:00\" \/>\n<meta property=\"og:image\" content=\"https:\/\/lasventastour.com\/wp-content\/uploads\/2023\/12\/paseillo-en-las-ventas.webp\" \/>\n\t<meta property=\"og:image:width\" content=\"511\" \/>\n\t<meta property=\"og:image:height\" content=\"280\" \/>\n\t<meta property=\"og:image:type\" content=\"image\/webp\" \/>\n<meta name=\"twitter:card\" content=\"summary_large_image\" \/>\n<meta name=\"twitter:label1\" content=\"Tempo di lettura stimato\" \/>\n\t<meta name=\"twitter:data1\" content=\"2 minuti\" \/>\n<script type=\"application\/ld+json\" class=\"yoast-schema-graph\">{\"@context\":\"https:\\\/\\\/schema.org\",\"@graph\":[{\"@type\":\"WebPage\",\"@id\":\"https:\\\/\\\/lasventastour.com\\\/it\\\/visite-del-bestiame\\\/\",\"url\":\"https:\\\/\\\/lasventastour.com\\\/it\\\/visite-del-bestiame\\\/\",\"name\":\"Visita all'allevamento di Flor de Jara : Tour di Las Ventas\",\"isPartOf\":{\"@id\":\"https:\\\/\\\/lasventastour.com\\\/it\\\/#website\"},\"datePublished\":\"2023-09-29T09:56:01+00:00\",\"dateModified\":\"2026-02-16T15:02:25+00:00\",\"description\":\"Visita uno dei pi\u00f9 prestigiosi allevamenti per corride, Flor de Jara. Guida privata inclusa nel biglietto + pranzo\",\"breadcrumb\":{\"@id\":\"https:\\\/\\\/lasventastour.com\\\/it\\\/visite-del-bestiame\\\/#breadcrumb\"},\"inLanguage\":\"it-IT\",\"potentialAction\":[{\"@type\":\"ReadAction\",\"target\":[\"https:\\\/\\\/lasventastour.com\\\/it\\\/visite-del-bestiame\\\/\"]}]},{\"@type\":\"BreadcrumbList\",\"@id\":\"https:\\\/\\\/lasventastour.com\\\/it\\\/visite-del-bestiame\\\/#breadcrumb\",\"itemListElement\":[{\"@type\":\"ListItem\",\"position\":1,\"name\":\"Portada\",\"item\":\"https:\\\/\\\/lasventastour.com\\\/it\\\/\"},{\"@type\":\"ListItem\",\"position\":2,\"name\":\"Visita al bestiame\"}]},{\"@type\":\"WebSite\",\"@id\":\"https:\\\/\\\/lasventastour.com\\\/it\\\/#website\",\"url\":\"https:\\\/\\\/lasventastour.com\\\/it\\\/\",\"name\":\"Las Ventas Tour\",\"description\":\"Tour Las Ventas | Plaza de Toros de Madrid | Web Oficial\",\"publisher\":{\"@id\":\"https:\\\/\\\/lasventastour.com\\\/it\\\/#organization\"},\"alternateName\":\"Las Ventas Tour\",\"potentialAction\":[{\"@type\":\"SearchAction\",\"target\":{\"@type\":\"EntryPoint\",\"urlTemplate\":\"https:\\\/\\\/lasventastour.com\\\/it\\\/?s={search_term_string}\"},\"query-input\":{\"@type\":\"PropertyValueSpecification\",\"valueRequired\":true,\"valueName\":\"search_term_string\"}}],\"inLanguage\":\"it-IT\"},{\"@type\":\"Organization\",\"@id\":\"https:\\\/\\\/lasventastour.com\\\/it\\\/#organization\",\"name\":\"Las Ventas Tour\",\"alternateName\":\"Las Ventas Tour\",\"url\":\"https:\\\/\\\/lasventastour.com\\\/it\\\/\",\"logo\":{\"@type\":\"ImageObject\",\"inLanguage\":\"it-IT\",\"@id\":\"https:\\\/\\\/lasventastour.com\\\/it\\\/#\\\/schema\\\/logo\\\/image\\\/\",\"url\":\"https:\\\/\\\/lasventastour.com\\\/wp-content\\\/uploads\\\/2024\\\/09\\\/cropped-Logo-Las-Ventas-1.webp\",\"contentUrl\":\"https:\\\/\\\/lasventastour.com\\\/wp-content\\\/uploads\\\/2024\\\/09\\\/cropped-Logo-Las-Ventas-1.webp\",\"width\":512,\"height\":512,\"caption\":\"Las Ventas Tour\"},\"image\":{\"@id\":\"https:\\\/\\\/lasventastour.com\\\/it\\\/#\\\/schema\\\/logo\\\/image\\\/\"},\"sameAs\":[\"https:\\\/\\\/www.instagram.com\\\/lasventastour\\\/\"]}]}<\/script>\n<!-- \/ Yoast SEO plugin. -->","yoast_head_json":{"title":"Visita all'allevamento di Flor de Jara : Tour di Las Ventas","description":"Visita uno dei pi\u00f9 prestigiosi allevamenti per corride, Flor de Jara. Guida privata inclusa nel biglietto + pranzo","robots":{"index":"index","follow":"follow","max-snippet":"max-snippet:-1","max-image-preview":"max-image-preview:large","max-video-preview":"max-video-preview:-1"},"canonical":"https:\/\/lasventastour.com\/it\/visite-del-bestiame\/","og_locale":"it_IT","og_type":"article","og_title":"Visita all'allevamento di Flor de Jara : Tour di Las Ventas","og_description":"Visita uno dei pi\u00f9 prestigiosi allevamenti per corride, Flor de Jara. Guida privata inclusa nel biglietto + pranzo","og_url":"https:\/\/lasventastour.com\/it\/visite-del-bestiame\/","og_site_name":"Las Ventas Tour","article_modified_time":"2026-02-16T15:02:25+00:00","og_image":[{"width":511,"height":280,"url":"https:\/\/lasventastour.com\/wp-content\/uploads\/2023\/12\/paseillo-en-las-ventas.webp","type":"image\/webp"}],"twitter_card":"summary_large_image","twitter_misc":{"Tempo di lettura stimato":"2 minuti"},"schema":{"@context":"https:\/\/schema.org","@graph":[{"@type":"WebPage","@id":"https:\/\/lasventastour.com\/it\/visite-del-bestiame\/","url":"https:\/\/lasventastour.com\/it\/visite-del-bestiame\/","name":"Visita all'allevamento di Flor de Jara : Tour di Las Ventas","isPartOf":{"@id":"https:\/\/lasventastour.com\/it\/#website"},"datePublished":"2023-09-29T09:56:01+00:00","dateModified":"2026-02-16T15:02:25+00:00","description":"Visita uno dei pi\u00f9 prestigiosi allevamenti per corride, Flor de Jara. Guida privata inclusa nel biglietto + pranzo","breadcrumb":{"@id":"https:\/\/lasventastour.com\/it\/visite-del-bestiame\/#breadcrumb"},"inLanguage":"it-IT","potentialAction":[{"@type":"ReadAction","target":["https:\/\/lasventastour.com\/it\/visite-del-bestiame\/"]}]},{"@type":"BreadcrumbList","@id":"https:\/\/lasventastour.com\/it\/visite-del-bestiame\/#breadcrumb","itemListElement":[{"@type":"ListItem","position":1,"name":"Portada","item":"https:\/\/lasventastour.com\/it\/"},{"@type":"ListItem","position":2,"name":"Visita al bestiame"}]},{"@type":"WebSite","@id":"https:\/\/lasventastour.com\/it\/#website","url":"https:\/\/lasventastour.com\/it\/","name":"Las Ventas Tour","description":"Tour Las Ventas | Plaza de Toros de Madrid | Web Oficial","publisher":{"@id":"https:\/\/lasventastour.com\/it\/#organization"},"alternateName":"Las Ventas Tour","potentialAction":[{"@type":"SearchAction","target":{"@type":"EntryPoint","urlTemplate":"https:\/\/lasventastour.com\/it\/?s={search_term_string}"},"query-input":{"@type":"PropertyValueSpecification","valueRequired":true,"valueName":"search_term_string"}}],"inLanguage":"it-IT"},{"@type":"Organization","@id":"https:\/\/lasventastour.com\/it\/#organization","name":"Las Ventas Tour","alternateName":"Las Ventas Tour","url":"https:\/\/lasventastour.com\/it\/","logo":{"@type":"ImageObject","inLanguage":"it-IT","@id":"https:\/\/lasventastour.com\/it\/#\/schema\/logo\/image\/","url":"https:\/\/lasventastour.com\/wp-content\/uploads\/2024\/09\/cropped-Logo-Las-Ventas-1.webp","contentUrl":"https:\/\/lasventastour.com\/wp-content\/uploads\/2024\/09\/cropped-Logo-Las-Ventas-1.webp","width":512,"height":512,"caption":"Las Ventas Tour"},"image":{"@id":"https:\/\/lasventastour.com\/it\/#\/schema\/logo\/image\/"},"sameAs":["https:\/\/www.instagram.com\/lasventastour\/"]}]}},"_links":{"self":[{"href":"https:\/\/lasventastour.com\/it\/wp-json\/wp\/v2\/pages\/2391","targetHints":{"allow":["GET"]}}],"collection":[{"href":"https:\/\/lasventastour.com\/it\/wp-json\/wp\/v2\/pages"}],"about":[{"href":"https:\/\/lasventastour.com\/it\/wp-json\/wp\/v2\/types\/page"}],"author":[{"embeddable":true,"href":"https:\/\/lasventastour.com\/it\/wp-json\/wp\/v2\/users\/1"}],"replies":[{"embeddable":true,"href":"https:\/\/lasventastour.com\/it\/wp-json\/wp\/v2\/comments?post=2391"}],"version-history":[{"count":6,"href":"https:\/\/lasventastour.com\/it\/wp-json\/wp\/v2\/pages\/2391\/revisions"}],"predecessor-version":[{"id":6201,"href":"https:\/\/lasventastour.com\/it\/wp-json\/wp\/v2\/pages\/2391\/revisions\/6201"}],"wp:attachment":[{"href":"https:\/\/lasventastour.com\/it\/wp-json\/wp\/v2\/media?parent=2391"}],"curies":[{"name":"wp","href":"https:\/\/api.w.org\/{rel}","templated":true}]}}