{"id":9649,"date":"2026-03-05T21:55:39","date_gmt":"2026-03-05T21:55:39","guid":{"rendered":"https:\/\/lasventastour.com\/date-de-livraison-et-commissions-sur-les-billets\/"},"modified":"2026-03-11T11:21:38","modified_gmt":"2026-03-11T11:21:38","slug":"date-de-livraison-et-commissions-sur-les-billets","status":"publish","type":"page","link":"https:\/\/lasventastour.com\/fr\/date-de-livraison-et-commissions-sur-les-billets\/","title":{"rendered":"Date de livraison et commissions sur les billets"},"content":{"rendered":"<section class=\"l-section wpb_row height_medium\"><div class=\"l-section-h i-cf\"><div class=\"g-cols vc_row via_grid cols_1 laptops-cols_inherit tablets-cols_inherit mobiles-cols_1 valign_top type_default stacking_default\"><div class=\"wpb_column vc_column_container\"><div class=\"vc_column-inner\"><div class=\"wpb_text_column\"><div class=\"wpb_wrapper\"><div class=\"wpb_text_column\">\n<div class=\"wpb_wrapper\">\n<h1>Date de livraison et commissions sur les billets<\/h1>\n<h3>Date de livraison :<\/h3>\n<p>Les billets seront envoy\u00e9s au format PDF \u00e0 votre adresse \u00e9lectronique une semaine avant l&rsquo;\u00e9v\u00e9nement. Nous vous recommandons de v\u00e9rifier le dossier spam de votre email. <\/p>\n<h3>Commissions de vente<\/h3>\n<p>Les billets sont soumis \u00e0 une commission de vente de 10% qui est ajout\u00e9e sur la page de paiement.<\/p>\n<h3>Retours<\/h3>\n<div>\n<div>L&rsquo;admission au lieu et, le cas \u00e9ch\u00e9ant, le remboursement du montant pay\u00e9 conform\u00e9ment \u00e0 la l\u00e9gislation en vigueur (art. 70 LCR) sont subordonn\u00e9s \u00e0 la possession du billet officiel, complet, non ouvert et non manipul\u00e9. <\/div>\n<\/div>\n<div><\/div>\n<div>\n<div>Le d\u00e9lai pour le remboursement du montant commence au moment de l&rsquo;annonce de la suspension, du report ou de la modification et se termine 4 jours apr\u00e8s la date pr\u00e9vue pour la repr\u00e9sentation ou 1 heure avant le d\u00e9but de la repr\u00e9sentation en cas de modification (art. 70 de la LCR).<\/div>\n<div><\/div>\n<div>Si le spectacle est suspendu pour des raisons non imputables \u00e0 la compagnie ou pour cause de mauvais temps, une fois que le premier taureau est entr\u00e9 dans l&rsquo;ar\u00e8ne, le spectateur n&rsquo;a droit \u00e0 aucun remboursement (art. 70 de la LTr).<\/div>\n<\/div>\n<\/div>\n<\/div>\n<div class=\"g-cols wpb_row via_grid cols_1 laptops-cols_inherit tablets-cols_inherit mobiles-cols_1 valign_top type_default stacking_default\">\n<div class=\"wpb_column vc_column_container\">\n<div class=\"vc_column-inner\"><\/div>\n<\/div>\n<\/div>\n<\/div><\/div><div class=\"w-separator size_medium\"><\/div><div class=\"w-hwrapper valign_top align_none\" style=\"--hwrapper-gap:1.2rem\"><div class=\"w-btn-wrapper align_none\"><a class=\"w-btn us-btn-style_1\" href=\"https:\/\/lasventastour.com\/fr\/billets-de-corrida-las-ventas-madrid\/\"><span class=\"w-btn-label\">Acheter des billets<\/span><\/a><\/div><\/div><\/div><\/div><\/div><\/div><\/section>\n","protected":false},"excerpt":{"rendered":"Date de livraison et commissions sur les billets Date de livraison : Les billets seront envoy\u00e9s au format PDF \u00e0 votre adresse \u00e9lectronique une semaine avant l&rsquo;\u00e9v\u00e9nement. Nous vous recommandons de v\u00e9rifier le dossier spam de votre email. Commissions de vente Les billets sont soumis \u00e0 une commission de vente de 10% qui est ajout\u00e9e...","protected":false},"author":14,"featured_media":0,"parent":0,"menu_order":0,"comment_status":"closed","ping_status":"closed","template":"","meta":{"footnotes":""},"class_list":["post-9649","page","type-page","status-publish","hentry"],"yoast_head":"<!-- This site is optimized with the Yoast SEO plugin v27.5 - https:\/\/yoast.com\/product\/yoast-seo-wordpress\/ -->\n<title>Date de livraison et commissions sur les billets - Las Ventas Tour<\/title>\n<meta name=\"robots\" content=\"index, nofollow, max-snippet:-1, max-image-preview:large, max-video-preview:-1\" \/>\n<link rel=\"canonical\" href=\"https:\/\/lasventastour.com\/fr\/date-de-livraison-et-commissions-sur-les-billets\/\" \/>\n<meta property=\"og:locale\" content=\"fr_FR\" \/>\n<meta property=\"og:type\" content=\"article\" \/>\n<meta property=\"og:title\" content=\"Date de livraison et commissions sur les billets - Las Ventas Tour\" \/>\n<meta property=\"og:url\" content=\"https:\/\/lasventastour.com\/fr\/date-de-livraison-et-commissions-sur-les-billets\/\" \/>\n<meta property=\"og:site_name\" content=\"Las Ventas Tour\" \/>\n<meta property=\"article:modified_time\" content=\"2026-03-11T11:21:38+00:00\" \/>\n<meta property=\"og:image\" content=\"https:\/\/lasventastour.com\/wp-content\/uploads\/2023\/12\/paseillo-en-las-ventas.webp\" \/>\n\t<meta property=\"og:image:width\" content=\"511\" \/>\n\t<meta property=\"og:image:height\" content=\"280\" \/>\n\t<meta property=\"og:image:type\" content=\"image\/webp\" \/>\n<meta name=\"twitter:card\" content=\"summary_large_image\" \/>\n<meta name=\"twitter:label1\" content=\"Dur\u00e9e de lecture estim\u00e9e\" \/>\n\t<meta name=\"twitter:data1\" content=\"1 minute\" \/>\n<script type=\"application\/ld+json\" class=\"yoast-schema-graph\">{\"@context\":\"https:\\\/\\\/schema.org\",\"@graph\":[{\"@type\":\"WebPage\",\"@id\":\"https:\\\/\\\/lasventastour.com\\\/fr\\\/date-de-livraison-et-commissions-sur-les-billets\\\/\",\"url\":\"https:\\\/\\\/lasventastour.com\\\/fr\\\/date-de-livraison-et-commissions-sur-les-billets\\\/\",\"name\":\"Date de livraison et commissions sur les billets - Las Ventas Tour\",\"isPartOf\":{\"@id\":\"https:\\\/\\\/lasventastour.com\\\/fr\\\/#website\"},\"datePublished\":\"2026-03-05T21:55:39+00:00\",\"dateModified\":\"2026-03-11T11:21:38+00:00\",\"breadcrumb\":{\"@id\":\"https:\\\/\\\/lasventastour.com\\\/fr\\\/date-de-livraison-et-commissions-sur-les-billets\\\/#breadcrumb\"},\"inLanguage\":\"fr-FR\",\"potentialAction\":[{\"@type\":\"ReadAction\",\"target\":[\"https:\\\/\\\/lasventastour.com\\\/fr\\\/date-de-livraison-et-commissions-sur-les-billets\\\/\"]}]},{\"@type\":\"BreadcrumbList\",\"@id\":\"https:\\\/\\\/lasventastour.com\\\/fr\\\/date-de-livraison-et-commissions-sur-les-billets\\\/#breadcrumb\",\"itemListElement\":[{\"@type\":\"ListItem\",\"position\":1,\"name\":\"Portada\",\"item\":\"https:\\\/\\\/lasventastour.com\\\/fr\\\/\"},{\"@type\":\"ListItem\",\"position\":2,\"name\":\"Date de livraison et commissions sur les billets\"}]},{\"@type\":\"WebSite\",\"@id\":\"https:\\\/\\\/lasventastour.com\\\/fr\\\/#website\",\"url\":\"https:\\\/\\\/lasventastour.com\\\/fr\\\/\",\"name\":\"Las Ventas Tour\",\"description\":\"Tour Las Ventas | Plaza de Toros de Madrid | Web Oficial\",\"publisher\":{\"@id\":\"https:\\\/\\\/lasventastour.com\\\/fr\\\/#organization\"},\"alternateName\":\"Las Ventas Tour\",\"potentialAction\":[{\"@type\":\"SearchAction\",\"target\":{\"@type\":\"EntryPoint\",\"urlTemplate\":\"https:\\\/\\\/lasventastour.com\\\/fr\\\/?s={search_term_string}\"},\"query-input\":{\"@type\":\"PropertyValueSpecification\",\"valueRequired\":true,\"valueName\":\"search_term_string\"}}],\"inLanguage\":\"fr-FR\"},{\"@type\":\"Organization\",\"@id\":\"https:\\\/\\\/lasventastour.com\\\/fr\\\/#organization\",\"name\":\"Las Ventas Tour\",\"alternateName\":\"Las Ventas Tour\",\"url\":\"https:\\\/\\\/lasventastour.com\\\/fr\\\/\",\"logo\":{\"@type\":\"ImageObject\",\"inLanguage\":\"fr-FR\",\"@id\":\"https:\\\/\\\/lasventastour.com\\\/fr\\\/#\\\/schema\\\/logo\\\/image\\\/\",\"url\":\"https:\\\/\\\/lasventastour.com\\\/wp-content\\\/uploads\\\/2024\\\/09\\\/cropped-Logo-Las-Ventas-1.webp\",\"contentUrl\":\"https:\\\/\\\/lasventastour.com\\\/wp-content\\\/uploads\\\/2024\\\/09\\\/cropped-Logo-Las-Ventas-1.webp\",\"width\":512,\"height\":512,\"caption\":\"Las Ventas Tour\"},\"image\":{\"@id\":\"https:\\\/\\\/lasventastour.com\\\/fr\\\/#\\\/schema\\\/logo\\\/image\\\/\"},\"sameAs\":[\"https:\\\/\\\/www.instagram.com\\\/lasventastour\\\/\"]}]}<\/script>\n<!-- \/ Yoast SEO plugin. -->","yoast_head_json":{"title":"Date de livraison et commissions sur les billets - Las Ventas Tour","robots":{"index":"index","follow":"nofollow","max-snippet":"max-snippet:-1","max-image-preview":"max-image-preview:large","max-video-preview":"max-video-preview:-1"},"canonical":"https:\/\/lasventastour.com\/fr\/date-de-livraison-et-commissions-sur-les-billets\/","og_locale":"fr_FR","og_type":"article","og_title":"Date de livraison et commissions sur les billets - Las Ventas Tour","og_url":"https:\/\/lasventastour.com\/fr\/date-de-livraison-et-commissions-sur-les-billets\/","og_site_name":"Las Ventas Tour","article_modified_time":"2026-03-11T11:21:38+00:00","og_image":[{"width":511,"height":280,"url":"https:\/\/lasventastour.com\/wp-content\/uploads\/2023\/12\/paseillo-en-las-ventas.webp","type":"image\/webp"}],"twitter_card":"summary_large_image","twitter_misc":{"Dur\u00e9e de lecture estim\u00e9e":"1 minute"},"schema":{"@context":"https:\/\/schema.org","@graph":[{"@type":"WebPage","@id":"https:\/\/lasventastour.com\/fr\/date-de-livraison-et-commissions-sur-les-billets\/","url":"https:\/\/lasventastour.com\/fr\/date-de-livraison-et-commissions-sur-les-billets\/","name":"Date de livraison et commissions sur les billets - Las Ventas Tour","isPartOf":{"@id":"https:\/\/lasventastour.com\/fr\/#website"},"datePublished":"2026-03-05T21:55:39+00:00","dateModified":"2026-03-11T11:21:38+00:00","breadcrumb":{"@id":"https:\/\/lasventastour.com\/fr\/date-de-livraison-et-commissions-sur-les-billets\/#breadcrumb"},"inLanguage":"fr-FR","potentialAction":[{"@type":"ReadAction","target":["https:\/\/lasventastour.com\/fr\/date-de-livraison-et-commissions-sur-les-billets\/"]}]},{"@type":"BreadcrumbList","@id":"https:\/\/lasventastour.com\/fr\/date-de-livraison-et-commissions-sur-les-billets\/#breadcrumb","itemListElement":[{"@type":"ListItem","position":1,"name":"Portada","item":"https:\/\/lasventastour.com\/fr\/"},{"@type":"ListItem","position":2,"name":"Date de livraison et commissions sur les billets"}]},{"@type":"WebSite","@id":"https:\/\/lasventastour.com\/fr\/#website","url":"https:\/\/lasventastour.com\/fr\/","name":"Las Ventas Tour","description":"Tour Las Ventas | Plaza de Toros de Madrid | Web Oficial","publisher":{"@id":"https:\/\/lasventastour.com\/fr\/#organization"},"alternateName":"Las Ventas Tour","potentialAction":[{"@type":"SearchAction","target":{"@type":"EntryPoint","urlTemplate":"https:\/\/lasventastour.com\/fr\/?s={search_term_string}"},"query-input":{"@type":"PropertyValueSpecification","valueRequired":true,"valueName":"search_term_string"}}],"inLanguage":"fr-FR"},{"@type":"Organization","@id":"https:\/\/lasventastour.com\/fr\/#organization","name":"Las Ventas Tour","alternateName":"Las Ventas Tour","url":"https:\/\/lasventastour.com\/fr\/","logo":{"@type":"ImageObject","inLanguage":"fr-FR","@id":"https:\/\/lasventastour.com\/fr\/#\/schema\/logo\/image\/","url":"https:\/\/lasventastour.com\/wp-content\/uploads\/2024\/09\/cropped-Logo-Las-Ventas-1.webp","contentUrl":"https:\/\/lasventastour.com\/wp-content\/uploads\/2024\/09\/cropped-Logo-Las-Ventas-1.webp","width":512,"height":512,"caption":"Las Ventas Tour"},"image":{"@id":"https:\/\/lasventastour.com\/fr\/#\/schema\/logo\/image\/"},"sameAs":["https:\/\/www.instagram.com\/lasventastour\/"]}]}},"_links":{"self":[{"href":"https:\/\/lasventastour.com\/fr\/wp-json\/wp\/v2\/pages\/9649","targetHints":{"allow":["GET"]}}],"collection":[{"href":"https:\/\/lasventastour.com\/fr\/wp-json\/wp\/v2\/pages"}],"about":[{"href":"https:\/\/lasventastour.com\/fr\/wp-json\/wp\/v2\/types\/page"}],"author":[{"embeddable":true,"href":"https:\/\/lasventastour.com\/fr\/wp-json\/wp\/v2\/users\/14"}],"replies":[{"embeddable":true,"href":"https:\/\/lasventastour.com\/fr\/wp-json\/wp\/v2\/comments?post=9649"}],"version-history":[{"count":6,"href":"https:\/\/lasventastour.com\/fr\/wp-json\/wp\/v2\/pages\/9649\/revisions"}],"predecessor-version":[{"id":9661,"href":"https:\/\/lasventastour.com\/fr\/wp-json\/wp\/v2\/pages\/9649\/revisions\/9661"}],"wp:attachment":[{"href":"https:\/\/lasventastour.com\/fr\/wp-json\/wp\/v2\/media?parent=9649"}],"curies":[{"name":"wp","href":"https:\/\/api.w.org\/{rel}","templated":true}]}}