{"id":3375,"date":"2023-12-14T14:25:42","date_gmt":"2023-12-14T14:25:42","guid":{"rendered":"https:\/\/lasventastour.com\/?page_id=3375"},"modified":"2024-09-11T12:27:10","modified_gmt":"2024-09-11T12:27:10","slug":"politique-de-cookies","status":"publish","type":"page","link":"https:\/\/lasventastour.com\/fr\/politique-de-cookies\/","title":{"rendered":"POLITIQUE DE COOKIES"},"content":{"rendered":"<section class=\"l-section wpb_row height_medium\"><div class=\"l-section-h i-cf\"><div class=\"g-cols vc_row via_grid cols_1 laptops-cols_inherit tablets-cols_inherit mobiles-cols_1 valign_top type_default stacking_default\"><div class=\"wpb_column vc_column_container\"><div class=\"vc_column-inner\"><div class=\"wpb_text_column\"><div class=\"wpb_wrapper\"><header class=\"entry-header \">\n<h1 class=\"entry-title\">POLITIQUE DE COOKIES<\/h1>\n<\/header>\n<div class=\"entry-content clear\">\n<p>POLITIQUE DE COOKIES<br \/>\nComme la plupart des portails Internet, ce portail utilise des cookies pour am\u00e9liorer l\u2019exp\u00e9rience de l\u2019utilisateur. Vous trouverez ci-dessous des informations sur les \u00ab\u00a0cookies\u00a0\u00bb, le type de cookies utilis\u00e9s sur ce site, les possibilit\u00e9s de d\u00e9sactivation des cookies dans votre navigateur, ainsi que la d\u00e9sactivation sp\u00e9cifique de l\u2019installation de cookies tiers. Si vous ne trouvez pas les informations sp\u00e9cifiques que vous recherchez, veuillez vous rendre \u00e0 info@lasventastour.com<br \/>\nAvec la publication au BOE du d\u00e9cret-loi royal 13\/2012 du 30 mars, une s\u00e9rie de modifications apport\u00e9es \u00e0 la loi sur les services de la soci\u00e9t\u00e9 de l\u2019information et le commerce \u00e9lectronique (LSSICE) affectent notamment le utilisation de cookies et d\u2019envois commerciaux par courrier \u00e9lectronique. Avec cet arr\u00eat\u00e9 royal, qui transpose plusieurs directives europ\u00e9ennes, l\u2019Espagne ainsi que tous les Etats membres de l\u2019Union europ\u00e9enne adaptent \u00e0 la directive europ\u00e9enne 2009\/136 \/ CE la \u00ab\u00a0modification de la directive europ\u00e9enne relative au traitement et \u00e0 la conservation des donn\u00e9es\u00a0\u00bb. protection de la vie priv\u00e9e dans les communications \u00e9lectroniques \u00ab\u00a0Article 22.2 de la loi 34\/2002. Les fournisseurs de services peuvent utiliser des dispositifs de stockage et de r\u00e9cup\u00e9ration de donn\u00e9es dans les \u00e9quipements terminaux des destinataires, \u00e0 condition qu\u2019ils aient donn\u00e9 leur consentement apr\u00e8s avoir re\u00e7u des informations claires et compl\u00e8tes sur leur utilisation, en particulier sur les aux fins du traitement des donn\u00e9es, conform\u00e9ment aux dispositions de la loi organique 15\/1999 du 13 d\u00e9cembre sur la protection des donn\u00e9es \u00e0 caract\u00e8re personnel.<\/p>\n<p>QUELS SONT LES COOKIES?<br \/>\nLes cookies sont de petits fichiers que certaines plates-formes, telles que des pages Web, peuvent installer sur votre ordinateur, votre smartphone, votre tablette ou votre t\u00e9l\u00e9vision connect\u00e9e \u00e0 Internet. Ses fonctions peuvent \u00eatre tr\u00e8s vari\u00e9es: enregistrer vos pr\u00e9f\u00e9rences de navigation, collecter des informations statistiques, autoriser certaines fonctionnalit\u00e9s techniques \u2026 Parfois, les cookies servent \u00e0 stocker des informations de base sur les habitudes de navigation de l\u2019utilisateur ou de son \u00e9quipe, jusqu\u2019au point , selon les cas, de pouvoir le reconna\u00eetre.<\/p>\n<p>POURQUOI SONT-ILS IMPORTANTS?<br \/>\nLes cookies sont utiles pour plusieurs raisons. D\u2019un point de vue technique, ils permettent aux pages Web de fonctionner de mani\u00e8re plus agile et adapt\u00e9e \u00e0 leurs pr\u00e9f\u00e9rences, telles que le stockage de leur langue, leur ville ou leur pays. En outre, ils aident les responsables des sites Web \u00e0 am\u00e9liorer les services qu\u2019ils offrent gr\u00e2ce aux informations statistiques qu\u2019ils collectent.<\/p>\n<p>COMMENT UTILISONS-NOUS LES COOKIES?<br \/>\nEn naviguant sur les sites Web de Las Ventas Tour, les types de cookies suivants peuvent \u00eatre install\u00e9s:<br \/>\n\u2022 Cookies d\u2019am\u00e9lioration des performances:<br \/>\nCe type de cookies conserve vos pr\u00e9f\u00e9rences pour certains outils ou services, vous \u00e9vitant ainsi de les reconfigurer chaque fois que vous visitez notre portail et, dans certains cas, il peut \u00eatre fourni par des tiers. Dans le cas des sites Web de commerce \u00e9lectronique, ils vous permettent de conserver des informations sur votre panier.<br \/>\nNous utilisons les \u00ab\u00a0cookies d\u2019\u00e9tat de session\u00a0\u00bb pour am\u00e9liorer nos services et am\u00e9liorer l\u2019exp\u00e9rience de navigation des utilisateurs. Si ces cookies sont bloqu\u00e9s ou supprim\u00e9s, le site Web continuera \u00e0 fonctionner.<br \/>\n\u2022 Cookies strictement n\u00e9cessaires:<br \/>\nCes cookies sont n\u00e9cessaires \u00e0 l\u2019utilisation correcte du site Web, permettant d\u2019acc\u00e9der aux sections dot\u00e9es de filtres de s\u00e9curit\u00e9. Sans ces cookies, de nombreux services disponibles ne seraient pas op\u00e9rationnels.<br \/>\n\u2022 Cookies d\u2019enregistrement:<br \/>\nLorsque vous vous inscrivez sur notre site Web, des cookies sont g\u00e9n\u00e9r\u00e9s pour vous identifier en tant qu\u2019utilisateur enregistr\u00e9 et vous indiquer quand vous vous \u00eates identifi\u00e9 sur le portail.<br \/>\nCes cookies sont utilis\u00e9s pour identifier votre compte d\u2019utilisateur. Ces cookies sont conserv\u00e9s tant que vous ne quittez pas le compte, ne fermez pas le navigateur ou n\u2019\u00e9teignez pas l\u2019appareil.<br \/>\n\u2022 Cookies publicitaires:<br \/>\nSont ceux qui, bien trait\u00e9s par nous ou par des tiers, nous permettent de g\u00e9rer efficacement les espaces publicitaires de notre site Web, en adaptant le contenu de la publicit\u00e9 au contenu du service demand\u00e9 ou \u00e0 l\u2019utilisation de notre site Web. Gr\u00e2ce \u00e0 elle, nous pouvons conna\u00eetre vos habitudes de navigation sur Internet et vous montrer des publicit\u00e9s en rapport avec votre profil de navigation.<br \/>\n\u2022 Google Analytics:<br \/>\nGoogle Analytics est un outil d\u2019analyse Web gratuit de Google qui permet principalement aux propri\u00e9taires de sites Web de savoir comment les utilisateurs interagissent avec leur site Web. Activez \u00e9galement les cookies dans le domaine du site sur lequel vous vous trouvez et utilisez un ensemble de cookies appel\u00e9s \u00ab\u00a0__utma\u00a0\u00bb et \u00ab\u00a0__utmz\u00a0\u00bb pour collecter des informations anonymement et signaler les tendances de sites Web sans identifier les utilisateurs individuels. Plus d\u2019informations sur les cookies de Google Analytics et sur la confidentialit\u00e9. Gr\u00e2ce \u00e0 cela, nous pouvons \u00e9tudier la navigation dans nos pages Web et nous am\u00e9liorer.<br \/>\n\u2022 Autres cookies tiers:<br \/>\nDans certaines de nos pages, vous pouvez installer des cookies tiers qui vous permettent de g\u00e9rer et d\u2019am\u00e9liorer les services qu\u2019ils proposent. Un exemple de cette utilisation sont les liens vers les r\u00e9seaux sociaux qui nous permettent de partager nos contenus.<\/p>\n<p>COMMENT PUIS-JE CONFIGURER MES PR\u00c9F\u00c9RENCES?<br \/>\nVous pouvez autoriser, bloquer ou supprimer les cookies install\u00e9s sur votre ordinateur en configurant les options du navigateur install\u00e9es sur votre ordinateur:<br \/>\n\u2022 Microsoft Internet Explorer ou Microsoft Edge: http:\/\/windows.microsoft.com\/es-es\/windows-vista\/Block-or-allow-cookies<br \/>\n\u2022 Mozilla Firefox: http:\/\/support.mozilla.org\/es\/kb\/impedir-que-los-sitios-web-guarden-sus-preferencia<br \/>\n\u2022 Chrome: https:\/\/support.google.com\/accounts\/answer\/61416?hl=fr<br \/>\n\u2022 Safari: http:\/\/safari.helpmax.net\/es\/privacidad-y-seguridad\/como-gestionar-las-cookies\/<br \/>\n\u2022 Opera: http:\/\/help.opera.com\/Linux\/10.60\/es-ES\/cookies.htmlEn outre, vous pouvez \u00e9galement g\u00e9rer le magasin de cookies dans votre navigateur \u00e0 l\u2019aide d\u2019outils tels que:<br \/>\n\u2022 Ghostery: www.ghostery.com\/<br \/>\n\u2022 Vos choix en ligne: www.youronlinechoices.com\/en\/<\/p>\n<\/div>\n<\/div><\/div><\/div><\/div><\/div><\/div><\/section>\n","protected":false},"excerpt":{"rendered":"POLITIQUE DE COOKIES POLITIQUE DE COOKIES Comme la plupart des portails Internet, ce portail utilise des cookies pour am\u00e9liorer l\u2019exp\u00e9rience de l\u2019utilisateur. Vous trouverez ci-dessous des informations sur les \u00ab\u00a0cookies\u00a0\u00bb, le type de cookies utilis\u00e9s sur ce site, les possibilit\u00e9s de d\u00e9sactivation des cookies dans votre navigateur, ainsi que la d\u00e9sactivation sp\u00e9cifique de l\u2019installation de...","protected":false},"author":1,"featured_media":0,"parent":0,"menu_order":0,"comment_status":"closed","ping_status":"closed","template":"","meta":{"footnotes":""},"class_list":["post-3375","page","type-page","status-publish","hentry"],"yoast_head":"<!-- This site is optimized with the Yoast SEO plugin v27.5 - https:\/\/yoast.com\/product\/yoast-seo-wordpress\/ -->\n<title>POLITIQUE DE COOKIES - Las Ventas Tour<\/title>\n<meta name=\"robots\" content=\"index, follow, max-snippet:-1, max-image-preview:large, max-video-preview:-1\" \/>\n<link rel=\"canonical\" href=\"https:\/\/lasventastour.com\/fr\/politique-de-cookies\/\" \/>\n<meta property=\"og:locale\" content=\"fr_FR\" \/>\n<meta property=\"og:type\" content=\"article\" \/>\n<meta property=\"og:title\" content=\"POLITIQUE DE COOKIES - Las Ventas Tour\" \/>\n<meta property=\"og:url\" content=\"https:\/\/lasventastour.com\/fr\/politique-de-cookies\/\" \/>\n<meta property=\"og:site_name\" content=\"Las Ventas Tour\" \/>\n<meta property=\"article:modified_time\" content=\"2024-09-11T12:27:10+00:00\" \/>\n<meta property=\"og:image\" content=\"https:\/\/lasventastour.com\/wp-content\/uploads\/2023\/12\/paseillo-en-las-ventas.webp\" \/>\n\t<meta property=\"og:image:width\" content=\"511\" \/>\n\t<meta property=\"og:image:height\" content=\"280\" \/>\n\t<meta property=\"og:image:type\" content=\"image\/webp\" \/>\n<meta name=\"twitter:card\" content=\"summary_large_image\" \/>\n<meta name=\"twitter:label1\" content=\"Dur\u00e9e de lecture estim\u00e9e\" \/>\n\t<meta name=\"twitter:data1\" content=\"5 minutes\" \/>\n<script type=\"application\/ld+json\" class=\"yoast-schema-graph\">{\"@context\":\"https:\\\/\\\/schema.org\",\"@graph\":[{\"@type\":\"WebPage\",\"@id\":\"https:\\\/\\\/lasventastour.com\\\/fr\\\/politique-de-cookies\\\/\",\"url\":\"https:\\\/\\\/lasventastour.com\\\/fr\\\/politique-de-cookies\\\/\",\"name\":\"POLITIQUE DE COOKIES - Las Ventas Tour\",\"isPartOf\":{\"@id\":\"https:\\\/\\\/lasventastour.com\\\/fr\\\/#website\"},\"datePublished\":\"2023-12-14T14:25:42+00:00\",\"dateModified\":\"2024-09-11T12:27:10+00:00\",\"breadcrumb\":{\"@id\":\"https:\\\/\\\/lasventastour.com\\\/fr\\\/politique-de-cookies\\\/#breadcrumb\"},\"inLanguage\":\"fr-FR\",\"potentialAction\":[{\"@type\":\"ReadAction\",\"target\":[\"https:\\\/\\\/lasventastour.com\\\/fr\\\/politique-de-cookies\\\/\"]}]},{\"@type\":\"BreadcrumbList\",\"@id\":\"https:\\\/\\\/lasventastour.com\\\/fr\\\/politique-de-cookies\\\/#breadcrumb\",\"itemListElement\":[{\"@type\":\"ListItem\",\"position\":1,\"name\":\"Portada\",\"item\":\"https:\\\/\\\/lasventastour.com\\\/fr\\\/\"},{\"@type\":\"ListItem\",\"position\":2,\"name\":\"POLITIQUE DE COOKIES\"}]},{\"@type\":\"WebSite\",\"@id\":\"https:\\\/\\\/lasventastour.com\\\/fr\\\/#website\",\"url\":\"https:\\\/\\\/lasventastour.com\\\/fr\\\/\",\"name\":\"Las Ventas Tour\",\"description\":\"Tour Las Ventas | Plaza de Toros de Madrid | Web Oficial\",\"publisher\":{\"@id\":\"https:\\\/\\\/lasventastour.com\\\/fr\\\/#organization\"},\"alternateName\":\"Las Ventas Tour\",\"potentialAction\":[{\"@type\":\"SearchAction\",\"target\":{\"@type\":\"EntryPoint\",\"urlTemplate\":\"https:\\\/\\\/lasventastour.com\\\/fr\\\/?s={search_term_string}\"},\"query-input\":{\"@type\":\"PropertyValueSpecification\",\"valueRequired\":true,\"valueName\":\"search_term_string\"}}],\"inLanguage\":\"fr-FR\"},{\"@type\":\"Organization\",\"@id\":\"https:\\\/\\\/lasventastour.com\\\/fr\\\/#organization\",\"name\":\"Las Ventas Tour\",\"alternateName\":\"Las Ventas Tour\",\"url\":\"https:\\\/\\\/lasventastour.com\\\/fr\\\/\",\"logo\":{\"@type\":\"ImageObject\",\"inLanguage\":\"fr-FR\",\"@id\":\"https:\\\/\\\/lasventastour.com\\\/fr\\\/#\\\/schema\\\/logo\\\/image\\\/\",\"url\":\"https:\\\/\\\/lasventastour.com\\\/wp-content\\\/uploads\\\/2024\\\/09\\\/cropped-Logo-Las-Ventas-1.webp\",\"contentUrl\":\"https:\\\/\\\/lasventastour.com\\\/wp-content\\\/uploads\\\/2024\\\/09\\\/cropped-Logo-Las-Ventas-1.webp\",\"width\":512,\"height\":512,\"caption\":\"Las Ventas Tour\"},\"image\":{\"@id\":\"https:\\\/\\\/lasventastour.com\\\/fr\\\/#\\\/schema\\\/logo\\\/image\\\/\"},\"sameAs\":[\"https:\\\/\\\/www.instagram.com\\\/lasventastour\\\/\"]}]}<\/script>\n<!-- \/ Yoast SEO plugin. -->","yoast_head_json":{"title":"POLITIQUE DE COOKIES - Las Ventas Tour","robots":{"index":"index","follow":"follow","max-snippet":"max-snippet:-1","max-image-preview":"max-image-preview:large","max-video-preview":"max-video-preview:-1"},"canonical":"https:\/\/lasventastour.com\/fr\/politique-de-cookies\/","og_locale":"fr_FR","og_type":"article","og_title":"POLITIQUE DE COOKIES - Las Ventas Tour","og_url":"https:\/\/lasventastour.com\/fr\/politique-de-cookies\/","og_site_name":"Las Ventas Tour","article_modified_time":"2024-09-11T12:27:10+00:00","og_image":[{"width":511,"height":280,"url":"https:\/\/lasventastour.com\/wp-content\/uploads\/2023\/12\/paseillo-en-las-ventas.webp","type":"image\/webp"}],"twitter_card":"summary_large_image","twitter_misc":{"Dur\u00e9e de lecture estim\u00e9e":"5 minutes"},"schema":{"@context":"https:\/\/schema.org","@graph":[{"@type":"WebPage","@id":"https:\/\/lasventastour.com\/fr\/politique-de-cookies\/","url":"https:\/\/lasventastour.com\/fr\/politique-de-cookies\/","name":"POLITIQUE DE COOKIES - Las Ventas Tour","isPartOf":{"@id":"https:\/\/lasventastour.com\/fr\/#website"},"datePublished":"2023-12-14T14:25:42+00:00","dateModified":"2024-09-11T12:27:10+00:00","breadcrumb":{"@id":"https:\/\/lasventastour.com\/fr\/politique-de-cookies\/#breadcrumb"},"inLanguage":"fr-FR","potentialAction":[{"@type":"ReadAction","target":["https:\/\/lasventastour.com\/fr\/politique-de-cookies\/"]}]},{"@type":"BreadcrumbList","@id":"https:\/\/lasventastour.com\/fr\/politique-de-cookies\/#breadcrumb","itemListElement":[{"@type":"ListItem","position":1,"name":"Portada","item":"https:\/\/lasventastour.com\/fr\/"},{"@type":"ListItem","position":2,"name":"POLITIQUE DE COOKIES"}]},{"@type":"WebSite","@id":"https:\/\/lasventastour.com\/fr\/#website","url":"https:\/\/lasventastour.com\/fr\/","name":"Las Ventas Tour","description":"Tour Las Ventas | Plaza de Toros de Madrid | Web Oficial","publisher":{"@id":"https:\/\/lasventastour.com\/fr\/#organization"},"alternateName":"Las Ventas Tour","potentialAction":[{"@type":"SearchAction","target":{"@type":"EntryPoint","urlTemplate":"https:\/\/lasventastour.com\/fr\/?s={search_term_string}"},"query-input":{"@type":"PropertyValueSpecification","valueRequired":true,"valueName":"search_term_string"}}],"inLanguage":"fr-FR"},{"@type":"Organization","@id":"https:\/\/lasventastour.com\/fr\/#organization","name":"Las Ventas Tour","alternateName":"Las Ventas Tour","url":"https:\/\/lasventastour.com\/fr\/","logo":{"@type":"ImageObject","inLanguage":"fr-FR","@id":"https:\/\/lasventastour.com\/fr\/#\/schema\/logo\/image\/","url":"https:\/\/lasventastour.com\/wp-content\/uploads\/2024\/09\/cropped-Logo-Las-Ventas-1.webp","contentUrl":"https:\/\/lasventastour.com\/wp-content\/uploads\/2024\/09\/cropped-Logo-Las-Ventas-1.webp","width":512,"height":512,"caption":"Las Ventas Tour"},"image":{"@id":"https:\/\/lasventastour.com\/fr\/#\/schema\/logo\/image\/"},"sameAs":["https:\/\/www.instagram.com\/lasventastour\/"]}]}},"_links":{"self":[{"href":"https:\/\/lasventastour.com\/fr\/wp-json\/wp\/v2\/pages\/3375","targetHints":{"allow":["GET"]}}],"collection":[{"href":"https:\/\/lasventastour.com\/fr\/wp-json\/wp\/v2\/pages"}],"about":[{"href":"https:\/\/lasventastour.com\/fr\/wp-json\/wp\/v2\/types\/page"}],"author":[{"embeddable":true,"href":"https:\/\/lasventastour.com\/fr\/wp-json\/wp\/v2\/users\/1"}],"replies":[{"embeddable":true,"href":"https:\/\/lasventastour.com\/fr\/wp-json\/wp\/v2\/comments?post=3375"}],"version-history":[{"count":1,"href":"https:\/\/lasventastour.com\/fr\/wp-json\/wp\/v2\/pages\/3375\/revisions"}],"predecessor-version":[{"id":3376,"href":"https:\/\/lasventastour.com\/fr\/wp-json\/wp\/v2\/pages\/3375\/revisions\/3376"}],"wp:attachment":[{"href":"https:\/\/lasventastour.com\/fr\/wp-json\/wp\/v2\/media?parent=3375"}],"curies":[{"name":"wp","href":"https:\/\/api.w.org\/{rel}","templated":true}]}}