{"id":3363,"date":"2023-09-26T13:57:10","date_gmt":"2023-09-26T13:57:10","guid":{"rendered":"https:\/\/lasventastour.com\/?page_id=3363"},"modified":"2024-09-11T12:23:46","modified_gmt":"2024-09-11T12:23:46","slug":"avis-juridique","status":"publish","type":"page","link":"https:\/\/lasventastour.com\/fr\/avis-juridique\/","title":{"rendered":"Avis juridique"},"content":{"rendered":"<section class=\"l-section wpb_row height_medium\"><div class=\"l-section-h i-cf\"><div class=\"g-cols vc_row via_grid cols_1 laptops-cols_inherit tablets-cols_inherit mobiles-cols_1 valign_top type_default stacking_default\"><div class=\"wpb_column vc_column_container\"><div class=\"vc_column-inner\"><div class=\"wpb_text_column\"><div class=\"wpb_wrapper\"><header class=\"entry-header \">\n<h1 class=\"entry-title\">Avis juridique<\/h1>\n<\/header>\n<div class=\"entry-content clear\">\n<p>AVIS JURIDIQUE<br \/>\nConform\u00e9ment au devoir d\u2019information contenu dans l\u2019article 10 de la loi 34\/2002 du 11 juillet sur les services de la soci\u00e9t\u00e9 de l\u2019information et du commerce \u00e9lectronique (LSSICE), le propri\u00e9taire du site Web vous informe de ce qui suit :<\/p>\n<ul>\n<li>Raison sociale: TOROSHOPPING, S.L.<\/li>\n<li>NIF: B92950146<\/li>\n<li>Adresse : Ar\u00e8nes de Las Ventas, Calle Alcal\u00e1, 237, 28028 \u2013 Madrid (Madrid)<\/li>\n<\/ul>\n<p>Enregistr\u00e9 au Registre du Commerce de MADRID en Volume, folio, section, num\u00e9ro de feuille, inscription<\/p>\n<p>Dans les limites \u00e9tablies par la loi, TOROSHOPPING, S.L. n\u2019assume aucune responsabilit\u00e9 d\u00e9riv\u00e9e du manque de v\u00e9racit\u00e9, d\u2019int\u00e9grit\u00e9, de mise \u00e0 jour et d\u2019exactitude des donn\u00e9es ou des informations contenues dans ses pages Web.<\/p>\n<p>Le contenu et les informations ne lient pas TOROSHOPPING, S.L.\u00a0ils ne constituent pas non plus des opinions, des conseils ou des conseils juridiques d\u2019aucune sorte puisqu\u2019il s\u2019agit simplement d\u2019un service offert \u00e0 des fins d\u2019information et d\u2019information.<\/p>\n<p>Les pages Internet de TOROSHOPPING, S.L.. peut contenir des liens (links) vers d\u2019autres pages de tiers que TOROSHOPPING, S.L. ne peut pas contr\u00f4ler. Par cons\u00e9quent, TOROSHOPPING, S.L.. ne peut assumer la responsabilit\u00e9 du contenu pouvant appara\u00eetre sur les pages de tiers.<\/p>\n<p>Les textes, images, sons, animations, logiciels et le reste du contenu inclus dans ce site sont la propri\u00e9t\u00e9 exclusive de TOROSHOPPING, S.L. ou ses conc\u00e9dants. Tout acte de transmission, distribution, cession, reproduction, stockage ou communication publique totale ou partielle doit avoir le consentement expr\u00e8s de TOROSHOPPING, S.L.<\/p>\n<p>De m\u00eame, pour acc\u00e9der \u00e0 certains des services que TOROSHOPPING, S.L. offres via le site Web, vous devez fournir certaines donn\u00e9es personnelles. Conform\u00e9ment aux dispositions du R\u00e8glement (UE) 2016\/679 du Parlement europ\u00e9en et du Conseil du 27 avril 2016 relatif \u00e0 la protection des personnes physiques \u00e0 l\u2019\u00e9gard du traitement des donn\u00e9es \u00e0 caract\u00e8re personnel et \u00e0 la libre circulation des donn\u00e9es Avec ces donn\u00e9es nous vous informons qu\u2019en remplissant ces formulaires, vos donn\u00e9es personnelles seront incorpor\u00e9es et trait\u00e9es dans les fichiers de TOROSHOPPING, S.L. afin de pouvoir fournir et offrir nos services ainsi que pour vous informer des am\u00e9liorations apport\u00e9es au site Web.<\/p>\n<p>Nous vous informons \u00e9galement que vous aurez la possibilit\u00e9 \u00e0 tout moment d\u2019exercer les droits d\u2019acc\u00e8s, de rectification, d\u2019annulation, d\u2019opposition, de limitation et de portabilit\u00e9 de vos donn\u00e9es personnelles, gratuitement par email \u00e0 : info@lasventastour.com ou \u00e0 l\u2019adresse : Ar\u00e8nes de Las Ventas, Calle Alcal\u00e1, 237, 28028 \u2013 Madrid (Madrid).<\/p>\n<\/div>\n<\/div><\/div><\/div><\/div><\/div><\/div><\/section>\n","protected":false},"excerpt":{"rendered":"Avis juridique AVIS JURIDIQUE Conform\u00e9ment au devoir d\u2019information contenu dans l\u2019article 10 de la loi 34\/2002 du 11 juillet sur les services de la soci\u00e9t\u00e9 de l\u2019information et du commerce \u00e9lectronique (LSSICE), le propri\u00e9taire du site Web vous informe de ce qui suit : Raison sociale: TOROSHOPPING, S.L. NIF: B92950146 Adresse : Ar\u00e8nes de Las...","protected":false},"author":1,"featured_media":0,"parent":0,"menu_order":0,"comment_status":"closed","ping_status":"closed","template":"","meta":{"footnotes":""},"class_list":["post-3363","page","type-page","status-publish","hentry"],"yoast_head":"<!-- This site is optimized with the Yoast SEO plugin v27.5 - https:\/\/yoast.com\/product\/yoast-seo-wordpress\/ -->\n<title>Avis juridique - Las Ventas Tour<\/title>\n<meta name=\"robots\" content=\"index, follow, max-snippet:-1, max-image-preview:large, max-video-preview:-1\" \/>\n<link rel=\"canonical\" href=\"https:\/\/lasventastour.com\/fr\/avis-juridique\/\" \/>\n<meta property=\"og:locale\" content=\"fr_FR\" \/>\n<meta property=\"og:type\" content=\"article\" \/>\n<meta property=\"og:title\" content=\"Avis juridique - Las Ventas Tour\" \/>\n<meta property=\"og:url\" content=\"https:\/\/lasventastour.com\/fr\/avis-juridique\/\" \/>\n<meta property=\"og:site_name\" content=\"Las Ventas Tour\" \/>\n<meta property=\"article:modified_time\" content=\"2024-09-11T12:23:46+00:00\" \/>\n<meta property=\"og:image\" content=\"https:\/\/lasventastour.com\/wp-content\/uploads\/2023\/12\/paseillo-en-las-ventas.webp\" \/>\n\t<meta property=\"og:image:width\" content=\"511\" \/>\n\t<meta property=\"og:image:height\" content=\"280\" \/>\n\t<meta property=\"og:image:type\" content=\"image\/webp\" \/>\n<meta name=\"twitter:card\" content=\"summary_large_image\" \/>\n<meta name=\"twitter:label1\" content=\"Dur\u00e9e de lecture estim\u00e9e\" \/>\n\t<meta name=\"twitter:data1\" content=\"2 minutes\" \/>\n<script type=\"application\/ld+json\" class=\"yoast-schema-graph\">{\"@context\":\"https:\\\/\\\/schema.org\",\"@graph\":[{\"@type\":\"WebPage\",\"@id\":\"https:\\\/\\\/lasventastour.com\\\/fr\\\/avis-juridique\\\/\",\"url\":\"https:\\\/\\\/lasventastour.com\\\/fr\\\/avis-juridique\\\/\",\"name\":\"Avis juridique - Las Ventas Tour\",\"isPartOf\":{\"@id\":\"https:\\\/\\\/lasventastour.com\\\/fr\\\/#website\"},\"datePublished\":\"2023-09-26T13:57:10+00:00\",\"dateModified\":\"2024-09-11T12:23:46+00:00\",\"breadcrumb\":{\"@id\":\"https:\\\/\\\/lasventastour.com\\\/fr\\\/avis-juridique\\\/#breadcrumb\"},\"inLanguage\":\"fr-FR\",\"potentialAction\":[{\"@type\":\"ReadAction\",\"target\":[\"https:\\\/\\\/lasventastour.com\\\/fr\\\/avis-juridique\\\/\"]}]},{\"@type\":\"BreadcrumbList\",\"@id\":\"https:\\\/\\\/lasventastour.com\\\/fr\\\/avis-juridique\\\/#breadcrumb\",\"itemListElement\":[{\"@type\":\"ListItem\",\"position\":1,\"name\":\"Portada\",\"item\":\"https:\\\/\\\/lasventastour.com\\\/fr\\\/\"},{\"@type\":\"ListItem\",\"position\":2,\"name\":\"Avis juridique\"}]},{\"@type\":\"WebSite\",\"@id\":\"https:\\\/\\\/lasventastour.com\\\/fr\\\/#website\",\"url\":\"https:\\\/\\\/lasventastour.com\\\/fr\\\/\",\"name\":\"Las Ventas Tour\",\"description\":\"Tour Las Ventas | Plaza de Toros de Madrid | Web Oficial\",\"publisher\":{\"@id\":\"https:\\\/\\\/lasventastour.com\\\/fr\\\/#organization\"},\"alternateName\":\"Las Ventas Tour\",\"potentialAction\":[{\"@type\":\"SearchAction\",\"target\":{\"@type\":\"EntryPoint\",\"urlTemplate\":\"https:\\\/\\\/lasventastour.com\\\/fr\\\/?s={search_term_string}\"},\"query-input\":{\"@type\":\"PropertyValueSpecification\",\"valueRequired\":true,\"valueName\":\"search_term_string\"}}],\"inLanguage\":\"fr-FR\"},{\"@type\":\"Organization\",\"@id\":\"https:\\\/\\\/lasventastour.com\\\/fr\\\/#organization\",\"name\":\"Las Ventas Tour\",\"alternateName\":\"Las Ventas Tour\",\"url\":\"https:\\\/\\\/lasventastour.com\\\/fr\\\/\",\"logo\":{\"@type\":\"ImageObject\",\"inLanguage\":\"fr-FR\",\"@id\":\"https:\\\/\\\/lasventastour.com\\\/fr\\\/#\\\/schema\\\/logo\\\/image\\\/\",\"url\":\"https:\\\/\\\/lasventastour.com\\\/wp-content\\\/uploads\\\/2024\\\/09\\\/cropped-Logo-Las-Ventas-1.webp\",\"contentUrl\":\"https:\\\/\\\/lasventastour.com\\\/wp-content\\\/uploads\\\/2024\\\/09\\\/cropped-Logo-Las-Ventas-1.webp\",\"width\":512,\"height\":512,\"caption\":\"Las Ventas Tour\"},\"image\":{\"@id\":\"https:\\\/\\\/lasventastour.com\\\/fr\\\/#\\\/schema\\\/logo\\\/image\\\/\"},\"sameAs\":[\"https:\\\/\\\/www.instagram.com\\\/lasventastour\\\/\"]}]}<\/script>\n<!-- \/ Yoast SEO plugin. -->","yoast_head_json":{"title":"Avis juridique - Las Ventas Tour","robots":{"index":"index","follow":"follow","max-snippet":"max-snippet:-1","max-image-preview":"max-image-preview:large","max-video-preview":"max-video-preview:-1"},"canonical":"https:\/\/lasventastour.com\/fr\/avis-juridique\/","og_locale":"fr_FR","og_type":"article","og_title":"Avis juridique - Las Ventas Tour","og_url":"https:\/\/lasventastour.com\/fr\/avis-juridique\/","og_site_name":"Las Ventas Tour","article_modified_time":"2024-09-11T12:23:46+00:00","og_image":[{"width":511,"height":280,"url":"https:\/\/lasventastour.com\/wp-content\/uploads\/2023\/12\/paseillo-en-las-ventas.webp","type":"image\/webp"}],"twitter_card":"summary_large_image","twitter_misc":{"Dur\u00e9e de lecture estim\u00e9e":"2 minutes"},"schema":{"@context":"https:\/\/schema.org","@graph":[{"@type":"WebPage","@id":"https:\/\/lasventastour.com\/fr\/avis-juridique\/","url":"https:\/\/lasventastour.com\/fr\/avis-juridique\/","name":"Avis juridique - Las Ventas Tour","isPartOf":{"@id":"https:\/\/lasventastour.com\/fr\/#website"},"datePublished":"2023-09-26T13:57:10+00:00","dateModified":"2024-09-11T12:23:46+00:00","breadcrumb":{"@id":"https:\/\/lasventastour.com\/fr\/avis-juridique\/#breadcrumb"},"inLanguage":"fr-FR","potentialAction":[{"@type":"ReadAction","target":["https:\/\/lasventastour.com\/fr\/avis-juridique\/"]}]},{"@type":"BreadcrumbList","@id":"https:\/\/lasventastour.com\/fr\/avis-juridique\/#breadcrumb","itemListElement":[{"@type":"ListItem","position":1,"name":"Portada","item":"https:\/\/lasventastour.com\/fr\/"},{"@type":"ListItem","position":2,"name":"Avis juridique"}]},{"@type":"WebSite","@id":"https:\/\/lasventastour.com\/fr\/#website","url":"https:\/\/lasventastour.com\/fr\/","name":"Las Ventas Tour","description":"Tour Las Ventas | Plaza de Toros de Madrid | Web Oficial","publisher":{"@id":"https:\/\/lasventastour.com\/fr\/#organization"},"alternateName":"Las Ventas Tour","potentialAction":[{"@type":"SearchAction","target":{"@type":"EntryPoint","urlTemplate":"https:\/\/lasventastour.com\/fr\/?s={search_term_string}"},"query-input":{"@type":"PropertyValueSpecification","valueRequired":true,"valueName":"search_term_string"}}],"inLanguage":"fr-FR"},{"@type":"Organization","@id":"https:\/\/lasventastour.com\/fr\/#organization","name":"Las Ventas Tour","alternateName":"Las Ventas Tour","url":"https:\/\/lasventastour.com\/fr\/","logo":{"@type":"ImageObject","inLanguage":"fr-FR","@id":"https:\/\/lasventastour.com\/fr\/#\/schema\/logo\/image\/","url":"https:\/\/lasventastour.com\/wp-content\/uploads\/2024\/09\/cropped-Logo-Las-Ventas-1.webp","contentUrl":"https:\/\/lasventastour.com\/wp-content\/uploads\/2024\/09\/cropped-Logo-Las-Ventas-1.webp","width":512,"height":512,"caption":"Las Ventas Tour"},"image":{"@id":"https:\/\/lasventastour.com\/fr\/#\/schema\/logo\/image\/"},"sameAs":["https:\/\/www.instagram.com\/lasventastour\/"]}]}},"_links":{"self":[{"href":"https:\/\/lasventastour.com\/fr\/wp-json\/wp\/v2\/pages\/3363","targetHints":{"allow":["GET"]}}],"collection":[{"href":"https:\/\/lasventastour.com\/fr\/wp-json\/wp\/v2\/pages"}],"about":[{"href":"https:\/\/lasventastour.com\/fr\/wp-json\/wp\/v2\/types\/page"}],"author":[{"embeddable":true,"href":"https:\/\/lasventastour.com\/fr\/wp-json\/wp\/v2\/users\/1"}],"replies":[{"embeddable":true,"href":"https:\/\/lasventastour.com\/fr\/wp-json\/wp\/v2\/comments?post=3363"}],"version-history":[{"count":1,"href":"https:\/\/lasventastour.com\/fr\/wp-json\/wp\/v2\/pages\/3363\/revisions"}],"predecessor-version":[{"id":3364,"href":"https:\/\/lasventastour.com\/fr\/wp-json\/wp\/v2\/pages\/3363\/revisions\/3364"}],"wp:attachment":[{"href":"https:\/\/lasventastour.com\/fr\/wp-json\/wp\/v2\/media?parent=3363"}],"curies":[{"name":"wp","href":"https:\/\/api.w.org\/{rel}","templated":true}]}}