{"id":2385,"date":"2023-09-29T09:56:01","date_gmt":"2023-09-29T09:56:01","guid":{"rendered":"https:\/\/lasventastour.com\/visite-de-la-ferme-delevage-de-flor-jara\/"},"modified":"2026-02-16T15:03:43","modified_gmt":"2026-02-16T15:03:43","slug":"visites-a-un-elevage-de-taureaux","status":"publish","type":"page","link":"https:\/\/lasventastour.com\/fr\/visites-a-un-elevage-de-taureaux\/","title":{"rendered":"Visite du b\u00e9tail"},"content":{"rendered":"<section class=\"l-section wpb_row us_custom_f9d0b101 height_auto color_primary with_img parallax_ver parallaxdir_reversed\"><div class=\"l-section-img\" role=\"img\" aria-label=\"B\u00e9tail flor de Jara\" data-img-width=\"1000\" data-img-height=\"350\" style=\"background-image: url(https:\/\/lasventastour.com\/wp-content\/uploads\/2023\/09\/flor-de-jara.jpg);\"><\/div><div class=\"l-section-overlay\" style=\"background:linear-gradient(90deg,#1b122f,rgba(54,54,54,0.00))\"><\/div><div class=\"l-section-h i-cf\"><div class=\"g-cols vc_row via_grid cols_1 laptops-cols_inherit tablets-cols_inherit mobiles-cols_1 valign_middle type_default stacking_default\" style=\"--columns-gap:0rem;\"><div class=\"wpb_column vc_column_container\"><div class=\"vc_column-inner\"><div class=\"w-separator size_medium\"><\/div><h1 class=\"w-text us_custom_51aa7753 us_animate_this\"><span class=\"w-text-h\"><span class=\"w-text-value\">Visite d&rsquo;un \u00e9levage de taureaux de combat<\/span><\/span><\/h1><div class=\"w-separator size_small\"><\/div><div class=\"w-text us_custom_444d1fbc us_animate_this\"><span class=\"w-text-h\"><span class=\"w-text-value\">Visite de l&rsquo;\u00e9levage Flor de Jara avec un guide priv\u00e9<\/span><\/span><\/div><div class=\"w-separator size_small\"><\/div><div class=\"w-btn-wrapper align_none\"><a class=\"w-btn us-btn-style_1\" target=\"_blank\" href=\"https:\/\/tickets.lasventastour.com\/fr\/426-web-individual\/2149-visite-de-lelevage-taurin-flor-de-jara\"><span class=\"w-btn-label\">R\u00e9server des billets<\/span><\/a><\/div><div class=\"w-separator size_small\"><\/div><\/div><\/div><\/div><\/div><\/section><section class=\"l-section wpb_row height_medium\"><div class=\"l-section-h i-cf\"><div class=\"g-cols vc_row via_grid cols_1 laptops-cols_inherit tablets-cols_inherit mobiles-cols_1 valign_top type_default stacking_default\"><div class=\"wpb_column vc_column_container\"><div class=\"vc_column-inner\"><div class=\"wpb_text_column\"><div class=\"wpb_wrapper\"><h2 style=\"text-align: center;\">R\u00e9sum\u00e9 de la visite<\/h2>\n<\/div><\/div><div class=\"w-separator size_medium\"><\/div><div class=\"g-cols wpb_row via_grid cols_2 laptops-cols_inherit tablets-cols_inherit mobiles-cols_1 valign_top type_default stacking_default\" style=\"--columns-gap:3rem;\"><div class=\"wpb_column vc_column_container\"><div class=\"vc_column-inner\"><div class=\"w-iconbox us_custom_1f257949 iconpos_left style_default color_primary align_left\"><div class=\"w-iconbox-icon\" style=\"font-size:2rem;\"><i class=\"fas fa-watch\"><\/i><\/div><div class=\"w-iconbox-meta\"><h4 class=\"w-iconbox-title\">Dur\u00e9e<\/h4><div class=\"w-iconbox-text\"><p>La dur\u00e9e est d&rsquo;environ 2 heures.<\/p>\n<\/div><\/div><\/div><div class=\"w-separator size_medium\"><\/div><div class=\"w-iconbox us_custom_1f257949 iconpos_left style_default color_primary align_center\"><div class=\"w-iconbox-icon\" style=\"font-size:2rem;\"><i class=\"fas fa-briefcase\"><\/i><\/div><div class=\"w-iconbox-meta\"><h4 class=\"w-iconbox-title\">Services<\/h4><div class=\"w-iconbox-text\"><p>Visite personnalis\u00e9e avec un guide priv\u00e9, avec possibilit\u00e9 de transport jusqu&rsquo;\u00e0 l&rsquo;\u00e9levage.<\/p>\n<\/div><\/div><\/div><\/div><\/div><div class=\"wpb_column vc_column_container\"><div class=\"vc_column-inner\"><div class=\"w-iconbox us_custom_1f257949 iconpos_left style_default color_primary align_center\"><div class=\"w-iconbox-icon\" style=\"font-size:2rem;\"><i class=\"material-icons\">people<\/i><\/div><div class=\"w-iconbox-meta\"><h4 class=\"w-iconbox-title\">Assistants<\/h4><div class=\"w-iconbox-text\"><p>Un minimum de 2 personnes est requis.<br \/>\nPour les groupes de plus de 10 personnes, veuillez nous contacter.<\/p>\n<\/div><\/div><\/div><div class=\"w-separator size_medium\"><\/div><div class=\"w-iconbox us_custom_1f257949 iconpos_left style_default color_primary align_center\"><div class=\"w-iconbox-icon\" style=\"font-size:2rem;\"><i class=\"fas fa-location\"><\/i><\/div><div class=\"w-iconbox-meta\"><h4 class=\"w-iconbox-title\">Localisation<\/h4><div class=\"w-iconbox-text\"><p>Manzanares La Real, Madrid, dans la Sierra de las Pedrizas, un endroit magique dans le parc naturel de l&rsquo;Alto Manzanares.<\/p>\n<\/div><\/div><\/div><\/div><\/div><\/div><\/div><\/div><\/div><\/div><\/section><section class=\"l-section wpb_row height_medium\"><div class=\"l-section-h i-cf\"><div class=\"g-cols vc_row via_grid cols_1 laptops-cols_inherit tablets-cols_inherit mobiles-cols_1 valign_top type_default stacking_default\"><div class=\"wpb_column vc_column_container\"><div class=\"vc_column-inner\"><div class=\"wpb_text_column\"><div class=\"wpb_wrapper\"><h2 style=\"text-align: center;\">Information g\u00e9n\u00e9rale<\/h2>\n<p><span lang=\"ES\">L&rsquo;\u00e9levage de taureaux de combat de Flor de Jara est situ\u00e9 \u00e0 Manzanares La Real, Madrid, dans la Sierra de las Pedrizas, un endroit magique du parc naturel de l&rsquo;Alto Manzanares. <\/span> L&rsquo;objectif de cette visite est de conna\u00eetre le taureau de combat, l&rsquo;environnement dans lequel il est \u00e9lev\u00e9 et tout ce qui entoure ce merveilleux animal.<br \/>\nPendant la visite, vous vous d\u00e9placerez dans une remorque autour de la ferme pour avoir une vue panoramique \u00e0 360\u00ba de leur environnement naturel.<br \/>\nVous pourrez voir le taureau (\u00e9talon) ainsi que le reste des vaches et veaux de la ferme.<br \/>\nVous pourrez \u00e9galement <span>voir les installations d&rsquo;\u00e9levage, les corrals, les couloirs de vaccination, le quai, le box, l&rsquo;ar\u00e8ne ainsi que la salle d&rsquo;exposition du b\u00e9tail.<\/span> La visite comprend un ap\u00e9ritif \u00e0 la ferme.<\/p>\n<\/div><\/div><\/div><\/div><\/div><\/div><\/section><section class=\"l-section wpb_row us_custom_f78888c0 height_medium\"><div class=\"l-section-h i-cf\"><div class=\"g-cols vc_row via_grid cols_3 laptops-cols_inherit tablets-cols_inherit mobiles-cols_1 valign_top type_default stacking_default\"><div class=\"wpb_column vc_column_container\"><div class=\"vc_column-inner\"><div class=\"w-image us_custom_ad27cd45 align_center\"><div class=\"w-image-h\"><img decoding=\"async\" width=\"300\" height=\"225\" src=\"https:\/\/lasventastour.com\/wp-content\/uploads\/2023\/09\/ganaderia-flor-de-jara.jpeg\" class=\"attachment-large size-large\" alt=\"Visitez le b\u00e9tail de Madrid\" loading=\"lazy\" \/><\/div><\/div><\/div><\/div><div class=\"wpb_column vc_column_container\"><div class=\"vc_column-inner\"><div class=\"w-image us_custom_ad27cd45 align_center\"><div class=\"w-image-h\"><img decoding=\"async\" width=\"300\" height=\"225\" src=\"https:\/\/lasventastour.com\/wp-content\/uploads\/2023\/09\/visita-ganaderia-toros.jpeg\" class=\"attachment-large size-large\" alt=\"Taureaux d&#039;\u00e9levage flor de jara\" loading=\"lazy\" \/><\/div><\/div><\/div><\/div><div class=\"wpb_column vc_column_container\"><div class=\"vc_column-inner\"><div class=\"w-image us_custom_ad27cd45 align_center\"><div class=\"w-image-h\"><img decoding=\"async\" width=\"300\" height=\"225\" src=\"https:\/\/lasventastour.com\/wp-content\/uploads\/2023\/09\/visita-flor-de-jara-ganaderia.jpeg\" class=\"attachment-large size-large\" alt=\"Visites touristiques des \u00e9levages de Madrid\" loading=\"lazy\" \/><\/div><\/div><\/div><\/div><\/div><\/div><\/section><section class=\"l-section wpb_row height_medium\"><div class=\"l-section-h i-cf\"><div class=\"g-cols vc_row via_grid cols_2 laptops-cols_inherit tablets-cols_inherit mobiles-cols_1 valign_top type_default stacking_default\"><div class=\"wpb_column vc_column_container\"><div class=\"vc_column-inner\"><div class=\"w-image us_custom_ad27cd45 align_none\"><div class=\"w-image-h\"><img decoding=\"async\" width=\"1000\" height=\"350\" src=\"https:\/\/lasventastour.com\/wp-content\/uploads\/2023\/09\/flor-de-jara.jpg\" class=\"attachment-large size-large\" alt=\"B\u00e9tail flor de Jara\" loading=\"lazy\" srcset=\"https:\/\/lasventastour.com\/wp-content\/uploads\/2023\/09\/flor-de-jara.jpg 1000w, https:\/\/lasventastour.com\/wp-content\/uploads\/2023\/09\/flor-de-jara-600x210.jpg 600w, https:\/\/lasventastour.com\/wp-content\/uploads\/2023\/09\/flor-de-jara-300x105.jpg 300w\" sizes=\"auto, (max-width: 1000px) 100vw, 1000px\" \/><\/div><\/div><div class=\"w-separator size_medium\"><\/div><div class=\"w-btn-wrapper align_center\"><a class=\"w-btn us-btn-style_1\" target=\"_blank\" href=\"https:\/\/tickets.lasventastour.com\/fr\/426-web-individual\/2149-visite-de-lelevage-taurin-flor-de-jara\"><span class=\"w-btn-label\">Acheter des billets<\/span><\/a><\/div><\/div><\/div><div class=\"wpb_column vc_column_container\"><div class=\"vc_column-inner\"><div class=\"wpb_text_column\"><div class=\"wpb_wrapper\"><ul>\n<li><span lang=\"ES\">Visites le matin ou l&rsquo;apr\u00e8s-midi<\/span><\/li>\n<li><span lang=\"ES\">Pour plus d&rsquo;informations et pour les r\u00e9servations, veuillez contacter <a href=\"mailto:info@lasventastour.com\">info@lasventastour.com<\/a><\/span><\/li>\n<li>Des experts et des agriculteurs ou des \u00e9leveurs de b\u00e9tail y participent.<\/li>\n<li>Le transport n&rsquo;est pas inclus.<\/li>\n<li>Dur\u00e9e de la visite : environ 2 heures<\/li>\n<li>Langue : espagnol ou anglais.<\/li>\n<\/ul>\n<\/div><\/div><\/div><\/div><\/div><\/div><\/section><section class=\"l-section wpb_row height_medium\"><div class=\"l-section-h i-cf\"><div class=\"g-cols vc_row via_grid cols_1 laptops-cols_inherit tablets-cols_inherit mobiles-cols_1 valign_top type_default stacking_default\"><div class=\"wpb_column vc_column_container\"><div class=\"vc_column-inner\"><div class=\"wpb_text_column\"><div class=\"wpb_wrapper\"><h2 style=\"text-align: center;\">Autres activit\u00e9s int\u00e9ressantes :<\/h2>\n<\/div><\/div><div class=\"w-separator size_medium\"><\/div><div class=\"g-cols wpb_row via_grid cols_2 laptops-cols_inherit tablets-cols_inherit mobiles-cols_1 valign_top type_default stacking_default\" style=\"--columns-gap:3rem;\"><div class=\"wpb_column vc_column_container\"><div class=\"vc_column-inner\"><div class=\"w-ibanner us_custom_a10ddd82 has_text_color animation_phorcys ratio_3x2 easing_ease\"><a title=\"visite de las ventas avec guide priv\u00e9\" href=\"https:\/\/lasventastour.com\/fr\/visites-guidees-privees\/\" aria-label=\"Visite VIP\"><\/a><div class=\"w-ibanner-h\"><div class=\"w-ibanner-image\" style=\"background-image: url(https:\/\/lasventastour.com\/wp-content\/uploads\/2023\/09\/tour-visitas-privadas.jpg)\"><\/div><div class=\"w-ibanner-content\"><div class=\"w-ibanner-content-h\"><h3 class=\"w-ibanner-title\">Visite VIP<\/h3><div class=\"w-ibanner-desc\"><\/div><\/div><\/div><\/div><\/div><\/div><\/div><div class=\"wpb_column vc_column_container\"><div class=\"vc_column-inner\"><div class=\"w-ibanner us_custom_2d937f4f has_text_color animation_phorcys ratio_3x2 easing_ease\"><a title=\"visite de vente avec audiguia\" href=\"https:\/\/lasventastour.com\/fr\/visites-individuelles\/\" aria-label=\"Visite individuelle\"><\/a><div class=\"w-ibanner-h\"><div class=\"w-ibanner-image\" style=\"background-image: url(https:\/\/lasventastour.com\/wp-content\/uploads\/2023\/09\/tour-Visita-individual.jpg)\"><\/div><div class=\"w-ibanner-content\"><div class=\"w-ibanner-content-h\"><h3 class=\"w-ibanner-title\">Visite individuelle<\/h3><div class=\"w-ibanner-desc\"><\/div><\/div><\/div><\/div><\/div><\/div><\/div><\/div><div class=\"w-separator size_medium\"><\/div><div class=\"g-cols wpb_row via_grid cols_2 laptops-cols_inherit tablets-cols_inherit mobiles-cols_1 valign_top type_default stacking_default\" style=\"--columns-gap:3rem;\"><div class=\"wpb_column vc_column_container\"><div class=\"vc_column-inner\"><div class=\"w-ibanner us_custom_a10ddd82 has_text_color animation_phorcys ratio_3x2 easing_ease\"><a title=\"groupes de vente de voyages\" href=\"https:\/\/lasventastour.com\/fr\/groupes-visites-guidees\/\" aria-label=\"Visites de groupes\"><\/a><div class=\"w-ibanner-h\"><div class=\"w-ibanner-image\" style=\"background-image: url(https:\/\/lasventastour.com\/wp-content\/uploads\/2023\/09\/tour-visitas-grupales.jpg)\"><\/div><div class=\"w-ibanner-content\"><div class=\"w-ibanner-content-h\"><h3 class=\"w-ibanner-title\">Visites de groupes<\/h3><div class=\"w-ibanner-desc\"><\/div><\/div><\/div><\/div><\/div><\/div><\/div><div class=\"wpb_column vc_column_container\"><div class=\"vc_column-inner\"><div class=\"w-ibanner us_custom_2d937f4f has_text_color animation_phorcys ratio_3x2 easing_ease\"><a title=\"ventes de primes de tourn\u00e9es\" href=\"https:\/\/lasventastour.com\/fr\/demonstration-de-toreo\/\" aria-label=\"Tauromachie de salon\"><\/a><div class=\"w-ibanner-h\"><div class=\"w-ibanner-image\" style=\"background-image: url(https:\/\/lasventastour.com\/wp-content\/uploads\/2023\/09\/tour-visitas-teatralizadas.jpg)\"><\/div><div class=\"w-ibanner-content\"><div class=\"w-ibanner-content-h\"><h3 class=\"w-ibanner-title\">Tauromachie de salon<\/h3><div class=\"w-ibanner-desc\"><\/div><\/div><\/div><\/div><\/div><\/div><\/div><\/div><\/div><\/div><\/div><\/div><\/section>\n","protected":false},"excerpt":{"rendered":"Visite d&rsquo;un \u00e9levage de taureaux de combatVisite de l&rsquo;\u00e9levage Flor de Jara avec un guide priv\u00e9R\u00e9server des billetsR\u00e9sum\u00e9 de la visite Dur\u00e9eLa dur\u00e9e est d'environ 2 heures. ServicesVisite personnalis\u00e9e avec un guide priv\u00e9, avec possibilit\u00e9 de transport jusqu'\u00e0 l'\u00e9levage. peopleAssistantsUn minimum de 2 personnes est requis. Pour les groupes de plus de 10 personnes, veuillez...","protected":false},"author":1,"featured_media":0,"parent":0,"menu_order":0,"comment_status":"closed","ping_status":"closed","template":"","meta":{"footnotes":""},"class_list":["post-2385","page","type-page","status-publish","hentry"],"yoast_head":"<!-- This site is optimized with the Yoast SEO plugin v27.4 - https:\/\/yoast.com\/product\/yoast-seo-wordpress\/ -->\n<title>Visite de la ferme d&#039;\u00e9levage Flor de Jara : visite de Las Ventas<\/title>\n<meta name=\"description\" content=\"Visitez l&#039;un des plus prestigieux ranchs de tauromachie, Flor de Jara. Guide priv\u00e9 inclus dans votre billet + d\u00e9jeuner\" \/>\n<meta name=\"robots\" content=\"index, follow, max-snippet:-1, max-image-preview:large, max-video-preview:-1\" \/>\n<link rel=\"canonical\" href=\"https:\/\/lasventastour.com\/fr\/visites-a-un-elevage-de-taureaux\/\" \/>\n<meta property=\"og:locale\" content=\"fr_FR\" \/>\n<meta property=\"og:type\" content=\"article\" \/>\n<meta property=\"og:title\" content=\"Visite de la ferme d&#039;\u00e9levage Flor de Jara : visite de Las Ventas\" \/>\n<meta property=\"og:description\" content=\"Visitez l&#039;un des plus prestigieux ranchs de tauromachie, Flor de Jara. Guide priv\u00e9 inclus dans votre billet + d\u00e9jeuner\" \/>\n<meta property=\"og:url\" content=\"https:\/\/lasventastour.com\/fr\/visites-a-un-elevage-de-taureaux\/\" \/>\n<meta property=\"og:site_name\" content=\"Las Ventas Tour\" \/>\n<meta property=\"article:modified_time\" content=\"2026-02-16T15:03:43+00:00\" \/>\n<meta property=\"og:image\" content=\"https:\/\/lasventastour.com\/wp-content\/uploads\/2023\/12\/paseillo-en-las-ventas.webp\" \/>\n\t<meta property=\"og:image:width\" content=\"511\" \/>\n\t<meta property=\"og:image:height\" content=\"280\" \/>\n\t<meta property=\"og:image:type\" content=\"image\/webp\" \/>\n<meta name=\"twitter:card\" content=\"summary_large_image\" \/>\n<meta name=\"twitter:label1\" content=\"Dur\u00e9e de lecture estim\u00e9e\" \/>\n\t<meta name=\"twitter:data1\" content=\"2 minutes\" \/>\n<script type=\"application\/ld+json\" class=\"yoast-schema-graph\">{\"@context\":\"https:\\\/\\\/schema.org\",\"@graph\":[{\"@type\":\"WebPage\",\"@id\":\"https:\\\/\\\/lasventastour.com\\\/fr\\\/visites-a-un-elevage-de-taureaux\\\/\",\"url\":\"https:\\\/\\\/lasventastour.com\\\/fr\\\/visites-a-un-elevage-de-taureaux\\\/\",\"name\":\"Visite de la ferme d'\u00e9levage Flor de Jara : visite de Las Ventas\",\"isPartOf\":{\"@id\":\"https:\\\/\\\/lasventastour.com\\\/fr\\\/#website\"},\"datePublished\":\"2023-09-29T09:56:01+00:00\",\"dateModified\":\"2026-02-16T15:03:43+00:00\",\"description\":\"Visitez l'un des plus prestigieux ranchs de tauromachie, Flor de Jara. Guide priv\u00e9 inclus dans votre billet + d\u00e9jeuner\",\"breadcrumb\":{\"@id\":\"https:\\\/\\\/lasventastour.com\\\/fr\\\/visites-a-un-elevage-de-taureaux\\\/#breadcrumb\"},\"inLanguage\":\"fr-FR\",\"potentialAction\":[{\"@type\":\"ReadAction\",\"target\":[\"https:\\\/\\\/lasventastour.com\\\/fr\\\/visites-a-un-elevage-de-taureaux\\\/\"]}]},{\"@type\":\"BreadcrumbList\",\"@id\":\"https:\\\/\\\/lasventastour.com\\\/fr\\\/visites-a-un-elevage-de-taureaux\\\/#breadcrumb\",\"itemListElement\":[{\"@type\":\"ListItem\",\"position\":1,\"name\":\"Portada\",\"item\":\"https:\\\/\\\/lasventastour.com\\\/fr\\\/\"},{\"@type\":\"ListItem\",\"position\":2,\"name\":\"Visite du b\u00e9tail\"}]},{\"@type\":\"WebSite\",\"@id\":\"https:\\\/\\\/lasventastour.com\\\/fr\\\/#website\",\"url\":\"https:\\\/\\\/lasventastour.com\\\/fr\\\/\",\"name\":\"Las Ventas Tour\",\"description\":\"Tour Las Ventas | Plaza de Toros de Madrid | Web Oficial\",\"publisher\":{\"@id\":\"https:\\\/\\\/lasventastour.com\\\/fr\\\/#organization\"},\"alternateName\":\"Las Ventas Tour\",\"potentialAction\":[{\"@type\":\"SearchAction\",\"target\":{\"@type\":\"EntryPoint\",\"urlTemplate\":\"https:\\\/\\\/lasventastour.com\\\/fr\\\/?s={search_term_string}\"},\"query-input\":{\"@type\":\"PropertyValueSpecification\",\"valueRequired\":true,\"valueName\":\"search_term_string\"}}],\"inLanguage\":\"fr-FR\"},{\"@type\":\"Organization\",\"@id\":\"https:\\\/\\\/lasventastour.com\\\/fr\\\/#organization\",\"name\":\"Las Ventas Tour\",\"alternateName\":\"Las Ventas Tour\",\"url\":\"https:\\\/\\\/lasventastour.com\\\/fr\\\/\",\"logo\":{\"@type\":\"ImageObject\",\"inLanguage\":\"fr-FR\",\"@id\":\"https:\\\/\\\/lasventastour.com\\\/fr\\\/#\\\/schema\\\/logo\\\/image\\\/\",\"url\":\"https:\\\/\\\/lasventastour.com\\\/wp-content\\\/uploads\\\/2024\\\/09\\\/cropped-Logo-Las-Ventas-1.webp\",\"contentUrl\":\"https:\\\/\\\/lasventastour.com\\\/wp-content\\\/uploads\\\/2024\\\/09\\\/cropped-Logo-Las-Ventas-1.webp\",\"width\":512,\"height\":512,\"caption\":\"Las Ventas Tour\"},\"image\":{\"@id\":\"https:\\\/\\\/lasventastour.com\\\/fr\\\/#\\\/schema\\\/logo\\\/image\\\/\"},\"sameAs\":[\"https:\\\/\\\/www.instagram.com\\\/lasventastour\\\/\"]}]}<\/script>\n<!-- \/ Yoast SEO plugin. -->","yoast_head_json":{"title":"Visite de la ferme d'\u00e9levage Flor de Jara : visite de Las Ventas","description":"Visitez l'un des plus prestigieux ranchs de tauromachie, Flor de Jara. Guide priv\u00e9 inclus dans votre billet + d\u00e9jeuner","robots":{"index":"index","follow":"follow","max-snippet":"max-snippet:-1","max-image-preview":"max-image-preview:large","max-video-preview":"max-video-preview:-1"},"canonical":"https:\/\/lasventastour.com\/fr\/visites-a-un-elevage-de-taureaux\/","og_locale":"fr_FR","og_type":"article","og_title":"Visite de la ferme d'\u00e9levage Flor de Jara : visite de Las Ventas","og_description":"Visitez l'un des plus prestigieux ranchs de tauromachie, Flor de Jara. Guide priv\u00e9 inclus dans votre billet + d\u00e9jeuner","og_url":"https:\/\/lasventastour.com\/fr\/visites-a-un-elevage-de-taureaux\/","og_site_name":"Las Ventas Tour","article_modified_time":"2026-02-16T15:03:43+00:00","og_image":[{"width":511,"height":280,"url":"https:\/\/lasventastour.com\/wp-content\/uploads\/2023\/12\/paseillo-en-las-ventas.webp","type":"image\/webp"}],"twitter_card":"summary_large_image","twitter_misc":{"Dur\u00e9e de lecture estim\u00e9e":"2 minutes"},"schema":{"@context":"https:\/\/schema.org","@graph":[{"@type":"WebPage","@id":"https:\/\/lasventastour.com\/fr\/visites-a-un-elevage-de-taureaux\/","url":"https:\/\/lasventastour.com\/fr\/visites-a-un-elevage-de-taureaux\/","name":"Visite de la ferme d'\u00e9levage Flor de Jara : visite de Las Ventas","isPartOf":{"@id":"https:\/\/lasventastour.com\/fr\/#website"},"datePublished":"2023-09-29T09:56:01+00:00","dateModified":"2026-02-16T15:03:43+00:00","description":"Visitez l'un des plus prestigieux ranchs de tauromachie, Flor de Jara. Guide priv\u00e9 inclus dans votre billet + d\u00e9jeuner","breadcrumb":{"@id":"https:\/\/lasventastour.com\/fr\/visites-a-un-elevage-de-taureaux\/#breadcrumb"},"inLanguage":"fr-FR","potentialAction":[{"@type":"ReadAction","target":["https:\/\/lasventastour.com\/fr\/visites-a-un-elevage-de-taureaux\/"]}]},{"@type":"BreadcrumbList","@id":"https:\/\/lasventastour.com\/fr\/visites-a-un-elevage-de-taureaux\/#breadcrumb","itemListElement":[{"@type":"ListItem","position":1,"name":"Portada","item":"https:\/\/lasventastour.com\/fr\/"},{"@type":"ListItem","position":2,"name":"Visite du b\u00e9tail"}]},{"@type":"WebSite","@id":"https:\/\/lasventastour.com\/fr\/#website","url":"https:\/\/lasventastour.com\/fr\/","name":"Las Ventas Tour","description":"Tour Las Ventas | Plaza de Toros de Madrid | Web Oficial","publisher":{"@id":"https:\/\/lasventastour.com\/fr\/#organization"},"alternateName":"Las Ventas Tour","potentialAction":[{"@type":"SearchAction","target":{"@type":"EntryPoint","urlTemplate":"https:\/\/lasventastour.com\/fr\/?s={search_term_string}"},"query-input":{"@type":"PropertyValueSpecification","valueRequired":true,"valueName":"search_term_string"}}],"inLanguage":"fr-FR"},{"@type":"Organization","@id":"https:\/\/lasventastour.com\/fr\/#organization","name":"Las Ventas Tour","alternateName":"Las Ventas Tour","url":"https:\/\/lasventastour.com\/fr\/","logo":{"@type":"ImageObject","inLanguage":"fr-FR","@id":"https:\/\/lasventastour.com\/fr\/#\/schema\/logo\/image\/","url":"https:\/\/lasventastour.com\/wp-content\/uploads\/2024\/09\/cropped-Logo-Las-Ventas-1.webp","contentUrl":"https:\/\/lasventastour.com\/wp-content\/uploads\/2024\/09\/cropped-Logo-Las-Ventas-1.webp","width":512,"height":512,"caption":"Las Ventas Tour"},"image":{"@id":"https:\/\/lasventastour.com\/fr\/#\/schema\/logo\/image\/"},"sameAs":["https:\/\/www.instagram.com\/lasventastour\/"]}]}},"_links":{"self":[{"href":"https:\/\/lasventastour.com\/fr\/wp-json\/wp\/v2\/pages\/2385","targetHints":{"allow":["GET"]}}],"collection":[{"href":"https:\/\/lasventastour.com\/fr\/wp-json\/wp\/v2\/pages"}],"about":[{"href":"https:\/\/lasventastour.com\/fr\/wp-json\/wp\/v2\/types\/page"}],"author":[{"embeddable":true,"href":"https:\/\/lasventastour.com\/fr\/wp-json\/wp\/v2\/users\/1"}],"replies":[{"embeddable":true,"href":"https:\/\/lasventastour.com\/fr\/wp-json\/wp\/v2\/comments?post=2385"}],"version-history":[{"count":12,"href":"https:\/\/lasventastour.com\/fr\/wp-json\/wp\/v2\/pages\/2385\/revisions"}],"predecessor-version":[{"id":6345,"href":"https:\/\/lasventastour.com\/fr\/wp-json\/wp\/v2\/pages\/2385\/revisions\/6345"}],"wp:attachment":[{"href":"https:\/\/lasventastour.com\/fr\/wp-json\/wp\/v2\/media?parent=2385"}],"curies":[{"name":"wp","href":"https:\/\/api.w.org\/{rel}","templated":true}]}}