{"id":2193,"date":"2024-01-19T09:05:32","date_gmt":"2024-01-19T09:05:32","guid":{"rendered":"https:\/\/lasventastour.com\/professionnels-et-agences\/"},"modified":"2026-04-28T11:12:47","modified_gmt":"2026-04-28T11:12:47","slug":"professionnels-et-agences","status":"publish","type":"page","link":"https:\/\/lasventastour.com\/fr\/professionnels-et-agences\/","title":{"rendered":"Professionnels et agences"},"content":{"rendered":"<section class=\"l-section wpb_row us_custom_5372a688 height_medium\"><div class=\"l-section-h i-cf\"><div class=\"g-cols vc_row via_grid cols_2 laptops-cols_inherit tablets-cols_1 mobiles-cols_1 valign_middle type_default stacking_default\" style=\"--columns-gap:4vw;\"><div class=\"wpb_column vc_column_container us_custom_bdbb4a49\"><div class=\"vc_column-inner\"><div class=\"wpb_text_column us_custom_933613eb\"><div class=\"wpb_wrapper\"><h1>Professionnels et agences du tourisme<\/h1>\n<p>Proposez nos services et b\u00e9n\u00e9ficiez de conditions sp\u00e9ciales<\/p>\n<\/div><\/div><div class=\"w-separator size_small\"><\/div><div class=\"w-btn-wrapper align_none\"><a class=\"w-btn us-btn-style_1\" target=\"_blank\" href=\"https:\/\/seller.clorian.com\/register\"><span class=\"w-btn-label\">Registre<\/span><\/a><\/div><\/div><\/div><div class=\"wpb_column vc_column_container\"><div class=\"vc_column-inner\"><div class=\"w-image us_custom_f7999c5b has_ratio align_center\"><div class=\"w-image-h\"><div style=\"padding-bottom:100%\"><\/div><img decoding=\"async\" width=\"750\" height=\"500\" src=\"https:\/\/lasventastour.com\/wp-content\/uploads\/2023\/11\/Foto-grande-LVT-750x500-15.png\" class=\"attachment-large size-large\" alt=\"visit bullring madrid\" loading=\"lazy\" \/><\/div><\/div><\/div><\/div><\/div><\/div><\/section><section class=\"l-section wpb_row height_medium\"><div class=\"l-section-h i-cf\"><div class=\"g-cols vc_row via_grid cols_1 laptops-cols_inherit tablets-cols_inherit mobiles-cols_1 valign_top type_default stacking_default\"><div class=\"wpb_column vc_column_container\"><div class=\"vc_column-inner\"><div class=\"wpb_text_column us_custom_99dce4f6\"><div class=\"wpb_wrapper\"><h2 style=\"text-align: center;\">Avantages de la collaboration avec Las Ventas Tour<\/h2>\n<\/div><\/div><div class=\"w-separator size_large\"><\/div><div class=\"g-cols wpb_row via_grid cols_3 laptops-cols_inherit tablets-cols_inherit mobiles-cols_1 valign_top type_default stacking_default\" style=\"--columns-gap:1.5rem;\"><div class=\"wpb_column vc_column_container us_custom_d8743621 has_text_color has_bg_color\"><div class=\"vc_column-inner\"><div class=\"w-iconbox iconpos_top style_default color_primary align_left no_text no_title\"><div class=\"w-iconbox-icon\" style=\"font-size:80px;\"><i class=\"fas fa-usd-circle\"><\/i><\/div><div class=\"w-iconbox-meta\"><\/div><\/div><div class=\"w-separator size_small\"><\/div><div class=\"wpb_text_column us_custom_81a92080\"><div class=\"wpb_wrapper\"><h3>Commissions de vente<\/h3>\n<p>B\u00e9n\u00e9ficiez de conditions sp\u00e9ciales pour chaque vente g\u00e9n\u00e9r\u00e9e par votre entreprise : plus vous engrangez de clients, plus vous touchez de commissions !<\/p>\n<\/div><\/div><\/div><\/div><div class=\"wpb_column vc_column_container us_custom_d8743621 has_text_color has_bg_color\"><div class=\"vc_column-inner\"><div class=\"w-iconbox iconpos_top style_default color_primary align_left no_text no_title\"><div class=\"w-iconbox-icon\" style=\"font-size:80px;\"><i class=\"fas fa-check-circle\"><\/i><\/div><div class=\"w-iconbox-meta\"><\/div><\/div><div class=\"w-separator size_small\"><\/div><div class=\"wpb_text_column us_custom_81a92080\"><div class=\"wpb_wrapper\"><h3>R\u00e9servation facile<\/h3>\n<p>Toutes les r\u00e9servations sont effectu\u00e9es \u00e0 partir de l&rsquo;application Clorian. G\u00e9rez les dates, les services et les horaires rapidement et facilement.<\/p>\n<\/div><\/div><\/div><\/div><div class=\"wpb_column vc_column_container us_custom_d8743621 has_text_color has_bg_color\"><div class=\"vc_column-inner\"><div class=\"w-iconbox iconpos_top style_default color_primary align_left no_text no_title\"><div class=\"w-iconbox-icon\" style=\"font-size:80px;\"><i class=\"fas fa-smile-wink\"><\/i><\/div><div class=\"w-iconbox-meta\"><\/div><\/div><div class=\"w-separator size_small\"><\/div><div class=\"wpb_text_column us_custom_81a92080\"><div class=\"wpb_wrapper\"><h3>100% de satisfaction<\/h3>\n<p>Offrez \u00e0 vos clients une visite diff\u00e9rente et de qualit\u00e9 qui garantit leur satisfaction et leur recommandation.<\/p>\n<\/div><\/div><\/div><\/div><\/div><\/div><\/div><\/div><\/div><\/section><section class=\"l-section wpb_row us_custom_c70c97eb height_medium\"><div class=\"l-section-h i-cf\"><div class=\"g-cols vc_row via_grid cols_1-3 laptops-cols_inherit tablets-cols_1 mobiles-cols_1 valign_top type_default stacking_default\"><div class=\"wpb_column vc_column_container\"><div class=\"vc_column-inner\"><h2 class=\"w-text\"><span class=\"w-text-h\"><span class=\"w-text-value\">Comment s&#039;inscrire en tant que fournisseur ?<\/span><\/span><\/h2><div class=\"w-separator size_medium\"><\/div><div class=\"w-btn-wrapper align_none\"><a class=\"w-btn us-btn-style_1\" target=\"_blank\" href=\"https:\/\/seller.clorian.com\/register\"><span class=\"w-btn-label\">Registre<\/span><\/a><\/div><\/div><\/div><div class=\"wpb_column vc_column_container\"><div class=\"vc_column-inner\"><div class=\"g-cols wpb_row via_grid cols_2 laptops-cols_1 tablets-cols_inherit mobiles-cols_1 valign_top type_default stacking_default\" style=\"--columns-gap:3rem;\"><div class=\"wpb_column vc_column_container\"><div class=\"vc_column-inner\"><div class=\"w-text us_custom_b82c4d9f has_text_color\"><span class=\"w-text-h\"><span class=\"w-text-value\">01<\/span><\/span><\/div><div class=\"wpb_text_column\"><div class=\"wpb_wrapper\"><h4>Registre<\/h4>\n<p><span class=\"OYPEnA text-decoration-none text-strikethrough-none\">Enregistrez votre entreprise sur <a href=\"http:\/\/seller.clorian.com\/register\">seller.clorian.com\/register<\/a><\/span><\/p>\n<\/div><\/div><\/div><\/div><div class=\"wpb_column vc_column_container\"><div class=\"vc_column-inner\"><div class=\"w-text us_custom_b82c4d9f has_text_color\"><span class=\"w-text-h\"><span class=\"w-text-value\">02<\/span><\/span><\/div><div class=\"wpb_text_column\"><div class=\"wpb_wrapper\"><h4>Acc\u00e9der au panneau<\/h4>\n<p>Connectez-vous \u00e0 votre compte, trouvez-nous parmi tous les fournisseurs.<\/p>\n<\/div><\/div><\/div><\/div><div class=\"wpb_column vc_column_container\"><div class=\"vc_column-inner\"><div class=\"w-text us_custom_b82c4d9f has_text_color\"><span class=\"w-text-h\"><span class=\"w-text-value\">03<\/span><\/span><\/div><div class=\"wpb_text_column\"><div class=\"wpb_wrapper\"><h4>Demander l&rsquo;acc\u00e8s \u00e0 la visite<\/h4>\n<p>Elle demande \u00e0 \u00eatre fournisseur des ar\u00e8nes de la Plaza de Toros de Las Ventas.<\/p>\n<\/div><\/div><\/div><\/div><div class=\"wpb_column vc_column_container\"><div class=\"vc_column-inner\"><div class=\"w-text us_custom_b82c4d9f has_text_color\"><span class=\"w-text-h\"><span class=\"w-text-value\">04<\/span><\/span><\/div><div class=\"wpb_text_column\"><div class=\"wpb_wrapper\"><h4>Nous acceptons votre demande<\/h4>\n<p>Vous pouvez d\u00e9sormais r\u00e9server des billets et toucher une commission automatiquement !<\/p>\n<\/div><\/div><\/div><\/div><\/div><\/div><\/div><\/div><\/div><\/section><section class=\"l-section wpb_row height_large\"><div class=\"l-section-h i-cf\"><div class=\"g-cols vc_row via_grid cols_1 laptops-cols_inherit tablets-cols_inherit mobiles-cols_1 valign_top type_default stacking_default\"><div class=\"wpb_column vc_column_container\"><div class=\"vc_column-inner\"><div class=\"wpb_text_column us_custom_2e9da019\"><div class=\"wpb_wrapper\"><h2 style=\"text-align: center;\">Services suppl\u00e9mentaires pour les agences<\/h2>\n<\/div><\/div><div class=\"w-separator size_huge\"><\/div><div class=\"g-cols wpb_row via_grid cols_2 laptops-cols_inherit tablets-cols_inherit mobiles-cols_1 valign_middle type_default reversed stacking_default\" style=\"--columns-gap:4vw;\"><div class=\"wpb_column vc_column_container\"><div class=\"vc_column-inner\"><div class=\"w-image has_ratio align_none\"><div class=\"w-image-h\"><div style=\"padding-bottom:75%\"><\/div><img decoding=\"async\" width=\"750\" height=\"500\" src=\"https:\/\/lasventastour.com\/wp-content\/uploads\/2023\/11\/muestra-de-toreo.webp\" class=\"attachment-large size-large\" alt=\"D\u00e9monstration taurine dans la salle des ar\u00e8nes\" loading=\"lazy\" \/><\/div><\/div><\/div><\/div><div class=\"wpb_column vc_column_container\"><div class=\"vc_column-inner\"><div class=\"wpb_text_column us_custom_d98eb4eb\"><div class=\"wpb_wrapper\"><h3><strong>D\u00e9monstration de tauromachie<\/strong><\/h3>\n<p>La visite peut \u00eatre accompagn\u00e9e d&rsquo;une d\u00e9monstration de tauromachie donn\u00e9e par les \u00e9l\u00e8ves de l&rsquo;\u00e9cole de tauromachie de Madrid.<\/p>\n<\/div><\/div><\/div><\/div><\/div><div class=\"w-separator size_large\"><\/div><div class=\"g-cols wpb_row via_grid cols_2 laptops-cols_inherit tablets-cols_inherit mobiles-cols_1 valign_middle type_default stacking_default\" style=\"--columns-gap:4vw;\"><div class=\"wpb_column vc_column_container\"><div class=\"vc_column-inner\"><div class=\"wpb_text_column us_custom_b818dcba\"><div class=\"wpb_wrapper\"><h3>Restauration<\/h3>\n<p><strong>Vous recherchez des services VIP pour vos clients ?<\/strong><\/p>\n<p>Si vous le souhaitez, nous pouvons proposer des services de restauration pour les groupes en m\u00eame temps que la visite guid\u00e9e des ar\u00e8nes.<\/p>\n<\/div><\/div><\/div><\/div><div class=\"wpb_column vc_column_container\"><div class=\"vc_column-inner\"><div class=\"w-image has_ratio align_none\"><div class=\"w-image-h\"><div style=\"padding-bottom:75%\"><\/div><img decoding=\"async\" width=\"768\" height=\"1024\" src=\"https:\/\/lasventastour.com\/wp-content\/uploads\/2023\/09\/degustacion-catering-taurino-768x1024.jpeg\" class=\"attachment-large size-large\" alt=\"\" loading=\"lazy\" \/><\/div><\/div><\/div><\/div><\/div><div class=\"w-separator size_large\"><\/div><div class=\"g-cols wpb_row via_grid cols_2 laptops-cols_inherit tablets-cols_inherit mobiles-cols_1 valign_middle type_default reversed stacking_default\" style=\"--columns-gap:4vw;\"><div class=\"wpb_column vc_column_container\"><div class=\"vc_column-inner\"><div class=\"w-image has_ratio align_none\"><div class=\"w-image-h\"><div style=\"padding-bottom:75%\"><\/div><img decoding=\"async\" width=\"1000\" height=\"500\" src=\"https:\/\/lasventastour.com\/wp-content\/uploads\/2023\/12\/Toro-Bravo-Las-Ventas-Tour-2.webp\" class=\"attachment-large size-large\" alt=\"taureau de combat espagnol\" loading=\"lazy\" \/><\/div><\/div><\/div><\/div><div class=\"wpb_column vc_column_container\"><div class=\"vc_column-inner\"><div class=\"wpb_text_column us_custom_d98eb4eb\"><div class=\"wpb_wrapper\"><h3><strong>Visites de fermes d&rsquo;\u00e9levage<\/strong><\/h3>\n<p>Une visite \u00e0 360 degr\u00e9s<\/p>\n<p>Apr\u00e8s la visite des ar\u00e8nes, nous nous rendrons en bus dans l&rsquo;un des plus importants \u00e9levages de taureaux d&rsquo;Espagne afin que nos clients puissent d\u00e9couvrir en d\u00e9tail le monde de la tauromachie.<\/p>\n<\/div><\/div><\/div><\/div><\/div><\/div><\/div><\/div><\/div><\/section><section class=\"l-section wpb_row height_medium\"><div class=\"l-section-h i-cf\"><div class=\"g-cols vc_row via_grid cols_2 laptops-cols_1 tablets-cols_inherit mobiles-cols_1 valign_top type_default stacking_default\"><div class=\"wpb_column vc_column_container type_sticky\"><div class=\"vc_column-inner\"><h2 class=\"w-text us_custom_d98eb4eb\"><span class=\"w-text-h\"><span class=\"w-text-value\">Pr\u00eat \u00e0 collaborer ?<\/span><\/span><\/h2><\/div><\/div><div class=\"wpb_column vc_column_container\"><div class=\"vc_column-inner\"><div class=\"g-cols wpb_row via_grid cols_2 laptops-cols_inherit tablets-cols_inherit mobiles-cols_1 valign_top type_default stacking_default\" style=\"--columns-gap:3rem;\"><div class=\"wpb_column vc_column_container\"><div class=\"vc_column-inner\"><div class=\"w-counter color_heading align_none animation_none\" data-duration=\"2\" style=\"--w-counter-duration: 2s;\"><div class=\"w-counter-value\" role=\"text\" aria-label=\"215\"><span class=\"w-counter-value-part final\" aria-hidden=\"true\">215<\/span><span class=\"w-counter-value-part hidden type_text\" aria-hidden=\"true\" data-final><\/span><span class=\"w-counter-value-part hidden type_number\" aria-hidden=\"true\" data-final=\"215\">0<\/span><span class=\"w-counter-value-part hidden type_text\" aria-hidden=\"true\" data-final><\/span><\/div><h6 class=\"w-counter-title\" style=\"margin-top:0.4rem;\">Fournisseurs enregistr\u00e9s<\/h6><\/div><\/div><\/div><div class=\"wpb_column vc_column_container\"><div class=\"vc_column-inner\"><div class=\"w-counter color_heading align_none animation_none\" data-duration=\"2\" style=\"--w-counter-duration: 2s;\"><div class=\"w-counter-value\" role=\"text\" aria-label=\"12\"><span class=\"w-counter-value-part final\" aria-hidden=\"true\">12<\/span><span class=\"w-counter-value-part hidden type_text\" aria-hidden=\"true\" data-final><\/span><span class=\"w-counter-value-part hidden type_number\" aria-hidden=\"true\" data-final=\"12\">0<\/span><span class=\"w-counter-value-part hidden type_text\" aria-hidden=\"true\" data-final><\/span><\/div><h6 class=\"w-counter-title\" style=\"margin-top:0.4rem;\">Ann\u00e9es dans le secteur<\/h6><\/div><\/div><\/div><\/div><\/div><\/div><\/div><\/div><\/section><section class=\"l-section wpb_row height_auto width_full color_secondary\"><div class=\"l-section-h i-cf\"><div class=\"g-cols vc_row via_grid cols_2 laptops-cols_inherit tablets-cols_inherit mobiles-cols_1 valign_middle type_boxes reversed stacking_default\" style=\"--columns-gap:0rem;\"><div class=\"wpb_column vc_column_container us_custom_8f3f7c07 hide_on_mobiles has_bg_color\"><div class=\"vc_column-inner\"><\/div><\/div><div class=\"wpb_column vc_column_container us_custom_dc787efe\"><div class=\"vc_column-inner\"><div class=\"wpb_text_column\"><div class=\"wpb_wrapper\"><h2>Contactez nous<\/h2>\n<p>Vous avez des doutes ? Nous vous aidons \u00e0 devenir fournisseur.<\/p>\n<\/div><\/div><div class=\"w-separator size_medium\"><\/div><h3 class=\"w-text\"><a href=\"tel:+34 687 739 032\" class=\"w-text-h\"><span class=\"w-text-value\">+34 687 739 032<\/span><\/a><\/h3><h3 class=\"w-text\"><a href=\"mailto:info@lasventastour.com\" class=\"w-text-h\"><span class=\"w-text-value\">info@lasventastour.com<\/span><\/a><\/h3><\/div><\/div><\/div><\/div><\/section>\n","protected":false},"excerpt":{"rendered":"Professionnels et agences du tourisme Proposez nos services et b\u00e9n\u00e9ficiez de conditions sp\u00e9ciales RegistreAvantages de la collaboration avec Las Ventas Tour Commissions de vente B\u00e9n\u00e9ficiez de conditions sp\u00e9ciales pour chaque vente g\u00e9n\u00e9r\u00e9e par votre entreprise : plus vous engrangez de clients, plus vous touchez de commissions ! R\u00e9servation facile Toutes les r\u00e9servations sont effectu\u00e9es \u00e0...","protected":false},"author":1,"featured_media":0,"parent":0,"menu_order":0,"comment_status":"closed","ping_status":"closed","template":"","meta":{"footnotes":""},"class_list":["post-2193","page","type-page","status-publish","hentry"],"yoast_head":"<!-- This site is optimized with the Yoast SEO plugin v27.5 - https:\/\/yoast.com\/product\/yoast-seo-wordpress\/ -->\n<title>S&#039;inscrire en tant qu&#039;agence collaboratrice - Las Ventas Tour Madrid<\/title>\n<meta name=\"description\" content=\"Professionnels du tourisme et agences | Enregistrez-vous et g\u00e9rez vos r\u00e9servations pour Las Ventas Tour facilement et simplement.\" \/>\n<meta name=\"robots\" content=\"index, follow, max-snippet:-1, max-image-preview:large, max-video-preview:-1\" \/>\n<link rel=\"canonical\" href=\"https:\/\/lasventastour.com\/fr\/professionnels-et-agences\/\" \/>\n<meta property=\"og:locale\" content=\"fr_FR\" \/>\n<meta property=\"og:type\" content=\"article\" \/>\n<meta property=\"og:title\" content=\"S&#039;inscrire en tant qu&#039;agence collaboratrice - Las Ventas Tour Madrid\" \/>\n<meta property=\"og:description\" content=\"Professionnels du tourisme et agences | Enregistrez-vous et g\u00e9rez vos r\u00e9servations pour Las Ventas Tour facilement et simplement.\" \/>\n<meta property=\"og:url\" content=\"https:\/\/lasventastour.com\/fr\/professionnels-et-agences\/\" \/>\n<meta property=\"og:site_name\" content=\"Las Ventas Tour\" \/>\n<meta property=\"article:modified_time\" content=\"2026-04-28T11:12:47+00:00\" \/>\n<meta property=\"og:image\" content=\"https:\/\/lasventastour.com\/wp-content\/uploads\/2023\/12\/paseillo-en-las-ventas.webp\" \/>\n\t<meta property=\"og:image:width\" content=\"511\" \/>\n\t<meta property=\"og:image:height\" content=\"280\" \/>\n\t<meta property=\"og:image:type\" content=\"image\/webp\" \/>\n<meta name=\"twitter:card\" content=\"summary_large_image\" \/>\n<meta name=\"twitter:label1\" content=\"Dur\u00e9e de lecture estim\u00e9e\" \/>\n\t<meta name=\"twitter:data1\" content=\"2 minutes\" \/>\n<script type=\"application\/ld+json\" class=\"yoast-schema-graph\">{\"@context\":\"https:\\\/\\\/schema.org\",\"@graph\":[{\"@type\":\"WebPage\",\"@id\":\"https:\\\/\\\/lasventastour.com\\\/fr\\\/professionnels-et-agences\\\/\",\"url\":\"https:\\\/\\\/lasventastour.com\\\/fr\\\/professionnels-et-agences\\\/\",\"name\":\"S'inscrire en tant qu'agence collaboratrice - Las Ventas Tour Madrid\",\"isPartOf\":{\"@id\":\"https:\\\/\\\/lasventastour.com\\\/fr\\\/#website\"},\"datePublished\":\"2024-01-19T09:05:32+00:00\",\"dateModified\":\"2026-04-28T11:12:47+00:00\",\"description\":\"Professionnels du tourisme et agences | Enregistrez-vous et g\u00e9rez vos r\u00e9servations pour Las Ventas Tour facilement et simplement.\",\"breadcrumb\":{\"@id\":\"https:\\\/\\\/lasventastour.com\\\/fr\\\/professionnels-et-agences\\\/#breadcrumb\"},\"inLanguage\":\"fr-FR\",\"potentialAction\":[{\"@type\":\"ReadAction\",\"target\":[\"https:\\\/\\\/lasventastour.com\\\/fr\\\/professionnels-et-agences\\\/\"]}]},{\"@type\":\"BreadcrumbList\",\"@id\":\"https:\\\/\\\/lasventastour.com\\\/fr\\\/professionnels-et-agences\\\/#breadcrumb\",\"itemListElement\":[{\"@type\":\"ListItem\",\"position\":1,\"name\":\"Portada\",\"item\":\"https:\\\/\\\/lasventastour.com\\\/fr\\\/\"},{\"@type\":\"ListItem\",\"position\":2,\"name\":\"Professionnels et agences\"}]},{\"@type\":\"WebSite\",\"@id\":\"https:\\\/\\\/lasventastour.com\\\/fr\\\/#website\",\"url\":\"https:\\\/\\\/lasventastour.com\\\/fr\\\/\",\"name\":\"Las Ventas Tour\",\"description\":\"Tour Las Ventas | Plaza de Toros de Madrid | Web Oficial\",\"publisher\":{\"@id\":\"https:\\\/\\\/lasventastour.com\\\/fr\\\/#organization\"},\"alternateName\":\"Las Ventas Tour\",\"potentialAction\":[{\"@type\":\"SearchAction\",\"target\":{\"@type\":\"EntryPoint\",\"urlTemplate\":\"https:\\\/\\\/lasventastour.com\\\/fr\\\/?s={search_term_string}\"},\"query-input\":{\"@type\":\"PropertyValueSpecification\",\"valueRequired\":true,\"valueName\":\"search_term_string\"}}],\"inLanguage\":\"fr-FR\"},{\"@type\":\"Organization\",\"@id\":\"https:\\\/\\\/lasventastour.com\\\/fr\\\/#organization\",\"name\":\"Las Ventas Tour\",\"alternateName\":\"Las Ventas Tour\",\"url\":\"https:\\\/\\\/lasventastour.com\\\/fr\\\/\",\"logo\":{\"@type\":\"ImageObject\",\"inLanguage\":\"fr-FR\",\"@id\":\"https:\\\/\\\/lasventastour.com\\\/fr\\\/#\\\/schema\\\/logo\\\/image\\\/\",\"url\":\"https:\\\/\\\/lasventastour.com\\\/wp-content\\\/uploads\\\/2024\\\/09\\\/cropped-Logo-Las-Ventas-1.webp\",\"contentUrl\":\"https:\\\/\\\/lasventastour.com\\\/wp-content\\\/uploads\\\/2024\\\/09\\\/cropped-Logo-Las-Ventas-1.webp\",\"width\":512,\"height\":512,\"caption\":\"Las Ventas Tour\"},\"image\":{\"@id\":\"https:\\\/\\\/lasventastour.com\\\/fr\\\/#\\\/schema\\\/logo\\\/image\\\/\"},\"sameAs\":[\"https:\\\/\\\/www.instagram.com\\\/lasventastour\\\/\"]}]}<\/script>\n<!-- \/ Yoast SEO plugin. -->","yoast_head_json":{"title":"S'inscrire en tant qu'agence collaboratrice - Las Ventas Tour Madrid","description":"Professionnels du tourisme et agences | Enregistrez-vous et g\u00e9rez vos r\u00e9servations pour Las Ventas Tour facilement et simplement.","robots":{"index":"index","follow":"follow","max-snippet":"max-snippet:-1","max-image-preview":"max-image-preview:large","max-video-preview":"max-video-preview:-1"},"canonical":"https:\/\/lasventastour.com\/fr\/professionnels-et-agences\/","og_locale":"fr_FR","og_type":"article","og_title":"S'inscrire en tant qu'agence collaboratrice - Las Ventas Tour Madrid","og_description":"Professionnels du tourisme et agences | Enregistrez-vous et g\u00e9rez vos r\u00e9servations pour Las Ventas Tour facilement et simplement.","og_url":"https:\/\/lasventastour.com\/fr\/professionnels-et-agences\/","og_site_name":"Las Ventas Tour","article_modified_time":"2026-04-28T11:12:47+00:00","og_image":[{"width":511,"height":280,"url":"https:\/\/lasventastour.com\/wp-content\/uploads\/2023\/12\/paseillo-en-las-ventas.webp","type":"image\/webp"}],"twitter_card":"summary_large_image","twitter_misc":{"Dur\u00e9e de lecture estim\u00e9e":"2 minutes"},"schema":{"@context":"https:\/\/schema.org","@graph":[{"@type":"WebPage","@id":"https:\/\/lasventastour.com\/fr\/professionnels-et-agences\/","url":"https:\/\/lasventastour.com\/fr\/professionnels-et-agences\/","name":"S'inscrire en tant qu'agence collaboratrice - Las Ventas Tour Madrid","isPartOf":{"@id":"https:\/\/lasventastour.com\/fr\/#website"},"datePublished":"2024-01-19T09:05:32+00:00","dateModified":"2026-04-28T11:12:47+00:00","description":"Professionnels du tourisme et agences | Enregistrez-vous et g\u00e9rez vos r\u00e9servations pour Las Ventas Tour facilement et simplement.","breadcrumb":{"@id":"https:\/\/lasventastour.com\/fr\/professionnels-et-agences\/#breadcrumb"},"inLanguage":"fr-FR","potentialAction":[{"@type":"ReadAction","target":["https:\/\/lasventastour.com\/fr\/professionnels-et-agences\/"]}]},{"@type":"BreadcrumbList","@id":"https:\/\/lasventastour.com\/fr\/professionnels-et-agences\/#breadcrumb","itemListElement":[{"@type":"ListItem","position":1,"name":"Portada","item":"https:\/\/lasventastour.com\/fr\/"},{"@type":"ListItem","position":2,"name":"Professionnels et agences"}]},{"@type":"WebSite","@id":"https:\/\/lasventastour.com\/fr\/#website","url":"https:\/\/lasventastour.com\/fr\/","name":"Las Ventas Tour","description":"Tour Las Ventas | Plaza de Toros de Madrid | Web Oficial","publisher":{"@id":"https:\/\/lasventastour.com\/fr\/#organization"},"alternateName":"Las Ventas Tour","potentialAction":[{"@type":"SearchAction","target":{"@type":"EntryPoint","urlTemplate":"https:\/\/lasventastour.com\/fr\/?s={search_term_string}"},"query-input":{"@type":"PropertyValueSpecification","valueRequired":true,"valueName":"search_term_string"}}],"inLanguage":"fr-FR"},{"@type":"Organization","@id":"https:\/\/lasventastour.com\/fr\/#organization","name":"Las Ventas Tour","alternateName":"Las Ventas Tour","url":"https:\/\/lasventastour.com\/fr\/","logo":{"@type":"ImageObject","inLanguage":"fr-FR","@id":"https:\/\/lasventastour.com\/fr\/#\/schema\/logo\/image\/","url":"https:\/\/lasventastour.com\/wp-content\/uploads\/2024\/09\/cropped-Logo-Las-Ventas-1.webp","contentUrl":"https:\/\/lasventastour.com\/wp-content\/uploads\/2024\/09\/cropped-Logo-Las-Ventas-1.webp","width":512,"height":512,"caption":"Las Ventas Tour"},"image":{"@id":"https:\/\/lasventastour.com\/fr\/#\/schema\/logo\/image\/"},"sameAs":["https:\/\/www.instagram.com\/lasventastour\/"]}]}},"_links":{"self":[{"href":"https:\/\/lasventastour.com\/fr\/wp-json\/wp\/v2\/pages\/2193","targetHints":{"allow":["GET"]}}],"collection":[{"href":"https:\/\/lasventastour.com\/fr\/wp-json\/wp\/v2\/pages"}],"about":[{"href":"https:\/\/lasventastour.com\/fr\/wp-json\/wp\/v2\/types\/page"}],"author":[{"embeddable":true,"href":"https:\/\/lasventastour.com\/fr\/wp-json\/wp\/v2\/users\/1"}],"replies":[{"embeddable":true,"href":"https:\/\/lasventastour.com\/fr\/wp-json\/wp\/v2\/comments?post=2193"}],"version-history":[{"count":10,"href":"https:\/\/lasventastour.com\/fr\/wp-json\/wp\/v2\/pages\/2193\/revisions"}],"predecessor-version":[{"id":43629,"href":"https:\/\/lasventastour.com\/fr\/wp-json\/wp\/v2\/pages\/2193\/revisions\/43629"}],"wp:attachment":[{"href":"https:\/\/lasventastour.com\/fr\/wp-json\/wp\/v2\/media?parent=2193"}],"curies":[{"name":"wp","href":"https:\/\/api.w.org\/{rel}","templated":true}]}}