{"id":2171,"date":"2023-09-27T14:04:40","date_gmt":"2023-09-27T14:04:40","guid":{"rendered":"https:\/\/lasventastour.com\/prix-des-tournees-de-vente\/"},"modified":"2025-07-11T10:41:57","modified_gmt":"2025-07-11T10:41:57","slug":"tarifs","status":"publish","type":"page","link":"https:\/\/lasventastour.com\/fr\/tarifs\/","title":{"rendered":"Tarifs"},"content":{"rendered":"<section class=\"l-section wpb_row height_medium\"><div class=\"l-section-h i-cf\"><div class=\"g-cols vc_row via_grid cols_1 laptops-cols_inherit tablets-cols_inherit mobiles-cols_1 valign_top type_default stacking_default\"><div class=\"wpb_column vc_column_container\"><div class=\"vc_column-inner\"><div class=\"wpb_text_column\"><div class=\"wpb_wrapper\"><h1 style=\"text-align: center;\">Tarifs<\/h1>\n<h1 style=\"text-align: center;\">Visites des ar\u00e8nes de Madrid<\/h1>\n<\/div><\/div><div class=\"w-separator size_medium\"><\/div><div class=\"w-pricing us_custom_1f257949 style_simple items_4\"><div class=\"w-pricing-item type_default\"><div class=\"w-pricing-item-h\"><div class=\"w-pricing-item-header\"><div class=\"w-pricing-item-title\">Visite avec audioguide<\/div><div class=\"w-pricing-item-price\">\u00c0 partir de 7 euros<\/div><\/div><ul class=\"w-pricing-item-features\"><li class=\"w-pricing-item-feature\">- Audioguide (10 langues disponibles)<\/li><li class=\"w-pricing-item-feature\">- Visite des ar\u00e8nes<\/li><li class=\"w-pricing-item-feature\">- Mus\u00e9e de la tauromachie<\/li><li class=\"w-pricing-item-feature\">- Jeux virtuels<\/li><\/ul><div class=\"w-pricing-item-footer\"><a class=\"w-btn us-btn-style_1\" style=\"font-size:15px\" href=\"https:\/\/lasventastour.com\/fr\/visites-individuelles\/\"><span class=\"w-btn-label\">Acheter<\/span><\/a><\/div><\/div><\/div><div class=\"w-pricing-item type_featured\"><div class=\"w-pricing-item-h\"><div class=\"w-pricing-item-header\"><div class=\"w-pricing-item-title\">Visite avec guide priv\u00e9<\/div><div class=\"w-pricing-item-price\">\u00c0 partir de 25 euros<\/div><\/div><ul class=\"w-pricing-item-features\"><li class=\"w-pricing-item-feature\">- Un guide priv\u00e9 pour vous<\/li><li class=\"w-pricing-item-feature\">- Visite des ar\u00e8nes<\/li><li class=\"w-pricing-item-feature\">- Explication de l'art de la tauromachie<\/li><li class=\"w-pricing-item-feature\">- Jeux virtuels<\/li><li class=\"w-pricing-item-feature\">- Mus\u00e9e taurin<\/li><\/ul><div class=\"w-pricing-item-footer\"><a class=\"w-btn us-btn-style_1\" style=\"font-size:15px\" href=\"https:\/\/lasventastour.com\/fr\/visites-guidees-privees\/\"><span class=\"w-btn-label\">Acheter<\/span><\/a><\/div><\/div><\/div><div class=\"w-pricing-item type_default\"><div class=\"w-pricing-item-h\"><div class=\"w-pricing-item-header\"><div class=\"w-pricing-item-title\">D\u00e9monstration de Tauromachie<\/div><div class=\"w-pricing-item-price\">\u00c0 partir de 50 euros<\/div><\/div><ul class=\"w-pricing-item-features\"><li class=\"w-pricing-item-feature\">- Un guide priv\u00e9 pour vous<\/li><li class=\"w-pricing-item-feature\">- Visite des ar\u00e8nes<\/li><li class=\"w-pricing-item-feature\">- Explication de l'art de la tauromachie<\/li><li class=\"w-pricing-item-feature\">- D\u00e9monstration de tauromachie par des \u00e9l\u00e8ves de l'\u00e9cole taurine<\/li><li class=\"w-pricing-item-feature\">- Jeux virtuels<\/li><li class=\"w-pricing-item-feature\">- Mus\u00e9e taurin<\/li><\/ul><div class=\"w-pricing-item-footer\"><a class=\"w-btn us-btn-style_1\" href=\"https:\/\/lasventastour.com\/fr\/demonstration-de-toreo\/\"><span class=\"w-btn-label\">Acheter<\/span><\/a><\/div><\/div><\/div><div class=\"w-pricing-item type_default\"><div class=\"w-pricing-item-h\"><div class=\"w-pricing-item-header\"><div class=\"w-pricing-item-title\">Voyages en groupe<\/div><div class=\"w-pricing-item-price\">\u00c0 partir de 13 euros<\/div><\/div><ul class=\"w-pricing-item-features\"><li class=\"w-pricing-item-feature\">- Guide priv\u00e9<\/li><li class=\"w-pricing-item-feature\">- Visite des ar\u00e8nes<\/li><li class=\"w-pricing-item-feature\">- Explication de l'art de la tauromachie<\/li><li class=\"w-pricing-item-feature\">- Jeux virtuels<\/li><li class=\"w-pricing-item-feature\">- Mus\u00e9e taurin<\/li><\/ul><div class=\"w-pricing-item-footer\"><a class=\"w-btn us-btn-style_1\" href=\"https:\/\/lasventastour.com\/fr\/groupes-visites-guidees\/\"><span class=\"w-btn-label\">Acheter<\/span><\/a><\/div><\/div><\/div><\/div><\/div><\/div><\/div><\/div><\/section>\n","protected":false},"excerpt":{"rendered":"Tarifs Visites des ar\u00e8nes de Madrid Visite avec audioguide\u00c0 partir de 7 euros- Audioguide (10 langues disponibles)- Visite des ar\u00e8nes- Mus\u00e9e de la tauromachie- Jeux virtuelsAcheterVisite avec guide priv\u00e9\u00c0 partir de 25 euros- Un guide priv\u00e9 pour vous- Visite des ar\u00e8nes- Explication de l'art de la tauromachie- Jeux virtuels- Mus\u00e9e taurinAcheterD\u00e9monstration de Tauromachie\u00c0 partir de...","protected":false},"author":1,"featured_media":0,"parent":0,"menu_order":0,"comment_status":"closed","ping_status":"closed","template":"","meta":{"footnotes":""},"class_list":["post-2171","page","type-page","status-publish","hentry"],"yoast_head":"<!-- This site is optimized with the Yoast SEO plugin v27.4 - https:\/\/yoast.com\/product\/yoast-seo-wordpress\/ -->\n<title>Tarifs des Visites des Ar\u00e8nes de Las Ventas | Site officiel<\/title>\n<meta name=\"description\" content=\"D\u00e9couvrez les tarifs et les options de visites des ar\u00e8nes de Madrid. | Achetez vos billets en ligne et r\u00e9servez vos places.\" \/>\n<meta name=\"robots\" content=\"index, follow, max-snippet:-1, max-image-preview:large, max-video-preview:-1\" \/>\n<link rel=\"canonical\" href=\"https:\/\/lasventastour.com\/fr\/tarifs\/\" \/>\n<meta property=\"og:locale\" content=\"fr_FR\" \/>\n<meta property=\"og:type\" content=\"article\" \/>\n<meta property=\"og:title\" content=\"Tarifs des Visites des Ar\u00e8nes de Las Ventas | Site officiel\" \/>\n<meta property=\"og:description\" content=\"D\u00e9couvrez les tarifs et les options de visites des ar\u00e8nes de Madrid. | Achetez vos billets en ligne et r\u00e9servez vos places.\" \/>\n<meta property=\"og:url\" content=\"https:\/\/lasventastour.com\/fr\/tarifs\/\" \/>\n<meta property=\"og:site_name\" content=\"Las Ventas Tour\" \/>\n<meta property=\"article:modified_time\" content=\"2025-07-11T10:41:57+00:00\" \/>\n<meta property=\"og:image\" content=\"https:\/\/lasventastour.com\/wp-content\/uploads\/2023\/12\/paseillo-en-las-ventas.webp\" \/>\n\t<meta property=\"og:image:width\" content=\"511\" \/>\n\t<meta property=\"og:image:height\" content=\"280\" \/>\n\t<meta property=\"og:image:type\" content=\"image\/webp\" \/>\n<meta name=\"twitter:card\" content=\"summary_large_image\" \/>\n<meta name=\"twitter:label1\" content=\"Dur\u00e9e de lecture estim\u00e9e\" \/>\n\t<meta name=\"twitter:data1\" content=\"1 minute\" \/>\n<script type=\"application\/ld+json\" class=\"yoast-schema-graph\">{\"@context\":\"https:\\\/\\\/schema.org\",\"@graph\":[{\"@type\":\"WebPage\",\"@id\":\"https:\\\/\\\/lasventastour.com\\\/fr\\\/tarifs\\\/\",\"url\":\"https:\\\/\\\/lasventastour.com\\\/fr\\\/tarifs\\\/\",\"name\":\"Tarifs des Visites des Ar\u00e8nes de Las Ventas | Site officiel\",\"isPartOf\":{\"@id\":\"https:\\\/\\\/lasventastour.com\\\/fr\\\/#website\"},\"datePublished\":\"2023-09-27T14:04:40+00:00\",\"dateModified\":\"2025-07-11T10:41:57+00:00\",\"description\":\"D\u00e9couvrez les tarifs et les options de visites des ar\u00e8nes de Madrid. | Achetez vos billets en ligne et r\u00e9servez vos places.\",\"breadcrumb\":{\"@id\":\"https:\\\/\\\/lasventastour.com\\\/fr\\\/tarifs\\\/#breadcrumb\"},\"inLanguage\":\"fr-FR\",\"potentialAction\":[{\"@type\":\"ReadAction\",\"target\":[\"https:\\\/\\\/lasventastour.com\\\/fr\\\/tarifs\\\/\"]}]},{\"@type\":\"BreadcrumbList\",\"@id\":\"https:\\\/\\\/lasventastour.com\\\/fr\\\/tarifs\\\/#breadcrumb\",\"itemListElement\":[{\"@type\":\"ListItem\",\"position\":1,\"name\":\"Portada\",\"item\":\"https:\\\/\\\/lasventastour.com\\\/fr\\\/\"},{\"@type\":\"ListItem\",\"position\":2,\"name\":\"Tarifs\"}]},{\"@type\":\"WebSite\",\"@id\":\"https:\\\/\\\/lasventastour.com\\\/fr\\\/#website\",\"url\":\"https:\\\/\\\/lasventastour.com\\\/fr\\\/\",\"name\":\"Las Ventas Tour\",\"description\":\"Tour Las Ventas | Plaza de Toros de Madrid | Web Oficial\",\"publisher\":{\"@id\":\"https:\\\/\\\/lasventastour.com\\\/fr\\\/#organization\"},\"alternateName\":\"Las Ventas Tour\",\"potentialAction\":[{\"@type\":\"SearchAction\",\"target\":{\"@type\":\"EntryPoint\",\"urlTemplate\":\"https:\\\/\\\/lasventastour.com\\\/fr\\\/?s={search_term_string}\"},\"query-input\":{\"@type\":\"PropertyValueSpecification\",\"valueRequired\":true,\"valueName\":\"search_term_string\"}}],\"inLanguage\":\"fr-FR\"},{\"@type\":\"Organization\",\"@id\":\"https:\\\/\\\/lasventastour.com\\\/fr\\\/#organization\",\"name\":\"Las Ventas Tour\",\"alternateName\":\"Las Ventas Tour\",\"url\":\"https:\\\/\\\/lasventastour.com\\\/fr\\\/\",\"logo\":{\"@type\":\"ImageObject\",\"inLanguage\":\"fr-FR\",\"@id\":\"https:\\\/\\\/lasventastour.com\\\/fr\\\/#\\\/schema\\\/logo\\\/image\\\/\",\"url\":\"https:\\\/\\\/lasventastour.com\\\/wp-content\\\/uploads\\\/2024\\\/09\\\/cropped-Logo-Las-Ventas-1.webp\",\"contentUrl\":\"https:\\\/\\\/lasventastour.com\\\/wp-content\\\/uploads\\\/2024\\\/09\\\/cropped-Logo-Las-Ventas-1.webp\",\"width\":512,\"height\":512,\"caption\":\"Las Ventas Tour\"},\"image\":{\"@id\":\"https:\\\/\\\/lasventastour.com\\\/fr\\\/#\\\/schema\\\/logo\\\/image\\\/\"},\"sameAs\":[\"https:\\\/\\\/www.instagram.com\\\/lasventastour\\\/\"]}]}<\/script>\n<!-- \/ Yoast SEO plugin. -->","yoast_head_json":{"title":"Tarifs des Visites des Ar\u00e8nes de Las Ventas | Site officiel","description":"D\u00e9couvrez les tarifs et les options de visites des ar\u00e8nes de Madrid. | Achetez vos billets en ligne et r\u00e9servez vos places.","robots":{"index":"index","follow":"follow","max-snippet":"max-snippet:-1","max-image-preview":"max-image-preview:large","max-video-preview":"max-video-preview:-1"},"canonical":"https:\/\/lasventastour.com\/fr\/tarifs\/","og_locale":"fr_FR","og_type":"article","og_title":"Tarifs des Visites des Ar\u00e8nes de Las Ventas | Site officiel","og_description":"D\u00e9couvrez les tarifs et les options de visites des ar\u00e8nes de Madrid. | Achetez vos billets en ligne et r\u00e9servez vos places.","og_url":"https:\/\/lasventastour.com\/fr\/tarifs\/","og_site_name":"Las Ventas Tour","article_modified_time":"2025-07-11T10:41:57+00:00","og_image":[{"width":511,"height":280,"url":"https:\/\/lasventastour.com\/wp-content\/uploads\/2023\/12\/paseillo-en-las-ventas.webp","type":"image\/webp"}],"twitter_card":"summary_large_image","twitter_misc":{"Dur\u00e9e de lecture estim\u00e9e":"1 minute"},"schema":{"@context":"https:\/\/schema.org","@graph":[{"@type":"WebPage","@id":"https:\/\/lasventastour.com\/fr\/tarifs\/","url":"https:\/\/lasventastour.com\/fr\/tarifs\/","name":"Tarifs des Visites des Ar\u00e8nes de Las Ventas | Site officiel","isPartOf":{"@id":"https:\/\/lasventastour.com\/fr\/#website"},"datePublished":"2023-09-27T14:04:40+00:00","dateModified":"2025-07-11T10:41:57+00:00","description":"D\u00e9couvrez les tarifs et les options de visites des ar\u00e8nes de Madrid. | Achetez vos billets en ligne et r\u00e9servez vos places.","breadcrumb":{"@id":"https:\/\/lasventastour.com\/fr\/tarifs\/#breadcrumb"},"inLanguage":"fr-FR","potentialAction":[{"@type":"ReadAction","target":["https:\/\/lasventastour.com\/fr\/tarifs\/"]}]},{"@type":"BreadcrumbList","@id":"https:\/\/lasventastour.com\/fr\/tarifs\/#breadcrumb","itemListElement":[{"@type":"ListItem","position":1,"name":"Portada","item":"https:\/\/lasventastour.com\/fr\/"},{"@type":"ListItem","position":2,"name":"Tarifs"}]},{"@type":"WebSite","@id":"https:\/\/lasventastour.com\/fr\/#website","url":"https:\/\/lasventastour.com\/fr\/","name":"Las Ventas Tour","description":"Tour Las Ventas | Plaza de Toros de Madrid | Web Oficial","publisher":{"@id":"https:\/\/lasventastour.com\/fr\/#organization"},"alternateName":"Las Ventas Tour","potentialAction":[{"@type":"SearchAction","target":{"@type":"EntryPoint","urlTemplate":"https:\/\/lasventastour.com\/fr\/?s={search_term_string}"},"query-input":{"@type":"PropertyValueSpecification","valueRequired":true,"valueName":"search_term_string"}}],"inLanguage":"fr-FR"},{"@type":"Organization","@id":"https:\/\/lasventastour.com\/fr\/#organization","name":"Las Ventas Tour","alternateName":"Las Ventas Tour","url":"https:\/\/lasventastour.com\/fr\/","logo":{"@type":"ImageObject","inLanguage":"fr-FR","@id":"https:\/\/lasventastour.com\/fr\/#\/schema\/logo\/image\/","url":"https:\/\/lasventastour.com\/wp-content\/uploads\/2024\/09\/cropped-Logo-Las-Ventas-1.webp","contentUrl":"https:\/\/lasventastour.com\/wp-content\/uploads\/2024\/09\/cropped-Logo-Las-Ventas-1.webp","width":512,"height":512,"caption":"Las Ventas Tour"},"image":{"@id":"https:\/\/lasventastour.com\/fr\/#\/schema\/logo\/image\/"},"sameAs":["https:\/\/www.instagram.com\/lasventastour\/"]}]}},"_links":{"self":[{"href":"https:\/\/lasventastour.com\/fr\/wp-json\/wp\/v2\/pages\/2171","targetHints":{"allow":["GET"]}}],"collection":[{"href":"https:\/\/lasventastour.com\/fr\/wp-json\/wp\/v2\/pages"}],"about":[{"href":"https:\/\/lasventastour.com\/fr\/wp-json\/wp\/v2\/types\/page"}],"author":[{"embeddable":true,"href":"https:\/\/lasventastour.com\/fr\/wp-json\/wp\/v2\/users\/1"}],"replies":[{"embeddable":true,"href":"https:\/\/lasventastour.com\/fr\/wp-json\/wp\/v2\/comments?post=2171"}],"version-history":[{"count":11,"href":"https:\/\/lasventastour.com\/fr\/wp-json\/wp\/v2\/pages\/2171\/revisions"}],"predecessor-version":[{"id":4852,"href":"https:\/\/lasventastour.com\/fr\/wp-json\/wp\/v2\/pages\/2171\/revisions\/4852"}],"wp:attachment":[{"href":"https:\/\/lasventastour.com\/fr\/wp-json\/wp\/v2\/media?parent=2171"}],"curies":[{"name":"wp","href":"https:\/\/api.w.org\/{rel}","templated":true}]}}