{"id":9462,"date":"2026-03-05T21:55:39","date_gmt":"2026-03-05T21:55:39","guid":{"rendered":"https:\/\/lasventastour.com\/liefertermin-und-ticketprovisionen\/"},"modified":"2026-03-11T11:21:26","modified_gmt":"2026-03-11T11:21:26","slug":"liefertermin-und-ticketprovisionen","status":"publish","type":"page","link":"https:\/\/lasventastour.com\/de\/liefertermin-und-ticketprovisionen\/","title":{"rendered":"Liefertermin und Ticketprovisionen"},"content":{"rendered":"<section class=\"l-section wpb_row height_medium\"><div class=\"l-section-h i-cf\"><div class=\"g-cols vc_row via_grid cols_1 laptops-cols_inherit tablets-cols_inherit mobiles-cols_1 valign_top type_default stacking_default\"><div class=\"wpb_column vc_column_container\"><div class=\"vc_column-inner\"><div class=\"wpb_text_column\"><div class=\"wpb_wrapper\"><div class=\"wpb_text_column\">\n<div class=\"wpb_wrapper\">\n<h1>Liefertermin und Ticketprovisionen<\/h1>\n<h3>Liefertermin:<\/h3>\n<p>Die Tickets werden 1 Woche vor der Veranstaltung im PDF-Format an Ihre E-Mail geschickt. Wir empfehlen Ihnen, den Spam-Ordner Ihrer E-Mail zu \u00fcberpr\u00fcfen. <\/p>\n<h3>Verkaufsprovisionen<\/h3>\n<p>Die Tickets unterliegen einer Verkaufsprovision von 10%, die auf der Bezahlseite hinzugef\u00fcgt wird.<\/p>\n<h3>Liefert<\/h3>\n<div>\n<div>Der Zutritt zum Ort und ggf. die R\u00fcckerstattung des gezahlten Betrags gem\u00e4\u00df der geltenden Gesetzgebung (Art. 70 RTA) sind an den Besitz der offiziellen, vollst\u00e4ndigen, unge\u00f6ffneten und nicht manipulierten Eintrittskarte gebunden. <\/div>\n<\/div>\n<div><\/div>\n<div>\n<div>Die Frist f\u00fcr die R\u00fcckerstattung beginnt ab dem Zeitpunkt, an dem die Aussetzung, Verschiebung oder \u00c4nderung bekannt gegeben wird und endet 4 Tage nach dem geplanten Termin der Ausstellung oder 1 Stunde vor Beginn der Ausstellung im Falle einer \u00c4nderung (Art. 70 RTA).<\/div>\n<div><\/div>\n<div>Wenn die Show aus Gr\u00fcnden, die nicht dem Unternehmen zuzuschreiben sind, oder wegen schlechten Wetters unterbrochen wird, hat der Zuschauer, sobald der erste Stier in die Manege gebracht wurde, keinen Anspruch auf eine R\u00fcckerstattung (Art. 70 RTA).<\/div>\n<\/div>\n<\/div>\n<\/div>\n<div class=\"g-cols wpb_row via_grid cols_1 laptops-cols_inherit tablets-cols_inherit mobiles-cols_1 valign_top type_default stacking_default\">\n<div class=\"wpb_column vc_column_container\">\n<div class=\"vc_column-inner\"><\/div>\n<\/div>\n<\/div>\n<\/div><\/div><div class=\"w-separator size_medium\"><\/div><div class=\"w-hwrapper valign_top align_none\" style=\"--hwrapper-gap:1.2rem\"><div class=\"w-btn-wrapper align_none\"><a class=\"w-btn us-btn-style_1\" href=\"https:\/\/lasventastour.com\/de\/stierkampf-tickets-las-ventas-madrid\/\"><span class=\"w-btn-label\">Tickets kaufen<\/span><\/a><\/div><\/div><\/div><\/div><\/div><\/div><\/section>\n","protected":false},"excerpt":{"rendered":"Liefertermin und Ticketprovisionen Liefertermin: Die Tickets werden 1 Woche vor der Veranstaltung im PDF-Format an Ihre E-Mail geschickt. Wir empfehlen Ihnen, den Spam-Ordner Ihrer E-Mail zu \u00fcberpr\u00fcfen. Verkaufsprovisionen Die Tickets unterliegen einer Verkaufsprovision von 10%, die auf der Bezahlseite hinzugef\u00fcgt wird. Liefert Der Zutritt zum Ort und ggf. die R\u00fcckerstattung des gezahlten Betrags gem\u00e4\u00df der...","protected":false},"author":14,"featured_media":0,"parent":0,"menu_order":0,"comment_status":"closed","ping_status":"closed","template":"","meta":{"footnotes":""},"class_list":["post-9462","page","type-page","status-publish","hentry"],"yoast_head":"<!-- This site is optimized with the Yoast SEO plugin v27.5 - https:\/\/yoast.com\/product\/yoast-seo-wordpress\/ -->\n<title>Liefertermin und Ticketprovisionen - Las Ventas Tour<\/title>\n<meta name=\"robots\" content=\"index, nofollow, max-snippet:-1, max-image-preview:large, max-video-preview:-1\" \/>\n<link rel=\"canonical\" href=\"https:\/\/lasventastour.com\/de\/liefertermin-und-ticketprovisionen\/\" \/>\n<meta property=\"og:locale\" content=\"de_DE\" \/>\n<meta property=\"og:type\" content=\"article\" \/>\n<meta property=\"og:title\" content=\"Liefertermin und Ticketprovisionen - Las Ventas Tour\" \/>\n<meta property=\"og:url\" content=\"https:\/\/lasventastour.com\/de\/liefertermin-und-ticketprovisionen\/\" \/>\n<meta property=\"og:site_name\" content=\"Las Ventas Tour\" \/>\n<meta property=\"article:modified_time\" content=\"2026-03-11T11:21:26+00:00\" \/>\n<meta property=\"og:image\" content=\"https:\/\/lasventastour.com\/wp-content\/uploads\/2023\/12\/paseillo-en-las-ventas.webp\" \/>\n\t<meta property=\"og:image:width\" content=\"511\" \/>\n\t<meta property=\"og:image:height\" content=\"280\" \/>\n\t<meta property=\"og:image:type\" content=\"image\/webp\" \/>\n<meta name=\"twitter:card\" content=\"summary_large_image\" \/>\n<meta name=\"twitter:label1\" content=\"Gesch\u00e4tzte Lesezeit\" \/>\n\t<meta name=\"twitter:data1\" content=\"1\u00a0Minute\" \/>\n<script type=\"application\/ld+json\" class=\"yoast-schema-graph\">{\"@context\":\"https:\\\/\\\/schema.org\",\"@graph\":[{\"@type\":\"WebPage\",\"@id\":\"https:\\\/\\\/lasventastour.com\\\/de\\\/liefertermin-und-ticketprovisionen\\\/\",\"url\":\"https:\\\/\\\/lasventastour.com\\\/de\\\/liefertermin-und-ticketprovisionen\\\/\",\"name\":\"Liefertermin und Ticketprovisionen - Las Ventas Tour\",\"isPartOf\":{\"@id\":\"https:\\\/\\\/lasventastour.com\\\/de\\\/#website\"},\"datePublished\":\"2026-03-05T21:55:39+00:00\",\"dateModified\":\"2026-03-11T11:21:26+00:00\",\"breadcrumb\":{\"@id\":\"https:\\\/\\\/lasventastour.com\\\/de\\\/liefertermin-und-ticketprovisionen\\\/#breadcrumb\"},\"inLanguage\":\"de\",\"potentialAction\":[{\"@type\":\"ReadAction\",\"target\":[\"https:\\\/\\\/lasventastour.com\\\/de\\\/liefertermin-und-ticketprovisionen\\\/\"]}]},{\"@type\":\"BreadcrumbList\",\"@id\":\"https:\\\/\\\/lasventastour.com\\\/de\\\/liefertermin-und-ticketprovisionen\\\/#breadcrumb\",\"itemListElement\":[{\"@type\":\"ListItem\",\"position\":1,\"name\":\"Portada\",\"item\":\"https:\\\/\\\/lasventastour.com\\\/de\\\/\"},{\"@type\":\"ListItem\",\"position\":2,\"name\":\"Liefertermin und Ticketprovisionen\"}]},{\"@type\":\"WebSite\",\"@id\":\"https:\\\/\\\/lasventastour.com\\\/de\\\/#website\",\"url\":\"https:\\\/\\\/lasventastour.com\\\/de\\\/\",\"name\":\"Las Ventas Tour\",\"description\":\"Tour Las Ventas | Plaza de Toros de Madrid | Web Oficial\",\"publisher\":{\"@id\":\"https:\\\/\\\/lasventastour.com\\\/de\\\/#organization\"},\"alternateName\":\"Las Ventas Tour\",\"potentialAction\":[{\"@type\":\"SearchAction\",\"target\":{\"@type\":\"EntryPoint\",\"urlTemplate\":\"https:\\\/\\\/lasventastour.com\\\/de\\\/?s={search_term_string}\"},\"query-input\":{\"@type\":\"PropertyValueSpecification\",\"valueRequired\":true,\"valueName\":\"search_term_string\"}}],\"inLanguage\":\"de\"},{\"@type\":\"Organization\",\"@id\":\"https:\\\/\\\/lasventastour.com\\\/de\\\/#organization\",\"name\":\"Las Ventas Tour\",\"alternateName\":\"Las Ventas Tour\",\"url\":\"https:\\\/\\\/lasventastour.com\\\/de\\\/\",\"logo\":{\"@type\":\"ImageObject\",\"inLanguage\":\"de\",\"@id\":\"https:\\\/\\\/lasventastour.com\\\/de\\\/#\\\/schema\\\/logo\\\/image\\\/\",\"url\":\"https:\\\/\\\/lasventastour.com\\\/wp-content\\\/uploads\\\/2024\\\/09\\\/cropped-Logo-Las-Ventas-1.webp\",\"contentUrl\":\"https:\\\/\\\/lasventastour.com\\\/wp-content\\\/uploads\\\/2024\\\/09\\\/cropped-Logo-Las-Ventas-1.webp\",\"width\":512,\"height\":512,\"caption\":\"Las Ventas Tour\"},\"image\":{\"@id\":\"https:\\\/\\\/lasventastour.com\\\/de\\\/#\\\/schema\\\/logo\\\/image\\\/\"},\"sameAs\":[\"https:\\\/\\\/www.instagram.com\\\/lasventastour\\\/\"]}]}<\/script>\n<!-- \/ Yoast SEO plugin. -->","yoast_head_json":{"title":"Liefertermin und Ticketprovisionen - Las Ventas Tour","robots":{"index":"index","follow":"nofollow","max-snippet":"max-snippet:-1","max-image-preview":"max-image-preview:large","max-video-preview":"max-video-preview:-1"},"canonical":"https:\/\/lasventastour.com\/de\/liefertermin-und-ticketprovisionen\/","og_locale":"de_DE","og_type":"article","og_title":"Liefertermin und Ticketprovisionen - Las Ventas Tour","og_url":"https:\/\/lasventastour.com\/de\/liefertermin-und-ticketprovisionen\/","og_site_name":"Las Ventas Tour","article_modified_time":"2026-03-11T11:21:26+00:00","og_image":[{"width":511,"height":280,"url":"https:\/\/lasventastour.com\/wp-content\/uploads\/2023\/12\/paseillo-en-las-ventas.webp","type":"image\/webp"}],"twitter_card":"summary_large_image","twitter_misc":{"Gesch\u00e4tzte Lesezeit":"1\u00a0Minute"},"schema":{"@context":"https:\/\/schema.org","@graph":[{"@type":"WebPage","@id":"https:\/\/lasventastour.com\/de\/liefertermin-und-ticketprovisionen\/","url":"https:\/\/lasventastour.com\/de\/liefertermin-und-ticketprovisionen\/","name":"Liefertermin und Ticketprovisionen - Las Ventas Tour","isPartOf":{"@id":"https:\/\/lasventastour.com\/de\/#website"},"datePublished":"2026-03-05T21:55:39+00:00","dateModified":"2026-03-11T11:21:26+00:00","breadcrumb":{"@id":"https:\/\/lasventastour.com\/de\/liefertermin-und-ticketprovisionen\/#breadcrumb"},"inLanguage":"de","potentialAction":[{"@type":"ReadAction","target":["https:\/\/lasventastour.com\/de\/liefertermin-und-ticketprovisionen\/"]}]},{"@type":"BreadcrumbList","@id":"https:\/\/lasventastour.com\/de\/liefertermin-und-ticketprovisionen\/#breadcrumb","itemListElement":[{"@type":"ListItem","position":1,"name":"Portada","item":"https:\/\/lasventastour.com\/de\/"},{"@type":"ListItem","position":2,"name":"Liefertermin und Ticketprovisionen"}]},{"@type":"WebSite","@id":"https:\/\/lasventastour.com\/de\/#website","url":"https:\/\/lasventastour.com\/de\/","name":"Las Ventas Tour","description":"Tour Las Ventas | Plaza de Toros de Madrid | Web Oficial","publisher":{"@id":"https:\/\/lasventastour.com\/de\/#organization"},"alternateName":"Las Ventas Tour","potentialAction":[{"@type":"SearchAction","target":{"@type":"EntryPoint","urlTemplate":"https:\/\/lasventastour.com\/de\/?s={search_term_string}"},"query-input":{"@type":"PropertyValueSpecification","valueRequired":true,"valueName":"search_term_string"}}],"inLanguage":"de"},{"@type":"Organization","@id":"https:\/\/lasventastour.com\/de\/#organization","name":"Las Ventas Tour","alternateName":"Las Ventas Tour","url":"https:\/\/lasventastour.com\/de\/","logo":{"@type":"ImageObject","inLanguage":"de","@id":"https:\/\/lasventastour.com\/de\/#\/schema\/logo\/image\/","url":"https:\/\/lasventastour.com\/wp-content\/uploads\/2024\/09\/cropped-Logo-Las-Ventas-1.webp","contentUrl":"https:\/\/lasventastour.com\/wp-content\/uploads\/2024\/09\/cropped-Logo-Las-Ventas-1.webp","width":512,"height":512,"caption":"Las Ventas Tour"},"image":{"@id":"https:\/\/lasventastour.com\/de\/#\/schema\/logo\/image\/"},"sameAs":["https:\/\/www.instagram.com\/lasventastour\/"]}]}},"_links":{"self":[{"href":"https:\/\/lasventastour.com\/de\/wp-json\/wp\/v2\/pages\/9462","targetHints":{"allow":["GET"]}}],"collection":[{"href":"https:\/\/lasventastour.com\/de\/wp-json\/wp\/v2\/pages"}],"about":[{"href":"https:\/\/lasventastour.com\/de\/wp-json\/wp\/v2\/types\/page"}],"author":[{"embeddable":true,"href":"https:\/\/lasventastour.com\/de\/wp-json\/wp\/v2\/users\/14"}],"replies":[{"embeddable":true,"href":"https:\/\/lasventastour.com\/de\/wp-json\/wp\/v2\/comments?post=9462"}],"version-history":[{"count":2,"href":"https:\/\/lasventastour.com\/de\/wp-json\/wp\/v2\/pages\/9462\/revisions"}],"predecessor-version":[{"id":9498,"href":"https:\/\/lasventastour.com\/de\/wp-json\/wp\/v2\/pages\/9462\/revisions\/9498"}],"wp:attachment":[{"href":"https:\/\/lasventastour.com\/de\/wp-json\/wp\/v2\/media?parent=9462"}],"curies":[{"name":"wp","href":"https:\/\/api.w.org\/{rel}","templated":true}]}}