{"id":3505,"date":"2023-09-21T14:37:42","date_gmt":"2023-09-21T14:37:42","guid":{"rendered":"https:\/\/lasventastour.com\/?page_id=3505"},"modified":"2024-10-08T07:28:21","modified_gmt":"2024-10-08T07:28:21","slug":"datenschutzrichtlinie","status":"publish","type":"page","link":"https:\/\/lasventastour.com\/de\/datenschutzrichtlinie\/","title":{"rendered":"Datenschutzrichtlinie"},"content":{"rendered":"<section class=\"l-section wpb_row height_medium\"><div class=\"l-section-h i-cf\"><div class=\"g-cols vc_row via_grid cols_1 laptops-cols_inherit tablets-cols_inherit mobiles-cols_1 valign_top type_default stacking_default\"><div class=\"wpb_column vc_column_container\"><div class=\"vc_column-inner\"><div class=\"wpb_text_column\"><div class=\"wpb_wrapper\"><header class=\"entry-header \">\n<h1 class=\"entry-title\">Datenschutzrichtlinie<\/h1>\n<\/header>\n<div class=\"entry-content clear\">\n<p><strong>Datenschutz-Bestimmungen<\/strong><br \/>\nInformationen zum Datenschutz<\/p>\n<p>1. Verantwortlich f\u00fcr die Behandlung Ihrer Daten<br \/>\nZust\u00e4ndig: Zentrum f\u00fcr Stierkampfangelegenheiten der Autonomen Gemeinschaft Madrid, Ministerium f\u00fcr Pr\u00e4sidentschaft, Justiz und Inneres.<br \/>\nEingetragener Sitz: Zentrum f\u00fcr Stierkampfangelegenheiten \u2013 Calle Alcal\u00e1, Nr. 237 (Plaza de Toros de Las Ventas), 28028 Madrid.<br \/>\nKontakt Datenschutzbeauftragter: protecciondatospresidencia@madrid.org.<br \/>\n2. In welche Verarbeitungst\u00e4tigkeit fallen meine personenbezogenen Daten und zu welchen Zwecken werden sie verarbeitet?<br \/>\nIhre personenbezogenen Daten werden in die Behandlungsaktivit\u00e4t TOURISTISCHE AKTIVIT\u00c4T AUF DER PLAZA DE TOROS DE LAS VENTAS aufgenommen.<br \/>\nIn \u00dcbereinstimmung mit den Bestimmungen der Verordnung (EU) 2016\/679 zum Schutz personenbezogener Daten (RGPD) werden Ihre Daten zu folgenden Zwecken verarbeitet:<br \/>\nVerwaltung der Touristenbesuche auf der Plaza de Toros de Las Ventas und Verbreitung ihrer touristischen Aktivit\u00e4ten unter den Besuchern.<br \/>\n3. Auf welcher Legitimit\u00e4t beruht die Rechtm\u00e4\u00dfigkeit der Behandlung?<br \/>\nRGPD 6.1 b) die Behandlung ist f\u00fcr die Ausf\u00fchrung eines Vertrags, an dem die interessierte Partei beteiligt ist, oder f\u00fcr die Anwendung vorvertraglicher Ma\u00dfnahmen auf deren Wunsch erforderlich.<br \/>\nRGPD 6.1 e) die Behandlung ist f\u00fcr die Erf\u00fcllung eines Auftrags im \u00f6ffentlichen Interesse oder in Aus\u00fcbung \u00f6ffentlicher Befugnisse erforderlich, die dem f\u00fcr die Verarbeitung Verantwortlichen \u00fcbertragen wurden.<br \/>\nArtikel 26.1.19 und 26.1.20 des Organgesetzes 3\/1983 vom 25. Februar \u00fcber das Autonomiestatut der Autonomen Gemeinschaft Madrid.<br \/>\n4. Wie k\u00f6nnen Sie Ihre Rechte aus\u00fcben? Welche Rechte haben Sie, wenn Sie uns Ihre Daten zur Verf\u00fcgung stellen?<br \/>\nSie k\u00f6nnen, wenn Sie dies w\u00fcnschen, das Recht auf Auskunft, Berichtigung und L\u00f6schung von Daten aus\u00fcben sowie die Einschr\u00e4nkung der Verarbeitung Ihrer personenbezogenen Daten verlangen, sich dagegen wehren, die \u00dcbertragbarkeit Ihrer Daten verlangen und nicht Gegenstand von sein eine individuelle Entscheidung, die ausschlie\u00dflich auf einer automatisierten Verarbeitung, einschlie\u00dflich Profiling, beruht.<br \/>\nGem\u00e4\u00df Gesetz 39\/2015, RGPD und Organgesetz 3\/2018 k\u00f6nnen Sie Ihre Rechte durch elektronische Registrierung oder pers\u00f6nliche Registrierung oder an den in Artikel 16.4 des Gesetzes 39\/2015 vorgesehenen Stellen und Formularen aus\u00fcben, vorzugsweise durch die Antragsformular \u201eAus\u00fcbung von Rechten in Bezug auf den Schutz personenbezogener Daten\u201c.<br \/>\n5. Behandlungen, die automatisierte Entscheidungen beinhalten, einschlie\u00dflich Profiling, mit rechtlichen oder relevanten Auswirkungen.<br \/>\nSie haben das Recht, nicht einer ausschlie\u00dflich auf einer automatisierten Verarbeitung \u2013 einschlie\u00dflich Profiling \u2013 beruhenden Entscheidung unterworfen zu werden, die Ihnen gegen\u00fcber rechtliche Wirkung entfaltet oder Sie in \u00e4hnlicher Weise erheblich beeintr\u00e4chtigt.<br \/>\n6. Wie lange bewahren wir Ihre personenbezogenen Daten auf?<br \/>\nDie bereitgestellten personenbezogenen Daten werden f\u00fcr den folgenden Zeitraum aufbewahrt:<br \/>\nUnbestimmter Zeitraum. Die Daten werden so lange aufbewahrt, wie es zur Erf\u00fcllung des Zwecks, f\u00fcr den sie erhoben wurden, und zur Bestimmung m\u00f6glicher Verantwortlichkeiten erforderlich ist, die sich aus diesem Zweck und der Verarbeitung der Daten ergeben k\u00f6nnen.<br \/>\n7. An welche Empf\u00e4nger werden Ihre Daten weitergegeben?<br \/>\nIhre Daten werden von dem Unternehmen verarbeitet, das den besonderen Verwaltungsvertrag f\u00fcr touristische Aktivit\u00e4ten in der Stierkampfarena von Las Ventas erhalten hat:<br \/>\nFirmenname: SIM\u00d3N CASAS PRODUCTION SAS, NAUTALIA VIAJES SL, TOROSHOPPING, S.L. U.T.E.<br \/>\nCIF: U87837753<br \/>\nEingetragener Sitz: Calle Alcal\u00e1, 237, PLZ: 28028, MADRID (MADRID)<br \/>\nKontakt: info@lasventastour.com.<br \/>\n8. Recht auf jederzeitigen Widerruf der erteilten Einwilligung zur Behandlung.<br \/>\nWenn die Behandlung auf einer ausdr\u00fccklichen Einwilligung beruht, haben Sie das Recht, die Einwilligung jederzeit zu widerrufen, ohne die Rechtm\u00e4\u00dfigkeit der Behandlung aufgrund der Einwilligung vor ihrem Widerruf zu beeintr\u00e4chtigen.<br \/>\n9. Recht, eine Beschwerde bei der Kontrollbeh\u00f6rde einzureichen.<br \/>\nSie haben das Recht, eine Beschwerde bei der spanischen Datenschutzbeh\u00f6rde https:\/\/www.aepd.es einzureichen, wenn Sie mit der Behandlung Ihrer personenbezogenen Daten nicht zufrieden sind.<br \/>\n10. Kategorie des Datenobjekts der Behandlung.<br \/>\nIdentifikationsdaten.<br \/>\n11. Quelle, aus der die Daten stammen.<br \/>\nVom Interessenten \u00fcber das Formular.<br \/>\n12. Zus\u00e4tzliche Informationen.<br \/>\nWeitere und detaillierte Informationen zu den Informationen und geltenden Vorschriften zum Datenschutz finden Sie auf der Website der spanischen Datenschutzbeh\u00f6rde https:\/\/www.aepd.es sowie Informationen zum Register der Verarbeitungst\u00e4tigkeiten der verantwortlichen Partei oben unter folgendem Link angegeben: www.comunidad.madrid\/protecciondedatos.<\/p>\n<p>Sie k\u00f6nnen hier das Zertifikat des Konzessionsunternehmens SIMON CASAS PRODUCTION SAS, NAUTALIA VIAJES SL, TOROSHOPPING SL UTE einsehen<\/p>\n<\/div>\n<\/div><\/div><div class=\"w-separator size_medium with_line width_default thick_1 style_solid color_border align_center\"><div class=\"w-separator-h\"><\/div><\/div><div class=\"wpb_text_column\"><div class=\"wpb_wrapper\"><h2>Schutz personenbezogener Daten gem\u00e4\u00df RGPD<\/h2>\n<p>Toroshopping, S.L., in Anwendung der geltenden Vorschriften zum Schutz personenbezogener Daten,<br \/>\ninformiert dar\u00fcber, dass die \u00fcber die Formulare auf der Website https:\/\/lasventastour.com erhobenen personenbezogenen Daten sind<br \/>\nin den automatisierten Dateien enthalten, die speziell f\u00fcr Benutzer der Dienste von Toroshopping, S.L. gelten.<br \/>\nZweck der automatisierten Erhebung und Verarbeitung personenbezogener Daten ist die Aufrechterhaltung der<br \/>\nGesch\u00e4ftsbeziehung und die Durchf\u00fchrung von Informations-, Schulungs-, Beratungs- und anderen damit verbundenen Aktivit\u00e4ten<br \/>\nToroshopping, S.L.<br \/>\nDiese Daten werden nur an diejenigen Stellen weitergegeben, die f\u00fcr den alleinigen Zweck der Bereitstellung erforderlich sind<br \/>\nErf\u00fcllung des zuvor genannten Zwecks.<br \/>\nToroshopping, S.L. ergreift die notwendigen Ma\u00dfnahmen, um die Sicherheit, Integrit\u00e4t und Vertraulichkeit der Daten zu gew\u00e4hrleisten<br \/>\nDaten gem\u00e4\u00df den Bestimmungen der Verordnung (EU) 2016\/679 des Europ\u00e4ischen Parlaments und des Rates vom 27. April<br \/>\nvon 2016 zum Schutz nat\u00fcrlicher Personen bei der Verarbeitung personenbezogener Daten und der<br \/>\nfreier Verkehr derselben.<br \/>\nDer Nutzer kann jederzeit seine Rechte auf Zugang, Widerspruch, Berichtigung, L\u00f6schung und Einschr\u00e4nkung aus\u00fcben<br \/>\nund Portabilit\u00e4t anerkannt in der oben genannten Verordnung (EU). Die Aus\u00fcbung dieser Rechte kann durch die betroffene Person selbst erfolgen.<br \/>\nBenutzer per E-Mail an: info@toroshopping.com oder an die Adresse: Centro Melior Vasari. Urbanisierung La Alzambra,<br \/>\n3, Lokal 1, C.P. 29660 \u2013 Marbella (M\u00e1laga).<br \/>\nDer Nutzer erkl\u00e4rt, dass alle von ihm angegebenen Daten wahr und korrekt sind und verpflichtet sich, diese aufrechtzuerhalten.<br \/>\naktualisiert und teilt Toroshopping, S.L. die \u00c4nderungen mit.<\/p>\n<h2>Zweck der Verarbeitung personenbezogener Daten:<\/h2>\n<h3>Zu welchem \u200b\u200bZweck verarbeiten wir Ihre personenbezogenen Daten?<\/h3>\n<p>Bei Toroshopping, S.L. verarbeiten wir Ihre \u00fcber die Website https:\/\/lasventastour.com erfassten personenbezogenen Daten.<br \/>\nmit folgenden Zwecken:<br \/>\n1. Befolgen Sie die kommerziellen, arbeitsrechtlichen, gesellschaftsrechtlichen und buchhalterischen Verpflichtungen des Unternehmens.<br \/>\n2. Ihre Dienstleistungen im Einklang mit den besonderen Bed\u00fcrfnissen der Kunden erbringen, um diese einzuhalten<br \/>\ndie von ihm unterzeichneten Vertr\u00e4ge.<br \/>\n3. Versenden von kommerziellen Informationen und Newslettern \u00fcber neue Dienste, die im Internet und in der Branche angeboten werden.<br \/>\n4. Der Prozess der Archivierung, Aktualisierung von Systemen, Schutz und Aufbewahrung von Informationen und<br \/>\nUnternehmensdatenbanken.<br \/>\n5. Erbringung der vom Nutzer vertraglich vereinbarten Leistungen.<br \/>\n6. Versenden Sie Werbeinformationen elektronisch<\/p>\n<p>7. Geben Sie die vom Benutzer angeforderten Informationen \u00fcber das Kontaktformular an.<\/p>\n<p>Wir erinnern Sie daran, dass Sie der Zusendung kommerzieller Mitteilungen jederzeit und mit allen Mitteln widersprechen k\u00f6nnen.<br \/>\nSenden Sie uns einfach eine E-Mail an die oben angegebene Adresse.<br \/>\nDie Felder dieser Aufzeichnungen m\u00fcssen zwingend ausgef\u00fcllt werden, sodass die Ziele nicht erreicht werden k\u00f6nnen<br \/>\nzum Ausdruck gebracht, wenn diese Daten nicht bereitgestellt werden.<\/p>\n<h2>Wie lange werden die erhobenen personenbezogenen Daten aufbewahrt?<\/h2>\n<p>Die bereitgestellten personenbezogenen Daten werden so lange aufbewahrt, wie die Gesch\u00e4ftsbeziehung aufrechterhalten wird oder Sie dies nicht anfordern<br \/>\nL\u00f6schung und w\u00e4hrend des Zeitraums, f\u00fcr den rechtliche Verantwortlichkeiten f\u00fcr die erbrachten Leistungen entstehen k\u00f6nnen.<\/p>\n<p>Legitimation:<br \/>\nDie Verarbeitung Ihrer Daten erfolgt auf Grundlage folgender Rechtsgrundlagen:<br \/>\n1. Die Anfrage nach Informationen und\/oder die Beauftragung der Dienstleistungen von Toroshopping, S.L., deren Gesch\u00e4ftsbedingungen gelten<br \/>\nDie Konditionen werden Ihnen in jedem Fall vor einem etwaigen Vertragsabschluss zur Verf\u00fcgung gestellt.<br \/>\n2. Freie, spezifische, informierte und eindeutige Einwilligung, die wir Ihnen mitteilen, indem wir sie Ihnen zur Verf\u00fcgung stellen<br \/>\nBereitstellung dieser Datenschutzrichtlinie, die nach dem Lesen, wenn<br \/>\nWenn Sie zustimmen, k\u00f6nnen Sie dies akzeptieren, indem Sie eine Erkl\u00e4rung abgeben oder eine eindeutige best\u00e4tigende Handlung vornehmen, z. B. eine Markierung<br \/>\neiner daf\u00fcr vorgesehenen Box.<\/p>\n<p>Wenn Sie uns Ihre Daten nicht, falsch oder unvollst\u00e4ndig mitteilen, k\u00f6nnen wir Ihre Anfrage nicht beantworten.<br \/>\nDies macht es v\u00f6llig unm\u00f6glich, Ihnen die angeforderten Informationen zur Verf\u00fcgung zu stellen oder den Vertrag \u00fcber die Dienstleistungen abzuschlie\u00dfen.<\/p>\n<h2>Empf\u00e4nger:<\/h2>\n<p>Die Daten werden nicht an Dritte au\u00dfer Toroshopping, S.L. weitergegeben, es sei denn, es besteht eine gesetzliche Verpflichtung.<\/p>\n<p>Von Nutzern der Dienste erfasste Daten<br \/>\nIn F\u00e4llen, in denen der Benutzer Dateien mit personenbezogenen Daten auf den Hosting-Servern speichert<br \/>\ngeteilt, Toroshopping, S.L. ist nicht verantwortlich f\u00fcr die Nichteinhaltung der DSGVO durch den Benutzer.<\/p>\n<h2>Geistige Eigentumsrechte https:\/\/lasventastour.com<\/h2>\n<p>Toroshopping, S.L. ist Inhaber aller Urheberrechte, geistigen und gewerblichen Eigentumsrechte, Know-hows usw<br \/>\nWeitere Rechte beziehen sich auf den Inhalt der Website https:\/\/lasventastour.com und die darauf angebotenen Dienste<br \/>\nes sowie die f\u00fcr seine Umsetzung erforderlichen Programme und zugeh\u00f6rigen Informationen.<br \/>\nDie vollst\u00e4ndige oder teilweise Vervielf\u00e4ltigung, Ver\u00f6ffentlichung und\/oder nicht ausschlie\u00dflich private Nutzung der Inhalte der<br \/>\nWebsite https:\/\/lasventastour.com ohne vorherige schriftliche Zustimmung.<\/p>\n<h2>Geistiges Software-Eigentum<\/h2>\n<p>Der Benutzer muss die von Toroshopping, S.L. zur Verf\u00fcgung gestellten Programme Dritter respektieren, auch wenn dies der Fall ist<br \/>\nkostenlos und\/oder \u00f6ffentlich verf\u00fcgbar.<br \/>\nToroshopping, S.L. verf\u00fcgt \u00fcber die erforderlichen Verwertungs- und geistigen Eigentumsrechte an der Software.<br \/>\nDer Nutzer erwirbt f\u00fcr die vertragsgegenst\u00e4ndliche Leistung keinerlei Rechte oder Lizenzen an der daf\u00fcr notwendigen Software<br \/>\nBereitstellung des Dienstes, noch \u00fcber die technischen Informationen zur \u00dcberwachung des Dienstes, mit Ausnahme der<br \/>\nRechte und Lizenzen, die f\u00fcr die Erf\u00fcllung der vertraglich vereinbarten Leistungen erforderlich sind, und nur w\u00e4hrend der Dauer<br \/>\ndie gleichen.<br \/>\nF\u00fcr alle Handlungen, die \u00fcber die Vertragserf\u00fcllung hinausgehen, bedarf der Nutzer einer schriftlichen Genehmigung von<br \/>\nvon Toroshopping, S.L., wobei es dem Benutzer untersagt ist, auf die Konfiguration, Struktur usw. zuzugreifen, sie zu \u00e4ndern oder anzuzeigen<br \/>\nDateien von Servern von Toroshopping, S.L., unter \u00dcbernahme der zivil- und strafrechtlichen Haftung<br \/>\nJeder Vorfall, der in den Servern und Sicherheitssystemen als direkte Folge davon auftreten k\u00f6nnte<br \/>\nfahrl\u00e4ssiges oder vors\u00e4tzliches Handeln Ihrerseits.<\/p>\n<h2>Geistiges Eigentum der gehosteten Inhalte<\/h2>\n<p>Eine Nutzung der von Toroshopping bereitgestellten Dienste entgegen den Gesetzen zum Schutz des geistigen Eigentums ist untersagt.<br \/>\nS.L. und insbesondere:<br \/>\n\u2022 Eine Nutzung, die den spanischen Gesetzen widerspricht oder die Rechte Dritter verletzt.<br \/>\n\u2022 Die Ver\u00f6ffentlichung oder \u00dcbertragung von Inhalten, die nach Ansicht von Toroshopping, S.L<br \/>\ngewaltt\u00e4tig, obsz\u00f6n, beleidigend, illegal, rassistisch, fremdenfeindlich oder verleumderisch.<br \/>\n\u2022 Cracks, Programmseriennummern oder andere Inhalte, die die Rechte des Benutzers verletzen<br \/>\ngeistiges Eigentum Dritter.<br \/>\n\u2022 Die Erhebung und\/oder Nutzung personenbezogener Daten anderer Nutzer ohne deren ausdr\u00fcckliche Einwilligung bzw<br \/>\nVersto\u00df gegen die Bestimmungen der Verordnung (EU) 2016\/679 des Europ\u00e4ischen Parlaments und des Rates vom<\/p>\n<p>27. April 2016, zum Schutz nat\u00fcrlicher Personen bei der Verarbeitung von<br \/>\npersonenbezogene Daten und deren freie Verbreitung.<br \/>\n\u2022 Die Nutzung des Mailservers und der E-Mail-Adressen der Domain f\u00fcr den Versand<br \/>\nvon Massen-Spam-Mails.<\/p>\n<p>Der Nutzer tr\u00e4gt die volle Verantwortung f\u00fcr den Inhalt seiner Website, die \u00fcbermittelten und gespeicherten Informationen, die<br \/>\nHypertext-Links, Anspr\u00fcche Dritter und rechtliche Schritte in Bezug auf geistiges Eigentum,<br \/>\nRechte Dritter und Jugendschutz.<\/p>\n<p>Der Benutzer ist f\u00fcr die geltenden Gesetze und Vorschriften sowie die damit verbundenen Regeln verantwortlich<br \/>\nBetrieb des Online-Dienstes, elektronischer Gesch\u00e4ftsverkehr, Urheberrecht, Aufrechterhaltung der \u00f6ffentlichen Ordnung, sowie<br \/>\nUniverselle Prinzipien der Internetnutzung.<\/p>\n<p>Der Benutzer entsch\u00e4digt Toroshopping, S.L. f\u00fcr die Kosten, die durch die Anrechnung von Toroshopping, S.L. entstehen. In<br \/>\naus jedem Grund, f\u00fcr den der Benutzer verantwortlich ist, einschlie\u00dflich der Geb\u00fchren und Kosten f\u00fcr die Rechtsverteidigung, einschlie\u00dflich<br \/>\nim Falle einer nicht rechtskr\u00e4ftigen gerichtlichen Entscheidung.<\/p>\n<h2>Schutz gehosteter Informationen<\/h2>\n<p>Toroshopping, S.L. erstellt Sicherungskopien der auf seinen Servern gehosteten Inhalte, tut dies jedoch nicht<br \/>\nverantwortlich f\u00fcr den Verlust oder die versehentliche L\u00f6schung von Daten durch Benutzer. Ebenso nicht<br \/>\ngarantiert den vollst\u00e4ndigen Ersatz der vom Nutzer gel\u00f6schten Daten, da die oben genannten Daten h\u00e4tten gel\u00f6scht werden k\u00f6nnen<br \/>\nim Zeitraum seit der letzten Sicherung gel\u00f6scht und\/oder ge\u00e4ndert wurden.<br \/>\nDie angebotenen Leistungen beinhalten, mit Ausnahme spezieller Backup-Leistungen, nicht den Austausch von Inhalten<br \/>\nin den von Toroshopping, S.L. erstellten Sicherungskopien aufbewahrt werden, wenn dieser Verlust auf das zur\u00fcckzuf\u00fchren ist<br \/>\nBenutzer; In diesem Fall wird immer im Voraus ein Tarif entsprechend der Komplexit\u00e4t und dem Umfang der Wiederherstellung festgelegt<br \/>\nBenutzerakzeptanz.<br \/>\nDer Ersatz gel\u00f6schter Daten ist nur dann im Preis der Dienstleistung enthalten, wenn der Verlust von Inhalten darauf zur\u00fcckzuf\u00fchren ist<br \/>\naus Gr\u00fcnden, die Toroshopping, S.L. zuzuschreiben sind.<\/p>\n<h2>Kommerzielle Kommunikation<\/h2>\n<p>In Anwendung des LSSI. Toroshopping, S.L. wird keine Werbung oder Werbemitteilungen per Post versenden<br \/>\nelektronische oder andere gleichwertige Mittel der elektronischen Kommunikation, die zuvor nicht angefordert wurden oder<br \/>\nausdr\u00fccklich von den Empf\u00e4ngern genehmigt.<br \/>\nBei Nutzern, mit denen bereits ein Vertragsverh\u00e4ltnis besteht, \u00fcbernimmt Toroshopping, S.L. Ja, Sie sind zum Versand berechtigt<\/p>\n<p>von kommerziellen Mitteilungen, die sich auf Produkte oder Dienstleistungen von Toroshopping, S.L. beziehen. die denen \u00e4hnlich sind<br \/>\nSie wurden zun\u00e4chst mit dem Kunden beauftragt.<br \/>\nIn jedem Fall kann der Nutzer nach Nachweis seiner Identit\u00e4t verlangen, dass ihm keine kommerziellen Informationen mehr zugesandt werden.<br \/>\n\u00fcber Kundendienstkan\u00e4le.<\/p>\n<\/div><\/div><\/div><\/div><\/div><\/div><\/section>\n","protected":false},"excerpt":{"rendered":"Datenschutzrichtlinie Datenschutz-Bestimmungen Informationen zum Datenschutz 1. Verantwortlich f\u00fcr die Behandlung Ihrer Daten Zust\u00e4ndig: Zentrum f\u00fcr Stierkampfangelegenheiten der Autonomen Gemeinschaft Madrid, Ministerium f\u00fcr Pr\u00e4sidentschaft, Justiz und Inneres. Eingetragener Sitz: Zentrum f\u00fcr Stierkampfangelegenheiten \u2013 Calle Alcal\u00e1, Nr. 237 (Plaza de Toros de Las Ventas), 28028 Madrid. Kontakt Datenschutzbeauftragter: protecciondatospresidencia@madrid.org. 2. In welche Verarbeitungst\u00e4tigkeit fallen meine personenbezogenen Daten...","protected":false},"author":1,"featured_media":0,"parent":0,"menu_order":0,"comment_status":"closed","ping_status":"open","template":"","meta":{"footnotes":""},"class_list":["post-3505","page","type-page","status-publish","hentry"],"yoast_head":"<!-- This site is optimized with the Yoast SEO plugin v27.6 - https:\/\/yoast.com\/product\/yoast-seo-wordpress\/ -->\n<title>Datenschutzrichtlinie - Las Ventas Tour<\/title>\n<meta name=\"robots\" content=\"index, follow, max-snippet:-1, max-image-preview:large, max-video-preview:-1\" \/>\n<link rel=\"canonical\" href=\"https:\/\/lasventastour.com\/de\/datenschutzrichtlinie\/\" \/>\n<meta property=\"og:locale\" content=\"de_DE\" \/>\n<meta property=\"og:type\" content=\"article\" \/>\n<meta property=\"og:title\" content=\"Datenschutzrichtlinie - Las Ventas Tour\" \/>\n<meta property=\"og:url\" content=\"https:\/\/lasventastour.com\/de\/datenschutzrichtlinie\/\" \/>\n<meta property=\"og:site_name\" content=\"Las Ventas Tour\" \/>\n<meta property=\"article:modified_time\" content=\"2024-10-08T07:28:21+00:00\" \/>\n<meta property=\"og:image\" content=\"https:\/\/lasventastour.com\/wp-content\/uploads\/2023\/12\/paseillo-en-las-ventas.webp\" \/>\n\t<meta property=\"og:image:width\" content=\"511\" \/>\n\t<meta property=\"og:image:height\" content=\"280\" \/>\n\t<meta property=\"og:image:type\" content=\"image\/webp\" \/>\n<meta name=\"twitter:card\" content=\"summary_large_image\" \/>\n<meta name=\"twitter:label1\" content=\"Gesch\u00e4tzte Lesezeit\" \/>\n\t<meta name=\"twitter:data1\" content=\"9 Minuten\" \/>\n<script type=\"application\/ld+json\" class=\"yoast-schema-graph\">{\"@context\":\"https:\\\/\\\/schema.org\",\"@graph\":[{\"@type\":\"WebPage\",\"@id\":\"https:\\\/\\\/lasventastour.com\\\/de\\\/datenschutzrichtlinie\\\/\",\"url\":\"https:\\\/\\\/lasventastour.com\\\/de\\\/datenschutzrichtlinie\\\/\",\"name\":\"Datenschutzrichtlinie - Las Ventas Tour\",\"isPartOf\":{\"@id\":\"https:\\\/\\\/lasventastour.com\\\/de\\\/#website\"},\"datePublished\":\"2023-09-21T14:37:42+00:00\",\"dateModified\":\"2024-10-08T07:28:21+00:00\",\"breadcrumb\":{\"@id\":\"https:\\\/\\\/lasventastour.com\\\/de\\\/datenschutzrichtlinie\\\/#breadcrumb\"},\"inLanguage\":\"de\",\"potentialAction\":[{\"@type\":\"ReadAction\",\"target\":[\"https:\\\/\\\/lasventastour.com\\\/de\\\/datenschutzrichtlinie\\\/\"]}]},{\"@type\":\"BreadcrumbList\",\"@id\":\"https:\\\/\\\/lasventastour.com\\\/de\\\/datenschutzrichtlinie\\\/#breadcrumb\",\"itemListElement\":[{\"@type\":\"ListItem\",\"position\":1,\"name\":\"Portada\",\"item\":\"https:\\\/\\\/lasventastour.com\\\/de\\\/\"},{\"@type\":\"ListItem\",\"position\":2,\"name\":\"Datenschutzrichtlinie\"}]},{\"@type\":\"WebSite\",\"@id\":\"https:\\\/\\\/lasventastour.com\\\/de\\\/#website\",\"url\":\"https:\\\/\\\/lasventastour.com\\\/de\\\/\",\"name\":\"Las Ventas Tour\",\"description\":\"Tour Las Ventas | Plaza de Toros de Madrid | Web Oficial\",\"publisher\":{\"@id\":\"https:\\\/\\\/lasventastour.com\\\/de\\\/#organization\"},\"alternateName\":\"Las Ventas Tour\",\"potentialAction\":[{\"@type\":\"SearchAction\",\"target\":{\"@type\":\"EntryPoint\",\"urlTemplate\":\"https:\\\/\\\/lasventastour.com\\\/de\\\/?s={search_term_string}\"},\"query-input\":{\"@type\":\"PropertyValueSpecification\",\"valueRequired\":true,\"valueName\":\"search_term_string\"}}],\"inLanguage\":\"de\"},{\"@type\":\"Organization\",\"@id\":\"https:\\\/\\\/lasventastour.com\\\/de\\\/#organization\",\"name\":\"Las Ventas Tour\",\"alternateName\":\"Las Ventas Tour\",\"url\":\"https:\\\/\\\/lasventastour.com\\\/de\\\/\",\"logo\":{\"@type\":\"ImageObject\",\"inLanguage\":\"de\",\"@id\":\"https:\\\/\\\/lasventastour.com\\\/de\\\/#\\\/schema\\\/logo\\\/image\\\/\",\"url\":\"https:\\\/\\\/lasventastour.com\\\/wp-content\\\/uploads\\\/2024\\\/09\\\/cropped-Logo-Las-Ventas-1.webp\",\"contentUrl\":\"https:\\\/\\\/lasventastour.com\\\/wp-content\\\/uploads\\\/2024\\\/09\\\/cropped-Logo-Las-Ventas-1.webp\",\"width\":512,\"height\":512,\"caption\":\"Las Ventas Tour\"},\"image\":{\"@id\":\"https:\\\/\\\/lasventastour.com\\\/de\\\/#\\\/schema\\\/logo\\\/image\\\/\"},\"sameAs\":[\"https:\\\/\\\/www.instagram.com\\\/lasventastour\\\/\"]}]}<\/script>\n<!-- \/ Yoast SEO plugin. -->","yoast_head_json":{"title":"Datenschutzrichtlinie - Las Ventas Tour","robots":{"index":"index","follow":"follow","max-snippet":"max-snippet:-1","max-image-preview":"max-image-preview:large","max-video-preview":"max-video-preview:-1"},"canonical":"https:\/\/lasventastour.com\/de\/datenschutzrichtlinie\/","og_locale":"de_DE","og_type":"article","og_title":"Datenschutzrichtlinie - Las Ventas Tour","og_url":"https:\/\/lasventastour.com\/de\/datenschutzrichtlinie\/","og_site_name":"Las Ventas Tour","article_modified_time":"2024-10-08T07:28:21+00:00","og_image":[{"width":511,"height":280,"url":"https:\/\/lasventastour.com\/wp-content\/uploads\/2023\/12\/paseillo-en-las-ventas.webp","type":"image\/webp"}],"twitter_card":"summary_large_image","twitter_misc":{"Gesch\u00e4tzte Lesezeit":"9 Minuten"},"schema":{"@context":"https:\/\/schema.org","@graph":[{"@type":"WebPage","@id":"https:\/\/lasventastour.com\/de\/datenschutzrichtlinie\/","url":"https:\/\/lasventastour.com\/de\/datenschutzrichtlinie\/","name":"Datenschutzrichtlinie - Las Ventas Tour","isPartOf":{"@id":"https:\/\/lasventastour.com\/de\/#website"},"datePublished":"2023-09-21T14:37:42+00:00","dateModified":"2024-10-08T07:28:21+00:00","breadcrumb":{"@id":"https:\/\/lasventastour.com\/de\/datenschutzrichtlinie\/#breadcrumb"},"inLanguage":"de","potentialAction":[{"@type":"ReadAction","target":["https:\/\/lasventastour.com\/de\/datenschutzrichtlinie\/"]}]},{"@type":"BreadcrumbList","@id":"https:\/\/lasventastour.com\/de\/datenschutzrichtlinie\/#breadcrumb","itemListElement":[{"@type":"ListItem","position":1,"name":"Portada","item":"https:\/\/lasventastour.com\/de\/"},{"@type":"ListItem","position":2,"name":"Datenschutzrichtlinie"}]},{"@type":"WebSite","@id":"https:\/\/lasventastour.com\/de\/#website","url":"https:\/\/lasventastour.com\/de\/","name":"Las Ventas Tour","description":"Tour Las Ventas | Plaza de Toros de Madrid | Web Oficial","publisher":{"@id":"https:\/\/lasventastour.com\/de\/#organization"},"alternateName":"Las Ventas Tour","potentialAction":[{"@type":"SearchAction","target":{"@type":"EntryPoint","urlTemplate":"https:\/\/lasventastour.com\/de\/?s={search_term_string}"},"query-input":{"@type":"PropertyValueSpecification","valueRequired":true,"valueName":"search_term_string"}}],"inLanguage":"de"},{"@type":"Organization","@id":"https:\/\/lasventastour.com\/de\/#organization","name":"Las Ventas Tour","alternateName":"Las Ventas Tour","url":"https:\/\/lasventastour.com\/de\/","logo":{"@type":"ImageObject","inLanguage":"de","@id":"https:\/\/lasventastour.com\/de\/#\/schema\/logo\/image\/","url":"https:\/\/lasventastour.com\/wp-content\/uploads\/2024\/09\/cropped-Logo-Las-Ventas-1.webp","contentUrl":"https:\/\/lasventastour.com\/wp-content\/uploads\/2024\/09\/cropped-Logo-Las-Ventas-1.webp","width":512,"height":512,"caption":"Las Ventas Tour"},"image":{"@id":"https:\/\/lasventastour.com\/de\/#\/schema\/logo\/image\/"},"sameAs":["https:\/\/www.instagram.com\/lasventastour\/"]}]}},"_links":{"self":[{"href":"https:\/\/lasventastour.com\/de\/wp-json\/wp\/v2\/pages\/3505","targetHints":{"allow":["GET"]}}],"collection":[{"href":"https:\/\/lasventastour.com\/de\/wp-json\/wp\/v2\/pages"}],"about":[{"href":"https:\/\/lasventastour.com\/de\/wp-json\/wp\/v2\/types\/page"}],"author":[{"embeddable":true,"href":"https:\/\/lasventastour.com\/de\/wp-json\/wp\/v2\/users\/1"}],"replies":[{"embeddable":true,"href":"https:\/\/lasventastour.com\/de\/wp-json\/wp\/v2\/comments?post=3505"}],"version-history":[{"count":4,"href":"https:\/\/lasventastour.com\/de\/wp-json\/wp\/v2\/pages\/3505\/revisions"}],"predecessor-version":[{"id":4094,"href":"https:\/\/lasventastour.com\/de\/wp-json\/wp\/v2\/pages\/3505\/revisions\/4094"}],"wp:attachment":[{"href":"https:\/\/lasventastour.com\/de\/wp-json\/wp\/v2\/media?parent=3505"}],"curies":[{"name":"wp","href":"https:\/\/api.w.org\/{rel}","templated":true}]}}