{"id":3379,"date":"2023-12-14T14:25:42","date_gmt":"2023-12-14T14:25:42","guid":{"rendered":"https:\/\/lasventastour.com\/?page_id=3379"},"modified":"2024-09-11T12:29:10","modified_gmt":"2024-09-11T12:29:10","slug":"cookies-richtlinie","status":"publish","type":"page","link":"https:\/\/lasventastour.com\/de\/cookies-richtlinie\/","title":{"rendered":"COOKIES-RICHTLINIE"},"content":{"rendered":"<section class=\"l-section wpb_row height_medium\"><div class=\"l-section-h i-cf\"><div class=\"g-cols vc_row via_grid cols_1 laptops-cols_inherit tablets-cols_inherit mobiles-cols_1 valign_top type_default stacking_default\"><div class=\"wpb_column vc_column_container\"><div class=\"vc_column-inner\"><div class=\"wpb_text_column\"><div class=\"wpb_wrapper\"><header class=\"entry-header \">\n<h1 class=\"entry-title\">COOKIES-RICHTLINIE<\/h1>\n<\/header>\n<div class=\"entry-content clear\">\n<p>COOKIES-RICHTLINIE<br \/>\nDieses Portal verwendet, wie die meisten Internetportale, Cookies, um die Benutzerfreundlichkeit zu verbessern. Nachfolgend finden Sie Informationen dar\u00fcber, was \u201eCookies\u201c sind, welche Art von Cookies diese Website verwendet, wie Sie Cookies in Ihrem Browser deaktivieren k\u00f6nnen und wie Sie die Installation von Cookies von Drittanbietern gezielt deaktivieren k\u00f6nnen. Wenn Sie die gew\u00fcnschten Informationen nicht finden, wenden Sie sich bitte an info@lasventastour.com<br \/>\nMit der Ver\u00f6ffentlichung des Gesetzesdekrets 13\/2012 in der BOE vom 30. M\u00e4rz gab es eine Reihe von \u00c4nderungen im Gesetz \u00fcber Dienste der Informationsgesellschaft und des elektronischen Handels (LSSICE), die sich unter anderem auf die EU auswirken Verwendung von Cookies und kommerziellen Sendungen per E-Mail. Mit diesem K\u00f6niglichen Dekret, mit dem mehrere europ\u00e4ische Richtlinien umgesetzt werden, passen sich Spanien sowie alle Mitgliedstaaten der Europ\u00e4ischen Union der europ\u00e4ischen Richtlinie 2009\/136 \/ CE \u201ezur \u00c4nderung der europ\u00e4ischen Richtlinie \u00fcber die Verarbeitung und Speicherung von Daten an und Schutz der Privatsph\u00e4re bei der elektronischen Kommunikation \u201eArtikel 22.2 des Gesetzes 34\/2002. Diensteanbieter d\u00fcrfen in Endger\u00e4ten der Empf\u00e4nger Datenspeicher- und -abrufger\u00e4te einsetzen, sofern sie ihre Einwilligung erteilt haben, nachdem sie klare und vollst\u00e4ndige Informationen \u00fcber ihre Nutzung erhalten haben, insbesondere \u00fcber die Zwecke der Datenverarbeitung gem\u00e4\u00df den Bestimmungen des Gesetzes 15\/1999 vom 13. Dezember \u00fcber den Schutz personenbezogener Daten.<br \/>\nWAS SIND COOKIES?<br \/>\nCookies sind kleine Dateien, die auf einigen Plattformen, z. B. auf Webseiten, auf Ihrem Computer, Smartphone, Tablet oder Fernseher, der mit dem Internet verbunden ist, installiert werden k\u00f6nnen. Seine Funktionen k\u00f6nnen sehr unterschiedlich sein: Speichern Sie Ihre Browsing-Pr\u00e4ferenzen, sammeln Sie statistische Informationen, lassen Sie bestimmte technische Funktionen zu \u2026 Manchmal werden Cookies verwendet, um grundlegende Informationen \u00fcber die Browsing-Gewohnheiten des Benutzers oder seines Teams bis zu dem Punkt zu speichern in Abh\u00e4ngigkeit von den F\u00e4llen in der Lage zu sein, es zu erkennen.<br \/>\nWARUM SIND SIE WICHTIG?<br \/>\nCookies sind aus mehreren Gr\u00fcnden n\u00fctzlich. Aus technischer Sicht erm\u00f6glichen sie es Webseiten, agiler und an ihre Vorlieben angepasster zu arbeiten, z. B. Sprache, Stadt oder Land zu speichern. Dar\u00fcber hinaus helfen sie den Verantwortlichen der Websites, die von ihnen angebotenen Dienste dank der statistischen Informationen, die sie \u00fcber sie sammeln, zu verbessern.<\/p>\n<p>WIE VERWENDEN WIR COOKIES?<br \/>\nDurch das Navigieren auf den Websites von Las Ventas Tour k\u00f6nnen die folgenden Arten von Cookies installiert werden:<br \/>\n\u2022 Cookies zur Leistungsverbesserung:<br \/>\nDiese Art von Cookies beh\u00e4lt Ihre Pr\u00e4ferenzen f\u00fcr bestimmte Werkzeuge oder Dienstleistungen m\u00fcssen sie jedes Mal, wenn Sie unsere Seite besuchen, nicht zur\u00fcckgesetzt, und in einigen F\u00e4llen kann von Dritten zur Verf\u00fcgung gestellt werden. Auf E-Commerce-Websites k\u00f6nnen Sie Informationen zu Ihrem Einkaufskorb aufbewahren.<br \/>\nWir verwenden sogenannte \u201eSitzungsstatus-Cookies\u201c, um unsere Dienste zu verbessern und das Surferlebnis der Benutzer zu verbessern. Wenn diese Cookies blockiert oder gel\u00f6scht werden, funktioniert die Website weiterhin.<br \/>\n\u2022 Unbedingt notwendige Cookies:<br \/>\nDiese Cookies sind f\u00fcr die ordnungsgem\u00e4\u00dfe Nutzung der Website erforderlich und erm\u00f6glichen den Zugriff auf Bereiche mit Sicherheitsfiltern. Ohne diese Cookies w\u00e4ren viele der verf\u00fcgbaren Dienste nicht funktionsf\u00e4hig.<br \/>\n\u2022 Registrierungs-Cookies:<br \/>\nWenn Sie sich auf unserer Website registrieren, werden Cookies generiert, die Sie als registrierten Benutzer identifizieren und angeben, wann Sie sich im Portal identifiziert haben.<br \/>\nDiese Cookies werden verwendet, um Ihr Benutzerkonto zu identifizieren. Diese Cookies bleiben erhalten, solange Sie das Konto nicht verlassen, den Browser schlie\u00dfen oder das Ger\u00e4t ausschalten.<br \/>\n\u2022 Werbe-Cookies:<br \/>\nSie sind diejenigen, die, auch von uns behandelt oder durch Dritte erm\u00f6glichen effektive Werbefl\u00e4che auf unserer Website verwalten, Schneiderei Anzeigencontent zum Inhalt des angeforderten Dienstes oder die Nutzung unserer Website. Dank ihr k\u00f6nnen wir Ihre Surfgewohnheiten im Internet kennen und Ihnen Werbung in Bezug auf Ihr Surfprofil anzeigen.<br \/>\n\u2022 Google Analytics:<br \/>\nGoogle Analytics ist ein kostenloses Webanalysetool von Google, mit dem Websitebesitzer haupts\u00e4chlich wissen, wie Benutzer mit ihrer Website interagieren. Au\u00dferdem erm\u00f6glicht es diese Option in der Dom\u00e4ne der Website, wo Sie sind und verwenden eine Reihe von Cookies genannt \u201e__utma\u201c und \u201e__utmz\u201c zu sammeln Informationen anonym und Bericht Website-Trends ohne einzelne Benutzer zu identifizieren. Weitere Informationen zu Google Analytics-Cookies und Informationen zum Datenschutz. Dank dessen k\u00f6nnen wir die Navigation durch unsere Webseiten studieren und verbessern.<br \/>\n\u2022 Andere Cookies von Drittanbietern:<br \/>\nAuf einigen unserer Seiten k\u00f6nnen Sie Cookies von Drittanbietern installieren, mit denen Sie die von ihnen angebotenen Dienste verwalten und verbessern k\u00f6nnen. Ein Beispiel f\u00fcr diese Verwendung sind die Links zu sozialen Netzwerken, mit denen wir unsere Inhalte teilen k\u00f6nnen.<br \/>\nWIE KANN ICH MEINE EINSTELLUNGEN KONFIGURIEREN?<br \/>\nSie k\u00f6nnen die auf Ihrem Computer installierten Cookies zulassen, blockieren oder l\u00f6schen, indem Sie die auf Ihrem Computer installierten Browseroptionen konfigurieren:<br \/>\n\u2022 Microsoft Internet Explorer oder Microsoft Edge: http:\/\/windows.microsoft.com\/es-es\/windows-vista\/Block-or-allow-cookies<br \/>\n\u2022 Mozilla Firefox: http:\/\/support.mozilla.org\/es\/kb\/impedir-que-los-sitios-web-guarden-sus-preferencia<br \/>\n\u2022 Chrome: https:\/\/support.google.com\/accounts\/answer\/61416?hl=de<br \/>\n\u2022 Safari: http:\/\/safari.helpmax.net\/es\/privacidad-y-seguridad\/como-gestionar-las-cookies\/<br \/>\n\u2022 Opera: http:\/\/help.opera.com\/Linux\/10.60\/es-ES\/cookies.htmlAdem\u00e1s k\u00f6nnen auch die Speicher Cookies in Ihrem Browser mit Tools wie dem folgenden verwalten<br \/>\n\u2022 Ghostery: www.ghostery.com\/<br \/>\n\u2022 Ihre Online-Auswahl: www.youronlinechoices.com\/en\/<\/p>\n<\/div>\n<\/div><\/div><\/div><\/div><\/div><\/div><\/section>\n","protected":false},"excerpt":{"rendered":"COOKIES-RICHTLINIE COOKIES-RICHTLINIE Dieses Portal verwendet, wie die meisten Internetportale, Cookies, um die Benutzerfreundlichkeit zu verbessern. Nachfolgend finden Sie Informationen dar\u00fcber, was \u201eCookies\u201c sind, welche Art von Cookies diese Website verwendet, wie Sie Cookies in Ihrem Browser deaktivieren k\u00f6nnen und wie Sie die Installation von Cookies von Drittanbietern gezielt deaktivieren k\u00f6nnen. Wenn Sie die gew\u00fcnschten Informationen...","protected":false},"author":1,"featured_media":0,"parent":0,"menu_order":0,"comment_status":"closed","ping_status":"closed","template":"","meta":{"footnotes":""},"class_list":["post-3379","page","type-page","status-publish","hentry"],"yoast_head":"<!-- This site is optimized with the Yoast SEO plugin v27.6 - https:\/\/yoast.com\/product\/yoast-seo-wordpress\/ -->\n<title>COOKIES-RICHTLINIE - Las Ventas Tour<\/title>\n<meta name=\"robots\" content=\"index, follow, max-snippet:-1, max-image-preview:large, max-video-preview:-1\" \/>\n<link rel=\"canonical\" href=\"https:\/\/lasventastour.com\/de\/cookies-richtlinie\/\" \/>\n<meta property=\"og:locale\" content=\"de_DE\" \/>\n<meta property=\"og:type\" content=\"article\" \/>\n<meta property=\"og:title\" content=\"COOKIES-RICHTLINIE - Las Ventas Tour\" \/>\n<meta property=\"og:url\" content=\"https:\/\/lasventastour.com\/de\/cookies-richtlinie\/\" \/>\n<meta property=\"og:site_name\" content=\"Las Ventas Tour\" \/>\n<meta property=\"article:modified_time\" content=\"2024-09-11T12:29:10+00:00\" \/>\n<meta property=\"og:image\" content=\"https:\/\/lasventastour.com\/wp-content\/uploads\/2023\/12\/paseillo-en-las-ventas.webp\" \/>\n\t<meta property=\"og:image:width\" content=\"511\" \/>\n\t<meta property=\"og:image:height\" content=\"280\" \/>\n\t<meta property=\"og:image:type\" content=\"image\/webp\" \/>\n<meta name=\"twitter:card\" content=\"summary_large_image\" \/>\n<meta name=\"twitter:label1\" content=\"Gesch\u00e4tzte Lesezeit\" \/>\n\t<meta name=\"twitter:data1\" content=\"4 Minuten\" \/>\n<script type=\"application\/ld+json\" class=\"yoast-schema-graph\">{\"@context\":\"https:\\\/\\\/schema.org\",\"@graph\":[{\"@type\":\"WebPage\",\"@id\":\"https:\\\/\\\/lasventastour.com\\\/de\\\/cookies-richtlinie\\\/\",\"url\":\"https:\\\/\\\/lasventastour.com\\\/de\\\/cookies-richtlinie\\\/\",\"name\":\"COOKIES-RICHTLINIE - Las Ventas Tour\",\"isPartOf\":{\"@id\":\"https:\\\/\\\/lasventastour.com\\\/de\\\/#website\"},\"datePublished\":\"2023-12-14T14:25:42+00:00\",\"dateModified\":\"2024-09-11T12:29:10+00:00\",\"breadcrumb\":{\"@id\":\"https:\\\/\\\/lasventastour.com\\\/de\\\/cookies-richtlinie\\\/#breadcrumb\"},\"inLanguage\":\"de\",\"potentialAction\":[{\"@type\":\"ReadAction\",\"target\":[\"https:\\\/\\\/lasventastour.com\\\/de\\\/cookies-richtlinie\\\/\"]}]},{\"@type\":\"BreadcrumbList\",\"@id\":\"https:\\\/\\\/lasventastour.com\\\/de\\\/cookies-richtlinie\\\/#breadcrumb\",\"itemListElement\":[{\"@type\":\"ListItem\",\"position\":1,\"name\":\"Portada\",\"item\":\"https:\\\/\\\/lasventastour.com\\\/de\\\/\"},{\"@type\":\"ListItem\",\"position\":2,\"name\":\"COOKIES-RICHTLINIE\"}]},{\"@type\":\"WebSite\",\"@id\":\"https:\\\/\\\/lasventastour.com\\\/de\\\/#website\",\"url\":\"https:\\\/\\\/lasventastour.com\\\/de\\\/\",\"name\":\"Las Ventas Tour\",\"description\":\"Tour Las Ventas | Plaza de Toros de Madrid | Web Oficial\",\"publisher\":{\"@id\":\"https:\\\/\\\/lasventastour.com\\\/de\\\/#organization\"},\"alternateName\":\"Las Ventas Tour\",\"potentialAction\":[{\"@type\":\"SearchAction\",\"target\":{\"@type\":\"EntryPoint\",\"urlTemplate\":\"https:\\\/\\\/lasventastour.com\\\/de\\\/?s={search_term_string}\"},\"query-input\":{\"@type\":\"PropertyValueSpecification\",\"valueRequired\":true,\"valueName\":\"search_term_string\"}}],\"inLanguage\":\"de\"},{\"@type\":\"Organization\",\"@id\":\"https:\\\/\\\/lasventastour.com\\\/de\\\/#organization\",\"name\":\"Las Ventas Tour\",\"alternateName\":\"Las Ventas Tour\",\"url\":\"https:\\\/\\\/lasventastour.com\\\/de\\\/\",\"logo\":{\"@type\":\"ImageObject\",\"inLanguage\":\"de\",\"@id\":\"https:\\\/\\\/lasventastour.com\\\/de\\\/#\\\/schema\\\/logo\\\/image\\\/\",\"url\":\"https:\\\/\\\/lasventastour.com\\\/wp-content\\\/uploads\\\/2024\\\/09\\\/cropped-Logo-Las-Ventas-1.webp\",\"contentUrl\":\"https:\\\/\\\/lasventastour.com\\\/wp-content\\\/uploads\\\/2024\\\/09\\\/cropped-Logo-Las-Ventas-1.webp\",\"width\":512,\"height\":512,\"caption\":\"Las Ventas Tour\"},\"image\":{\"@id\":\"https:\\\/\\\/lasventastour.com\\\/de\\\/#\\\/schema\\\/logo\\\/image\\\/\"},\"sameAs\":[\"https:\\\/\\\/www.instagram.com\\\/lasventastour\\\/\"]}]}<\/script>\n<!-- \/ Yoast SEO plugin. -->","yoast_head_json":{"title":"COOKIES-RICHTLINIE - Las Ventas Tour","robots":{"index":"index","follow":"follow","max-snippet":"max-snippet:-1","max-image-preview":"max-image-preview:large","max-video-preview":"max-video-preview:-1"},"canonical":"https:\/\/lasventastour.com\/de\/cookies-richtlinie\/","og_locale":"de_DE","og_type":"article","og_title":"COOKIES-RICHTLINIE - Las Ventas Tour","og_url":"https:\/\/lasventastour.com\/de\/cookies-richtlinie\/","og_site_name":"Las Ventas Tour","article_modified_time":"2024-09-11T12:29:10+00:00","og_image":[{"width":511,"height":280,"url":"https:\/\/lasventastour.com\/wp-content\/uploads\/2023\/12\/paseillo-en-las-ventas.webp","type":"image\/webp"}],"twitter_card":"summary_large_image","twitter_misc":{"Gesch\u00e4tzte Lesezeit":"4 Minuten"},"schema":{"@context":"https:\/\/schema.org","@graph":[{"@type":"WebPage","@id":"https:\/\/lasventastour.com\/de\/cookies-richtlinie\/","url":"https:\/\/lasventastour.com\/de\/cookies-richtlinie\/","name":"COOKIES-RICHTLINIE - Las Ventas Tour","isPartOf":{"@id":"https:\/\/lasventastour.com\/de\/#website"},"datePublished":"2023-12-14T14:25:42+00:00","dateModified":"2024-09-11T12:29:10+00:00","breadcrumb":{"@id":"https:\/\/lasventastour.com\/de\/cookies-richtlinie\/#breadcrumb"},"inLanguage":"de","potentialAction":[{"@type":"ReadAction","target":["https:\/\/lasventastour.com\/de\/cookies-richtlinie\/"]}]},{"@type":"BreadcrumbList","@id":"https:\/\/lasventastour.com\/de\/cookies-richtlinie\/#breadcrumb","itemListElement":[{"@type":"ListItem","position":1,"name":"Portada","item":"https:\/\/lasventastour.com\/de\/"},{"@type":"ListItem","position":2,"name":"COOKIES-RICHTLINIE"}]},{"@type":"WebSite","@id":"https:\/\/lasventastour.com\/de\/#website","url":"https:\/\/lasventastour.com\/de\/","name":"Las Ventas Tour","description":"Tour Las Ventas | Plaza de Toros de Madrid | Web Oficial","publisher":{"@id":"https:\/\/lasventastour.com\/de\/#organization"},"alternateName":"Las Ventas Tour","potentialAction":[{"@type":"SearchAction","target":{"@type":"EntryPoint","urlTemplate":"https:\/\/lasventastour.com\/de\/?s={search_term_string}"},"query-input":{"@type":"PropertyValueSpecification","valueRequired":true,"valueName":"search_term_string"}}],"inLanguage":"de"},{"@type":"Organization","@id":"https:\/\/lasventastour.com\/de\/#organization","name":"Las Ventas Tour","alternateName":"Las Ventas Tour","url":"https:\/\/lasventastour.com\/de\/","logo":{"@type":"ImageObject","inLanguage":"de","@id":"https:\/\/lasventastour.com\/de\/#\/schema\/logo\/image\/","url":"https:\/\/lasventastour.com\/wp-content\/uploads\/2024\/09\/cropped-Logo-Las-Ventas-1.webp","contentUrl":"https:\/\/lasventastour.com\/wp-content\/uploads\/2024\/09\/cropped-Logo-Las-Ventas-1.webp","width":512,"height":512,"caption":"Las Ventas Tour"},"image":{"@id":"https:\/\/lasventastour.com\/de\/#\/schema\/logo\/image\/"},"sameAs":["https:\/\/www.instagram.com\/lasventastour\/"]}]}},"_links":{"self":[{"href":"https:\/\/lasventastour.com\/de\/wp-json\/wp\/v2\/pages\/3379","targetHints":{"allow":["GET"]}}],"collection":[{"href":"https:\/\/lasventastour.com\/de\/wp-json\/wp\/v2\/pages"}],"about":[{"href":"https:\/\/lasventastour.com\/de\/wp-json\/wp\/v2\/types\/page"}],"author":[{"embeddable":true,"href":"https:\/\/lasventastour.com\/de\/wp-json\/wp\/v2\/users\/1"}],"replies":[{"embeddable":true,"href":"https:\/\/lasventastour.com\/de\/wp-json\/wp\/v2\/comments?post=3379"}],"version-history":[{"count":1,"href":"https:\/\/lasventastour.com\/de\/wp-json\/wp\/v2\/pages\/3379\/revisions"}],"predecessor-version":[{"id":3380,"href":"https:\/\/lasventastour.com\/de\/wp-json\/wp\/v2\/pages\/3379\/revisions\/3380"}],"wp:attachment":[{"href":"https:\/\/lasventastour.com\/de\/wp-json\/wp\/v2\/media?parent=3379"}],"curies":[{"name":"wp","href":"https:\/\/api.w.org\/{rel}","templated":true}]}}