{"id":3365,"date":"2023-09-26T13:57:10","date_gmt":"2023-09-26T13:57:10","guid":{"rendered":"https:\/\/lasventastour.com\/?page_id=3365"},"modified":"2024-09-16T09:14:37","modified_gmt":"2024-09-16T09:14:37","slug":"rechtlicher-hinweis","status":"publish","type":"page","link":"https:\/\/lasventastour.com\/de\/rechtlicher-hinweis\/","title":{"rendered":"Rechtliche Hinweise"},"content":{"rendered":"<section class=\"l-section wpb_row height_medium\"><div class=\"l-section-h i-cf\"><div class=\"g-cols vc_row via_grid cols_1 laptops-cols_inherit tablets-cols_inherit mobiles-cols_1 valign_top type_default stacking_default\"><div class=\"wpb_column vc_column_container\"><div class=\"vc_column-inner\"><div class=\"wpb_text_column\"><div class=\"wpb_wrapper\"><header class=\"entry-header \">\n<h1 class=\"entry-title\">Rechtliche Hinweise<\/h1>\n<\/header>\n<div class=\"entry-content clear\">\n<p><strong>Geistiges Eigentum www.lasventastour.com<\/strong><\/p>\n<p>TOROSHOPPING, S.L., ist Inhaber aller Urheberrechte, geistigen Eigentumsrechte, gewerblichen Rechtsschutzes, Know-how und wie viele andere Rechte an den Inhalten der Website www.lasventastour.com und den darin angebotenen Diensten sowie den dazu erforderlichen Programmen liegen seine Umsetzung und damit zusammenh\u00e4ngende Informationen. Die Vervielf\u00e4ltigung, Ver\u00f6ffentlichung und \/ oder nicht streng private Nutzung des gesamten oder eines Teils der Website www.lasventastour.com ist ohne vorherige schriftliche Zustimmung nicht gestattet.<\/p>\n<p><strong>Geistiges Eigentum der Software<\/strong><\/p>\n<p>Der Benutzer muss die von TOROSHOPPING, S.L., obwohl sie kostenlos und \/ oder \u00f6ffentlich verf\u00fcgbar sind.<\/p>\n<p>TOROSHOPPING, S.L., Sie verf\u00fcgen \u00fcber die erforderlichen Verwertungs- und geistigen Eigentumsrechte der Software.<\/p>\n<p>Der Benutzer erwirbt weder ein Recht noch eine Lizenz f\u00fcr den vertraglich vereinbarten Dienst, f\u00fcr die f\u00fcr die Erbringung des Dienstes erforderliche Software oder f\u00fcr die technischen Informationen zur \u00dcberwachung des Dienstes, mit Ausnahme der Rechte und Lizenzen, die zur Erf\u00fcllung der vertraglich vereinbarten Dienste erforderlich sind nur w\u00e4hrend der Dauer von ihnen. F\u00fcr jede Handlung, die \u00fcber die Vertragserf\u00fcllung hinausgeht, ben\u00f6tigt der Benutzer eine schriftliche Genehmigung der TOROSHOPPING, S.L., ist es dem Benutzer untersagt, auf Konfiguration, Struktur und Dateien der Server zuzugreifen, diese zu \u00e4ndern, anzuzeigen und zu bearbeiten, deren Eigent\u00fcmer TOROSHOPPING, S.L., die eine zivil- und strafrechtliche Haftung \u00fcbernehmen, die sich aus einem Vorfall ergibt, der in den Servern und Sicherheitssystemen als direkte Folge fahrl\u00e4ssiger oder b\u00f6swilliger Handlungen von ihr eintreten kann.<\/p>\n<p><strong>Geistiges Eigentum der gehosteten Inhalte<\/strong><\/p>\n<p>Die Verwendung der von TOROSHOPPING, S.L., und insbesondere von:<\/p>\n<p>Die Verwendung verst\u00f6\u00dft gegen spanische Gesetze oder gegen Rechte Dritter.<\/p>\n<p>Die Ver\u00f6ffentlichung oder \u00dcbermittlung von Inhalten, die laut TOROSHOPPING, S.L., ist gewaltt\u00e4tig, obsz\u00f6n, missbr\u00e4uchlich, illegal, rassisch, fremdenfeindlich oder diffamierend.<\/p>\n<p>Die Risse, Seriennummern von Programmen oder andere Inhalte, die die geistigen Eigentumsrechte Dritter verletzen.<\/p>\n<p>Die Erhebung und \/ oder Verwendung personenbezogener Daten anderer Nutzer ohne deren ausdr\u00fcckliche Zustimmung oder entgegen den Bestimmungen der Verordnung (EU) 2016\/679 des Europ\u00e4ischen Parlaments und des Rates vom 27. April 2016 \u00fcber den Personenschutz in Bezug auf die Verarbeitung personenbezogener Daten und den freien Verkehr dieser Daten.<\/p>\n<p>Die Nutzung des Mail-Servers der Domain und der E-Mail-Adressen f\u00fcr das Versenden unerw\u00fcnschter Massenmail.<\/p>\n<p>Kundendienst<\/p>\n<p><strong>DIE VERKAUFSTOUR<\/strong><br \/>\n<strong>Las Ventas Stierkampfarena<\/strong><br \/>\n<strong>C \/ Alcala 237<\/strong><br \/>\n<strong>28028 Madrid<\/strong><br \/>\n<strong>Spanien<\/strong><\/p>\n<p>Tel: +34 687 739 032<\/p>\n<p>E-Mail:<span>\u00a0<\/span><a href=\"mailto:info@lasventastour.com\" target=\"_blank\" rel=\"noopener noreferrer\">info@lasventastour.com<\/a><\/p>\n<\/div>\n<\/div><\/div><\/div><\/div><\/div><\/div><\/section>\n","protected":false},"excerpt":{"rendered":"Rechtliche Hinweise Geistiges Eigentum www.lasventastour.com TOROSHOPPING, S.L., ist Inhaber aller Urheberrechte, geistigen Eigentumsrechte, gewerblichen Rechtsschutzes, Know-how und wie viele andere Rechte an den Inhalten der Website www.lasventastour.com und den darin angebotenen Diensten sowie den dazu erforderlichen Programmen liegen seine Umsetzung und damit zusammenh\u00e4ngende Informationen. Die Vervielf\u00e4ltigung, Ver\u00f6ffentlichung und \/ oder nicht streng private Nutzung des...","protected":false},"author":1,"featured_media":0,"parent":0,"menu_order":0,"comment_status":"closed","ping_status":"closed","template":"","meta":{"footnotes":""},"class_list":["post-3365","page","type-page","status-publish","hentry"],"yoast_head":"<!-- This site is optimized with the Yoast SEO plugin v27.6 - https:\/\/yoast.com\/product\/yoast-seo-wordpress\/ -->\n<title>Rechtliche Hinweise - Las Ventas Tour<\/title>\n<meta name=\"robots\" content=\"index, follow, max-snippet:-1, max-image-preview:large, max-video-preview:-1\" \/>\n<link rel=\"canonical\" href=\"https:\/\/lasventastour.com\/de\/rechtlicher-hinweis\/\" \/>\n<meta property=\"og:locale\" content=\"de_DE\" \/>\n<meta property=\"og:type\" content=\"article\" \/>\n<meta property=\"og:title\" content=\"Rechtliche Hinweise - Las Ventas Tour\" \/>\n<meta property=\"og:url\" content=\"https:\/\/lasventastour.com\/de\/rechtlicher-hinweis\/\" \/>\n<meta property=\"og:site_name\" content=\"Las Ventas Tour\" \/>\n<meta property=\"article:modified_time\" content=\"2024-09-16T09:14:37+00:00\" \/>\n<meta property=\"og:image\" content=\"https:\/\/lasventastour.com\/wp-content\/uploads\/2023\/12\/paseillo-en-las-ventas.webp\" \/>\n\t<meta property=\"og:image:width\" content=\"511\" \/>\n\t<meta property=\"og:image:height\" content=\"280\" \/>\n\t<meta property=\"og:image:type\" content=\"image\/webp\" \/>\n<meta name=\"twitter:card\" content=\"summary_large_image\" \/>\n<meta name=\"twitter:label1\" content=\"Gesch\u00e4tzte Lesezeit\" \/>\n\t<meta name=\"twitter:data1\" content=\"2 Minuten\" \/>\n<script type=\"application\/ld+json\" class=\"yoast-schema-graph\">{\"@context\":\"https:\\\/\\\/schema.org\",\"@graph\":[{\"@type\":\"WebPage\",\"@id\":\"https:\\\/\\\/lasventastour.com\\\/de\\\/rechtlicher-hinweis\\\/\",\"url\":\"https:\\\/\\\/lasventastour.com\\\/de\\\/rechtlicher-hinweis\\\/\",\"name\":\"Rechtliche Hinweise - Las Ventas Tour\",\"isPartOf\":{\"@id\":\"https:\\\/\\\/lasventastour.com\\\/de\\\/#website\"},\"datePublished\":\"2023-09-26T13:57:10+00:00\",\"dateModified\":\"2024-09-16T09:14:37+00:00\",\"breadcrumb\":{\"@id\":\"https:\\\/\\\/lasventastour.com\\\/de\\\/rechtlicher-hinweis\\\/#breadcrumb\"},\"inLanguage\":\"de\",\"potentialAction\":[{\"@type\":\"ReadAction\",\"target\":[\"https:\\\/\\\/lasventastour.com\\\/de\\\/rechtlicher-hinweis\\\/\"]}]},{\"@type\":\"BreadcrumbList\",\"@id\":\"https:\\\/\\\/lasventastour.com\\\/de\\\/rechtlicher-hinweis\\\/#breadcrumb\",\"itemListElement\":[{\"@type\":\"ListItem\",\"position\":1,\"name\":\"Portada\",\"item\":\"https:\\\/\\\/lasventastour.com\\\/de\\\/\"},{\"@type\":\"ListItem\",\"position\":2,\"name\":\"Rechtliche Hinweise\"}]},{\"@type\":\"WebSite\",\"@id\":\"https:\\\/\\\/lasventastour.com\\\/de\\\/#website\",\"url\":\"https:\\\/\\\/lasventastour.com\\\/de\\\/\",\"name\":\"Las Ventas Tour\",\"description\":\"Tour Las Ventas | Plaza de Toros de Madrid | Web Oficial\",\"publisher\":{\"@id\":\"https:\\\/\\\/lasventastour.com\\\/de\\\/#organization\"},\"alternateName\":\"Las Ventas Tour\",\"potentialAction\":[{\"@type\":\"SearchAction\",\"target\":{\"@type\":\"EntryPoint\",\"urlTemplate\":\"https:\\\/\\\/lasventastour.com\\\/de\\\/?s={search_term_string}\"},\"query-input\":{\"@type\":\"PropertyValueSpecification\",\"valueRequired\":true,\"valueName\":\"search_term_string\"}}],\"inLanguage\":\"de\"},{\"@type\":\"Organization\",\"@id\":\"https:\\\/\\\/lasventastour.com\\\/de\\\/#organization\",\"name\":\"Las Ventas Tour\",\"alternateName\":\"Las Ventas Tour\",\"url\":\"https:\\\/\\\/lasventastour.com\\\/de\\\/\",\"logo\":{\"@type\":\"ImageObject\",\"inLanguage\":\"de\",\"@id\":\"https:\\\/\\\/lasventastour.com\\\/de\\\/#\\\/schema\\\/logo\\\/image\\\/\",\"url\":\"https:\\\/\\\/lasventastour.com\\\/wp-content\\\/uploads\\\/2024\\\/09\\\/cropped-Logo-Las-Ventas-1.webp\",\"contentUrl\":\"https:\\\/\\\/lasventastour.com\\\/wp-content\\\/uploads\\\/2024\\\/09\\\/cropped-Logo-Las-Ventas-1.webp\",\"width\":512,\"height\":512,\"caption\":\"Las Ventas Tour\"},\"image\":{\"@id\":\"https:\\\/\\\/lasventastour.com\\\/de\\\/#\\\/schema\\\/logo\\\/image\\\/\"},\"sameAs\":[\"https:\\\/\\\/www.instagram.com\\\/lasventastour\\\/\"]}]}<\/script>\n<!-- \/ Yoast SEO plugin. -->","yoast_head_json":{"title":"Rechtliche Hinweise - Las Ventas Tour","robots":{"index":"index","follow":"follow","max-snippet":"max-snippet:-1","max-image-preview":"max-image-preview:large","max-video-preview":"max-video-preview:-1"},"canonical":"https:\/\/lasventastour.com\/de\/rechtlicher-hinweis\/","og_locale":"de_DE","og_type":"article","og_title":"Rechtliche Hinweise - Las Ventas Tour","og_url":"https:\/\/lasventastour.com\/de\/rechtlicher-hinweis\/","og_site_name":"Las Ventas Tour","article_modified_time":"2024-09-16T09:14:37+00:00","og_image":[{"width":511,"height":280,"url":"https:\/\/lasventastour.com\/wp-content\/uploads\/2023\/12\/paseillo-en-las-ventas.webp","type":"image\/webp"}],"twitter_card":"summary_large_image","twitter_misc":{"Gesch\u00e4tzte Lesezeit":"2 Minuten"},"schema":{"@context":"https:\/\/schema.org","@graph":[{"@type":"WebPage","@id":"https:\/\/lasventastour.com\/de\/rechtlicher-hinweis\/","url":"https:\/\/lasventastour.com\/de\/rechtlicher-hinweis\/","name":"Rechtliche Hinweise - Las Ventas Tour","isPartOf":{"@id":"https:\/\/lasventastour.com\/de\/#website"},"datePublished":"2023-09-26T13:57:10+00:00","dateModified":"2024-09-16T09:14:37+00:00","breadcrumb":{"@id":"https:\/\/lasventastour.com\/de\/rechtlicher-hinweis\/#breadcrumb"},"inLanguage":"de","potentialAction":[{"@type":"ReadAction","target":["https:\/\/lasventastour.com\/de\/rechtlicher-hinweis\/"]}]},{"@type":"BreadcrumbList","@id":"https:\/\/lasventastour.com\/de\/rechtlicher-hinweis\/#breadcrumb","itemListElement":[{"@type":"ListItem","position":1,"name":"Portada","item":"https:\/\/lasventastour.com\/de\/"},{"@type":"ListItem","position":2,"name":"Rechtliche Hinweise"}]},{"@type":"WebSite","@id":"https:\/\/lasventastour.com\/de\/#website","url":"https:\/\/lasventastour.com\/de\/","name":"Las Ventas Tour","description":"Tour Las Ventas | Plaza de Toros de Madrid | Web Oficial","publisher":{"@id":"https:\/\/lasventastour.com\/de\/#organization"},"alternateName":"Las Ventas Tour","potentialAction":[{"@type":"SearchAction","target":{"@type":"EntryPoint","urlTemplate":"https:\/\/lasventastour.com\/de\/?s={search_term_string}"},"query-input":{"@type":"PropertyValueSpecification","valueRequired":true,"valueName":"search_term_string"}}],"inLanguage":"de"},{"@type":"Organization","@id":"https:\/\/lasventastour.com\/de\/#organization","name":"Las Ventas Tour","alternateName":"Las Ventas Tour","url":"https:\/\/lasventastour.com\/de\/","logo":{"@type":"ImageObject","inLanguage":"de","@id":"https:\/\/lasventastour.com\/de\/#\/schema\/logo\/image\/","url":"https:\/\/lasventastour.com\/wp-content\/uploads\/2024\/09\/cropped-Logo-Las-Ventas-1.webp","contentUrl":"https:\/\/lasventastour.com\/wp-content\/uploads\/2024\/09\/cropped-Logo-Las-Ventas-1.webp","width":512,"height":512,"caption":"Las Ventas Tour"},"image":{"@id":"https:\/\/lasventastour.com\/de\/#\/schema\/logo\/image\/"},"sameAs":["https:\/\/www.instagram.com\/lasventastour\/"]}]}},"_links":{"self":[{"href":"https:\/\/lasventastour.com\/de\/wp-json\/wp\/v2\/pages\/3365","targetHints":{"allow":["GET"]}}],"collection":[{"href":"https:\/\/lasventastour.com\/de\/wp-json\/wp\/v2\/pages"}],"about":[{"href":"https:\/\/lasventastour.com\/de\/wp-json\/wp\/v2\/types\/page"}],"author":[{"embeddable":true,"href":"https:\/\/lasventastour.com\/de\/wp-json\/wp\/v2\/users\/1"}],"replies":[{"embeddable":true,"href":"https:\/\/lasventastour.com\/de\/wp-json\/wp\/v2\/comments?post=3365"}],"version-history":[{"count":1,"href":"https:\/\/lasventastour.com\/de\/wp-json\/wp\/v2\/pages\/3365\/revisions"}],"predecessor-version":[{"id":3366,"href":"https:\/\/lasventastour.com\/de\/wp-json\/wp\/v2\/pages\/3365\/revisions\/3366"}],"wp:attachment":[{"href":"https:\/\/lasventastour.com\/de\/wp-json\/wp\/v2\/media?parent=3365"}],"curies":[{"name":"wp","href":"https:\/\/api.w.org\/{rel}","templated":true}]}}